{"id":30049,"date":"2025-05-16T14:16:47","date_gmt":"2025-05-16T12:16:47","guid":{"rendered":"https:\/\/bestelements.de\/?post_type=product&#038;p=30049"},"modified":"2025-05-17T11:53:02","modified_gmt":"2025-05-17T09:53:02","slug":"asbesttests","status":"publish","type":"product","link":"https:\/\/bestelements.de\/de\/kaufen\/messgeraete-luftqualitaet\/asbesttests\/","title":{"rendered":"Asbest-Tests im Labor IVARIO"},"content":{"rendered":"<p><\/p>\n<h2>Asbest-Test und Analyse f\u00fcr Privat- und Gewerbekunden<\/h2>\n<p>Asbest galt \u00fcber Jahrzehnte hinweg als beliebter Baustoff \u2013 heute ist bekannt: Das Material ist gesundheitsgef\u00e4hrdend und kann schwere Krankheiten wie Asbestose oder Krebs verursachen. Bei einem Verdacht auf Asbestbelastung ist schnelles Handeln entscheidend. Eine Laboranalyse schafft Klarheit und Sicherheit.<\/p>\n<p>Die vorgestellten Asbest-Tests richten sich sowohl an Privatpersonen als auch an Unternehmen. Unsere Analyseverfahren sind zuverl\u00e4ssig, leicht verst\u00e4ndlich und speziell auf unterschiedliche Anwendungsbereiche abgestimmt. W\u00e4hlen Sie aus drei Testvarianten die passende L\u00f6sung f\u00fcr Ihren Bedarf:<\/p>\n<h3>ASBEST-TEST HAUSSTAUB<\/h3>\n<ul>\n<li>Beurteilung der Raumluft<\/li>\n<li>Analysiert Staubproben auf Asbestfasern<\/li>\n<li>Ideal nach Renovierungs- oder Abbrucharbeiten und bei Einzug in eine neue Immobilie<\/li>\n<li>Empfohlen f\u00fcr Geb\u00e4ude mit einem Baujahr bis 1993<\/li>\n<li>Untersuchung von Staubproben auf enthaltene Asbestfasern.<\/li>\n<\/ul>\n<h3>ASBEST-TEST MATERIALGRUPPE 1<\/h3>\n<p>Vor Sanierungen<\/p>\n<ul>\n<li>Unverzichtbar vor Renovierungs- oder Abbrucharbeiten<\/li>\n<li>Wichtig f\u00fcr Geb\u00e4ude mit einem Baujahr bis 1993<\/li>\n<li>Analysiert Baumaterialien wie D\u00e4mmplatten, Zement und Fensterkitt \u2013 mit einer Nachweisgrenze von 0,1 %<\/li>\n<li>Analyse fester Materialien wie Bodenbel\u00e4ge, Dachplatten, Fassadenverkleidungen, D\u00e4mmstoffe u.\u202fv.\u202fm. mittels Rasterelektronenmikroskopie (REM) inkl. EDX-Spektrum. Nachweisgrenze: bis zu 0,1\u202f%.<\/li>\n<\/ul>\n<h3>ASBEST-TEST MATERIALGRUPPE 2<\/h3>\n<p>Vor Bauarbeiten<\/p>\n<ul>\n<li>Wichtig vor Renovierungs- oder Abbrucharbeiten f\u00fcr Geb\u00e4ude mit einem Baujahr bis 1993<\/li>\n<li>Detaillierte Analyse von Materialien wie Dachpappe und Putz \u2013 Nachweisgrenze von 0,001 %<\/li>\n<li>Pr\u00fcfung von Baustoffen wie Dachpappe, Anstrichen, Fliesenklebern, Putz, M\u00f6rtel und anderen auf Asbestfasern mit besonders niedriger Nachweisgrenze von bis zu 0,001\u202f%.<\/li>\n<\/ul>\n<h3>SCHUTZ-SET ZUR PROBENAHME VON ASBEST<\/h3>\n<p>unbedingt empfohlen<\/p>\n<ul>\n<li>F\u00fcr den Einsatz w\u00e4hrend der Asbestpr\u00fcfung<\/li>\n<li>Umfassendes und komfortables Asbest-Schutzset<\/li>\n<li>Sch\u00fctzt Atemwege, Haut und Augen optimal<\/li>\n<\/ul>\n<p>Asbestanalyse unverzichtbar: Asbestbelastungen stellen ein erhebliches Risiko dar \u2013 f\u00fcr Gesundheit, Sicherheit und unter Umst\u00e4nden auch f\u00fcr Ihre rechtliche Absicherung. Gewerbetreibende sollten besonders vorsichtig sein: Versicherungen \u00fcbernehmen keine Folgekosten, wenn Asbest unsachgem\u00e4\u00df behandelt wurde. Mit den professionellen Laboranalysen erhalten Sie eine fundierte und verst\u00e4ndliche Auswertung \u2013 ideal f\u00fcr Unternehmen, Fachbetriebe und Privatkunden, die auf Nummer sicher gehen wollen.<\/p>\n<h3 class=\"fusion-responsive-typography-calculated\" data-fontsize=\"19.2\" data-lineheight=\"26.88px\">Weitere Labortests<\/h3>\n<ul>\n<li>\n<h3 class=\"fusion-responsive-typography-calculated\" data-fontsize=\"19.2\" data-lineheight=\"26.88px\"><a href=\"https:\/\/bestelements.de\/de\/kaufen\/trinkwassertest\/trinkwassertest\/\">Trinkwasser-Tests<\/a><\/h3>\n<\/li>\n<li>\n<h3 class=\"fusion-responsive-typography-calculated\" data-fontsize=\"19.2\" data-lineheight=\"26.88px\"><a href=\"https:\/\/bestelements.de\/de\/kaufen\/messgeraete-luftqualitaet\/schimmelentferner-schimmeltests\/\">Schimmeltests<\/a><\/h3>\n<\/li>\n<\/ul>\n<p><small>Wir empfehlen die Tests eines Partnerunternehmen. Der Link zum Test ist ein s.g. Affiliatelink und f\u00fchrt direkt zum Anbieter. Der Preis ist der gleiche wie direkt beim Anbieter, es wird dadurch f\u00fcr Sie nicht teurer, unter Umst\u00e4nden erhalten Sie \u00fcber unseren Link eine Verg\u00fcnstigung. Die Beschreibung stammt vom Anbieter. Weitere Tests sind auf den Seiten des Partnerunternehmens erh\u00e4ltlich.<\/small><\/p>","protected":false},"excerpt":{"rendered":"<h2>Asbest-Test und Analyse f\u00fcr Privat- und Gewerbekunden<\/h2>\n<p>ASBEST-TEST HAUSSTAUB<\/p>\n<p>ASBEST-TEST MATERIALGRUPPE 1<\/p>\n<p>ASBEST-TEST MATERIALGRUPPE 2<\/p>\n<p>SCHUTZ-SET ZUR PROBENAHME VON ASBEST<\/p>\n","protected":false},"featured_media":30051,"template":"","meta":{"footnotes":""},"product_brand":[],"product_cat":[297],"product_tag":[266],"class_list":{"0":"post-30049","1":"product","2":"type-product","3":"status-publish","4":"has-post-thumbnail","6":"product_cat-messgeraete-luftqualitaet","7":"product_tag-test","9":"first","10":"instock","11":"product-type-external"},"_links":{"self":[{"href":"https:\/\/bestelements.de\/de\/wp-json\/wp\/v2\/product\/30049","targetHints":{"allow":["GET"]}}],"collection":[{"href":"https:\/\/bestelements.de\/de\/wp-json\/wp\/v2\/product"}],"about":[{"href":"https:\/\/bestelements.de\/de\/wp-json\/wp\/v2\/types\/product"}],"version-history":[{"count":0,"href":"https:\/\/bestelements.de\/de\/wp-json\/wp\/v2\/product\/30049\/revisions"}],"wp:featuredmedia":[{"embeddable":true,"href":"https:\/\/bestelements.de\/de\/wp-json\/wp\/v2\/media\/30051"}],"wp:attachment":[{"href":"https:\/\/bestelements.de\/de\/wp-json\/wp\/v2\/media?parent=30049"}],"wp:term":[{"taxonomy":"product_brand","embeddable":true,"href":"https:\/\/bestelements.de\/de\/wp-json\/wp\/v2\/product_brand?post=30049"},{"taxonomy":"product_cat","embeddable":true,"href":"https:\/\/bestelements.de\/de\/wp-json\/wp\/v2\/product_cat?post=30049"},{"taxonomy":"product_tag","embeddable":true,"href":"https:\/\/bestelements.de\/de\/wp-json\/wp\/v2\/product_tag?post=30049"}],"curies":[{"name":"wp","href":"https:\/\/api.w.org\/{rel}","templated":true}]}}