{"id":2795,"date":"2020-12-30T10:08:49","date_gmt":"2020-12-30T09:08:49","guid":{"rendered":"https:\/\/bestelements.de\/?post_type=product&#038;p=2795"},"modified":"2022-10-20T14:39:57","modified_gmt":"2022-10-20T12:39:57","slug":"trinkwasserfilter-fuer-die-industrie","status":"publish","type":"product","link":"https:\/\/bestelements.de\/de\/kaufen\/trinkwasserfilter\/trinkwasserfilter-fuer-die-industrie\/","title":{"rendered":"Trinkwasser-Filteranlagen f\u00fcr Industrie und KFZ Ausstattung"},"content":{"rendered":"<p><\/p>\n<h2><img decoding=\"async\" class=\"lazyload alignnone wp-image-6223 size-fusion-600\" src=\"https:\/\/bestelements.de\/wp-content\/uploads\/industrie-wasserfilteranlagen-600x400.jpg\" data-orig-src=\"https:\/\/bestelements.de\/wp-content\/uploads\/industrie-wasserfilteranlagen-600x400.jpg\" alt=\"\" width=\"600\" height=\"400\" srcset=\"data:image\/svg+xml,%3Csvg%20xmlns%3D%27http%3A%2F%2Fwww.w3.org%2F2000%2Fsvg%27%20width%3D%27600%27%20height%3D%27400%27%20viewBox%3D%270%200%20600%20400%27%3E%3Crect%20width%3D%27600%27%20height%3D%27400%27%20fill-opacity%3D%220%22%2F%3E%3C%2Fsvg%3E\" data-srcset=\"https:\/\/bestelements.de\/wp-content\/uploads\/industrie-wasserfilteranlagen-200x133.jpg 200w, https:\/\/bestelements.de\/wp-content\/uploads\/industrie-wasserfilteranlagen-300x200.jpg 300w, https:\/\/bestelements.de\/wp-content\/uploads\/industrie-wasserfilteranlagen-400x267.jpg 400w, https:\/\/bestelements.de\/wp-content\/uploads\/industrie-wasserfilteranlagen-500x333.jpg 500w, https:\/\/bestelements.de\/wp-content\/uploads\/industrie-wasserfilteranlagen-600x400.jpg 600w, https:\/\/bestelements.de\/wp-content\/uploads\/industrie-wasserfilteranlagen-700x467.jpg 700w, https:\/\/bestelements.de\/wp-content\/uploads\/industrie-wasserfilteranlagen-768x512.jpg 768w, https:\/\/bestelements.de\/wp-content\/uploads\/industrie-wasserfilteranlagen-800x533.jpg 800w, https:\/\/bestelements.de\/wp-content\/uploads\/industrie-wasserfilteranlagen-1024x683.jpg 1024w, https:\/\/bestelements.de\/wp-content\/uploads\/industrie-wasserfilteranlagen.jpg 1140w\" data-sizes=\"auto\" data-orig-sizes=\"(max-width: 600px) 100vw, 600px\" \/><\/h2>\n<h2><span class=\"blue-back\">BE WA1000<\/span> <span class=\"gray\">Industry<\/span><\/h2>\n<h3>Leistungsf\u00e4hige Umkehrosmose-Technologie mit innovativen Erweiterungen<\/h3>\n<ul>\n<li>Touch Screen 9,7\u201c<\/li>\n<li>Sp\u00fclwasserr\u00fcckgewinnung<\/li>\n<li>Abwasserr\u00fcckgewinnung<\/li>\n<li>Schnellstart<\/li>\n<li>Zapfstelle f\u00fcr Wasserproben<\/li>\n<li>Elektronische Redundanz<\/li>\n<li>UV-Behandlung bei 500 l\/h<\/li>\n<li>UV-Behandlung bei 1000 l\/h<\/li>\n<li>Nachfilter (GAC, CTO, \u2026)<\/li>\n<li>Wasser &#8211; Mengenmessungen<\/li>\n<li>Temperatur\u00fcberwachung<\/li>\n<li>HDFC (Hydro dynamic flow controll)<\/li>\n<li>\u201eMade in Germany\u201c Technologie<\/li>\n<\/ul>\n<p>Es k\u00f6nnen mehrere Anlagen im Zusammenschluss betrieben werden. Mit einer speziellen Vorfiltration k\u00f6nnen wir eine Leitf\u00e4higkeit von weniger als 1,3 mS\/cm (bei 25\u00b0C) erreichen. Sogar Null mS\/cm sind m\u00f6glich. Vorfilter und Nachfilter sind antibakteriell. Wir verwenden hochwertigste Materialien mit hoher Zuverl\u00e4ssigkeit. Diese Technologie erreicht ein Reinst-\/Rohwasser-Verh\u00e4ltnis von besser als 1 : 0,9.<\/p>\n<h2><span class=\"blue-back\">BE WA<\/span>\u00a0<span class=\"gray\">PHY<\/span><\/h2>\n<h3>Beseitigung von Verkeimungen durch physikalische Kr\u00e4fte ohne Biozide oder Chemie<\/h3>\n<p>Neben der Technologie der Umkehrosmose k\u00f6nnen hydrophysikalische Kr\u00e4fte zur Wasseraufbereitung in K\u00fchl- und Prozesswasserkreisl\u00e4ufen Verwendung finden. Hydromechanische Kavitation zur Wasseraufbereitung nutzt die Kavitation als Entkeimungsverfahren, eine Wasserbehandlungstechnologie, die ohne Chemikalien auskommt und mikrobiologische Belastungen im Wasser weitestgehend eliminiert. Die Wasseraufbereitungsanlage sch\u00fctzt Wasserleitungsnetze mit K\u00fchl- und Prozesswasser nachhaltig vor gesundheitssch\u00e4dlichen Mikroorganismen wie z. B. Legionellen. Die Wasseraufbereitung minimiert das Risiko einer R\u00fcckverkeimung und h\u00e4lt das Wasser dauerhaft hygienisch stabil.<\/p>\n<ul>\n<li>Verwendbar in einer Vielzahl von Anwendungen: Industrie, Krankenh\u00e4user, Hotels, Immobilien usw.<\/li>\n<li>Wirksam gegen gef\u00e4hrliche Legionellen-Kontamination<\/li>\n<li>Schnellere Wasserreinigungseigenschaften im Vergleich zu anderen Systemen<\/li>\n<li>Sehr niedrige Wartungskosten<\/li>\n<li>Sehr zuverl\u00e4ssig und benutzerfreundlich<\/li>\n<li>Umweltfreundlich\n<ul>\n<li>keine Chemikalien<\/li>\n<li>keine Strahlung<\/li>\n<li>geringer Energieverbrauch<\/li>\n<\/ul>\n<\/li>\n<li>Innovative &amp; patentierte Technologie \u201eMade in Germany\u201c<\/li>\n<\/ul>\n<h3>Supportm\u00f6glichkeiten<\/h3>\n<ul>\n<li>Ticketsupport innerhalb von 72h<\/li>\n<li>24h Technischer Telefon Support<\/li>\n<li>Techniker vor Ort innerhalb von 72h<\/li>\n<li>Technische Schulung<\/li>\n<\/ul>\n<h3>Kosten<\/h3>\n<p>Preisspanne ab 12.900,- EUR<br \/>\nzzgl. Transport- und Installationskosten<\/p>\n<h2 class=\"fusion-responsive-typography-calculated\" data-fontsize=\"27.2\" data-lineheight=\"32.64px\"><span class=\"blue-back\">BE WA<\/span>\u00a0<span class=\"gray\">Move<\/span><\/h2>\n<p><a href=\"https:\/\/bestelements.de\/de\/kaufen\/trinkwasserfilter\/trinkwasser-filteranlage-in-fahrzeugen\/\"><img decoding=\"async\" class=\"lazyload alignnone wp-image-3618 size-fusion-400\" src=\"https:\/\/bestelements.de\/wp-content\/uploads\/Trinkwasserfilter-in-Fahrzeugen-400x400.jpg\" data-orig-src=\"https:\/\/bestelements.de\/wp-content\/uploads\/Trinkwasserfilter-in-Fahrzeugen-400x400.jpg\" alt=\"\" width=\"400\" height=\"400\" srcset=\"data:image\/svg+xml,%3Csvg%20xmlns%3D%27http%3A%2F%2Fwww.w3.org%2F2000%2Fsvg%27%20width%3D%27400%27%20height%3D%27400%27%20viewBox%3D%270%200%20400%20400%27%3E%3Crect%20width%3D%27400%27%20height%3D%27400%27%20fill-opacity%3D%220%22%2F%3E%3C%2Fsvg%3E\" data-srcset=\"https:\/\/bestelements.de\/wp-content\/uploads\/Trinkwasserfilter-in-Fahrzeugen-66x66.jpg 66w, https:\/\/bestelements.de\/wp-content\/uploads\/Trinkwasserfilter-in-Fahrzeugen-100x100.jpg 100w, https:\/\/bestelements.de\/wp-content\/uploads\/Trinkwasserfilter-in-Fahrzeugen-150x150.jpg 150w, https:\/\/bestelements.de\/wp-content\/uploads\/Trinkwasserfilter-in-Fahrzeugen-200x200.jpg 200w, https:\/\/bestelements.de\/wp-content\/uploads\/Trinkwasserfilter-in-Fahrzeugen-300x300.jpg 300w, https:\/\/bestelements.de\/wp-content\/uploads\/Trinkwasserfilter-in-Fahrzeugen-400x400.jpg 400w, https:\/\/bestelements.de\/wp-content\/uploads\/Trinkwasserfilter-in-Fahrzeugen-500x500.jpg 500w, https:\/\/bestelements.de\/wp-content\/uploads\/Trinkwasserfilter-in-Fahrzeugen-600x600.jpg 600w, https:\/\/bestelements.de\/wp-content\/uploads\/Trinkwasserfilter-in-Fahrzeugen.jpg 700w\" data-sizes=\"auto\" data-orig-sizes=\"(max-width: 400px) 100vw, 400px\" \/><\/a><\/p>\n<h3>Industrie- und serienm\u00e4\u00dfige Fahrzeug-Trinkwasserfilter stellen wir auf kundenspezifische Anforderungen her.<\/h3>\n<p><div class=\"wpforms-container wpforms-container-full\" id=\"wpforms-2506\"><form id=\"wpforms-form-2506\" class=\"wpforms-validate wpforms-form\" data-formid=\"2506\" method=\"post\" enctype=\"multipart\/form-data\" action=\"\/de\/wp-json\/wp\/v2\/product\/2795\"><noscript class=\"wpforms-error-noscript\">Bitte aktivieren Sie JavaScript in Ihrem Browser, um dieses Formular fertigzustellen.<\/noscript><div class=\"wpforms-field-container\"><div id=\"wpforms-2506-field_3-container\" class=\"wpforms-field wpforms-field-checkbox\" data-field-id=\"3\"><label class=\"wpforms-field-label\" for=\"wpforms-2506-field_3\">Bitte senden Sie mir Informationen. Wir interessieren uns f\u00fcr Umkehrosmose Filtersysteme \/ hydrophysikalische Wasseraufbereitung f\u00fcr die Industrie. <span class=\"wpforms-required-label\">*<\/span><\/label><ul id=\"wpforms-2506-field_3\" class=\"wpforms-field-required\"><li class=\"choice-2 depth-1\"><input type=\"checkbox\" id=\"wpforms-2506-field_3_2\" name=\"wpforms[fields][3][]\" value=\"Lebensmittelindustrie\" required ><label class=\"wpforms-field-label-inline\" for=\"wpforms-2506-field_3_2\">Lebensmittelindustrie<\/label><\/li><li class=\"choice-3 depth-1\"><input type=\"checkbox\" id=\"wpforms-2506-field_3_3\" name=\"wpforms[fields][3][]\" value=\"Medizin \/ Pharmazie \" required ><label class=\"wpforms-field-label-inline\" for=\"wpforms-2506-field_3_3\">Medizin \/ Pharmazie <\/label><\/li><li class=\"choice-1 depth-1\"><input type=\"checkbox\" id=\"wpforms-2506-field_3_1\" name=\"wpforms[fields][3][]\" value=\"Andere Industriezweige\" required ><label class=\"wpforms-field-label-inline\" for=\"wpforms-2506-field_3_1\">Andere Industriezweige<\/label><\/li><\/ul><\/div><div id=\"wpforms-2506-field_0-container\" class=\"wpforms-field wpforms-field-name\" data-field-id=\"0\"><label class=\"wpforms-field-label\" for=\"wpforms-2506-field_0\">Name <span class=\"wpforms-required-label\">*<\/span><\/label><div class=\"wpforms-field-row wpforms-field-medium\"><div class=\"wpforms-field-row-block wpforms-first wpforms-one-half\"><input type=\"text\" id=\"wpforms-2506-field_0\" class=\"wpforms-field-name-first wpforms-field-required\" name=\"wpforms[fields][0][first]\" required><label for=\"wpforms-2506-field_0\" class=\"wpforms-field-sublabel after wpforms-sublabel-hide\">Vorname<\/label><\/div><div class=\"wpforms-field-row-block wpforms-one-half\"><input type=\"text\" id=\"wpforms-2506-field_0-last\" class=\"wpforms-field-name-last wpforms-field-required\" name=\"wpforms[fields][0][last]\" required><label for=\"wpforms-2506-field_0-last\" class=\"wpforms-field-sublabel after wpforms-sublabel-hide\">Nachname<\/label><\/div><\/div><\/div><div id=\"wpforms-2506-field_1-container\" class=\"wpforms-field wpforms-field-email\" data-field-id=\"1\"><label class=\"wpforms-field-label\" for=\"wpforms-2506-field_1\">E-Mail <span class=\"wpforms-required-label\">*<\/span><\/label><input type=\"email\" id=\"wpforms-2506-field_1\" class=\"wpforms-field-medium wpforms-field-required\" name=\"wpforms[fields][1]\" required><\/div><div id=\"wpforms-2506-field_2-container\" class=\"wpforms-field wpforms-field-textarea\" data-field-id=\"2\"><label class=\"wpforms-field-label\" for=\"wpforms-2506-field_2\">Ihre Anfrage <span class=\"wpforms-required-label\">*<\/span><\/label><textarea id=\"wpforms-2506-field_2\" class=\"wpforms-field-medium wpforms-field-required\" name=\"wpforms[fields][2]\" required><\/textarea><\/div><div id=\"wpforms-2506-field_4-container\" class=\"wpforms-field wpforms-field-html\" data-field-id=\"4\"><div id=\"wpforms-2506-field_4\"><small><b>Wir sch\u00fctzen Ihre Daten!<\/b> Wir verwenden Ihre Daten ausschlie\u00dflich zur Beantwortung Ihrer Fragen und geben sie keinesfalls an Dritte weiter. <a href=\"https:\/\/bestelements.de\/de\/datenschutzerklaerung\/\" target=\"_blank\">Datenschutzbestimmungen<\/a><\/small><\/div><\/div><\/div><div class=\"wpforms-field wpforms-field-hp\"><label for=\"wpforms-2506-field-hp\" class=\"wpforms-field-label\">Phone<\/label><input type=\"text\" name=\"wpforms[hp]\" id=\"wpforms-2506-field-hp\" class=\"wpforms-field-medium\"><\/div><input type=\"hidden\" name=\"wpforms[recaptcha]\" value=\"\"><div class=\"wpforms-submit-container\" ><input type=\"hidden\" name=\"wpforms[id]\" value=\"2506\"><input type=\"hidden\" name=\"wpforms[author]\" value=\"1\"><button type=\"submit\" name=\"wpforms[submit]\" class=\"wpforms-submit \" id=\"wpforms-submit-2506\" value=\"wpforms-submit\" aria-live=\"assertive\" data-alt-text=\"Senden...\" data-submit-text=\"Absenden\">Absenden<\/button><\/div><\/form><\/div>  <!-- .wpforms-container --><\/p>","protected":false},"excerpt":{"rendered":"<p><img decoding=\"async\" class=\"size-full wp-image-4320 alignright\" src=\"https:\/\/bestelements.de\/wp-content\/uploads\/made-in-germany-85.png\" alt=\"\" width=\"85\" height=\"45\" \/>Wir bieten mehrere Technologien f\u00fcr die Wasseraufbereitung in industriellen Bereichen<\/p>\n<h2>Umkehrosmose-Wasserfilteranlagen f\u00fcr die Industrie<\/h2>\n<p>Unser Fokus f\u00fcr industrielle Filterger\u00e4te liegt haupts\u00e4chlich auf Sonderanfertigungen f\u00fcr die allgemeine Industrie, Pharma- und Medizintechnik, Lebensmittelindustrie, Gro\u00dfk\u00fcchen, Brauereien u.a.m. Filteranlagen der Serie <strong>BE WA1000 Industry<\/strong> werden individuell nach Ihren Anforderungen angepasst und konfektioniert.<\/p>\n<h2><span class=\"blue-back\">BE WA1000<\/span>\u00a0<span class=\"gray\">Industry<\/span><\/h2>\n<h3>Beispielkonfigurationen Redundanzsysteme:<\/h3>\n<ul>\n<li>500-1000 Liter\/Stunde (Filterleistung 12.000 bis 24.000 Liter\/Tag) je Anlage<\/li>\n<li>Vorfilterstufen 2 x 20\u201c &#8211; 5 \u00b5m<\/li>\n<li>4 bis 8 Module \u00e1 900 GPD Dow Chemical\u00ae Filmtec Membran<\/li>\n<li>Reinstwasser zu Abwasserverh\u00e4ltnis 1:1 oder besser<\/li>\n<li>Vor- und Nachsp\u00fclung (TDS-Reaction Control) f\u00fcr 2 Gruppen<\/li>\n<li>Steuerungstechnik mit Fern\u00fcberwachung und Statusinfo per TCP\/IP, FTP und E-Mail<\/li>\n<li>Redundanz Systeme von 25% bis 100%<\/li>\n<li>Stromversorgung 230 V\/AC 2.3 kW bis 400 V\/AC bei 4,6 kW<\/li>\n<li>Monitoring: Echzeit\u00fcberwachung der TDS-Werte<\/li>\n<li>Ma\u00dfe 1.150 x 1.200 x 800 mm (HxTxB ohne Euro Palette)<\/li>\n<\/ul>\n<p>Dieses Ger\u00e4t ist f\u00fcr eine Euro-Palette geeignet und sorgt f\u00fcr 1.000 l \/ h reinstes Wasser pro Einheit. Es k\u00f6nnen mehrere Ger\u00e4te zusammen betrieben werden.<\/p>\n<h2><span class=\"blue-back\">BE WA<\/span>\u00a0<span class=\"gray\">PHY<\/span><\/h2>\n<h3>Beseitigung von Verkeimungen durch physikalische Kr\u00e4fte ohne Biozide oder Chemie<\/h3>\n<p>Neben der Technologie der Umkehrosmose k\u00f6nnen Hydrophysikalische Kr\u00e4fte zur Wasseraufbereitung in K\u00fchl- und Prozesswasserkreisl\u00e4ufen Verwendung finden.<\/p>\n<h2>Trinkwasser-Filteranlagen serienm\u00e4\u00dfig in Fahrzeugen<\/h2>\n<h2 class=\"fusion-responsive-typography-calculated\" data-fontsize=\"27.2\" data-lineheight=\"32.64px\"><span class=\"blue-back\">BE WA<\/span>\u00a0<span class=\"gray\">Move<\/span><\/h2>\n<p>Im mobilen Sektor werden Trinkwasser-Filteranlagen immer wichtiger. Die Autoindustrie sucht L\u00f6sungen auch mobil reinstes Trinkwasser in PKW und LKW, Schiffen, Booten und Wohnmobilen zur Verf\u00fcgung zu stellen. Im Bereich Reisemobile und Caravaning sind gute Trinkwasserfilter eine Voraussetzung, unterwegs und unabh\u00e4ngig reinstes Trinkwasser zur Verf\u00fcgung zu haben&#8230; [<a href=\"https:\/\/bestelements.de\/de\/kaufen\/trinkwasserfilter\/trinkwasser-filteranlage-in-fahrzeugen\/\">mehr<\/a>]<\/p>\n","protected":false},"featured_media":18048,"template":"","meta":{"footnotes":""},"product_brand":[],"product_cat":[103,179],"product_tag":[],"class_list":{"0":"post-2795","1":"product","2":"type-product","3":"status-publish","4":"has-post-thumbnail","6":"product_cat-trinkwasserfilter","7":"product_cat-industriewasserfilteranlagen","9":"first","10":"instock","11":"virtual","12":"product-type-simple"},"_links":{"self":[{"href":"https:\/\/bestelements.de\/de\/wp-json\/wp\/v2\/product\/2795","targetHints":{"allow":["GET"]}}],"collection":[{"href":"https:\/\/bestelements.de\/de\/wp-json\/wp\/v2\/product"}],"about":[{"href":"https:\/\/bestelements.de\/de\/wp-json\/wp\/v2\/types\/product"}],"version-history":[{"count":0,"href":"https:\/\/bestelements.de\/de\/wp-json\/wp\/v2\/product\/2795\/revisions"}],"wp:featuredmedia":[{"embeddable":true,"href":"https:\/\/bestelements.de\/de\/wp-json\/wp\/v2\/media\/18048"}],"wp:attachment":[{"href":"https:\/\/bestelements.de\/de\/wp-json\/wp\/v2\/media?parent=2795"}],"wp:term":[{"taxonomy":"product_brand","embeddable":true,"href":"https:\/\/bestelements.de\/de\/wp-json\/wp\/v2\/product_brand?post=2795"},{"taxonomy":"product_cat","embeddable":true,"href":"https:\/\/bestelements.de\/de\/wp-json\/wp\/v2\/product_cat?post=2795"},{"taxonomy":"product_tag","embeddable":true,"href":"https:\/\/bestelements.de\/de\/wp-json\/wp\/v2\/product_tag?post=2795"}],"curies":[{"name":"wp","href":"https:\/\/api.w.org\/{rel}","templated":true}]}}