{"id":2772,"date":"2020-12-26T15:04:08","date_gmt":"2020-12-26T14:04:08","guid":{"rendered":"https:\/\/bestelements.de\/?post_type=product&#038;p=2772"},"modified":"2025-12-12T11:06:45","modified_gmt":"2025-12-12T10:06:45","slug":"kalkfilter-bakterienfilter-wav-wasserfilter-zuhause","status":"publish","type":"product","link":"https:\/\/bestelements.de\/de\/kaufen\/wasserfilter-gegen-kalk-und-bakterien\/kalkfilter-bakterienfilter-wav-wasserfilter-zuhause\/","title":{"rendered":"BE WAV Wasserfilter gegen Kalk, Chlor, Blei"},"content":{"rendered":"<p><\/p>\n<h2>Kalkablagerungen und Abkochgebote waren gestern<\/h2>\n<p class=\"gray\">Ab jetzt k\u00f6nnen Sie mit diesem WAV Wasserfilter genau diese Probleme im Alltag vermeiden. K\u00fcchen- und Haushaltsger\u00e4te bekommen keinen wei\u00dfen Kalkablagerungen mehr, Wasch-und Sp\u00fclmaschinen laufen f\u00fcr lange Zeiten und Kaffeeautomaten und Wasserkocher entkalken ist nicht mehr erforderlich. <\/p>\n<h2><span class=\"blue-back\">BE WAV<\/span> <span class=\"gray\">Modular<\/span><\/h2>\n<div class=\"blue-back\">Innovative modulare Filtertechnologie<\/div>\n<p><img decoding=\"async\" class=\"lazyload alignnone size-full wp-image-5032\" src=\"https:\/\/bestelements.de\/wp-content\/uploads\/Frau-Kueche-mit-WAV.jpg\" data-orig-src=\"https:\/\/bestelements.de\/wp-content\/uploads\/Frau-Kueche-mit-WAV.jpg\" alt=\"\" width=\"818\" height=\"557\" srcset=\"data:image\/svg+xml,%3Csvg%20xmlns%3D%27http%3A%2F%2Fwww.w3.org%2F2000%2Fsvg%27%20width%3D%27818%27%20height%3D%27557%27%20viewBox%3D%270%200%20818%20557%27%3E%3Crect%20width%3D%27818%27%20height%3D%27557%27%20fill-opacity%3D%220%22%2F%3E%3C%2Fsvg%3E\" data-srcset=\"https:\/\/bestelements.de\/wp-content\/uploads\/Frau-Kueche-mit-WAV-200x136.jpg 200w, https:\/\/bestelements.de\/wp-content\/uploads\/Frau-Kueche-mit-WAV-300x204.jpg 300w, https:\/\/bestelements.de\/wp-content\/uploads\/Frau-Kueche-mit-WAV-400x272.jpg 400w, https:\/\/bestelements.de\/wp-content\/uploads\/Frau-Kueche-mit-WAV-500x340.jpg 500w, https:\/\/bestelements.de\/wp-content\/uploads\/Frau-Kueche-mit-WAV-600x409.jpg 600w, https:\/\/bestelements.de\/wp-content\/uploads\/Frau-Kueche-mit-WAV-700x477.jpg 700w, https:\/\/bestelements.de\/wp-content\/uploads\/Frau-Kueche-mit-WAV-768x523.jpg 768w, https:\/\/bestelements.de\/wp-content\/uploads\/Frau-Kueche-mit-WAV-800x545.jpg 800w, https:\/\/bestelements.de\/wp-content\/uploads\/Frau-Kueche-mit-WAV.jpg 818w\" data-sizes=\"auto\" data-orig-sizes=\"(max-width: 818px) 100vw, 818px\" \/><\/p>\n<p>Die WAV ist eine kosteng\u00fcnstige Alternative zur Umkehrosmose. Das Filtersystem ist f\u00fcr den Haushalt konzipiert, entfernt unerw\u00fcnschte Stoffe und gew\u00e4hrleistet so sauberes Trinkwasser. <\/p>\n<p>Die Variante <strong>Kalkmodul<\/strong> arbeitet nach dem Prinzip eines Ionentauschers, sorgt f\u00fcr weiches Wasser f\u00fcr Sp\u00fcl- und Waschmaschine, Kaffee- und Espressomaschinen, K\u00fchlschrank, Dampfgarer und auch B\u00fcgeleisen. Die Kalkfiltrationsrate liegt bei bis zu 85%. Durch einen integriertem Partikelfilter werden Rost und weiteren Verunreinigungen entfernt. Angeschlossene Ger\u00e4te werden zus\u00e4tzlich vor <strong>Korrosion<\/strong>\u00a0gesch\u00fctzt.<\/p>\n<p>Weitere Module wurden entwickelt, um gezielt <strong>Chlor oder Blei<\/strong> aus dem Wasser zu entfernen. Sie k\u00f6nnen die gew\u00fcnschten Filtermodule w\u00e4hlen und auch miteinander kombinieren. Die WAV sch\u00fctzt vor Problemen mit Verunreinigungen des Wassers.<\/p>\n<h2 class=\"linie\"><span class=\"blue-back\">BE WAV<\/span> <span class=\"gray\"> Anschluss (Kaltwasser)<\/span><\/h2>\n<ul>\n<li>Unter der Sp\u00fcle <\/li>\n<li>Am Waschmaschinen- oder Sp\u00fclmaschinen-Wasseranschluss<\/li>\n<\/ul>\n<h2 class=\"linie\"><span class=\"blue-back\">BE WAV<\/span> <span class=\"gray\"> Anschlussvarianten<\/span><\/h2>\n<ol>\n<li>Filtermodul in der K\u00fcche mit separatem Trinkwasserhahn oder<\/li>\n<li>Filtermodul f\u00fcr die Waschmaschine oder<\/li>\n<\/ol>\n<p><img decoding=\"async\" class=\"lazyload size-full wp-image-3226 alignnone\" src=\"data:image\/svg+xml,%3Csvg%20xmlns%3D%27http%3A%2F%2Fwww.w3.org%2F2000%2Fsvg%27%20width%3D%27452%27%20height%3D%27251%27%20viewBox%3D%270%200%20452%20251%27%3E%3Crect%20width%3D%27452%27%20height%3D%27251%27%20fill-opacity%3D%220%22%2F%3E%3C%2Fsvg%3E\" data-orig-src=\"https:\/\/bestelements.de\/wp-content\/uploads\/WAV-Installationsvariante1.jpg\" alt=\"\" width=\"452\" height=\"251\" \/><img decoding=\"async\" class=\"lazyload alignnone size-full wp-image-3227\" src=\"data:image\/svg+xml,%3Csvg%20xmlns%3D%27http%3A%2F%2Fwww.w3.org%2F2000%2Fsvg%27%20width%3D%27208%27%20height%3D%27251%27%20viewBox%3D%270%200%20208%20251%27%3E%3Crect%20width%3D%27208%27%20height%3D%27251%27%20fill-opacity%3D%220%22%2F%3E%3C%2Fsvg%3E\" data-orig-src=\"https:\/\/bestelements.de\/wp-content\/uploads\/WAV-Installationsvariante3.jpg\" alt=\"\" width=\"208\" height=\"251\" \/><\/p>\n<h2 class=\"linie\"><span class=\"blue-back\">BE WAV<\/span> <span class=\"gray\"> Optional<\/span><\/h2>\n<p>Der optional erh\u00e4ltliche <a href=\"https:\/\/bestelements.de\/de\/produkt-kategorie\/zubehoer-trinkwasser\/\">Trinkwasserhahn<\/a> ist aus trinkwassersicherem, hochwertigem V4A Edelstahl mit verschlei\u00dfbest\u00e4ndiger Keramikdichtungen. Der Trinkwasserhahn wird an der Sp\u00fcle montiert. <\/p>\n<h2 class=\"linie\"><span class=\"blue-back\">BE WAV<\/span> <span class=\"gray\"> Vorteile<\/span><\/h2>\n<ul>\n<li>Hohe Wirksamkeit <span class=\"blue strong\">Top Innovation<\/span><\/li>\n<li>Filtrationsrate bis 0,5 \u03bcm<\/li>\n<li>Ohne Chemiezus\u00e4tze <span class=\"blue strong\">Umweltfreundlich<\/span><\/li>\n<li>Ohne Stromanschluss <span class=\"blue strong\">Energiesparend<\/span><\/li>\n<li>Kalkfiltration bis zu 85 %<\/li>\n<li><span class=\"blue strong\">NSF-Zertifizierung<\/span> nach Gesundheits- und Sicherheitskriterien<\/li>\n<li>Trinkwasser abkochen entf\u00e4llt <span class=\"blue strong\">Gesundheitsrelevante Erleichterung<\/span><\/li>\n<li>Reduzierung von Chlor verbessert den Geschmack des Wassers<\/li>\n<li>Flexibles Modul-Filtersystem f\u00fcr die Kaltwasserleitung<\/li>\n<li>Hoher Volumenstrom<\/li>\n<li>Einfache und schnelle Installation<\/li>\n<li>Nahezu Wartungsfrei<\/li>\n<li>Schneller Filtermodul-Wechsel <span class=\"blue strong\">Easy Click<\/span><\/li>\n<li>Geringe Anschaffungskosten <span class=\"blue strong\">Sparen<\/span><\/li>\n<li>Geringe Folgekosten <span class=\"blue strong\">Sparen<\/span><\/li>\n<li>Es muss kein Trinkwasser in Flaschen mehr gekauft werden. Dadurch entfallen der Transport und Entsorgung von Wasserflaschen <span class=\"blue strong\">H\u00f6herer Komfort<\/span><\/li>\n<li>CO<sub>2<\/sub> wird eingespart <span class=\"blue strong\">Umweltaspekt<\/span><\/li>\n<\/ul>\n<h2 class=\"linie\"><span class=\"blue-back\">BE WAV<\/span> <span class=\"gray\"> Downloads<\/span><\/h2>\n<p><div class=\"fusion-content-boxes content-boxes columns row fusion-columns-3 fusion-columns-total-2 fusion-content-boxes-1 content-boxes-icon-on-side content-left\" style=\"--awb-hover-accent-color:#3d66ae;--awb-circle-hover-accent-color:#3d66ae;\" data-animationOffset=\"top-into-view\"><div style=\"--awb-backgroundcolor:rgba(255,255,255,0);--awb-content-padding-left:64px;\" class=\"fusion-column content-box-column content-box-column content-box-column-1 col-lg-4 col-md-4 col-sm-4 fusion-content-box-hover content-box-column-first-in-row\"><div class=\"col content-box-wrapper content-wrapper link-area-link-icon link-type-text content-icon-wrapper-yes icon-hover-animation-fade\" data-animationOffset=\"top-into-view\"><div class=\"heading heading-with-icon icon-left\"><a class=\"heading-link\" href=\"https:\/\/bestelements.de\/manuals\/gebrauchsanleitungen\/\" target=\"_self\"><div class=\"icon\"><span style=\"height:42px;width:42px;line-height:22px;border-color:rgba(255,255,255,0);border-width:1px;border-style:solid;background-color:#009fe3;margin-right:20px;box-sizing:content-box;border-radius:50%;\"><i style=\"border-color:#009fe3;border-width:1px;background-color:#009fe3;box-sizing:content-box;height:40px;width:40px;line-height:40px;border-radius:50%;position:relative;top:auto;left:auto;margin:0;border-radius:50%;font-size:20px;\" aria-hidden=\"true\" class=\"fontawesome-icon fa-file-alt fas circle-yes\"><\/i><\/span><\/div><\/a><\/div><div class=\"fusion-clearfix\"><\/div><a class=\" fusion-read-more\" style=\"margin-left:64px;\" href=\"https:\/\/bestelements.de\/manuals\/gebrauchsanleitungen\/\" target=\"_self\">Gebrauchsanleitungen<\/a><div class=\"fusion-clearfix\"><\/div><\/div><\/div><div style=\"--awb-backgroundcolor:rgba(255,255,255,0);--awb-content-padding-left:64px;\" class=\"fusion-column content-box-column content-box-column content-box-column-2 col-lg-4 col-md-4 col-sm-4 fusion-content-box-hover content-box-column-last\"><div class=\"col content-box-wrapper content-wrapper link-area-link-icon link-type-text content-icon-wrapper-yes icon-hover-animation-fade\" data-animationOffset=\"top-into-view\"><div class=\"heading heading-with-icon icon-left\"><a class=\"heading-link\" href=\"https:\/\/bestelements.de\/ersatzfilter\/ersatzfilter-und-zubehoer-fuer-trinkwasserfilter\/\" target=\"_self\"><div class=\"icon\"><span style=\"height:42px;width:42px;line-height:22px;border-color:rgba(255,255,255,0);border-width:1px;border-style:solid;background-color:#009fe3;margin-right:20px;box-sizing:content-box;border-radius:50%;\"><i style=\"border-color:#009fe3;border-width:1px;background-color:#009fe3;box-sizing:content-box;height:40px;width:40px;line-height:40px;border-radius:50%;position:relative;top:auto;left:auto;margin:0;border-radius:50%;font-size:20px;\" aria-hidden=\"true\" class=\"fontawesome-icon fa-sync-alt fas circle-yes\"><\/i><\/span><\/div><\/a><\/div><div class=\"fusion-clearfix\"><\/div><a class=\" fusion-read-more\" style=\"margin-left:64px;\" href=\"https:\/\/bestelements.de\/ersatzfilter\/ersatzfilter-und-zubehoer-fuer-trinkwasserfilter\/\" target=\"_self\">Ersatzfilter<\/a><div class=\"fusion-clearfix\"><\/div><\/div><\/div><div class=\"fusion-clearfix\"><\/div><\/div><div class=\"fusion-text fusion-text-1\"><p>\n<nav class=\"awb-menu awb-menu_row awb-menu_em-hover mobile-mode-collapse-to-button awb-menu_icons-left awb-menu_dc-yes mobile-trigger-fullwidth-off awb-menu_mobile-toggle awb-menu_indent-left mobile-size-full-absolute loading mega-menu-loading awb-menu_desktop awb-menu_dropdown awb-menu_expand-right awb-menu_transition-fade fusion-animated\" style=\"--awb-text-transform:none;--awb-gap:3px;--awb-submenu-bg:#ffffff;--awb-submenu-active-bg:#e8f6f9;--awb-submenu-text-transform:none;--awb-main-justify-content:flex-start;--awb-mobile-justify:flex-start;--awb-mobile-caret-left:auto;--awb-mobile-caret-right:0;--awb-fusion-font-family-typography:inherit;--awb-fusion-font-style-typography:normal;--awb-fusion-font-weight-typography:400;--awb-fusion-font-family-submenu-typography:inherit;--awb-fusion-font-style-submenu-typography:normal;--awb-fusion-font-weight-submenu-typography:400;--awb-fusion-font-family-mobile-typography:inherit;--awb-fusion-font-style-mobile-typography:normal;--awb-fusion-font-weight-mobile-typography:400;\" aria-label=\"Wasser vergleichen\" data-breakpoint=\"0\" data-count=\"0\" data-transition-type=\"fade\" data-transition-time=\"300\" data-expand=\"right\" data-animationType=\"fadeInLeft\" data-animationDuration=\"1.0\" data-animationOffset=\"top-into-view\"><ul id=\"menu-wasser-vergleichen\" class=\"fusion-menu awb-menu__main-ul awb-menu__main-ul_row\"><li  id=\"menu-item-4349\"  class=\"menu-item menu-item-type-custom menu-item-object-custom menu-item-4349 sg-popup-id-4351 awb-menu__li awb-menu__main-li awb-menu__li_button\"  data-item-id=\"4349\"><a  title=\"Wasserfilter Ger\u00e4te im Vergleich\" href=\"#\" class=\"awb-menu__main-a awb-menu__main-a_button\"><span class=\"menu-text fusion-button button-default button-small\"><span class=\"button-icon-divider-left fusion-megamenu-icon\"><i class=\"glyphicon fa-eye fas\" aria-hidden=\"true\"><\/i><\/span><span class=\"fusion-button-text-left\">Ger\u00e4te vergleichen<\/span><\/span><\/a><\/li><\/ul><\/nav><div class=\"fusion-text fusion-text-1\"><\/div><\/p>\n<\/div><\/p>\n<div class=\"wpforms-container wpforms-container-full\" id=\"wpforms-11613\"><form id=\"wpforms-form-11613\" class=\"wpforms-validate wpforms-form\" data-formid=\"11613\" method=\"post\" enctype=\"multipart\/form-data\" action=\"\/de\/wp-json\/wp\/v2\/product\/2772\"><div class=\"wpforms-head-container\"><div class=\"wpforms-title\">Produktberatung anfordern<\/div><div class=\"wpforms-description\"><a class=\"sg-popup-id-149 dotted\" href=\"#\"><i class=\"fa fa-comments fa-2x\"><\/i> Direkt Kontakt aufnehmen und Fragen zu diesem Filterger\u00e4t stellen<\/a><\/div><\/div><noscript class=\"wpforms-error-noscript\">Bitte aktivieren Sie JavaScript in Ihrem Browser, um dieses Formular fertigzustellen.<\/noscript><div class=\"wpforms-field-container\"><div id=\"wpforms-11613-field_8-container\" class=\"wpforms-field wpforms-field-html\" data-field-id=\"8\"><div id=\"wpforms-11613-field_8\">Gerne rufen wir zur\u00fcck oder beantworten Ihre Fragen per E-Mail. \r\n\r\n<small><b>Wir sch\u00fctzen Ihre Daten!<\/b> Wir verwenden Ihre Daten ausschlie\u00dflich zur Beantwortung Ihrer Fragen und geben sie keinesfalls an Dritte weiter. <a href=\"https:\/\/bestelements.de\/de\/datenschutzerklaerung\/\" target=\"_blank\">Datenschutzbestimmungen<\/a><\/small><\/div><\/div><div id=\"wpforms-11613-field_0-container\" class=\"wpforms-field wpforms-field-name\" data-field-id=\"0\"><label class=\"wpforms-field-label\" for=\"wpforms-11613-field_0\">Name <span class=\"wpforms-required-label\">*<\/span><\/label><input type=\"text\" id=\"wpforms-11613-field_0\" class=\"wpforms-field-medium wpforms-field-required\" name=\"wpforms[fields][0]\" required><\/div><div id=\"wpforms-11613-field_2-container\" class=\"wpforms-field wpforms-field-textarea\" data-field-id=\"2\"><label class=\"wpforms-field-label\" for=\"wpforms-11613-field_2\">Ich habe folgende Frage\/n:<\/label><textarea id=\"wpforms-11613-field_2\" class=\"wpforms-field-medium\" name=\"wpforms[fields][2]\" ><\/textarea><\/div><div id=\"wpforms-11613-field_4-container\" class=\"wpforms-field wpforms-field-phone\" data-field-id=\"4\"><label class=\"wpforms-field-label\" for=\"wpforms-11613-field_4\">Ich bitte um R\u00fcckruf unter:<\/label><input type=\"tel\" id=\"wpforms-11613-field_4\" class=\"wpforms-field-medium\" data-rule-int-phone-field=\"true\" name=\"wpforms[fields][4]\" ><\/div><div id=\"wpforms-11613-field_1-container\" class=\"wpforms-field wpforms-field-email\" data-field-id=\"1\"><label class=\"wpforms-field-label\" for=\"wpforms-11613-field_1\">Ich bitte um Antwort per E-Mail an:<\/label><input type=\"email\" id=\"wpforms-11613-field_1\" class=\"wpforms-field-medium\" name=\"wpforms[fields][1]\" ><\/div><div id=\"wpforms-11613-field_10-container\" class=\"wpforms-field wpforms-field-html\" data-field-id=\"10\"><div id=\"wpforms-11613-field_10\"><small><b>Wir sch\u00fctzen Ihre Daten!<\/b> Wir verwenden Ihre Daten ausschlie\u00dflich zur Beantwortung Ihrer Fragen und geben sie keinesfalls an Dritte weiter. <a href=\"https:\/\/bestelements.de\/de\/datenschutzerklaerung\/\" target=\"_blank\">Datenschutzbestimmungen<\/a><\/small><\/div><\/div><\/div><div class=\"wpforms-field wpforms-field-hp\"><label for=\"wpforms-11613-field-hp\" class=\"wpforms-field-label\">Comment<\/label><input type=\"text\" name=\"wpforms[hp]\" id=\"wpforms-11613-field-hp\" class=\"wpforms-field-medium\"><\/div><input type=\"hidden\" name=\"wpforms[recaptcha]\" value=\"\"><div class=\"wpforms-submit-container\" ><input type=\"hidden\" name=\"wpforms[id]\" value=\"11613\"><input type=\"hidden\" name=\"wpforms[author]\" value=\"1\"><button type=\"submit\" name=\"wpforms[submit]\" class=\"wpforms-submit button-blue\" id=\"wpforms-submit-11613\" value=\"wpforms-submit\" aria-live=\"assertive\" data-alt-text=\"Senden...\" data-submit-text=\"Absenden\">Absenden<\/button><\/div><\/form><\/div>  <!-- .wpforms-container -->\n<figure class=\"wp-block-table\">\n<div class=\"table-1\">\n<table>\n<tbody>\n<tr>\n<td class=\"produkte\">Montage<\/td>\n<td class=\"produkte\">Nur an der Kaltwasserleitung anschlie\u00dfen<\/td>\n<\/tr>\n<tr>\n<td class=\"produkte\">Filterprinzip<\/td>\n<td class=\"produkte\">WAV arbeitet im Durchflussfilterprinzip, kein Umkehrosmosefilter<\/td>\n<\/tr>\n<tr>\n<td class=\"produkte\">Wasseranschl\u00fcsse<\/td>\n<td class=\"produkte\">Bei Waschmaschine\/Sp\u00fclmaschine: 3\/4&#8243;<br \/>\nBei Sp\u00fcle Eckventil: 3\/8&#8243; AG IG Panzerschlauch<br \/>\nBei separatem Trinkwasserhahn: John Guest Kupplung<\/td>\n<\/tr>\n<tr>\n<td class=\"produkte\">Temperatur<\/td>\n<td class=\"produkte\">Minimum 4\u00b0C (39\u00b0F) bis Maximum 38\u00b0C (100\u00b0F)<\/td>\n<\/tr>\n<tr>\n<td class=\"produkte\">Arbeitsdruck<\/td>\n<td class=\"produkte\">Minimum 1,4 bar (20 psi) bis Maximum 5,5 bar (80 psi)<\/td>\n<\/tr>\n<tr>\n<td class=\"produkte\">Volumenstrom<\/td>\n<td class=\"produkte\">Bei 1\/2\u201c und 2,8 bar (40 psi) ca. 8,3 l\/min (2,2 GPM)<\/td>\n<\/tr>\n<tr>\n<td class=\"produkte\">Gewicht<\/td>\n<td class=\"produkte\">1,3 kg mit Kartusche<\/td>\n<\/tr>\n<tr>\n<td class=\"produkte\">Ma\u00dfe<\/td>\n<td class=\"produkte\">120 x 340 x 135 mm (BxHxT)<\/td>\n<\/tr>\n<tr>\n<td class=\"produkte\">Lieferumfang<\/td>\n<td class=\"produkte\">komplettes Filtersystem mit Halterung, Filtermodul, Anschlussset, Gebrauchsanleitung<\/td>\n<\/tr>\n<tr>\n<td class=\"produkte\">Filtermodulwechsel<\/td>\n<td class=\"produkte\">nach 6 Monaten bzw. bis zu 4.000 Liter je nach Verschmutzungsgrad des Wassers<\/td>\n<\/tr>\n<tr>\n<td class=\"produkte\">Ersatzfiltermodule<\/td>\n<td class=\"produkte\"><a href=\"https:\/\/bestelements.de\/de\/produkt\/ersatzfilter-wasser\/ersatzkartuschen-fuer-wasserfilter-wav-modular\/\">Bestellung Ersatzfiltermodule\/Kartuschen<\/a><\/td>\n<\/tr>\n<\/tbody>\n<\/table>\n<\/div>\n<\/figure>\n<p><\/p>","protected":false},"excerpt":{"rendered":"<h2><span class=\"blue-back\">BE WAV<\/span> <span class=\"gray\">Modular<\/span> <span class=\"textgray\">Kalk &amp; Chlor<\/span><\/h2>\n<div class=\"blue-back\">Endlich: Kein Kalk mehr im Wasser und kein Trinkwasser mehr abkochen!<\/div>\n<div id=\"icons-water-stoffe\">\n<i class=\"fa-solid fas fa-sink\"><\/i> <i class=\"fa-solid fas fa-virus-slash\"><\/i> <i class=\"fa-solid fas fa-bacterium\"><\/i> <i class=\"fa-solid fas fa-faucet\"><\/i> <i class=\"fa-solid fas fa-tint\"><\/i>\n<\/div>\n<ul>\n<li>Kompakter Wasserfilter f\u00fcr Trinkwasser, K\u00fcchenger\u00e4te, Sp\u00fcl- und Waschmaschine<\/li>\n<li>Hartes Wasser kein Problem mehr: Kalkfiltration bis zu 85 %<\/li>\n<li>Filtermodule frei w\u00e4hlbar und kombinierbar<\/li>\n<\/ul>\n","protected":false},"featured_media":23506,"template":"","meta":{"footnotes":""},"product_brand":[],"product_cat":[139],"product_tag":[208,209,211,212],"class_list":{"0":"post-2772","1":"product","2":"type-product","3":"status-publish","4":"has-post-thumbnail","6":"product_cat-wasserfilter-gegen-kalk-und-bakterien","7":"product_tag-wasserfilter","8":"product_tag-trinkwasserfilter","9":"product_tag-kalkfilter","10":"product_tag-bakterienwasserfilter","12":"first","13":"instock","14":"featured","15":"taxable","16":"shipping-taxable","17":"purchasable","18":"product-type-variable","19":"has-default-attributes"},"_links":{"self":[{"href":"https:\/\/bestelements.de\/de\/wp-json\/wp\/v2\/product\/2772","targetHints":{"allow":["GET"]}}],"collection":[{"href":"https:\/\/bestelements.de\/de\/wp-json\/wp\/v2\/product"}],"about":[{"href":"https:\/\/bestelements.de\/de\/wp-json\/wp\/v2\/types\/product"}],"version-history":[{"count":0,"href":"https:\/\/bestelements.de\/de\/wp-json\/wp\/v2\/product\/2772\/revisions"}],"wp:featuredmedia":[{"embeddable":true,"href":"https:\/\/bestelements.de\/de\/wp-json\/wp\/v2\/media\/23506"}],"wp:attachment":[{"href":"https:\/\/bestelements.de\/de\/wp-json\/wp\/v2\/media?parent=2772"}],"wp:term":[{"taxonomy":"product_brand","embeddable":true,"href":"https:\/\/bestelements.de\/de\/wp-json\/wp\/v2\/product_brand?post=2772"},{"taxonomy":"product_cat","embeddable":true,"href":"https:\/\/bestelements.de\/de\/wp-json\/wp\/v2\/product_cat?post=2772"},{"taxonomy":"product_tag","embeddable":true,"href":"https:\/\/bestelements.de\/de\/wp-json\/wp\/v2\/product_tag?post=2772"}],"curies":[{"name":"wp","href":"https:\/\/api.w.org\/{rel}","templated":true}]}}