{"id":27483,"date":"2024-10-14T14:36:20","date_gmt":"2024-10-14T12:36:20","guid":{"rendered":"https:\/\/bestelements.de\/?post_type=product&#038;p=27483"},"modified":"2025-09-21T15:54:32","modified_gmt":"2025-09-21T13:54:32","slug":"h2master4000-wasserstoffreiches-trinkwasser-tiere","status":"publish","type":"product","link":"https:\/\/bestelements.de\/de\/kaufen\/wasserstoff-generator\/h2master4000-wasserstoffreiches-trinkwasser-tiere\/","title":{"rendered":"<b>H2Master4000<\/b> wasserstoffreiches Trinkwasser f\u00fcr Gro\u00dftiere"},"content":{"rendered":"<p><\/p>\n<h2>H2Master4000 Wasserstoffreiches Trinkwasser im Tiersport<\/h2>\n<p>Der grunds\u00e4tzliche Vorteil von Wasserstoff im K\u00f6rper von Gro\u00dftieren wie Pferden, Rindern und Kamelen liegt in seiner starken antioxidativen Wirkung. Molekularer Wasserstoff (H\u2082) kann selektiv sch\u00e4dliche freie Radikale, insbesondere Hydroxylradikale, neutralisieren, ohne dabei andere n\u00fctzliche Radikale oder physiologische Prozesse zu beeintr\u00e4chtigen. Dies f\u00fchrt zu einer Reduktion von oxidativem Stress, was Entz\u00fcndungen lindert, Zellsch\u00e4den verhindert und die Regeneration von Gewebe f\u00f6rdert. So verbessert Wasserstoff, der \u00fcber das Trinkwasser aufgenommen werden kann, die Zellfunktion und beeinflusst den Stoffwechselprozesse positiv. Das tr\u00e4gt im besonderen zu einer signifikanten Leistungs-und Gesundheitsf\u00f6rderung bei.<\/p>\n<p><strong>Gesundheitsschutz und Leistungsf\u00f6rderung durch nat\u00fcrliche Unterst\u00fctzung:<\/strong><\/p>\n<h3>\u25cf <strong>Leistungssteigerung<\/strong>: <br \/>Reduziert oxidativen Stress und f\u00f6rdert schnellere Muskelregeneration<\/h3>\n<h3>\u25cf <strong>St\u00e4rkung des Immunsystems<\/strong>: <br \/>Erh\u00f6ht die Abwehrkr\u00e4fte gegen Keime und Infektionen<\/h3>\n<h3>\u25cf <strong>Bessere Hydratation<\/strong>: <br \/>Optimiert den Zellstoffwechsel und Wasseraufnahme<\/h3>\n<h3>\u25cf <strong>Gelenk- und Muskelschutz<\/strong>: <br \/>Lindert Entz\u00fcndungen und sch\u00fctzt Gelenke und Muskeln vor \u00dcberlastung<\/h3>\n<h2>Anwendung<\/h2>\n<p>Der H2Master4000 wird an Ihrem Trinkwasserhahn mit Standardgewinde angeschlossen und an die Steckdose angeschlossen. Das Trinkwasser durchstr\u00f6mt das Ger\u00e4t und wird in Echtzeit mit Wasserstoff angereichert. Die Tiere trinken innerhalb kurzer Zeit das wasserstoffangereicherte Trinkwasser. Das destillierte Wasser wird im Inneren des Ger\u00e4ts ausschlie\u00dflich zur Wasserstoffanreicherung verwendet. Das destillierte Wasser im Tank verbraucht sich langsam und muss ca. w\u00f6chentlich nachgef\u00fcllt werden, das stellt die einzige Wartung dar. Der H2Master4000 ist robust, best\u00e4ndig und verf\u00fcgt \u00fcber Rollen und Tragegriffe. Ein H2Master4000 Ger\u00e4t kann wasserstoffreiches Trinkwasser f\u00fcr mehrere Tiere anreichern. <\/p>\n<div class=\"fusion-video fusion-youtube\" style=\"--awb-max-width:600px;--awb-max-height:360px;\"><div class=\"video-shortcode\"><priv-fac-lite-youtube class=\"fusion-hidden lty-load\" data-privacy-type=\"youtube\" videoid=\"4t6Z436xXRY\" class=\"landscape\" params=\"wmode=transparent&autoplay=1&amp;rel=0&amp;enablejsapi=1\" title=\"YouTube video player 1\" data-button-label=\"Play Video\" width=\"600\" height=\"360\" data-thumbnail-size=\"auto\" data-no-cookie=\"on\"><\/priv-fac-lite-youtube><div class=\"fusion-privacy-placeholder\" style=\"width:600px; height:360px;\" data-privacy-type=\"youtube\"><div class=\"fusion-privacy-placeholder-content\"><div class=\"fusion-privacy-label\">For privacy reasons YouTube needs your permission to be loaded. For more details, please see our <a class=\"privacy-policy-link\" href=\"https:\/\/bestelements.de\/de\/datenschutzerklaerung\/\" rel=\"privacy-policy\">Datenschutzerkl\u00e4rung<\/a>.<\/div><button data-privacy-type=\"youtube\" class=\"fusion-button button-default fusion-button-default-size button fusion-privacy-consent\">I Accept<\/button><\/div><\/div><\/div><\/div>\n<h2>Studien<\/h2>\n<p><strong>Wasserstoff (H2) im Trinkwasser gegen Muskelerm\u00fcdung beim Sport<\/strong>: Untersucht wurde in der Studie die Auswirkungen des Trinkens von wasserstoffreichem Wasser auf die Muskelerm\u00fcdung bei intensivem Training von Spitzensportlern (respektive Sporttieren). Eine ausreichende Fl\u00fcssigkeitszufuhr mit wasserstoffreichem Wasser senkte den Blutlaktatspiegel und verbesserte dadurch die k\u00f6rperliche Leistungsf\u00e4higkeit. Die Ergebnisse belegen, dass wasserstoffreiches Wasser f\u00fcr Sportler (und Sporttiere) eine geeignete Fl\u00fcssigkeitszufuhr darstellt. <\/p>\n<p><strong>Molekularer Wasserstoff (H2) erwiesenerma\u00dfen vorteilhaft f\u00fcr Trainingsleistung und Erholung<\/strong>. In einer doppelblinden Crossover-Studie wurde wasserstoffreiches Wasser verabreicht. Bei intensivem Training wurden biochemische Marker f\u00fcr Muskelsch\u00e4den reduziert. Die Ergebnisse zeigten, dass das H2-reiches Wasser Muskelschaden-Marker und Entz\u00fcndungsbiomarker signifikant verhinderte Es traten keinerlei Nebenwirkungen auf. H2-reiches Trinkwasser stellt daher eine sichere und effektive Methode zur Reduktion von Muskelsch\u00e4den bei intensivem Training dar.<br \/>\n<small>Quellen medicalgasresearch.biomedcentral.com\/articles\/10.1186\/2045-9912-2-12 und H2-Summit 2024<\/small><\/p>\n<h2>Gesundheitliches Wohlbefinden und Leistungssteigerung f\u00fcr Pferde, Kamele, Rinder<\/h2>\n<p>F\u00fcr den menschlichen Organismus wird Wasserstoff durch wasserstoffreiches Trinkwasser und Wasserstoffinhalation bereits mit H2Master Wasserstoffflaschen und H2Star-Wasserstoffinhalatoren bereitgestellt. Aufgrund der Gr\u00f6\u00dfe von Tieren wie Pferden, Rindern, Kamelen und vielen weiteren S\u00e4ugetierspezies sind besondere Ger\u00e4te erforderlich um Trinkwassermengen von 20-80 Liter und mehr pro Tag mit viel Wasserstoff anzureichern. Das ist mit dem Ger\u00e4t BestElements H2Master4000 m\u00f6glich.<br \/>\nIn einer kompakten Gr\u00f6\u00dfe wie etwa ein Kaffeevollautomat wird der H2Master4000 mit beiliegendem Schlauch an einem Trinkwasserhahn angeschlossen. In Echtzeit produziert das Ger\u00e4t wasserstoffreiches Trinkwasser und gibt ca. 4 Liter pro Minute mit einer hohen Konzentration von bis zu 3.410 ppb (!!!) aus. \u00dcber einen zweiten Schlauch k\u00f6nnen Trinkwasserbeh\u00e4lter in kurzer Zeit bef\u00fcllt und den Tieren zum Trinken gegeben werden. Wasserstoffreiches Wasser kann t\u00e4glich und auch vor und nach Wettk\u00e4mpfen verabreicht werden.<\/p>\n<p><img decoding=\"async\" class=\"lazyload alignnone size-full wp-image-27499\" src=\"https:\/\/bestelements.de\/wp-content\/uploads\/Renntiere-und-wasserstoffreiches-Trinkwasser.jpg\" data-orig-src=\"https:\/\/bestelements.de\/wp-content\/uploads\/Renntiere-und-wasserstoffreiches-Trinkwasser.jpg\" alt=\"Rennsporttiere und wasserstoffreiches Trinkwasser\" titel=\"Rennsporttiere und wasserstoffreiches Trinkwasser\" width=\"818\" height=\"466\" srcset=\"data:image\/svg+xml,%3Csvg%20xmlns%3D%27http%3A%2F%2Fwww.w3.org%2F2000%2Fsvg%27%20width%3D%27818%27%20height%3D%27466%27%20viewBox%3D%270%200%20818%20466%27%3E%3Crect%20width%3D%27818%27%20height%3D%27466%27%20fill-opacity%3D%220%22%2F%3E%3C%2Fsvg%3E\" data-srcset=\"https:\/\/bestelements.de\/wp-content\/uploads\/Renntiere-und-wasserstoffreiches-Trinkwasser-200x114.jpg 200w, https:\/\/bestelements.de\/wp-content\/uploads\/Renntiere-und-wasserstoffreiches-Trinkwasser-300x171.jpg 300w, https:\/\/bestelements.de\/wp-content\/uploads\/Renntiere-und-wasserstoffreiches-Trinkwasser-400x228.jpg 400w, https:\/\/bestelements.de\/wp-content\/uploads\/Renntiere-und-wasserstoffreiches-Trinkwasser-500x285.jpg 500w, https:\/\/bestelements.de\/wp-content\/uploads\/Renntiere-und-wasserstoffreiches-Trinkwasser-600x342.jpg 600w, https:\/\/bestelements.de\/wp-content\/uploads\/Renntiere-und-wasserstoffreiches-Trinkwasser-700x399.jpg 700w, https:\/\/bestelements.de\/wp-content\/uploads\/Renntiere-und-wasserstoffreiches-Trinkwasser-768x438.jpg 768w, https:\/\/bestelements.de\/wp-content\/uploads\/Renntiere-und-wasserstoffreiches-Trinkwasser-800x456.jpg 800w, https:\/\/bestelements.de\/wp-content\/uploads\/Renntiere-und-wasserstoffreiches-Trinkwasser.jpg 818w\" data-sizes=\"auto\" data-orig-sizes=\"(max-width: 818px) 100vw, 818px\" \/><\/p>\n<p>Im <strong>Dressurreiten<\/strong>, einer Disziplin, die h\u00f6chste Pr\u00e4zision, Konzentration und Ausdauer von Pferd und Reiter erfordert, spielt die Gesundheit und Leistungsf\u00e4higkeit des Pferdes eine zentrale Rolle. Der Einsatz von wasserstoffreichem Trinkwasser kann von gro\u00dfem Nutzen sein. Die antioxidativen Eigenschaften von Wasserstoff helfen, den K\u00f6rper des Pferdes nach intensiven Dressurtrainings schneller zu regenerieren und Muskelentz\u00fcndungen vorzubeugen. Durch die F\u00f6rderung einer besseren Erholung und die Reduzierung von oxidativem Stress kann wasserstoffreiches Wasser die langfristige Leistungsf\u00e4higkeit und das Wohlbefinden der Dressurpferde deutlich steigern. Dies ist besonders wichtig, da im Dressurreiten konstante k\u00f6rperliche und mentale Fitness entscheidend f\u00fcr den Erfolg ist.<\/p>\n<p><strong>Pferderennen <\/strong>geh\u00f6ren zu den traditionsreichsten und popul\u00e4rsten Sportarten weltweit. In Europa z\u00e4hlen sechs Rennen zu den bedeutendsten und prestigetr\u00e4chtigsten Veranstaltungen: das Epsom Derby in England, der Prix de l&#8217;Arc de Triomphe in Paris, das Royal Ascot, der Grand National, das Irish Derby und der Palio di Siena. In Deutschland stechen das Deutsche Derby in Hamburg und der Gro\u00dfe Preis von Baden-Baden heraus. Diese Rennen ziehen nicht nur ein gro\u00dfes internationales Publikum an, sondern bieten auch beeindruckende Preisgelder.<\/p>\n<p>Die bedeutendsten Pferderennen der Welt, sind der Saudi Cup in Riad, der Dubai World Cup, der Japan Cup in Tokio, der Prix de l&#8217;Arc de Triomphe und Rennen in den USA und Australien. Diese Pferderennen bieten H\u00f6chstbetr\u00e4ge f\u00fcr die erfolgreichsten Pferde. In Deutschland gibt es zahlreiche Rennbahnen, unter anderem in Baden-Baden, Hamburg und K\u00f6ln, wo sowohl Galopp- als auch Trabrennen ausgetragen werden.<\/p>\n<p>In den arabischen L\u00e4ndern haben <strong>Kamelrennen <\/strong>haben eine lange Tradition und sind da besonders tief verwurzelt. Zu den ber\u00fchmtesten und prestigetr\u00e4chtigsten Kamelrennen geh\u00f6ren das &#8222;Al Marmoom Heritage Festival&#8220; in Dubai, das &#8222;King Abdulaziz Camel Festival&#8220; in Saudi-Arabien und das &#8222;Al Wathba Camel Festival&#8220; in Abu Dhabi. Neben beeindruckenden Preisgeldern, steht das Prestige der Besitzer und Z\u00fcchter im Vordergrund. Der Gewinn eines solchen Rennens ist nicht nur ein finanzieller Erfolg, sondern bringt dem Besitzer und seinem Kamel gro\u00dfe Ehre und Anerkennung innerhalb der Kamelzuchtgemeinschaft. In vielen F\u00e4llen sind die immateriellen Belohnungen, wie Ruhm und Ansehen, noch bedeutender als die Geldpreise.<\/p>\n<p>Offizielle Hunderennen finden in L\u00e4ndern wie den USA, Gro\u00dfbritannien, Irland, Australien und Neuseeland statt, wobei die Hunderassen Greyhounds, Whippets und Afghanische Windhunde am h\u00e4ufigsten eingesetzt werden. Diese Hunde sind aufgrund ihrer Geschwindigkeit, Ausdauer und schlanken K\u00f6rperform besonders f\u00fcr den Rennsport geeignet. In einigen L\u00e4ndern, wie Deutschland, \u00d6sterreich und Schweiz sind offizielle Hunderennen nicht erlaubt.<\/p>\n<h2>Leistungssteigerung und Gesunderhaltung der Rennsporttiere<\/h2>\n<p>Eine interessante Entwicklung im Tiersport ist der Einsatz von wasserstoffreichem Trinkwasser zur Leistungssteigerung und Gesunderhaltung der Tiere. Wasserstoff hat antioxidative Eigenschaften, die dabei helfen k\u00f6nnen, oxidativen Stress nach intensiven Trainings oder Wettk\u00e4mpfen zu reduzieren. Dies tr\u00e4gt zu einer schnelleren Erholung und besseren Regeneration der Tiere bei, was wiederum ihre Leistungsf\u00e4higkeit und Widerstandsf\u00e4higkeit erh\u00f6ht. Zudem kann es helfen, die allgemeine Gesundheit der Tiere zu f\u00f6rdern, indem es Entz\u00fcndungen lindert und das Immunsystem st\u00e4rkt.<\/p>\n<p><img decoding=\"async\" src=\"https:\/\/bestelements.de\/wp-content\/uploads\/Pferd-trinkt-H2reiches-Trinkwasser.png\" data-orig-src=\"https:\/\/bestelements.de\/wp-content\/uploads\/Pferd-trinkt-H2reiches-Trinkwasser.png\" alt=\"Pferd trinkt H2reiches Trinkwasser\" width=\"456\" height=\"250\" class=\"lazyload alignnone size-full wp-image-27502\" srcset=\"data:image\/svg+xml,%3Csvg%20xmlns%3D%27http%3A%2F%2Fwww.w3.org%2F2000%2Fsvg%27%20width%3D%27456%27%20height%3D%27250%27%20viewBox%3D%270%200%20456%20250%27%3E%3Crect%20width%3D%27456%27%20height%3D%27250%27%20fill-opacity%3D%220%22%2F%3E%3C%2Fsvg%3E\" data-srcset=\"https:\/\/bestelements.de\/wp-content\/uploads\/Pferd-trinkt-H2reiches-Trinkwasser-200x110.png 200w, https:\/\/bestelements.de\/wp-content\/uploads\/Pferd-trinkt-H2reiches-Trinkwasser-300x164.png 300w, https:\/\/bestelements.de\/wp-content\/uploads\/Pferd-trinkt-H2reiches-Trinkwasser-400x219.png 400w, https:\/\/bestelements.de\/wp-content\/uploads\/Pferd-trinkt-H2reiches-Trinkwasser.png 456w\" data-sizes=\"auto\" data-orig-sizes=\"(max-width: 456px) 100vw, 456px\" \/><\/p>\n<div id=\"angebot\">\n<h2>Ihre Anfrage<\/h2>\n<div class=\"wpforms-container wpforms-container-full\" id=\"wpforms-13146\"><form id=\"wpforms-form-13146\" class=\"wpforms-validate wpforms-form\" data-formid=\"13146\" method=\"post\" enctype=\"multipart\/form-data\" action=\"\/de\/wp-json\/wp\/v2\/product\/27483\"><noscript class=\"wpforms-error-noscript\">Bitte aktivieren Sie JavaScript in Ihrem Browser, um dieses Formular fertigzustellen.<\/noscript><div class=\"wpforms-field-container\"><div id=\"wpforms-13146-field_0-container\" class=\"wpforms-field wpforms-field-name\" data-field-id=\"0\"><label class=\"wpforms-field-label\" for=\"wpforms-13146-field_0\">Name <span class=\"wpforms-required-label\">*<\/span><\/label><div class=\"wpforms-field-row wpforms-field-large\"><div class=\"wpforms-field-row-block wpforms-first wpforms-one-half\"><input type=\"text\" id=\"wpforms-13146-field_0\" class=\"wpforms-field-name-first wpforms-field-required\" name=\"wpforms[fields][0][first]\" required><label for=\"wpforms-13146-field_0\" class=\"wpforms-field-sublabel after wpforms-sublabel-hide\">Vorname<\/label><\/div><div class=\"wpforms-field-row-block wpforms-one-half\"><input type=\"text\" id=\"wpforms-13146-field_0-last\" class=\"wpforms-field-name-last wpforms-field-required\" name=\"wpforms[fields][0][last]\" required><label for=\"wpforms-13146-field_0-last\" class=\"wpforms-field-sublabel after wpforms-sublabel-hide\">Nachname<\/label><\/div><\/div><\/div><div id=\"wpforms-13146-field_2-container\" class=\"wpforms-field wpforms-field-textarea\" data-field-id=\"2\"><label class=\"wpforms-field-label\" for=\"wpforms-13146-field_2\">Ich\/Wir w\u00fcnsche\/n ein Angebot \u00fcber folgende Produkte: <span class=\"wpforms-required-label\">*<\/span><\/label><textarea id=\"wpforms-13146-field_2\" class=\"wpforms-field-medium wpforms-field-required\" name=\"wpforms[fields][2]\" required><\/textarea><\/div><div id=\"wpforms-13146-field_1-container\" class=\"wpforms-field wpforms-field-email\" data-field-id=\"1\"><label class=\"wpforms-field-label\" for=\"wpforms-13146-field_1\">E-Mail <span class=\"wpforms-required-label\">*<\/span><\/label><input type=\"email\" id=\"wpforms-13146-field_1\" class=\"wpforms-field-large wpforms-field-required\" name=\"wpforms[fields][1]\" required><\/div><div id=\"wpforms-13146-field_5-container\" class=\"wpforms-field wpforms-field-text\" data-field-id=\"5\"><label class=\"wpforms-field-label\" for=\"wpforms-13146-field_5\">ggf. Firma \/ Organisation<\/label><input type=\"text\" id=\"wpforms-13146-field_5\" class=\"wpforms-field-large\" name=\"wpforms[fields][5]\" ><\/div><div id=\"wpforms-13146-field_4-container\" class=\"wpforms-field wpforms-field-text\" data-field-id=\"4\"><label class=\"wpforms-field-label\" for=\"wpforms-13146-field_4\">Stra\u00dfe Nr.<\/label><input type=\"text\" id=\"wpforms-13146-field_4\" class=\"wpforms-field-medium\" name=\"wpforms[fields][4]\" ><\/div><div id=\"wpforms-13146-field_6-container\" class=\"wpforms-field wpforms-field-text wpforms-one-third wpforms-first\" data-field-id=\"6\"><label class=\"wpforms-field-label\" for=\"wpforms-13146-field_6\">PLZ<\/label><input type=\"text\" id=\"wpforms-13146-field_6\" class=\"wpforms-field-medium wpforms-masked-input\" data-inputmask-mask=\"99999\" name=\"wpforms[fields][6]\" ><\/div><div id=\"wpforms-13146-field_7-container\" class=\"wpforms-field wpforms-field-text wpforms-two-thirds wpforms-two-thirds\" data-field-id=\"7\"><label class=\"wpforms-field-label\" for=\"wpforms-13146-field_7\">Stadt<\/label><input type=\"text\" id=\"wpforms-13146-field_7\" class=\"wpforms-field-medium\" name=\"wpforms[fields][7]\" ><\/div><div id=\"wpforms-13146-field_8-container\" class=\"wpforms-field wpforms-field-html\" data-field-id=\"8\"><div id=\"wpforms-13146-field_8\"><small><b>Wir sch\u00fctzen Ihre Daten!<\/b> Wir verwenden Ihre Daten ausschlie\u00dflich zur Beantwortung Ihrer Fragen und geben sie keinesfalls an Dritte weiter. <a href=\"https:\/\/bestelements.de\/de\/datenschutzerklaerung\/\" target=\"_blank\">Datenschutzbestimmungen<\/a><\/small><\/div><\/div><\/div><div class=\"wpforms-field wpforms-field-hp\"><label for=\"wpforms-13146-field-hp\" class=\"wpforms-field-label\">Website<\/label><input type=\"text\" name=\"wpforms[hp]\" id=\"wpforms-13146-field-hp\" class=\"wpforms-field-medium\"><\/div><input type=\"hidden\" name=\"wpforms[recaptcha]\" value=\"\"><div class=\"wpforms-submit-container\" ><input type=\"hidden\" name=\"wpforms[id]\" value=\"13146\"><input type=\"hidden\" name=\"wpforms[author]\" value=\"1\"><button type=\"submit\" name=\"wpforms[submit]\" class=\"wpforms-submit button-blue\" id=\"wpforms-submit-13146\" value=\"wpforms-submit\" aria-live=\"assertive\" data-alt-text=\"Senden...\" data-submit-text=\"Angebot anfordern\">Angebot anfordern<\/button><\/div><\/form><\/div>  <!-- .wpforms-container -->\n<\/div>\n<figure class=\"wp-block-table\">\n<div class=\"table-1\">\n<table>\n<tbody>\n<tr>\n<td class=\"produkte\">Hohe H<sub>2<\/sub>S\u00e4ttigung in Echtzeit<\/td>\n<td class=\"produkte\"><img decoding=\"async\" class=\"lazyload wp-image-16052 alignleft\" src=\"https:\/\/bestelements.de\/wp-content\/uploads\/H2-Analytics-approved.png\" data-orig-src=\"https:\/\/bestelements.de\/wp-content\/uploads\/H2-Analytics-approved.png\" alt=\"H2 Analytics approved\" width=\"58\" height=\"58\" srcset=\"data:image\/svg+xml,%3Csvg%20xmlns%3D%27http%3A%2F%2Fwww.w3.org%2F2000%2Fsvg%27%20width%3D%2758%27%20height%3D%2758%27%20viewBox%3D%270%200%2058%2058%27%3E%3Crect%20width%3D%2758%27%20height%3D%2758%27%20fill-opacity%3D%220%22%2F%3E%3C%2Fsvg%3E\" data-srcset=\"https:\/\/bestelements.de\/wp-content\/uploads\/H2-Analytics-approved-66x66.png 66w, https:\/\/bestelements.de\/wp-content\/uploads\/H2-Analytics-approved-100x100.png 100w, https:\/\/bestelements.de\/wp-content\/uploads\/H2-Analytics-approved-150x150.png 150w, https:\/\/bestelements.de\/wp-content\/uploads\/H2-Analytics-approved.png 200w\" data-sizes=\"auto\" data-orig-sizes=\"(max-width: 58px) 100vw, 58px\" \/>S\u00e4ttigung bis zu <strong>3.410 ppb bei 20\u00b0C und 4L\/min, best\u00e4tigt und zertifiziert<\/strong> durch Laboratory Report des H2 Analytics Water Testing &amp; Certification USA<\/td>\n<\/tr>\n<tr>\n<td class=\"produkte\">Gepr\u00fcft<\/td>\n<td class=\"produkte\"><a href=\"https:\/\/bestelements.de\/de\/qualitaetssicherung\/di-flow-qualitaetsstandard\/\"><img decoding=\"async\" class=\"lazyload alignleft\" src=\"data:image\/gif;base64,R0lGODlhAQABAAAAACH5BAEKAAEALAAAAAABAAEAAAICTAEAOw==\" data-orig-src=\"https:\/\/bestelements.de\/wp-content\/uploads\/Di-Flow-Logo.svg\" alt=\"Di-Flow\" width=\"150px\" height=\"\" \/><\/a> Di-Flow\u00ae Pr\u00fcfungskommission<\/td>\n<\/tr>\n<tr>\n<td class=\"\">Trinkwasser-Ausgabemenge<\/td>\n<td class=\"produkte\">1-10 Liter pro Minute<\/td>\n<\/tr>\n<tr>\n<td class=\"\">Temperaturbereich<\/td>\n<td class=\"produkte\">Wassertemperatur zwischen min. 5\u00b0C und max. 50\u00b0C<\/td>\n<\/tr>\n<tr>\n<td class=\"\">Wasserstoffkonzentration<\/td>\n<td class=\"produkte\">bis 3.410 ppb (bei 20\u00b0C und 4 L\/min)<\/td>\n<\/tr>\n<tr>\n<td class=\"\">Membran<\/td>\n<td class=\"produkte\">DuPont Nafion\u2122 N117 (USA) SPE\/PEM<\/td>\n<\/tr>\n<tr>\n<td class=\"\">Interner Tank<\/td>\n<td class=\"produkte\">2,5 l Wasserbeh\u00e4lter destilliertes Wasser ausschlie\u00dflich f\u00fcr Wasserstoffproduktion und H2-Abgabe an das Trinkwasser in Echtzeit<\/td>\n<\/tr>\n<tr>\n<td class=\"\">Elektrolysezelle<\/td>\n<td class=\"produkte\">Reinstwasser-Elektrolyse, Zellen konzipiert f\u00fcr 6.000-8.000 Betriebsstunden<\/td>\n<\/tr>\n<tr>\n<td class=\"\">Gewicht<\/td>\n<td class=\"produkte\">13 kg, Rollen und Griffe am Ger\u00e4t<\/td>\n<\/tr>\n<tr>\n<td class=\"\">Ma\u00dfe<\/td>\n<td class=\"produkte\">440 x 350 x 310 mm (HxBxT)<\/td>\n<\/tr>\n<tr>\n<td class=\"\">Kompakte Bauweise<\/td>\n<td class=\"produkte\">Geh\u00e4use aus eloxiertem Aluminium f\u00fcr Stabilit\u00e4t und gute W\u00e4rmeableitung, lange Haltbarkeit und hohe Lebensdauer<\/td>\n<\/tr>\n<tr>\n<td class=\"\">Stromversorgung<\/td>\n<td class=\"produkte\">110-230 V~50\/60 Hz, 400 VA<\/td>\n<\/tr>\n<tr>\n<td class=\"\">Zertifizierung<\/td>\n<td class=\"produkte\">CE-Zertifikat<\/td>\n<\/tr>\n<tr>\n<td class=\"\">Lieferumfang, Zubeh\u00f6r<\/td>\n<td class=\"produkte\">H2Master4000 mit Stromkabel, flexible Wasserschl\u00e4uche f\u00fcr Input und Output mit Auslauf, Drainageschlauch, Gebrauchsanleitung<\/td>\n<\/tr>\n<\/tbody>\n<\/table>\n<\/div>\n<\/figure>\n<h3>Wasserstoffwirkung schnell erkl\u00e4rt<\/h3>\n<p><span class=\"gray-back-snippet\">Wasserstoff <a href=\"https:\/\/bestelements.de\/de\/wasserstoffwasser\/\" target=\"_blank\" class=\"fusion-button button-default button-small button-abstand\">Fachartikel<\/a> <a href=\"https:\/\/bestelements.de\/de\/tag\/h2studien\/\" class=\"fusion-button button-default button-small button-abstand\">Studien<\/a> <a href=\"https:\/\/bestelements.de\/de\/wasserstoffwasser\/fragen-antworten-anwendung-wasserstoffreiches-trinkwasser-wasserstoff-inhalation\/\" class=\"fusion-button button-default button-small button-abstand\">Fragen Antworten<\/a> <a href=\"https:\/\/bestelements.de\/de\/kaufen\/buecher-ebooks\/ebook-wasserstoffreiches-trinkwasser-und-wasserstoff-inhalation-anwendung-und-studien\/\" target=\"_blank\" class=\"fusion-button button-default button-small button-abstand\">e-Book<\/a><\/span><br \/>\n<a class=\"sg-popup-id-149 dotted\" href=\"#\"><i class=\"fa fa-question-circle\"><\/i> Wir beantworten gerne Ihre Fragen zu diesem Wasserstoffger\u00e4t.<\/a><\/p>","protected":false},"excerpt":{"rendered":"<h2>NEU <span class=\"blue-back\">H2Master4000<\/span><\/h2>\n<div class=\"blue-back\">Wasserstoffreiches Trinkwasser f\u00fcr gro\u00dfe Tiere<\/div>\n<div id=\"icons-water-stoffe\"><i class=\"fa-solid fas fa-battery-full\"><\/i> <i class=\"fa-solid fas fa-horse-saddle\"><\/i> <i class=\"fa-solid fas fa-cow\"><\/i> <i class=\"fa-solid fas fa-heartbeat\"><\/i><\/div>\n<ul>\n<li>Wasserstoffreiches Trinkwasser f\u00fcr Gro\u00df-, Reit- und Sporttiere<\/li>\n<li>Pferde, Kamele, Rinder f\u00fcr Zucht, Rennsport und Wettk\u00e4mpfe<\/li>\n<li>Hohe und H<sub>2<\/sub> S\u00e4ttigung gebundenen Wasserstoffs im Trinkwasser<\/li>\n<li><strong>H<sub>2<\/sub>-reiches Trinkwasser in Echtzeit<\/strong> von 1 bis 10 Liter pro Minute<\/li>\n<li><span class=\"blue strong\">SUPER WERT<\/span> 3.410 ppb bei 4 Liter\/Minute <i class=\"fa-solid fas fa-certificate gray\"><\/i> <strong><span class=\"gray\">ZERTIFIZIERT<\/span><\/strong><\/li>\n<li>F\u00fcr Pferdeh\u00f6fe, Gest\u00fcte, Tierbesitzer, Z\u00fcchter, Trainer &#8230; und Jockeys<\/li>\n<li><span class=\"blue strong\">UNIVERSELL<\/span> An alle Trinkwasserleitungen mit Standard-Wasserhahn anschlie\u00dfbar<\/li>\n<li><strong>Hochwertige Komponenten, Iridium-beschichtete Membranen<\/strong><\/li>\n<li>Elektrolyseure in <strong>Premiumqualit\u00e4t<\/strong> mit <a href=\"https:\/\/bestelements.de\/de\/wasserstoffwasser\/h2star-qualitaet-wasserstoff-inhalatoren-und-browns-gas\/\"><u><strong>Zusatz-Garantie<\/strong><\/u><\/a> (3 Jahre)<\/li>\n<li><strong>Deutsches Unternehmen mit Experten-Support <i class=\"fa-solid fas fa-certificate blue\"><\/i> <a href=\"https:\/\/bestelements.de\/de\/wasserstoffwasser\/bestelements-und-wasserstoff-forschung-mitgliedschaft-bei-der-mhi-community\/\"><u>MHI-Mitglied<\/u><\/a><\/strong><\/li>\n<\/ul>\n","protected":false},"featured_media":30106,"template":"","meta":{"footnotes":""},"product_brand":[],"product_cat":[99],"product_tag":[337],"class_list":{"0":"post-27483","1":"product","2":"type-product","3":"status-publish","4":"has-post-thumbnail","6":"product_cat-wasserstoff-generator","7":"product_tag-wasserstoffreiches-trinkwasser-fuer-tiere","9":"first","10":"instock","11":"featured","12":"taxable","13":"shipping-taxable","14":"purchasable","15":"product-type-simple"},"_links":{"self":[{"href":"https:\/\/bestelements.de\/de\/wp-json\/wp\/v2\/product\/27483","targetHints":{"allow":["GET"]}}],"collection":[{"href":"https:\/\/bestelements.de\/de\/wp-json\/wp\/v2\/product"}],"about":[{"href":"https:\/\/bestelements.de\/de\/wp-json\/wp\/v2\/types\/product"}],"version-history":[{"count":0,"href":"https:\/\/bestelements.de\/de\/wp-json\/wp\/v2\/product\/27483\/revisions"}],"wp:featuredmedia":[{"embeddable":true,"href":"https:\/\/bestelements.de\/de\/wp-json\/wp\/v2\/media\/30106"}],"wp:attachment":[{"href":"https:\/\/bestelements.de\/de\/wp-json\/wp\/v2\/media?parent=27483"}],"wp:term":[{"taxonomy":"product_brand","embeddable":true,"href":"https:\/\/bestelements.de\/de\/wp-json\/wp\/v2\/product_brand?post=27483"},{"taxonomy":"product_cat","embeddable":true,"href":"https:\/\/bestelements.de\/de\/wp-json\/wp\/v2\/product_cat?post=27483"},{"taxonomy":"product_tag","embeddable":true,"href":"https:\/\/bestelements.de\/de\/wp-json\/wp\/v2\/product_tag?post=27483"}],"curies":[{"name":"wp","href":"https:\/\/api.w.org\/{rel}","templated":true}]}}