{"id":25622,"date":"2024-06-07T13:50:25","date_gmt":"2024-06-07T11:50:25","guid":{"rendered":"https:\/\/bestelements.de\/?post_type=product&#038;p=25622"},"modified":"2025-10-21T11:23:44","modified_gmt":"2025-10-21T09:23:44","slug":"buch-ebook-wasserstoff-medizin-mark-sircus","status":"publish","type":"product","link":"https:\/\/bestelements.de\/de\/kaufen\/buecher-ebooks\/buch-ebook-wasserstoff-medizin-mark-sircus\/","title":{"rendered":"Buch Wasserstoff Medizin von Dr. Mark Sircus (Buch und Ebook)"},"content":{"rendered":"<p><small>Wir bewerben diese B\u00fccher f\u00fcr ein Partnerunternehmen. Der Link zum Buch ist ein s.g. Affiliatelink und f\u00fchrt direkt zum Anbieter. Der Preis ist der gleiche wie direkt beim Anbieter, es wird dadurch f\u00fcr Sie nicht teurer, unter Umst\u00e4nden erhalten Sie \u00fcber unseren Link eine Verg\u00fcnstigung.\u00a0Die Buchbeschreibung stammt vom Anbieter. Weitere themenrelevante B\u00fccher und E-Books sind auf den Seiten des Partnerunternehmens erh\u00e4ltlich.<\/small><\/p>","protected":false},"excerpt":{"rendered":"<h3>Die Wasserstoff-Medizin ist revolution\u00e4r. Sie ist die heilende Kraft, wenn wir sie brauchen<\/h3>\n<p>Die Kombination von Wasserstoffgas, Wasserstoffwasser, Sauerstoff und Kohlendioxid l\u00e4utet ein neues medizinisches Zeitalter ein, in dem das Unm\u00f6gliche m\u00f6glich wird.<br \/>\nWasserstoff ist ebenso wie Sauerstoff und Kohlendioxid ein ernst zu nehmendes Medikament. Alle drei Gase n\u00e4hren unseren K\u00f6rper und helfen bei Schmerzen, Krebs und anderen Krankheiten. Wasserstoff erm\u00f6glicht es dem K\u00f6rper, unter Stress zu funktionieren und zu atmen. Er sorgt f\u00fcr eine intensivere Heilung und eine schnellere Genesung als Sauerstoff allein. Der K\u00f6rper kann mit Wasserstoff buchst\u00e4blich geflutet werden, um die schlimmsten entz\u00fcndlichen Br\u00e4nde und oxidativen Stress zu lindern. Je kr\u00e4nker ein Mensch ist, desto mehr profitiert er von Wasserstoff. Und f\u00fcr Gesunde ist die Wasserstoff-Inhalation die Anti-Aging-Therapie schlechthin. Die Wasserstoff-Medizin ist revolution\u00e4r und hat das Potenzial, Leben zu retten, Leiden zu lindern und durch ihre Anti-Aging-Wirkung den Menschen wieder jung und sch\u00f6n zu machen.<br \/>\nDr. Mark Sircus, KOPP-Verlag<\/p>\n","protected":false},"featured_media":25624,"template":"","meta":{"footnotes":""},"product_brand":[],"product_cat":[255,274],"product_tag":[278],"class_list":{"0":"post-25622","1":"product","2":"type-product","3":"status-publish","4":"has-post-thumbnail","6":"product_cat-buecher-ebooks","7":"product_cat-zubehoer","8":"product_tag-h2equipment","10":"first","11":"instock","12":"taxable","13":"shipping-taxable","14":"product-type-external"},"_links":{"self":[{"href":"https:\/\/bestelements.de\/de\/wp-json\/wp\/v2\/product\/25622","targetHints":{"allow":["GET"]}}],"collection":[{"href":"https:\/\/bestelements.de\/de\/wp-json\/wp\/v2\/product"}],"about":[{"href":"https:\/\/bestelements.de\/de\/wp-json\/wp\/v2\/types\/product"}],"version-history":[{"count":0,"href":"https:\/\/bestelements.de\/de\/wp-json\/wp\/v2\/product\/25622\/revisions"}],"wp:featuredmedia":[{"embeddable":true,"href":"https:\/\/bestelements.de\/de\/wp-json\/wp\/v2\/media\/25624"}],"wp:attachment":[{"href":"https:\/\/bestelements.de\/de\/wp-json\/wp\/v2\/media?parent=25622"}],"wp:term":[{"taxonomy":"product_brand","embeddable":true,"href":"https:\/\/bestelements.de\/de\/wp-json\/wp\/v2\/product_brand?post=25622"},{"taxonomy":"product_cat","embeddable":true,"href":"https:\/\/bestelements.de\/de\/wp-json\/wp\/v2\/product_cat?post=25622"},{"taxonomy":"product_tag","embeddable":true,"href":"https:\/\/bestelements.de\/de\/wp-json\/wp\/v2\/product_tag?post=25622"}],"curies":[{"name":"wp","href":"https:\/\/api.w.org\/{rel}","templated":true}]}}