{"id":2551,"date":"2020-12-21T09:13:05","date_gmt":"2020-12-21T08:13:05","guid":{"rendered":"https:\/\/bestelements.de\/?post_type=product&#038;p=2551"},"modified":"2023-04-04T10:23:54","modified_gmt":"2023-04-04T08:23:54","slug":"ersatz-filterelement-luftfilter-be-air4","status":"publish","type":"product","link":"https:\/\/bestelements.de\/de\/kaufen\/ersatzfilter-luft\/ersatz-filterelement-luftfilter-be-air4\/","title":{"rendered":"Ersatz-Filterelement f\u00fcr Luftreiniger BE AIR4"},"content":{"rendered":"<p>Ersatz-Filterelement geeignet f\u00fcr:<\/p>\n<h2><span class=\"blue-back\">BE AIR4<\/span>\u00a0<span class=\"gray\">Leisemeister<\/span><\/h2>\n<p><a href=\"https:\/\/bestelements.de\/de\/kaufen\/luftfilter-luftreiniger-onlineshop\/luftfilter-luftreiniger-beair4-zuhause\/\"><img decoding=\"async\" class=\"lazyload alignnone wp-image-2221 size-medium\" src=\"https:\/\/bestelements.de\/wp-content\/uploads\/2020\/11\/Luftfilter-BE-Air4-1-300x300.jpg\" data-orig-src=\"https:\/\/bestelements.de\/wp-content\/uploads\/2020\/11\/Luftfilter-BE-Air4-1-300x300.jpg\" alt=\"\" width=\"300\" height=\"300\" srcset=\"data:image\/svg+xml,%3Csvg%20xmlns%3D%27http%3A%2F%2Fwww.w3.org%2F2000%2Fsvg%27%20width%3D%27300%27%20height%3D%27300%27%20viewBox%3D%270%200%20300%20300%27%3E%3Crect%20width%3D%27300%27%20height%3D%27300%27%20fill-opacity%3D%220%22%2F%3E%3C%2Fsvg%3E\" data-srcset=\"https:\/\/bestelements.de\/wp-content\/uploads\/2020\/11\/Luftfilter-BE-Air4-1-66x66.jpg 66w, https:\/\/bestelements.de\/wp-content\/uploads\/2020\/11\/Luftfilter-BE-Air4-1-100x100.jpg 100w, https:\/\/bestelements.de\/wp-content\/uploads\/2020\/11\/Luftfilter-BE-Air4-1-150x150.jpg 150w, https:\/\/bestelements.de\/wp-content\/uploads\/2020\/11\/Luftfilter-BE-Air4-1-200x200.jpg 200w, https:\/\/bestelements.de\/wp-content\/uploads\/2020\/11\/Luftfilter-BE-Air4-1-300x300.jpg 300w, https:\/\/bestelements.de\/wp-content\/uploads\/2020\/11\/Luftfilter-BE-Air4-1-400x400.jpg 400w, https:\/\/bestelements.de\/wp-content\/uploads\/2020\/11\/Luftfilter-BE-Air4-1-500x500.jpg 500w, https:\/\/bestelements.de\/wp-content\/uploads\/2020\/11\/Luftfilter-BE-Air4-1-600x600.jpg 600w, https:\/\/bestelements.de\/wp-content\/uploads\/2020\/11\/Luftfilter-BE-Air4-1.jpg 700w\" data-sizes=\"auto\" data-orig-sizes=\"(max-width: 300px) 100vw, 300px\" \/><\/a><\/p>\n<h3>Filterwechsel<\/h3>\n<h3 class=\"\" data-fontsize=\"27.2\" data-lineheight=\"32.64px\"><span class=\"blue-back\">BE AIR4<\/span> <span class=\"gray\"><a href=\"https:\/\/bestelements.de\/wp-content\/uploads\/Filterwechsel-Luftfilter-BE-AIR4.pdf\" target=\"_blank\" rel=\"noopener\">Anleitung Filterwechsel <i class=\"fa fa-download\"><\/i>\u00a0PDF<\/a><\/span><\/h3>\n<p>Beim Wechsel Ger\u00e4t stromlos machen. Netzstecker ziehen.<\/p>\n<p>Filterelement einsetzen<br \/>\n1. Magnetisch gehaltene Frontabdeckung zum \u00d6ffnen unten beidseitig nach vorn ziehen.<br \/>\n2. Filterelement (Kombi HEPA und Aktivkohle) aus der Folienverpackung nehmen und mit der wei\u00dfen Seite nach vorn einsetzen.<br \/>\n3. Frontabdeckung schlie\u00dfen: Dazu oben in die F\u00fchrung einsetzen und zudr\u00fccken, Magnete schlie\u00dfen. Das Filterger\u00e4t l\u00e4uft nur mit geschlossener Frontabdeckung.<\/p>\n<p>Nach dem Wechseln der neuen Filterelemente einschalten und Timer-Symbol 5 Sekunden lang dr\u00fccken, um Z\u00e4hler wieder neu zu starten.<\/p>","protected":false},"excerpt":{"rendered":"<p>Kombi-Ersatzfilter bestehend aus<\/p>\n<ol>\n<li>Frontfilter und TRUE HEPA<\/li>\n<li>Aktivkohlefilter<\/li>\n<\/ol>\n","protected":false},"featured_media":2552,"template":"","meta":{"footnotes":""},"product_brand":[],"product_cat":[108],"product_tag":[],"class_list":{"0":"post-2551","1":"product","2":"type-product","3":"status-publish","4":"has-post-thumbnail","6":"product_cat-ersatzfilter-luft","8":"first","9":"instock","10":"taxable","11":"shipping-taxable","12":"purchasable","13":"product-type-simple"},"_links":{"self":[{"href":"https:\/\/bestelements.de\/de\/wp-json\/wp\/v2\/product\/2551","targetHints":{"allow":["GET"]}}],"collection":[{"href":"https:\/\/bestelements.de\/de\/wp-json\/wp\/v2\/product"}],"about":[{"href":"https:\/\/bestelements.de\/de\/wp-json\/wp\/v2\/types\/product"}],"version-history":[{"count":0,"href":"https:\/\/bestelements.de\/de\/wp-json\/wp\/v2\/product\/2551\/revisions"}],"wp:featuredmedia":[{"embeddable":true,"href":"https:\/\/bestelements.de\/de\/wp-json\/wp\/v2\/media\/2552"}],"wp:attachment":[{"href":"https:\/\/bestelements.de\/de\/wp-json\/wp\/v2\/media?parent=2551"}],"wp:term":[{"taxonomy":"product_brand","embeddable":true,"href":"https:\/\/bestelements.de\/de\/wp-json\/wp\/v2\/product_brand?post=2551"},{"taxonomy":"product_cat","embeddable":true,"href":"https:\/\/bestelements.de\/de\/wp-json\/wp\/v2\/product_cat?post=2551"},{"taxonomy":"product_tag","embeddable":true,"href":"https:\/\/bestelements.de\/de\/wp-json\/wp\/v2\/product_tag?post=2551"}],"curies":[{"name":"wp","href":"https:\/\/api.w.org\/{rel}","templated":true}]}}