{"id":2485,"date":"2020-12-16T17:58:56","date_gmt":"2020-12-16T16:58:56","guid":{"rendered":"https:\/\/bestelements.de\/?post_type=product&#038;p=2485"},"modified":"2023-04-04T10:23:11","modified_gmt":"2023-04-04T08:23:11","slug":"ersatz-filterelemente-set-luftfilter-beair6","status":"publish","type":"product","link":"https:\/\/bestelements.de\/de\/kaufen\/ersatzfilter-luft\/ersatz-filterelemente-set-luftfilter-beair6\/","title":{"rendered":"Ersatz-Filterelemente Set f\u00fcr Luftreiniger\u2009BE AIR6"},"content":{"rendered":"<p>Ersatz-Filterelement geeignet f\u00fcr:<\/p>\n<h2><span class=\"blue-back\">BE AIR6<\/span>\u00a0<span class=\"gray\">Volksfilter<\/span><\/h2>\n<p><a href=\"https:\/\/bestelements.de\/de\/kaufen\/luftfilter-luftreiniger-onlineshop\/luftfilter-luftreiniger-be-air6-fuer-zuhause-und-buero\/\"><img decoding=\"async\" class=\"lazyload alignnone wp-image-1779 size-medium\" src=\"https:\/\/bestelements.de\/wp-content\/uploads\/2020\/11\/Luftfilter-BE-Air6-300x300.jpg\" data-orig-src=\"https:\/\/bestelements.de\/wp-content\/uploads\/2020\/11\/Luftfilter-BE-Air6-300x300.jpg\" alt=\"\" width=\"300\" height=\"300\" srcset=\"data:image\/svg+xml,%3Csvg%20xmlns%3D%27http%3A%2F%2Fwww.w3.org%2F2000%2Fsvg%27%20width%3D%27300%27%20height%3D%27300%27%20viewBox%3D%270%200%20300%20300%27%3E%3Crect%20width%3D%27300%27%20height%3D%27300%27%20fill-opacity%3D%220%22%2F%3E%3C%2Fsvg%3E\" data-srcset=\"https:\/\/bestelements.de\/wp-content\/uploads\/2020\/11\/Luftfilter-BE-Air6-66x66.jpg 66w, https:\/\/bestelements.de\/wp-content\/uploads\/2020\/11\/Luftfilter-BE-Air6-100x100.jpg 100w, https:\/\/bestelements.de\/wp-content\/uploads\/2020\/11\/Luftfilter-BE-Air6-150x150.jpg 150w, https:\/\/bestelements.de\/wp-content\/uploads\/2020\/11\/Luftfilter-BE-Air6-200x200.jpg 200w, https:\/\/bestelements.de\/wp-content\/uploads\/2020\/11\/Luftfilter-BE-Air6-300x300.jpg 300w, https:\/\/bestelements.de\/wp-content\/uploads\/2020\/11\/Luftfilter-BE-Air6-400x400.jpg 400w, https:\/\/bestelements.de\/wp-content\/uploads\/2020\/11\/Luftfilter-BE-Air6-500x500.jpg 500w, https:\/\/bestelements.de\/wp-content\/uploads\/2020\/11\/Luftfilter-BE-Air6-600x600.jpg 600w, https:\/\/bestelements.de\/wp-content\/uploads\/2020\/11\/Luftfilter-BE-Air6.jpg 700w\" data-sizes=\"auto\" data-orig-sizes=\"(max-width: 300px) 100vw, 300px\" \/><\/a><\/p>\n<h3>Filterwechsel<\/h3>\n<h3 class=\"\" data-fontsize=\"27.2\" data-lineheight=\"32.64px\"><span class=\"blue-back\">BE AIR6<\/span>\u00a0<span class=\"gray\"><a href=\"https:\/\/bestelements.de\/wp-content\/uploads\/Filterwechsel-Luftfilter-BE-AIR6.pdf\" target=\"_blank\" rel=\"noopener\">Anleitung Filterwechsel <i class=\"fa fa-download\"><\/i>\u00a0PDF<\/a><\/span><\/h3>\n<p>Beim Wechsel Ger\u00e4t stromlos machen. Netzstecker ziehen.<\/p>\n<p>Filterelemente einsetzen<br \/>\n1. Magnetisch gehaltene Frontabdeckung \u00f6ffnen. Zum \u00d6ffnen oben nach vorne ziehen.<br \/>\n2. Filterelemente aus den Folienverpackungen nehmen und mit der Griffschlaufe oben vorne einsetzen.<br \/>\na. Hinten schwarzes Filterelement (Aktivkohle-Kombi)<br \/>\nb. Vorne wei\u00dfes Filterelement (HEPA-Kombi)<br \/>\n3. Frontabdeckung schlie\u00dfen: Dazu unten in die F\u00fchrung einsetzen und zudr\u00fccken, Magnete schlie\u00dfen. Das Filterger\u00e4t l\u00e4uft nur mit geschlossener Frontabdeckung.<\/p>\n<p>Nach dem Wechseln der neuen Filterelemente einschalten und das Symbol 5 Sekunden lang dr\u00fccken, um Z\u00e4hler wieder neu zu starten.<\/p>\n<p>Nettogewicht 1,4 kg<br \/>\nVersandgewicht 2,6 kg<\/p>","protected":false},"excerpt":{"rendered":"<p>Ersatz-Set bestehend aus<\/p>\n<ol>\n<li>Effektvorfilter, TRUE HEPA und Cold Katalysator<\/li>\n<li>Aktivkohlegewebe und Aktivkohlepartikel<\/li>\n<\/ol>\n","protected":false},"featured_media":2487,"template":"","meta":{"footnotes":""},"product_brand":[],"product_cat":[108],"product_tag":[],"class_list":{"0":"post-2485","1":"product","2":"type-product","3":"status-publish","4":"has-post-thumbnail","6":"product_cat-ersatzfilter-luft","8":"first","9":"instock","10":"taxable","11":"shipping-taxable","12":"purchasable","13":"product-type-simple"},"_links":{"self":[{"href":"https:\/\/bestelements.de\/de\/wp-json\/wp\/v2\/product\/2485","targetHints":{"allow":["GET"]}}],"collection":[{"href":"https:\/\/bestelements.de\/de\/wp-json\/wp\/v2\/product"}],"about":[{"href":"https:\/\/bestelements.de\/de\/wp-json\/wp\/v2\/types\/product"}],"version-history":[{"count":0,"href":"https:\/\/bestelements.de\/de\/wp-json\/wp\/v2\/product\/2485\/revisions"}],"wp:featuredmedia":[{"embeddable":true,"href":"https:\/\/bestelements.de\/de\/wp-json\/wp\/v2\/media\/2487"}],"wp:attachment":[{"href":"https:\/\/bestelements.de\/de\/wp-json\/wp\/v2\/media?parent=2485"}],"wp:term":[{"taxonomy":"product_brand","embeddable":true,"href":"https:\/\/bestelements.de\/de\/wp-json\/wp\/v2\/product_brand?post=2485"},{"taxonomy":"product_cat","embeddable":true,"href":"https:\/\/bestelements.de\/de\/wp-json\/wp\/v2\/product_cat?post=2485"},{"taxonomy":"product_tag","embeddable":true,"href":"https:\/\/bestelements.de\/de\/wp-json\/wp\/v2\/product_tag?post=2485"}],"curies":[{"name":"wp","href":"https:\/\/api.w.org\/{rel}","templated":true}]}}