{"id":23587,"date":"2023-12-15T15:58:20","date_gmt":"2023-12-15T14:58:20","guid":{"rendered":"https:\/\/bestelements.de\/?post_type=product&#038;p=23587"},"modified":"2025-10-24T15:21:46","modified_gmt":"2025-10-24T13:21:46","slug":"buch-medizinskandal-uebersaeuerung-erfolgreich-entsaeuern-entschlacken","status":"publish","type":"product","link":"https:\/\/bestelements.de\/de\/kaufen\/buecher-ebooks\/buch-medizinskandal-uebersaeuerung-erfolgreich-entsaeuern-entschlacken\/","title":{"rendered":"Buch &#8222;Medizinskandale \u00dcbers\u00e4uerung &#8211; Erfolgreich Ents\u00e4uern und Entschlacken&#8220;"},"content":{"rendered":"<p><\/p>\n<h3>Weiter Ebooks und B\u00fccher in dieser Reihe<\/h3>\n<p><a href=\"https:\/\/www.codex-humanus.net\/?a_aid=63c7a9e3972ac\" rel=\"nofollow noopener\" target=\"_blank\">Codex Humanus<\/a><br \/>\n<a href=\"https:\/\/www.vitaminum.net\/4\/medizinskandal-alzheimer\/demenz-bewaehrte-wege-aus-alzheimer-demenz-ebook?a_aid=63c7a9e3972ac\" rel=\"nofollow noopener\" target=\"_blank\">Medizinskandal Alzheimer &amp; Demenz<\/a><br \/>\n<a href=\"https:\/\/www.vitaminum.net\/12\/medizinskandal-arthrose-arthrose-heilung-der-ultimative-leitfaden-ebook?a_aid=63c7a9e3972ac\" rel=\"nofollow noopener\" target=\"_blank\">Medizinskandal Arthrose<\/a><br \/>\n<a href=\"https:\/\/www.vitaminum.net\/14\/medizinskandal-schlaganfall-schlaganfall-vorbeugen-und-die-folgen-mindern-ebook?a_aid=63c7a9e3972ac\" rel=\"nofollow noopener\" target=\"_blank\">Medizinskandal Schlaganfall<\/a><br \/>\n<a href=\"https:\/\/www.vitaminum.net\/3\/medizinskandal-adipositas-die-maechtigsten-fettkiller-von-mutter-natur-ebook?a_aid=63c7a9e3972ac\" rel=\"nofollow noopener\" target=\"_blank\">Medizinskandal Adipositas<\/a><br \/>\n<a href=\"https:\/\/www.vitaminum.net\/11\/medizinskandal-arthritis-die-revolutionaere-heilung-von-arthritis-der-ultimative-leitfaden-ebook?a_aid=63c7a9e3972ac\" rel=\"nofollow noopener\" target=\"_blank\">Medizinskandal Arthritis<\/a><br \/>\n<a href=\"https:\/\/www.vitaminum.net\/15\/medizinskandal-herzinfarkt-herz-natuerlich-staerken-herzinfarkt-vorbeugen-ebook?a_aid=63c7a9e3972ac\" rel=\"nofollow noopener\" target=\"_blank\">Medizinskandal Herzinfarkt<\/a><br \/>\n<a href=\"https:\/\/www.vitaminum.net\/10\/medizinskandal-allergien-allergie-therapie-die-zu-ihrer-heilung-fuehrt-ebook?a_aid=63c7a9e3972ac\" rel=\"nofollow noopener\" target=\"_blank\">Medizinskandal Allergie<\/a><br \/>\n<a href=\"https:\/\/www.vitaminum.net\/13\/medizinskandal-diabetes-wie-sie-erfolgreich-ihren-diabetes-therapieren-ebook?a_aid=63c7a9e3972ac\" rel=\"nofollow noopener\" target=\"_blank\">Medizinskandal Diabetes<\/a><br \/>\n<a href=\"https:\/\/www.vitaminum.net\/16\/medizinskandale-uebersaeuerung-erfolgreich-entsaeuern-und-entschlacken-ebook?a_aid=63c7a9e3972ac\" rel=\"nofollow noopener\" target=\"_blank\">Medizinskandal \u00dcbers\u00e4uerung<\/a><br \/>\n<a href=\"https:\/\/www.vitaminum.net\/5\/medizinskandal-bluthochdruck-bluthochdruck-als-todesursache-nr.1-nachhaltig-senken-ebook?a_aid=63c7a9e3972ac\" rel=\"nofollow noopener\" target=\"_blank\">Medizinskandal Bluthochdruck<\/a><br \/>\n<a href=\"https:\/\/www.vitaminum.net\/6\/medizinskandal-depressionen-ihr-sicherer-weg-zur-heilung-von-depressionen-aengsten-burnout-ebook?a_aid=63c7a9e3972ac\" rel=\"nofollow noopener\" target=\"_blank\">Medizinskandal Depressionen<\/a><br \/>\n<a href=\"https:\/\/www.vitaminum.net\/1\/medizinskandal-krebs-der-brisante-leitfaden-zu-ihrer-krebsheilung-ebook?a_aid=63c7a9e3972ac\" rel=\"nofollow noopener\" target=\"_blank\">Medizinskandal Krebs<\/a><br \/>\n<a href=\"https:\/\/www.vitaminum.net\/7\/medizinskandal-impotenz-der-sichere-weg-aus-der-impotenz-ebook?a_aid=63c7a9e3972ac\" rel=\"nofollow noopener\" target=\"_blank\">Medizinskandal Impotenz<\/a><br \/>\n<a href=\"https:\/\/www.vitaminum.net\/9\/medizinskandal-alterung-der-ultimative-leitfaden-zur-biologischen-verjuengung-ebook?a_aid=63c7a9e3972ac\" rel=\"nofollow noopener\" target=\"_blank\">Medizinskandal Alterung<\/a><br \/>\n<a href=\"https:\/\/www.vitaminum.net\/24\/medizinskandal-pilzerkrankungen-ebook?a_aid=63c7a9e3972ac\" rel=\"nofollow noopener\" target=\"_blank\">Medizinskandal Pilzerkrankungen<\/a><br \/>\n<a href=\"https:\/\/www.vitaminum.net\/27\/medizinskandal-asthma\/bronchitis-ebook?a_aid=63c7a9e3972ac\" rel=\"nofollow noopener\" target=\"_blank\">Medizinskandal Asthma\/Bronchitis<\/a><br \/>\n<a href=\"https:\/\/www.vitaminum.net\/22\/medizinskandal-migraene\/kopfschmerz-ebook?a_aid=63c7a9e3972ac\" rel=\"nofollow noopener\" target=\"_blank\">Medizinskandal Migr\u00e4ne\/Kopfschmerzen<\/a><br \/>\n<a href=\"https:\/\/www.vitaminum.net\/29\/medizinskandal-borreliose-ebook?a_aid=63c7a9e3972ac\" rel=\"nofollow noopener\" target=\"_blank\">Medizinskandal Borreliose<\/a><br \/>\n<a style=\"font-size: 16px;\" href=\"https:\/\/www.vitaminum.net\/31\/medizinskandal-arteriosklerose-ebook?a_aid=63c7a9e3972ac\" rel=\"nofollow noopener\" target=\"_blank\">Medizinskandal Arteriosklerose<\/a><\/p>\n<p><small>Wir bewerben diese B\u00fccher f\u00fcr ein Partnerunternehmen. Der Link zum Buch ist ein s.g. Affiliatelink und f\u00fchrt direkt zum Anbieter. Der Preis ist der gleiche wie direkt beim Anbieter, es wird dadurch f\u00fcr Sie nicht teurer, unter Umst\u00e4nden erhalten Sie \u00fcber unseren Link eine Verg\u00fcnstigung.\u00a0Die Buchbeschreibung stammt vom Anbieter. Weitere themenrelevante B\u00fccher und E-Books sind auf den Seiten des Partnerunternehmens erh\u00e4ltlich.<\/small><\/p>","protected":false},"excerpt":{"rendered":"<h2>Die \u00dcbers\u00e4uerung des K\u00f6rpers ist das Grund\u00fcbel aller Krankheiten (Paracelsus)<\/h2>\n<p>Ents\u00e4uern und Entschlacken ist eine im eBook-Format (PDF) auf knapp 150 Seiten ausf\u00fchrliche, f\u00fcr jedermann verst\u00e4ndliche <strong>Anleitung zur konsequenten Ents\u00e4uerung, Entschlackung und Remineralisierung des Organismus<\/strong>. Ohne Fachchinesisch werden wir uns Kapitel f\u00fcr Kapitel diesem Ziel gemeinsam n\u00e4hern, Ihnen auf dem Weg dorthin wichtige Grundlagen, wertvolle Informationen und Tipps verst\u00e4ndlich vermitteln.<\/p>\n<p>Eine \u00dcbers\u00e4uerung des Organismus kann nachweislich zu Hunderten von Erkrankungen f\u00fchren und ist insbesondere dann in Betracht zu ziehen, wenn mehrere der folgenden Symptome zutreffen:<\/p>\n<ul>\n<li>H\u00e4ufige Kopfschmerzen und Migr\u00e4ne<\/li>\n<li>Schlafst\u00f6rungen<\/li>\n<li>Allergien<\/li>\n<li>Bluthochdruck<\/li>\n<li>Hautunreinheiten, Pickel<\/li>\n<li>\u00dcbergewicht<\/li>\n<li>Sodbrennen<\/li>\n<li>Haarausfall<\/li>\n<li>Fr\u00fchzeitig graue Haare<\/li>\n<li>Verdauungsprobleme<\/li>\n<li>Infekte<\/li>\n<li>Entz\u00fcndungen<\/li>\n<li>Menstruationsbeschwerden<\/li>\n<li>Zahnfleischentz\u00fcndungen<\/li>\n<li>Cellulitis<\/li>\n<li>Diabetes<\/li>\n<li>Konzentrationsschwierigkeiten<\/li>\n<li>Gelenkschmerzen \/ Muskelschmerzen<\/li>\n<\/ul>\n<p>Trotz erschwerter Bedingung aufgrund denaturierter Nahrung, kann man trotzdem\u00a0 ma\u00dfgeblich\u00a0 Einfluss auf den S\u00e4urezustand unseres Organismus nehmen &#8211; mit einem ausgekl\u00fcgelten Programm, das Sie in diesem Buch erhalten, kann man den Organismus dauerhaft ents\u00e4uern und den Risiken einer permanenten \u00dcbers\u00e4uerung entkommen!<\/p>\n","protected":false},"featured_media":23589,"template":"","meta":{"footnotes":""},"product_brand":[],"product_cat":[255],"product_tag":[],"class_list":{"0":"post-23587","1":"product","2":"type-product","3":"status-publish","4":"has-post-thumbnail","6":"product_cat-buecher-ebooks","8":"first","9":"instock","10":"taxable","11":"shipping-taxable","12":"product-type-external"},"_links":{"self":[{"href":"https:\/\/bestelements.de\/de\/wp-json\/wp\/v2\/product\/23587","targetHints":{"allow":["GET"]}}],"collection":[{"href":"https:\/\/bestelements.de\/de\/wp-json\/wp\/v2\/product"}],"about":[{"href":"https:\/\/bestelements.de\/de\/wp-json\/wp\/v2\/types\/product"}],"version-history":[{"count":0,"href":"https:\/\/bestelements.de\/de\/wp-json\/wp\/v2\/product\/23587\/revisions"}],"wp:featuredmedia":[{"embeddable":true,"href":"https:\/\/bestelements.de\/de\/wp-json\/wp\/v2\/media\/23589"}],"wp:attachment":[{"href":"https:\/\/bestelements.de\/de\/wp-json\/wp\/v2\/media?parent=23587"}],"wp:term":[{"taxonomy":"product_brand","embeddable":true,"href":"https:\/\/bestelements.de\/de\/wp-json\/wp\/v2\/product_brand?post=23587"},{"taxonomy":"product_cat","embeddable":true,"href":"https:\/\/bestelements.de\/de\/wp-json\/wp\/v2\/product_cat?post=23587"},{"taxonomy":"product_tag","embeddable":true,"href":"https:\/\/bestelements.de\/de\/wp-json\/wp\/v2\/product_tag?post=23587"}],"curies":[{"name":"wp","href":"https:\/\/api.w.org\/{rel}","templated":true}]}}