{"id":2202,"date":"2020-12-05T12:16:18","date_gmt":"2020-12-05T11:16:18","guid":{"rendered":"https:\/\/bestelements.de\/?post_type=product&#038;p=2202"},"modified":"2025-10-08T14:19:27","modified_gmt":"2025-10-08T12:19:27","slug":"umkehrosmose-trinkwasserfilter-wa3-zuhause","status":"publish","type":"product","link":"https:\/\/bestelements.de\/de\/kaufen\/trinkwasserfilter\/umkehrosmose-trinkwasserfilter-wa3-zuhause\/","title":{"rendered":"Umkehrosmose-Trinkwasserfilter BE WA3 Zuhause"},"content":{"rendered":"<p><\/p>\n<h2>Trinkwasser frei von hormonellen R\u00fcckst\u00e4nden und EDC&#8217;s<\/h2>\n<p class=\"gray\">Pressemeldungen \u00fcber Wasserverschmutzung h\u00e4ufen sich. Auch Mainstreamquellen berichten \u00fcber Bakterien, R\u00fcckst\u00e4nde von Medikamenten, hormon\u00e4hnlichen Stoffen und EDC Umweltgiften im Wasser. Dass sich da immer mehr Familien und Paare die Eltern werden wollen, Gedanken um Fruchbarkeit und die Reinheit ihres Trinkwassers machen, liegt auf der Hand. Softdrinks mit Zucker machen dick und Flaschenwasser ist f\u00fcr viele nur eine kurzfristige L\u00f6sung. Kosten, R\u00fcckst\u00e4nde in PET-Flaschen und die \u00d6kobilanz sind nur einige der Gr\u00fcnde.<\/p>\n<p class=\"gray\">Die BE WA3 ist ein leistungsf\u00e4higes Wasserfilterger\u00e4t f\u00fcr Familien. Platzsparend unter der Sp\u00fcle angeschlossen, liefert das Filterger\u00e4t \u00fcber einen separaten Wasserhahn reinstes, wohlschmeckendes Trinkwasser, frei von hormonellen Verunreinigungen, Bakterien, Kalk und Schadstoffen. Welche Verunreinigung auch immer sich im Wasser befunden haben k\u00f6nnte: Sie erhalten mit dieser langfristigen L\u00f6sung reinstes Trinkwasser frei Haus. Und das ohne Wasserk\u00e4sten zu schleppen.<\/p>\n<h2><span class=\"blue-back\">BE WA3<\/span> <span class=\"gray\">Wasserfilter f\u00fcr Zuhause<\/span><\/h2>\n<div class=\"blue-back\">Leistungsstarker Umkehrosmose-Wasserfilter f\u00fcr Zuhause<\/div>\n<p><img decoding=\"async\" src=\"data:image\/svg+xml,%3Csvg%20xmlns%3D%27http%3A%2F%2Fwww.w3.org%2F2000%2Fsvg%27%20width%3D%27818%27%20height%3D%27486%27%20viewBox%3D%270%200%20818%20486%27%3E%3Crect%20width%3D%27818%27%20height%3D%27486%27%20fill-opacity%3D%220%22%2F%3E%3C%2Fsvg%3E\" data-orig-src=\"https:\/\/bestelements.de\/wp-content\/uploads\/WA3-auftisch-818px.jpg\" alt=\"Wasserfilter BE WA3 auf Tisch\" width=\"818\" height=\"486\" class=\"lazyload alignnone size-full wp-image-19457\" \/><em>Montage und Anschluss erfolgen untertisch im Bereich der Sp\u00fcle<\/em><\/p>\n<h2><i class=\"fa fa-glass-citrus\"><\/i> Reinstes Trinkwasser im Haushalt<\/h2>\n<p>Die kompakte Trinkwasser-Filteranlage WA3 arbeitet mit der Technologie der <a href=\"https:\/\/bestelements.de\/einfach-erklaert\/umkehrosmose-gut-oder-schlecht-osmose-funktionsprinzip-wasserfilter\/\">Umkehrosmose<\/a>\u00a0und zeichnet sich durch hohe Wasserreinheit und Leistungsst\u00e4rke aus, sie liegt im mittleren Preissegment. Eine Dow\u00ae FILMTEC\u2122 Qualit\u00e4tsmembran sorgt f\u00fcr eine gr\u00fcndliche Reinstwasser-Filterung. Dank der Directflow-Technologie steht ausreichend Trinkwasser direkt beim Filterprozess zur Verf\u00fcgung und ein Wassertank zum Zwischenspeichern ist nicht erforderlich \u2013 das minimiert den Wartungsaufwand und erh\u00f6ht den Genuss frischen Trinkwassers.<br \/>\n<img decoding=\"async\" class=\"lazyload alignnone wp-image-5364 size-full\" src=\"https:\/\/bestelements.de\/wp-content\/uploads\/Banner-Mann-Glas-Kueche.jpg\" data-orig-src=\"https:\/\/bestelements.de\/wp-content\/uploads\/Banner-Mann-Glas-Kueche.jpg\" alt=\"\" width=\"1140\" height=\"313\" srcset=\"data:image\/svg+xml,%3Csvg%20xmlns%3D%27http%3A%2F%2Fwww.w3.org%2F2000%2Fsvg%27%20width%3D%271140%27%20height%3D%27313%27%20viewBox%3D%270%200%201140%20313%27%3E%3Crect%20width%3D%271140%27%20height%3D%27313%27%20fill-opacity%3D%220%22%2F%3E%3C%2Fsvg%3E\" data-srcset=\"https:\/\/bestelements.de\/wp-content\/uploads\/Banner-Mann-Glas-Kueche-200x55.jpg 200w, https:\/\/bestelements.de\/wp-content\/uploads\/Banner-Mann-Glas-Kueche-300x82.jpg 300w, https:\/\/bestelements.de\/wp-content\/uploads\/Banner-Mann-Glas-Kueche-400x110.jpg 400w, https:\/\/bestelements.de\/wp-content\/uploads\/Banner-Mann-Glas-Kueche-500x137.jpg 500w, https:\/\/bestelements.de\/wp-content\/uploads\/Banner-Mann-Glas-Kueche-600x165.jpg 600w, https:\/\/bestelements.de\/wp-content\/uploads\/Banner-Mann-Glas-Kueche-700x192.jpg 700w, https:\/\/bestelements.de\/wp-content\/uploads\/Banner-Mann-Glas-Kueche-768x211.jpg 768w, https:\/\/bestelements.de\/wp-content\/uploads\/Banner-Mann-Glas-Kueche-800x220.jpg 800w, https:\/\/bestelements.de\/wp-content\/uploads\/Banner-Mann-Glas-Kueche-1024x281.jpg 1024w, https:\/\/bestelements.de\/wp-content\/uploads\/Banner-Mann-Glas-Kueche.jpg 1140w\" data-sizes=\"auto\" data-orig-sizes=\"(max-width: 1140px) 100vw, 1140px\" \/><\/p>\n<p>Dank der kompakten Ma\u00dfe und platzsparend konzipierten Anschl\u00fcsse passt das Filterger\u00e4t auch in kleine K\u00fcchenschr\u00e4nke oder kann auch als Auftischger\u00e4t verwendet werden. Der im Lieferumfang enthaltene Trinkwasserhahn ist aus trinkwassersicherem, hochwertigem V4A Edelstahl mit verschlei\u00dfbest\u00e4ndiger Keramikdichtungen und der Auslauf ist demontierbar um die Reinigung zu vereinfachen. Der Trinkwasserhahn wird an der Sp\u00fcle montiert. R\u00fcckverkeimungen sind ausgeschlossen. So entnehmen Sie <i class=\"fa-solid fas fa-glass\"><\/i> erfrischendes, reinstes Trinkwasser frei von Verunreinigungen und Schadstoffen direkt aus dem Trinkwasserhahn an Ihrer Sp\u00fcle. Und da das Wasser auch kalkfrei ist, k\u00f6nnen Sie Ger\u00e4te wie <i class=\"fa-solid fas fa-blender\"><\/i> Wasserkocher, <i class=\"fa-solid fas fa-coffee-pot\"><\/i> Kaffeemaschinen, <i class=\"fa-solid fas fa-sprinkler\"><\/i> Soda Sprudler, <i class=\"fa-solid fas fa-air-conditioner fa-rotate-180\"><\/i> <a href=\"https:\/\/bestelements.de\/de\/onlineshop-mobile-wasserstoff-booster-kaufen\/\">Wasserstoff-Booster<\/a> mit dem Wasser versorgen und somit vor dem Verkalken sch\u00fctzen.<\/p>\n<h2><i class=\"fa-solid fas fa-layer-group\"><\/i> Filterstufen<\/h2>\n<p>\u2776 Sediment Vorfilter 0,5 \u00b5m<br \/>\n\u2777 Hauptfiltration Membrane Original Dow\u00ae FILMTEC\u2122 Material<br \/>\n\u2778\u00a0Aktivkohle Filterstufe<\/p>\n<p>Installation und Wartung sind denkbar einfach. Der Anschluss kann selbst oder durch einen Installateur Ihrer Wahl erfolgen. Der Wartungsaufwand des Systems wurden auf ein Minimum reduziert und der j\u00e4hrlich durchzuf\u00fchrende Wechsel der Ersatzfilter dauert dank <span class=\"fusion-popover popover-1\" data-animation=\"1\" data-class=\"popover-1\" data-container=\"popover-1\" data-html-content=\"&lt;div class=&quot;fusion-video fusion-selfhosted-video&quot; style=&quot;max-width:245;&quot;&gt;&lt;div class=&quot;video-wrapper&quot;&gt;&lt;video playsinline=&quot;true&quot; width=&quot;100%&quot; style=&quot;object-fit: cover;&quot; autoplay=&quot;true&quot; loop=&quot;true&quot; preload=&quot;auto&quot; controls=&quot;1&quot;&gt;&lt;source src=&quot;https:\/\/bestelements.de\/wp-content\/uploads\/Wechsel-Filterelemente-EASY-CLICK-WA3.mp4&quot; type=&quot;video\/mp4&quot;&gt;Sorry, your browser doesn&#039;t support embedded videos.&lt;\/video&gt;&lt;\/div&gt;&lt;\/div&gt;\" data-delay=\"50\" data-placement=\"top\" data-title=\"EASY CLICK mit WA3\" data-toggle=\"popover\" data-trigger=\"hover\"> <span class=\"blue strong dotted\">Easy Click<\/span> <\/span>-Verfahren mit automatischem Wasserstopp nur wenige Minuten.<\/p>\n<h2><i class=\"fa-solid fas fa-globe farbverlauf-srg\"><\/i> Produktion in Deutschland<\/h2>\n<p>Hergestellt werden die BE WA3-Filterger\u00e4te in Deutschland gem\u00e4\u00df den strengen Standards und den hierzulande geltenden Bestimmungen, Anforderungen und Zertifizierungen \u00fcber Materialreinheit und Zuverl\u00e4ssigkeit, sowie Gew\u00e4hrleistung und Garantie. Auf diese Trinkwasserfilter k\u00f6nnen Sie vertrauen.<\/p>\n<h2><i class=\"fa-solid fas fa-info-circle minwidthicon\"><\/i> Entscheidende Vorteile<\/h2>\n<p><i class=\"fa-solid fas fa-glass minwidthicon\"><\/i> Reinstes Trinkwasser frei Haus<br \/>\n<i class=\"fa-solid fas fa-money-bill minwidthicon\"><\/i> Kein Flaschenwasser mehr kaufen und bezahlen<br \/>\n<i class=\"fa-solid fas fa-dolly minwidthicon\"><\/i> Kein Flaschenwasser mehr transportieren<br \/>\n<i class=\"fa-solid fas fa-jug minwidthicon\"><\/i> Kein Wasser mehr aus PET-Flaschen trinken<br \/>\n<i class=\"fa-solid fas fa-exchange minwidthicon\"><\/i> Technologievorsprung: Die Verunreinigungen bleiben nicht im Filterger\u00e4t sondern werden als Abwasser nach au\u00dfen gef\u00fchrt.<br \/>\n<i class=\"fa-solid fas fa-random minwidthicon\"><\/i> Umzug ist kein Problem mit diesem Filterger\u00e4t<\/p>\n<p><img decoding=\"async\" class=\"lazyload wp-image-4020 size-fusion-600 aligncenter\" src=\"https:\/\/bestelements.de\/wp-content\/uploads\/icons-wasserfilter-818-doppel-600x288.jpg\" data-orig-src=\"https:\/\/bestelements.de\/wp-content\/uploads\/icons-wasserfilter-818-doppel-600x288.jpg\" alt=\"Icons Wasserfilter\" width=\"600\" height=\"288\" srcset=\"data:image\/svg+xml,%3Csvg%20xmlns%3D%27http%3A%2F%2Fwww.w3.org%2F2000%2Fsvg%27%20width%3D%27600%27%20height%3D%27288%27%20viewBox%3D%270%200%20600%20288%27%3E%3Crect%20width%3D%27600%27%20height%3D%27288%27%20fill-opacity%3D%220%22%2F%3E%3C%2Fsvg%3E\" data-srcset=\"https:\/\/bestelements.de\/wp-content\/uploads\/icons-wasserfilter-818-doppel-200x96.jpg 200w, https:\/\/bestelements.de\/wp-content\/uploads\/icons-wasserfilter-818-doppel-300x144.jpg 300w, https:\/\/bestelements.de\/wp-content\/uploads\/icons-wasserfilter-818-doppel-400x192.jpg 400w, https:\/\/bestelements.de\/wp-content\/uploads\/icons-wasserfilter-818-doppel-500x240.jpg 500w, https:\/\/bestelements.de\/wp-content\/uploads\/icons-wasserfilter-818-doppel-600x288.jpg 600w, https:\/\/bestelements.de\/wp-content\/uploads\/icons-wasserfilter-818-doppel-700x335.jpg 700w, https:\/\/bestelements.de\/wp-content\/uploads\/icons-wasserfilter-818-doppel-768x368.jpg 768w, https:\/\/bestelements.de\/wp-content\/uploads\/icons-wasserfilter-818-doppel-800x383.jpg 800w, https:\/\/bestelements.de\/wp-content\/uploads\/icons-wasserfilter-818-doppel.jpg 818w\" data-sizes=\"auto\" data-orig-sizes=\"(max-width: 600px) 100vw, 600px\" \/><\/p>\n<p>Trinkwasser ist unser wichtigstes Lebensmittel, aber unser Leitungswasser in Deutschland und Mineralw\u00e4sser sind nicht immer frei von Verunreinigungen wie <a class=\"sg-popup-id-5594 dotted\" href=\"#\">aktuelle Pressemeldungen<\/a> immer \u00f6fter belegen. Durch eine gr\u00fcndliche Filterung auf Molekularebene von <a class=\"sg-popup-id-10444 dotted\" href=\"#\">bis zu \u00fcber 99%<\/a> befreien BestElements Umkehrosmose-Filterger\u00e4te das Leitungswasser von <span style=\"color: #;\"> Verunreinigungen wie z.B. Keimen, Bakterien und Viren, Medikamenten- und Drogenr\u00fcckst\u00e4nden, Antibiotika, Hormonen, Nitraten, Pestiziden, Industriechemikalien, Schwermetallen, Fluorid, Mikroplastik, Chlor, Kalk u.v.am.<\/span> Die Technologie der Umkehrosmose ist sogar in der Lage radioaktive Bestandteile zu entfernen.<\/p>\n<h2 class=\"linie\"><span class=\"blue-back\">BE WA3<\/span> <span class=\"gray\"> Links<\/span><\/h2>\n<div class=\"icons-produktlinks\">\n<div class=\"row\">\n<div class=\"col-xs-4\"><a href=\"https:\/\/bestelements.de\/wp-content\/uploads\/Datenblatt-Wasserfilter-BE-WA3.pdf\" target=\"_blank\" rel=\"noopener\"><i class=\"fa-solid fas fa-file-alt fa-2x\"><\/i> Datenblatt<\/a><\/div>\n<div class=\"col-xs-4\"><a href=\"https:\/\/bestelements.de\/manuals\/gebrauchsanleitungen\/\" target=\"_blank\" rel=\"noopener\"><i class=\"fa-solid fas fa-file-alt fa-2x\"><\/i> Anleitung<\/a><\/div>\n<div class=\"col-xs-4\"><a href=\"https:\/\/bestelements.de\/de\/ersatzfilter\/ersatzfilter-und-zubehoer-fuer-trinkwasserfilter\/\" target=\"_blank\" rel=\"noopener\"><i class=\"fa-solid fas fa-sync-alt fa-2x\"><\/i> Ersatzfilter<\/a><\/div>\n<\/div>\n<\/div>\n<p><nav class=\"awb-menu awb-menu_row awb-menu_em-hover mobile-mode-collapse-to-button awb-menu_icons-left awb-menu_dc-yes mobile-trigger-fullwidth-off awb-menu_mobile-toggle awb-menu_indent-left mobile-size-full-absolute loading mega-menu-loading awb-menu_desktop awb-menu_dropdown awb-menu_expand-right awb-menu_transition-fade fusion-animated\" style=\"--awb-text-transform:none;--awb-gap:3px;--awb-submenu-bg:#ffffff;--awb-submenu-active-bg:#e8f6f9;--awb-submenu-text-transform:none;--awb-main-justify-content:flex-start;--awb-mobile-justify:flex-start;--awb-mobile-caret-left:auto;--awb-mobile-caret-right:0;--awb-fusion-font-family-typography:inherit;--awb-fusion-font-style-typography:normal;--awb-fusion-font-weight-typography:400;--awb-fusion-font-family-submenu-typography:inherit;--awb-fusion-font-style-submenu-typography:normal;--awb-fusion-font-weight-submenu-typography:400;--awb-fusion-font-family-mobile-typography:inherit;--awb-fusion-font-style-mobile-typography:normal;--awb-fusion-font-weight-mobile-typography:400;\" aria-label=\"Wasser vergleichen\" data-breakpoint=\"0\" data-count=\"0\" data-transition-type=\"fade\" data-transition-time=\"300\" data-expand=\"right\" data-animationType=\"fadeInLeft\" data-animationDuration=\"1.0\" data-animationOffset=\"top-into-view\"><ul id=\"menu-wasser-vergleichen\" class=\"fusion-menu awb-menu__main-ul awb-menu__main-ul_row\"><li  id=\"menu-item-4349\"  class=\"menu-item menu-item-type-custom menu-item-object-custom menu-item-4349 sg-popup-id-4351 awb-menu__li awb-menu__main-li awb-menu__li_button\"  data-item-id=\"4349\"><a  title=\"Wasserfilter Ger\u00e4te im Vergleich\" href=\"#\" class=\"awb-menu__main-a awb-menu__main-a_button\"><span class=\"menu-text fusion-button button-default button-small\"><span class=\"button-icon-divider-left fusion-megamenu-icon\"><i class=\"glyphicon fa-eye fas\" aria-hidden=\"true\"><\/i><\/span><span class=\"fusion-button-text-left\">Ger\u00e4te vergleichen<\/span><\/span><\/a><\/li><\/ul><\/nav><div class=\"fusion-text fusion-text-1\"><\/div><\/p>\n<div class=\"wpforms-container wpforms-container-full\" id=\"wpforms-11613\"><form id=\"wpforms-form-11613\" class=\"wpforms-validate wpforms-form\" data-formid=\"11613\" method=\"post\" enctype=\"multipart\/form-data\" action=\"\/de\/wp-json\/wp\/v2\/product\/2202\"><div class=\"wpforms-head-container\"><div class=\"wpforms-title\">Produktberatung anfordern<\/div><div class=\"wpforms-description\"><a class=\"sg-popup-id-149 dotted\" href=\"#\"><i class=\"fa fa-comments fa-2x\"><\/i> Direkt Kontakt aufnehmen und Fragen zu diesem Filterger\u00e4t stellen<\/a><\/div><\/div><noscript class=\"wpforms-error-noscript\">Bitte aktivieren Sie JavaScript in Ihrem Browser, um dieses Formular fertigzustellen.<\/noscript><div class=\"wpforms-field-container\"><div id=\"wpforms-11613-field_8-container\" class=\"wpforms-field wpforms-field-html\" data-field-id=\"8\"><div id=\"wpforms-11613-field_8\">Gerne rufen wir zur\u00fcck oder beantworten Ihre Fragen per E-Mail. \r\n\r\n<small><b>Wir sch\u00fctzen Ihre Daten!<\/b> Wir verwenden Ihre Daten ausschlie\u00dflich zur Beantwortung Ihrer Fragen und geben sie keinesfalls an Dritte weiter. <a href=\"https:\/\/bestelements.de\/de\/datenschutzerklaerung\/\" target=\"_blank\">Datenschutzbestimmungen<\/a><\/small><\/div><\/div><div id=\"wpforms-11613-field_0-container\" class=\"wpforms-field wpforms-field-name\" data-field-id=\"0\"><label class=\"wpforms-field-label\" for=\"wpforms-11613-field_0\">Name <span class=\"wpforms-required-label\">*<\/span><\/label><input type=\"text\" id=\"wpforms-11613-field_0\" class=\"wpforms-field-medium wpforms-field-required\" name=\"wpforms[fields][0]\" required><\/div><div id=\"wpforms-11613-field_2-container\" class=\"wpforms-field wpforms-field-textarea\" data-field-id=\"2\"><label class=\"wpforms-field-label\" for=\"wpforms-11613-field_2\">Ich habe folgende Frage\/n:<\/label><textarea id=\"wpforms-11613-field_2\" class=\"wpforms-field-medium\" name=\"wpforms[fields][2]\" ><\/textarea><\/div><div id=\"wpforms-11613-field_4-container\" class=\"wpforms-field wpforms-field-phone\" data-field-id=\"4\"><label class=\"wpforms-field-label\" for=\"wpforms-11613-field_4\">Ich bitte um R\u00fcckruf unter:<\/label><input type=\"tel\" id=\"wpforms-11613-field_4\" class=\"wpforms-field-medium\" data-rule-int-phone-field=\"true\" name=\"wpforms[fields][4]\" ><\/div><div id=\"wpforms-11613-field_1-container\" class=\"wpforms-field wpforms-field-email\" data-field-id=\"1\"><label class=\"wpforms-field-label\" for=\"wpforms-11613-field_1\">Ich bitte um Antwort per E-Mail an:<\/label><input type=\"email\" id=\"wpforms-11613-field_1\" class=\"wpforms-field-medium\" name=\"wpforms[fields][1]\" ><\/div><div id=\"wpforms-11613-field_10-container\" class=\"wpforms-field wpforms-field-html\" data-field-id=\"10\"><div id=\"wpforms-11613-field_10\"><small><b>Wir sch\u00fctzen Ihre Daten!<\/b> Wir verwenden Ihre Daten ausschlie\u00dflich zur Beantwortung Ihrer Fragen und geben sie keinesfalls an Dritte weiter. <a href=\"https:\/\/bestelements.de\/de\/datenschutzerklaerung\/\" target=\"_blank\">Datenschutzbestimmungen<\/a><\/small><\/div><\/div><\/div><div class=\"wpforms-field wpforms-field-hp\"><label for=\"wpforms-11613-field-hp\" class=\"wpforms-field-label\">Message<\/label><input type=\"text\" name=\"wpforms[hp]\" id=\"wpforms-11613-field-hp\" class=\"wpforms-field-medium\"><\/div><input type=\"hidden\" name=\"wpforms[recaptcha]\" value=\"\"><div class=\"wpforms-submit-container\" ><input type=\"hidden\" name=\"wpforms[id]\" value=\"11613\"><input type=\"hidden\" name=\"wpforms[author]\" value=\"1\"><button type=\"submit\" name=\"wpforms[submit]\" class=\"wpforms-submit button-blue\" id=\"wpforms-submit-11613\" value=\"wpforms-submit\" aria-live=\"assertive\" data-alt-text=\"Senden...\" data-submit-text=\"Absenden\">Absenden<\/button><\/div><\/form><\/div>  <!-- .wpforms-container -->\n<figure class=\"wp-block-table\">\n<div class=\"table-1\">\n<table>\n<tbody>\n<tr>\n<td class=\"produkte\">Produktionsland<\/td>\n<td class=\"produkte\">Deutschland <span class=\"blue strong\">Made in Germany<\/span><\/td>\n<\/tr>\n<tr>\n<td class=\"produkte\">Material<\/td>\n<td class=\"produkte\">Lebensmittelsichere Materialien mit NSF-Zertifizierung und Trinkwasserzulassung<\/td>\n<\/tr>\n<tr>\n<td class=\"produkte\">Gepr\u00fcft<\/td>\n<td class=\"produkte\"><a href=\"https:\/\/bestelements.de\/de\/qualitaetssicherung\/di-flow-qualitaetsstandard\/\"><img decoding=\"async\" class=\"lazyload alignleft\" src=\"data:image\/gif;base64,R0lGODlhAQABAAAAACH5BAEKAAEALAAAAAABAAEAAAICTAEAOw==\" data-orig-src=\"https:\/\/bestelements.de\/wp-content\/uploads\/Di-Flow-Logo.svg\" alt=\"Di-Flow\" width=\"150px\" height=\"\" \/><\/a> Di-Flow\u00ae Pr\u00fcfungskommission<\/td>\n<\/tr>\n<tr>\n<td class=\"produkte\">Montage<\/td>\n<td class=\"produkte\">Untertisch- und Auftischmontage m\u00f6glich<\/td>\n<\/tr>\n<tr>\n<td class=\"produkte\">Wartung<\/td>\n<td class=\"produkte\">Einfacher Austausch der Filterelemente <span class=\"fusion-popover popover-2\" data-animation=\"1\" data-class=\"popover-2\" data-container=\"popover-2\" data-html-content=\"&lt;div class=&quot;fusion-video fusion-selfhosted-video&quot; style=&quot;max-width:245;&quot;&gt;&lt;div class=&quot;video-wrapper&quot;&gt;&lt;video playsinline=&quot;true&quot; width=&quot;100%&quot; style=&quot;object-fit: cover;&quot; autoplay=&quot;true&quot; loop=&quot;true&quot; preload=&quot;auto&quot; controls=&quot;1&quot;&gt;&lt;source src=&quot;https:\/\/bestelements.de\/wp-content\/uploads\/Wechsel-Filterelemente-EASY-CLICK-WA3.mp4&quot; type=&quot;video\/mp4&quot;&gt;Sorry, your browser doesn&#039;t support embedded videos.&lt;\/video&gt;&lt;\/div&gt;&lt;\/div&gt;\" data-delay=\"50\" data-placement=\"top\" data-title=\"EASY CLICK mit WA3\" data-toggle=\"popover\" data-trigger=\"hover\"> <span class=\"blue strong dotted\">Easy Click<\/span> <\/span><\/td>\n<\/tr>\n<tr>\n<td class=\"produkte\">Wassermenge<\/td>\n<td class=\"produkte\">1-1,3 l\/min<\/td>\n<\/tr>\n<tr>\n<td class=\"produkte\">Reinstwasser\/Abwasser-Verh\u00e4ltnis<\/td>\n<td class=\"produkte\">1:&lt;1 <span class=\"blue strong\">Top Wert\u00a0<\/span><\/td>\n<\/tr>\n<tr>\n<td class=\"produkte\">Temperatur<\/td>\n<td class=\"produkte\">Min. 4\u00b0C Max. 38 \u00b0C<\/td>\n<\/tr>\n<tr>\n<td class=\"produkte\">Arbeitsdruck<\/td>\n<td class=\"produkte\">Min. 2,5 bar Max. 5,5 bar<\/td>\n<\/tr>\n<tr>\n<td class=\"produkte\">Ma\u00dfe<\/td>\n<td class=\"produkte\">275 x 224 x 247 mm (HxBxT)<\/td>\n<\/tr>\n<tr>\n<td class=\"produkte\">Wasseranschluss<\/td>\n<td class=\"produkte\">1\/4\u201c Verbindung<\/td>\n<\/tr>\n<tr>\n<td class=\"produkte\">Stromversorgung<\/td>\n<td class=\"produkte\">220-240 V~50\/60 Hz, 180 VA<\/td>\n<\/tr>\n<tr>\n<td class=\"produkte\">Gewicht<\/td>\n<td class=\"produkte\">7 kg ohne Zubeh\u00f6r, 10 kg bei Auslieferung<\/td>\n<\/tr>\n<tr>\n<td class=\"produkte\">Geh\u00e4usefarbe<\/td>\n<td class=\"produkte\">Wei\u00df<\/td>\n<\/tr>\n<tr>\n<td class=\"produkte\">Lieferumfang<\/td>\n<td class=\"produkte\">Komplett mit Filtermedien, Edelstahl-Trinkwasserhahn, Anschluss-Set mit Sicherheits-Wasserstopper, Gebrauchsanleitung<\/td>\n<\/tr>\n<tr>\n<td class=\"produkte\">Wechsel Filterelemente<\/td>\n<td class=\"produkte\">Vor- und Nachfilter 1 Mal\/Jahr tauschen oder \u00f6fter je nach Verschmutzungsgrad des Wassers, die UO-Membran muss nicht regelm\u00e4\u00dfig gewechselt werden<\/td>\n<\/tr>\n<tr>\n<td class=\"produkte\">Ersatzfilter<\/td>\n<td class=\"produkte\"><a href=\"https:\/\/bestelements.de\/de\/kaufen\/ersatzfilter-wasser\/ersatzfilterset-fuer-wasserfilter-wa1-wa3\/\">Ersatz Filterelemente Set f\u00fcr Trinkwasserfilter BE WA3<\/a><\/td>\n<\/tr>\n<\/tbody>\n<\/table>\n<\/div>\n<\/figure>\n<p><\/p>","protected":false},"excerpt":{"rendered":"<h2><span class=\"blue-back\">BE WA3<\/span> <span class=\"gray\">Standard<\/span> <span class=\"textgray\">Trinkwasserfilter<\/span><\/h2>\n<div class=\"blue-back\">Reinstes Trinkwasser frei von Verunreinigungen im Haushalt<\/div>\n<div id=\"icons-water-stoffe\">\n<i class=\"fa-solid fas fa-sink\"><\/i> <i class=\"fa-solid fas fa-virus-slash\"><\/i> <i class=\"fa-solid fas fa-viruses\"><\/i> <i class=\"fa-solid fas fa-bacterium\"><\/i> <i class=\"fa-solid fas fa-disease\"><\/i> <i class=\"fa-solid fas fa-tablets\"><\/i> <i class=\"fa-solid fas fa-capsules\"><\/i> <i class=\"fa-solid fas fa-skull-crossbones\"><\/i> <i class=\"fa-solid fas fa-vial\"><\/i> <i class=\"fa-solid fas fa-radiation\"><\/i> <i class=\"fa-solid fas fa-globe farbverlauf-srg\"><\/i>\n<\/div>\n<ul>\n<li>Entfernung von Verunreinigungen wie Keime, Bakterien und Viren, PFAS, Medikamenten- und Drogenr\u00fcckst\u00e4nde, Antibiotika, Hormone, Umweltgifte, EDC&#8217;s, Nitrate, Pestizide, Industriechemikalien, Schwermetalle, Fluorid, Chlor, Kalk u.v.am.<\/li>\n<li>Umkehrosmose-Wasserfilter mit Directflow-Technologie ohne Tank<\/li>\n<li>Reinste Materialien mit langer Lebensdauer<\/li>\n<li>Schnelle und einfache Installation<\/li>\n<li>Einfacher Filterwechsel mit <span class=\"blue strong\">Easy Click<\/span><\/li>\n<li>F\u00fcr Montage in K\u00fcchen unter oder neben der Sp\u00fcle<\/li>\n<li>Sehr leiser Betrieb<\/li>\n<li>Inklusive Edelstahl-Trinkwasserhahn<\/li>\n<li><strong>Deutsches Unternehmen mit Experten-Support<\/strong><\/i>\n<\/ul>\n<p><a class=\"sg-popup-id-2983 dotted\" href=\"#\"><i class=\"fa fa-info-circle\"><\/i> F\u00fcr wen ist dieses Filterger\u00e4t geeignet?<\/a><br \/>\n<a class=\"sg-popup-id-3920 dotted\" href=\"#\"><i class=\"fa fa-info-circle\"><\/i> Diese Stoffe werden aus dem Wasser heraus gefiltert.<\/a><br \/>\n<a class=\"sg-popup-id-6922 dotted\" href=\"#\"><i class=\"fa fa-info-circle\"><\/i> Testergebnisse nach Wasserfilterung<\/a><\/p>\n<p>So leicht geht die <a href=\"https:\/\/bestelements.de\/de\/montage\/montage-bestelements-geraete\/#wa3montage\"><u>Montage<\/u><\/a><\/p>\n","protected":false},"featured_media":20863,"template":"","meta":{"footnotes":""},"product_brand":[],"product_cat":[103],"product_tag":[210,211,212,208,209],"class_list":{"0":"post-2202","1":"product","2":"type-product","3":"status-publish","4":"has-post-thumbnail","6":"product_cat-trinkwasserfilter","7":"product_tag-umkehrosmosefilter","8":"product_tag-kalkfilter","9":"product_tag-bakterienwasserfilter","10":"product_tag-wasserfilter","11":"product_tag-trinkwasserfilter","12":"product_shipping_class-wa3","14":"first","15":"instock","16":"featured","17":"taxable","18":"shipping-taxable","19":"purchasable","20":"product-type-variable","21":"has-default-attributes"},"_links":{"self":[{"href":"https:\/\/bestelements.de\/de\/wp-json\/wp\/v2\/product\/2202","targetHints":{"allow":["GET"]}}],"collection":[{"href":"https:\/\/bestelements.de\/de\/wp-json\/wp\/v2\/product"}],"about":[{"href":"https:\/\/bestelements.de\/de\/wp-json\/wp\/v2\/types\/product"}],"version-history":[{"count":0,"href":"https:\/\/bestelements.de\/de\/wp-json\/wp\/v2\/product\/2202\/revisions"}],"wp:featuredmedia":[{"embeddable":true,"href":"https:\/\/bestelements.de\/de\/wp-json\/wp\/v2\/media\/20863"}],"wp:attachment":[{"href":"https:\/\/bestelements.de\/de\/wp-json\/wp\/v2\/media?parent=2202"}],"wp:term":[{"taxonomy":"product_brand","embeddable":true,"href":"https:\/\/bestelements.de\/de\/wp-json\/wp\/v2\/product_brand?post=2202"},{"taxonomy":"product_cat","embeddable":true,"href":"https:\/\/bestelements.de\/de\/wp-json\/wp\/v2\/product_cat?post=2202"},{"taxonomy":"product_tag","embeddable":true,"href":"https:\/\/bestelements.de\/de\/wp-json\/wp\/v2\/product_tag?post=2202"}],"curies":[{"name":"wp","href":"https:\/\/api.w.org\/{rel}","templated":true}]}}