{"id":21304,"date":"2023-06-07T08:14:35","date_gmt":"2023-06-07T06:14:35","guid":{"rendered":"https:\/\/bestelements.de\/?post_type=product&#038;p=21304"},"modified":"2026-01-24T15:20:06","modified_gmt":"2026-01-24T14:20:06","slug":"wasserstoff-inhalator-mieten-be-h2-200","status":"publish","type":"product","link":"https:\/\/bestelements.de\/de\/kaufen\/wasserstoff-inhalatoren\/wasserstoff-inhalator-mieten-be-h2-200\/","title":{"rendered":"Wasserstoff-Inhalator mieten"},"content":{"rendered":"<p><\/p>\n<h2><span class=\"blue-back\">H2Star<\/span> <span class=\"gray\">Hohe Wasserstoff-Konzentration in reiner Qualit\u00e4t<\/span><\/h2>\n<p><strong>Gasf\u00f6rmiger Wasserstoff zur wirkungsvollen Unterst\u00fctzung bei physischen und psychischen Mangelerscheinungen<\/strong>: Die erfolgreiche Wirkung ist durch zahlreiche <a href=\"https:\/\/bestelements.de\/de\/wasserstoffwasser\/studien-belegen-wirkung-von-wasserstoffreichem-wasser\/\">Studien<\/a> belegt. Die Aufgabenbereiche des Wasserstoff-Inhalators sind eine effektive Neutralisierung unerw\u00fcnschter freier Radikale in den K\u00f6rperzellen, Verbesserung des Energiestoffwechsels, therapeutische Anwendung bei erh\u00f6hten M\u00fcdigkeitserscheinungen und Mattheit, Fettleibigkeit (Adipositas), adjuvante Therapie bei Schlaganfall-, Alzheimer- und Parkinson-Therapien, Behandlung neurologischer St\u00f6rungen und Angstzust\u00e4nde.<\/p>\n<p>Die Anwendung ist generell Zellstoffwechsel-f\u00f6rdernd und verbessert die Gesundheitseffekt des Immunsystems umfassend. Stress und erh\u00f6hte M\u00fcdigkeitserscheinungen werden abgebaut. Alterserscheinungen werden gelindert. Die Behandlung wirkt auf das Hautbild aufgrund der Verbesserung der Zellstruktur und des Energiestoffwechsels verj\u00fcngend.<\/p>\n<div class=\"blue-back\">Immer mehr Menschen genie\u00dfen als Anwender und Therapeuten von der positiven und hilfreichen Wirkung des Wasserstoffs mit einer Reinheit von 99,996 % f\u00fcr unseren Organismus. Studien belegen zudem die hohe und wohltuende Wirksamkeit f\u00fcr gesunde als Personen mit Krankheitssymptomen. Viele der Anwender haben eigene Ger\u00e4te Zuhause, auf Arbeit oder sogar im Fahrzeug. Mit diesem Angebot erhalten Sie die M\u00f6glichkeit, die Inhalation dieses lebenswichtigen Elements Wasserstoff bei Ihnen Zuhause f\u00fcr einen gew\u00fcnschten Zeitraum zu testen.<\/div>\n<div>Die Umsetzung ist denkbar einfach:<\/div>\n<ul>\n<li>Sie bestellen das Ger\u00e4t f\u00fcr den gew\u00fcnschten Zeitraum (die Bezahlung inkl. Kaution erfolgt vorab)<\/li>\n<li>Wir senden Ihnen das Ger\u00e4t mit einem Inhalationsschlauch auch bekannt als &#8222;Nasenbrille&#8220;<\/li>\n<li>Zuhause auspacken, destilliertes Wasser einf\u00fcllen (nicht im Lieferumfang enthalten), Inhalationsschlauch einstecken, anschalten<\/li>\n<li>Destilliertes Wasser ist im Einzelhandel erh\u00e4ltlich, rein <a href=\"https:\/\/bestelements.de\/de\/onlineshop-trinkwasserfilter-kaufen-zuhause-mobil-gewerbe-vergleich\/\">gefiltertes Wasser<\/a> kann verwendet werden, bei Leitungswasser oder Flaschenwasser ist der Reinheitsgrad nicht ausreichend<\/li>\n<li>Sie beginnen mit der Inhalation f\u00fcr eine Dauer von 30 Minuten und steigern die Zeitdauer nach Bedarf und Wohlbefinden (eine Gebrauchsanleitung liegt bei)<\/li>\n<li>Nach Mietende senden Sie das Ger\u00e4t f\u00fcr Sie kostenfrei an uns zur\u00fcck, den Inhalationsschlauch behalten Sie (R\u00fccksendeetikett liegt bei)<\/li>\n<li>Ihre Kaution wird nach ordnungsgem\u00e4\u00dfer R\u00fccksendung r\u00fcckerstattet<\/li>\n<\/ul>\n<p><strong>Wasserstofftherapie-Megastudien vereinen \u00fcber 550 Einzelstudien<\/strong>: Die Erforschung der Wirkung von Wasserstoff umfasst Studien die bei etwa 170 Erkrankungen durchgef\u00fchrt wurden. Trotz \u00fcberwiegend schwerwiegender Krankheiten wurden durchweg positive Ergebnisse erzielt. In allen klinischen und tierexperimentellen Studien gab es keinerlei negativen Nebenwirkungen von Wasserstoff. Neben seinem antioxidativen und leistungssteigerndem Potenzial ist Wasserstoff auch in der Lage, Entz\u00fcndungsmediatoren bei Entz\u00fcndungen zu reduzieren. (<a href=\"https:\/\/bestelements.de\/de\/wasserstoffwasser\/studien-und-erfahrungen-ueber-wasserstoffreiches-wasser-und-h2-inhalation\/\">Quelle<\/a>)<\/p>\n<h3>Vorteile der Wasserstoff-Inhalation<\/h3>\n<ul>\n<li>Wasserstoff f\u00f6rdert den Stoffwechsel menschlicher K\u00f6rperzellen und beschleunigt die Beseitigung sch\u00e4dlicher freier Radikale<\/li>\n<li>Vitalit\u00e4tssteigerung<\/li>\n<li>Antioxidans<\/li>\n<li>Anti-Aging: Hautverj\u00fcngungseffekt durch Verbesserung des Stoffwechsels<\/li>\n<li>Verbesserung des Schlafes<\/li>\n<li>Verbesserung des Immunsystems<\/li>\n<li>Linderung von \u00fcberm\u00e4\u00dfiger M\u00fcdigkeit und von Schmerzen<\/li>\n<li>Erm\u00f6glicht gro\u00dfe therapeutische Wirkung bei Erkrankungen des Nervensystems und Angstzust\u00e4nden<\/li>\n<\/ul>\n<h2>Wirksamkeit von wasserstoffreichem Trinkwasser und Wasserstoffinhalation<\/h2>\n<ul>\n<li><a href=\"https:\/\/bestelements.de\/de\/wasserstoffwasser\/studien-und-erfahrungen-ueber-wasserstoffreiches-wasser-und-h2-inhalation\/\">Studien &amp; Erfahrungen \u00fcber wasserstoffreiches Wasser und H2 Inhalation<\/a><\/li>\n<li><a href=\"https:\/\/bestelements.de\/de\/studien\/studien-ueber-wasserstoff-als-elixier-des-lebens\/\">Studien \u00fcber Wasserstoff als Elixier des Lebens<\/a><\/li>\n<li><a href=\"https:\/\/bestelements.de\/de\/wasserstoffwasser\/studien-belegen-wirkung-von-wasserstoffreichem-wasser\/\">Studien belegen Wirkung von wasserstoffreichem Wasser<\/a><\/li>\n<\/ul>\n<h3>Wohlbefinden, Leistungssteigerung, Pr\u00e4vention und Behandlung<\/h3>\n<p><img decoding=\"async\" class=\"lazyload alignnone size-full wp-image-19494\" src=\"data:image\/svg+xml,%3Csvg%20xmlns%3D%27http%3A%2F%2Fwww.w3.org%2F2000%2Fsvg%27%20width%3D%27818%27%20height%3D%27486%27%20viewBox%3D%270%200%20818%20486%27%3E%3Crect%20width%3D%27818%27%20height%3D%27486%27%20fill-opacity%3D%220%22%2F%3E%3C%2Fsvg%3E\" data-orig-src=\"https:\/\/bestelements.de\/wp-content\/uploads\/Anwendung-Wasserstoff-Inhalatoren-Alltag.jpg\" alt=\"Anwendung Wasserstoff Inhalatoren im Alltag\" width=\"818\" height=\"486\" \/><br \/>\n<em><small>Die Anwendung von Wasserstoff-Inhalatoren im Alltag Zuhause (nicht ma\u00dfstabsgerecht)<\/small><\/em><\/p>\n<p><a href=\"https:\/\/bestelements.de\/de\/kaufen\/wasserstoff-inhalatoren\/wasserstoff-inhalator-be-h2-200\/\">Detailliere Produktbeschreibung BE H2 200<\/a><br \/>\n<a href=\"https:\/\/bestelements.de\/de\/kaufen\/wasserstoff-inhalatoren\/wasserstoffinhalation-geraete-fuer-kliniken-aerzte-und-therapeuten\/\">Detailliere Produktbeschreibung BE H2 600<\/a><br \/>\n<a href=\"https:\/\/bestelements.de\/de\/kaufen\/wasserstoff-inhalatoren\/professionelle-wasserstoff-sauerstoff-inhalatoren-1000-3000-ml-pro-minute\/?attribute_pa_inhalatoren=1500\">Detailliere Produktbeschreibung BE H2 1500<\/a><br \/>\n<a href=\"https:\/\/bestelements.de\/de\/kaufen\/wasserstoff-inhalatoren\/professionelle-wasserstoff-inhalatoren-h2o2-2000-3000-mlmin\/?attribute_pa_inhalatoren=3000\">Detailliere Produktbeschreibung BE H2 3000<\/a><br \/>\n<span class=\"gray-back-snippet\">Wasserstoff <a href=\"https:\/\/bestelements.de\/de\/wasserstoffwasser\/\" target=\"_blank\" class=\"fusion-button button-default button-small button-abstand\">Fachartikel<\/a> <a href=\"https:\/\/bestelements.de\/de\/tag\/h2studien\/\" class=\"fusion-button button-default button-small button-abstand\">Studien<\/a> <a href=\"https:\/\/bestelements.de\/de\/wasserstoffwasser\/fragen-antworten-anwendung-wasserstoffreiches-trinkwasser-wasserstoff-inhalation\/\" class=\"fusion-button button-default button-small button-abstand\">Fragen Antworten<\/a> <a href=\"https:\/\/bestelements.de\/de\/kaufen\/buecher-ebooks\/ebook-wasserstoffreiches-trinkwasser-und-wasserstoff-inhalation-anwendung-und-studien\/\" target=\"_blank\" class=\"fusion-button button-default button-small button-abstand\">e-Book<\/a><\/span><br \/>\n<a class=\"sg-popup-id-149 dotted\" href=\"#\"><i class=\"fa fa-question-circle\"><\/i> Wir beantworten gerne Ihre Fragen zu diesem Wasserstoffinhalator.<\/a><\/p>","protected":false},"excerpt":{"rendered":"<h2><span class=\"blue-back\">H2Star<\/span> <span class=\"textgray\">Wasserstoff-Inhalator mieten<\/span><\/h2>\n<div class=\"blue-back\">Tage- und wochenweise mieten und Wasserstoff-Inhalation testen<\/div>\n<div id=\"icons-water-stoffe\"><i class=\"fa-solid fas fa-battery-full\"><\/i> <i class=\"fa-solid fas fa-running\"><\/i> <i class=\"fa-solid fas fa-head-side-brain\"><\/i> <i class=\"fa-solid fas fa-heartbeat\"><\/i><\/div>\n<ul>\n<li>Hohe Wasserstoffs\u00e4ttigung und einfache Anwendung<\/li>\n<li>99,996 % reiner Wasserstoff als Erg\u00e4nzung zur Atemluft einatmen<\/li>\n<li>Inhalationsvolumen: 200\/600\/3000 ml\/min<\/li>\n<li>Einfache Handhabung mit Timer<\/li>\n<li>Betrieb mit destilliertem Wasser<\/li>\n<li>High Quality <a href=\"https:\/\/bestelements.de\/de\/wasserstoffwasser\/h2star-qualitaet-wasserstoff-inhalatoren-und-browns-gas\/\"><b>H2Star<\/b> <\/a>Inhalatoren<\/li>\n<li>Mietkosten werden bei sp\u00e4terem Kauf angerechnet<\/li>\n<li><i class=\"fa fa-info-circle blue\"><\/i> <a class=\"sg-popup-id-32914 dotted\" href=\"#\">Schaubild Wasserstoffanwendung\/H2-Therapie einblenden<\/a>\n<\/ul>\n","protected":false},"featured_media":30424,"template":"","meta":{"footnotes":""},"product_brand":[],"product_cat":[250],"product_tag":[],"class_list":{"0":"post-21304","1":"product","2":"type-product","3":"status-publish","4":"has-post-thumbnail","6":"product_cat-wasserstoff-inhalatoren","7":"product_shipping_class-luftfilter-bis-10-kg","9":"first","10":"instock","11":"sold-individually","12":"taxable","13":"shipping-taxable","14":"purchasable","15":"product-type-variable"},"_links":{"self":[{"href":"https:\/\/bestelements.de\/de\/wp-json\/wp\/v2\/product\/21304","targetHints":{"allow":["GET"]}}],"collection":[{"href":"https:\/\/bestelements.de\/de\/wp-json\/wp\/v2\/product"}],"about":[{"href":"https:\/\/bestelements.de\/de\/wp-json\/wp\/v2\/types\/product"}],"version-history":[{"count":0,"href":"https:\/\/bestelements.de\/de\/wp-json\/wp\/v2\/product\/21304\/revisions"}],"wp:featuredmedia":[{"embeddable":true,"href":"https:\/\/bestelements.de\/de\/wp-json\/wp\/v2\/media\/30424"}],"wp:attachment":[{"href":"https:\/\/bestelements.de\/de\/wp-json\/wp\/v2\/media?parent=21304"}],"wp:term":[{"taxonomy":"product_brand","embeddable":true,"href":"https:\/\/bestelements.de\/de\/wp-json\/wp\/v2\/product_brand?post=21304"},{"taxonomy":"product_cat","embeddable":true,"href":"https:\/\/bestelements.de\/de\/wp-json\/wp\/v2\/product_cat?post=21304"},{"taxonomy":"product_tag","embeddable":true,"href":"https:\/\/bestelements.de\/de\/wp-json\/wp\/v2\/product_tag?post=21304"}],"curies":[{"name":"wp","href":"https:\/\/api.w.org\/{rel}","templated":true}]}}