{"id":20958,"date":"2023-05-12T15:27:41","date_gmt":"2023-05-12T13:27:41","guid":{"rendered":"https:\/\/bestelements.de\/?post_type=product&#038;p=20958"},"modified":"2025-11-11T18:31:31","modified_gmt":"2025-11-11T17:31:31","slug":"inhalationsschlauch-mit-nasenkanuele","status":"publish","type":"product","link":"https:\/\/bestelements.de\/de\/kaufen\/zubehoer\/inhalationsschlauch-mit-nasenkanuele\/","title":{"rendered":"Inhalationsschlauch mit Nasenkan\u00fcle"},"content":{"rendered":"<p>Inhalationsset am Inhalationsger\u00e4t anschlie\u00dfen und vor der Nase befestigen.<\/p>\n<p>Inhalationsschlauch bei Anwendung nicht knicken.<\/p>\n<p>Material: Medizinisches Silikon, biokompatibel, hyperallergen (ruft kaum Allergien hervor), ungiftig, weichmacherfrei, BPA-frei, hitzebest\u00e4ndig, sterilisationsf\u00e4hig, chemisch stabil<\/p>","protected":false},"excerpt":{"rendered":"<p>Inhalationsschlauch mit Nasenkan\u00fcle und Drainagebeh\u00e4lter<\/p>\n<p>f\u00fcr <a href=\"https:\/\/bestelements.de\/de\/wasserstoffwasser\/wasserstoff-gegen-krankheiten\/\">BE H2-Inhalatoren<\/a><\/p>\n<ul>\n<li>Inhalt: 1 Set<\/li>\n<\/ul>\n<p>(nicht f\u00fcr H2Master mit Inhalationsfunktion, <a href=\"https:\/\/bestelements.de\/de\/kaufen\/zubehoer\/ersatzteile-wasserstoffbooster\/?attribute_pa_ersatzteile-wasserbooster=h2master-nasenkanuele&amp;attribute_pa_farbe=uni\">diese Nasenkan\u00fclen sind hier<\/a>)<\/p>\n","protected":false},"featured_media":30029,"template":"","meta":{"footnotes":""},"product_brand":[],"product_cat":[274],"product_tag":[278],"class_list":{"0":"post-20958","1":"product","2":"type-product","3":"status-publish","4":"has-post-thumbnail","6":"product_cat-zubehoer","7":"product_tag-h2equipment","8":"product_shipping_class-h2zubehoer","10":"first","11":"instock","12":"taxable","13":"shipping-taxable","14":"purchasable","15":"product-type-simple"},"_links":{"self":[{"href":"https:\/\/bestelements.de\/de\/wp-json\/wp\/v2\/product\/20958","targetHints":{"allow":["GET"]}}],"collection":[{"href":"https:\/\/bestelements.de\/de\/wp-json\/wp\/v2\/product"}],"about":[{"href":"https:\/\/bestelements.de\/de\/wp-json\/wp\/v2\/types\/product"}],"version-history":[{"count":0,"href":"https:\/\/bestelements.de\/de\/wp-json\/wp\/v2\/product\/20958\/revisions"}],"wp:featuredmedia":[{"embeddable":true,"href":"https:\/\/bestelements.de\/de\/wp-json\/wp\/v2\/media\/30029"}],"wp:attachment":[{"href":"https:\/\/bestelements.de\/de\/wp-json\/wp\/v2\/media?parent=20958"}],"wp:term":[{"taxonomy":"product_brand","embeddable":true,"href":"https:\/\/bestelements.de\/de\/wp-json\/wp\/v2\/product_brand?post=20958"},{"taxonomy":"product_cat","embeddable":true,"href":"https:\/\/bestelements.de\/de\/wp-json\/wp\/v2\/product_cat?post=20958"},{"taxonomy":"product_tag","embeddable":true,"href":"https:\/\/bestelements.de\/de\/wp-json\/wp\/v2\/product_tag?post=20958"}],"curies":[{"name":"wp","href":"https:\/\/api.w.org\/{rel}","templated":true}]}}