{"id":20926,"date":"2023-05-11T19:48:39","date_gmt":"2023-05-11T17:48:39","guid":{"rendered":"https:\/\/bestelements.de\/?post_type=product&#038;p=20926"},"modified":"2026-01-17T13:13:03","modified_gmt":"2026-01-17T12:13:03","slug":"professionelle-wasserstoff-sauerstoff-inhalatoren-1000-3000-ml-pro-minute","status":"publish","type":"product","link":"https:\/\/bestelements.de\/de\/kaufen\/wasserstoff-inhalatoren\/professionelle-wasserstoff-sauerstoff-inhalatoren-1000-3000-ml-pro-minute\/","title":{"rendered":"Professioneller Wasserstoff-Inhalator 1000-1500 H2+O2 (HHO)"},"content":{"rendered":"<p><\/p>\n<h2><span class=\"blue-back\">1.000-1.500 ml\/min<\/span> <span class=\"gray\">H\u00f6chste H<sub>2<\/sub> oder H<sub>2<\/sub>\/O<sub>2<\/sub> Konzentrationen<\/span><\/h2>\n<div class=\"blue-back\">Reiner Wasserstoff oder in Kombination 2:1 mit Sauerstoff: HHO \/ Brown&#8217;s Gas<\/div>\n<p>Professionelle Inhalatoren: Unter Verwendung hochwertiger elektrolytischer Komponenten und neuester Technologie erzeugen diese Inhalatoren mit Reinwasserelektrolyse eine au\u00dfergew\u00f6hnlich hohe Konzentration an 99,996 % reinem Wasserstoff und das Wasserstoff\/Sauerstoff-Mischgas im Verh\u00e4ltnis 2:1, welches als Brown&#8217;s Gas bekannt ist und dem eine gro\u00dfe therapeutische Wirkung zugeschrieben wird.<\/p>\n<h2>Inhalatoren-Varianten<\/h2>\n<h3>\u25cf 1.000 ml Wasserstoff-Inhalator (H2 pur)<\/h3>\n<h3>\u25cf 1.500 ml Wasserstoff\/Sauerstoff-Inhalator (H2\/O2 im Verh\u00e4ltnis 2:1, 1.000 ml H2 \/ 500 ml O2, Brown&#8217;s Gas)<\/h3>\n<ul>\n<li>Alternativ einstellbare S\u00e4ttigungen: 1.200 ml (800\/400) and 900 ml (600\/300)<\/li>\n<li>Auch mit zwei getrennten Ausg\u00e4ngen f\u00fcr H2 und O2 lieferbar<\/li>\n<\/ul>\n<p><strong>Wasserstoff\/Sauerstoff-Inhalator mit 3.000 ml (H2\/O2 im Verh\u00e4ltnis 2:1, Brown&#8217;s Gas) <a href=\"https:\/\/bestelements.de\/de\/kaufen\/wasserstoff-inhalatoren\/professionelle-wasserstoff-inhalatoren-h2o2-2000-3000-mlmin\/\">hier<\/a><\/strong><\/p>\n<h2>Wirksamkeit Wasserstoff-Inhalation<\/h2>\n<ul>\n<li>Gehirnleistung, Neurodegenerative Erkrankungen, Alzheimer-Krankheit und kognitiver Dysfunktion<\/li>\n<li>Fettleibigkeit, Insulinresistenz, Bluthochdruck<\/li>\n<li>Oxidativer Stress, Leberfunktion und chronische Hepatitis<\/li>\n<li>\u00dcbers\u00e4uerung des K\u00f6rpers \u2013 wichtiger S\u00e4ure-Basen-Haushalt<\/li>\n<li>Verbessert Auswirkung von Alterungsprozessen und Nierensch\u00e4den<\/li>\n<li>Auswirkungen von wasserstoffreichem Wasser auf alternde Gewebe<\/li>\n<li>Gegen Muskelerm\u00fcdung bei Sportlern<\/li>\n<li>Verbesserung von Stimmung, Angst und Nervenfunktion<\/li>\n<li>Auswirkungen auf die Lebensqualit\u00e4t von Krebspatienten<\/li>\n<li>Wasserstoff lindert Nierensch\u00e4den<\/li>\n<li>Verbesserte Blutlaktatkonzentration und Atmung bei k\u00f6rperlicher Bet\u00e4tigung<\/li>\n<\/ul>\n<h3>Vorteile der Wasserstoff-Inhalation<\/h3>\n<ul>\n<li>Wasserstoff f\u00f6rdert den Stoffwechsel menschlicher K\u00f6rperzellen und beschleunigt die Beseitigung sch\u00e4dlicher freier Radikale<\/li>\n<li>Vitalit\u00e4tssteigerung<\/li>\n<li>Nat\u00fcrliches Antioxidans<\/li>\n<li>Anti-Aging: Hautverj\u00fcngungseffekt durch Verbesserung des Stoffwechsels<\/li>\n<li>Verbesserung des Schlafes<\/li>\n<li>Verbesserung und St\u00e4rkung des Immunsystems<\/li>\n<li>Linderung von \u00fcberm\u00e4\u00dfiger M\u00fcdigkeit und von Schmerzen<\/li>\n<li>Erm\u00f6glicht gro\u00dfe therapeutische Wirkung bei Erkrankungen des Nervensystems und zerebrovaskul\u00e4ren Erkrankungen<\/li>\n<\/ul>\n<h2>Wirksamkeit von wasserstoffreichem Trinkwasser und Wasserstoffinhalation<\/h2>\n<h3>Wohlbefinden, Leistungssteigerung, Pr\u00e4vention und Behandlung<\/h3>\n<ul>\n<li><a href=\"https:\/\/bestelements.de\/de\/wasserstoffwasser\/studien-und-erfahrungen-ueber-wasserstoffreiches-wasser-und-h2-inhalation\/\">Studien &amp; Erfahrungen \u00fcber wasserstoffreiches Wasser und H2 Inhalation<\/a><\/li>\n<li><a href=\"https:\/\/bestelements.de\/de\/studien\/studien-ueber-wasserstoff-als-elixier-des-lebens\/\">Studien \u00fcber Wasserstoff als Elixier des Lebens<\/a><\/li>\n<li><a href=\"https:\/\/bestelements.de\/de\/wasserstoffwasser\/studien-belegen-wirkung-von-wasserstoffreichem-wasser\/\">Studien belegen Wirkung von\u00a0wasserstoffreichem Wasser<\/a><\/li>\n<\/ul>\n<p><img decoding=\"async\" src=\"data:image\/svg+xml,%3Csvg%20xmlns%3D%27http%3A%2F%2Fwww.w3.org%2F2000%2Fsvg%27%20width%3D%27818%27%20height%3D%27486%27%20viewBox%3D%270%200%20818%20486%27%3E%3Crect%20width%3D%27818%27%20height%3D%27486%27%20fill-opacity%3D%220%22%2F%3E%3C%2Fsvg%3E\" data-orig-src=\"https:\/\/bestelements.de\/wp-content\/uploads\/Anwendung-Wasserstoff-Inhalatoren-Alltag-Frau.jpg\" alt=\"Anwendung Wasserstoff Inhalatoren im Alltag\" width=\"818\" height=\"486\" class=\"lazyload alignnone size-full wp-image-19494\" \/><br \/>\n<em><small>Die Anwendung von Wasserstoff-Inhalatoren in medizinischen Einrichtungen oder Zuhause (nicht ma\u00dfstabsgerecht)<\/small><\/em><\/p>\n<h2>Beratung Wasserstoff-Inhalation<\/h2>\n<p><span class=\"gray-back-snippet\">Wasserstoff-Anwendung <a href=\"https:\/\/bestelements.de\/de\/wasserstoffwasser\/podcast-beratung-wasserstoffanwendung-h2booster-inhalatoren\/\" target=\"_blank\" class=\"fusion-button button-default button-small button-abstand\">Podcast<\/a> <a href=\"https:\/\/bestelements.de\/de\/wasserstoffwasser\/podcast-wasserstoffreiches-trinkwasser-nutzen-und-erfahrungen\/\" class=\"fusion-button button-default button-small button-abstand\">Videos<\/a> <a href=\"https:\/\/bestelements.de\/de\/wasserstoffwasser\/wasserstoff-inhalatoren-empfehlung-und-vergleich\/\" class=\"fusion-button button-default button-small button-abstand\">Inhalatoren-Vergleich<\/a><\/span><br \/>\n<span class=\"gray-back-snippet\">Wasserstoff <a href=\"https:\/\/bestelements.de\/de\/wasserstoffwasser\/\" target=\"_blank\" class=\"fusion-button button-default button-small button-abstand\">Fachartikel<\/a> <a href=\"https:\/\/bestelements.de\/de\/tag\/h2studien\/\" class=\"fusion-button button-default button-small button-abstand\">Studien<\/a> <a href=\"https:\/\/bestelements.de\/de\/wasserstoffwasser\/fragen-antworten-anwendung-wasserstoffreiches-trinkwasser-wasserstoff-inhalation\/\" class=\"fusion-button button-default button-small button-abstand\">Fragen Antworten<\/a> <a href=\"https:\/\/bestelements.de\/de\/kaufen\/buecher-ebooks\/ebook-wasserstoffreiches-trinkwasser-und-wasserstoff-inhalation-anwendung-und-studien\/\" target=\"_blank\" class=\"fusion-button button-default button-small button-abstand\">e-Book<\/a><\/span><br \/>\n<a class=\"sg-popup-id-149 dotted\" href=\"#\"><i class=\"fa fa-question-circle\"><\/i> Wir beantworten gerne Ihre Fragen zu diesem Wasserstoffinhalator.<\/a><\/p>\n<h2>Ihre Anfrage zu Wasserstoff-Inhalatoren<\/h2>\n<div class=\"wpforms-container wpforms-container-full\" id=\"wpforms-13146\"><form id=\"wpforms-form-13146\" class=\"wpforms-validate wpforms-form\" data-formid=\"13146\" method=\"post\" enctype=\"multipart\/form-data\" action=\"\/de\/wp-json\/wp\/v2\/product\/20926\"><noscript class=\"wpforms-error-noscript\">Bitte aktivieren Sie JavaScript in Ihrem Browser, um dieses Formular fertigzustellen.<\/noscript><div class=\"wpforms-field-container\"><div id=\"wpforms-13146-field_0-container\" class=\"wpforms-field wpforms-field-name\" data-field-id=\"0\"><label class=\"wpforms-field-label\" for=\"wpforms-13146-field_0\">Name <span class=\"wpforms-required-label\">*<\/span><\/label><div class=\"wpforms-field-row wpforms-field-large\"><div class=\"wpforms-field-row-block wpforms-first wpforms-one-half\"><input type=\"text\" id=\"wpforms-13146-field_0\" class=\"wpforms-field-name-first wpforms-field-required\" name=\"wpforms[fields][0][first]\" required><label for=\"wpforms-13146-field_0\" class=\"wpforms-field-sublabel after wpforms-sublabel-hide\">Vorname<\/label><\/div><div class=\"wpforms-field-row-block wpforms-one-half\"><input type=\"text\" id=\"wpforms-13146-field_0-last\" class=\"wpforms-field-name-last wpforms-field-required\" name=\"wpforms[fields][0][last]\" required><label for=\"wpforms-13146-field_0-last\" class=\"wpforms-field-sublabel after wpforms-sublabel-hide\">Nachname<\/label><\/div><\/div><\/div><div id=\"wpforms-13146-field_2-container\" class=\"wpforms-field wpforms-field-textarea\" data-field-id=\"2\"><label class=\"wpforms-field-label\" for=\"wpforms-13146-field_2\">Ich\/Wir w\u00fcnsche\/n ein Angebot \u00fcber folgende Produkte: <span class=\"wpforms-required-label\">*<\/span><\/label><textarea id=\"wpforms-13146-field_2\" class=\"wpforms-field-medium wpforms-field-required\" name=\"wpforms[fields][2]\" required><\/textarea><\/div><div id=\"wpforms-13146-field_1-container\" class=\"wpforms-field wpforms-field-email\" data-field-id=\"1\"><label class=\"wpforms-field-label\" for=\"wpforms-13146-field_1\">E-Mail <span class=\"wpforms-required-label\">*<\/span><\/label><input type=\"email\" id=\"wpforms-13146-field_1\" class=\"wpforms-field-large wpforms-field-required\" name=\"wpforms[fields][1]\" required><\/div><div id=\"wpforms-13146-field_5-container\" class=\"wpforms-field wpforms-field-text\" data-field-id=\"5\"><label class=\"wpforms-field-label\" for=\"wpforms-13146-field_5\">ggf. Firma \/ Organisation<\/label><input type=\"text\" id=\"wpforms-13146-field_5\" class=\"wpforms-field-large\" name=\"wpforms[fields][5]\" ><\/div><div id=\"wpforms-13146-field_4-container\" class=\"wpforms-field wpforms-field-text\" data-field-id=\"4\"><label class=\"wpforms-field-label\" for=\"wpforms-13146-field_4\">Stra\u00dfe Nr.<\/label><input type=\"text\" id=\"wpforms-13146-field_4\" class=\"wpforms-field-medium\" name=\"wpforms[fields][4]\" ><\/div><div id=\"wpforms-13146-field_6-container\" class=\"wpforms-field wpforms-field-text wpforms-one-third wpforms-first\" data-field-id=\"6\"><label class=\"wpforms-field-label\" for=\"wpforms-13146-field_6\">PLZ<\/label><input type=\"text\" id=\"wpforms-13146-field_6\" class=\"wpforms-field-medium wpforms-masked-input\" data-inputmask-mask=\"99999\" name=\"wpforms[fields][6]\" ><\/div><div id=\"wpforms-13146-field_7-container\" class=\"wpforms-field wpforms-field-text wpforms-two-thirds wpforms-two-thirds\" data-field-id=\"7\"><label class=\"wpforms-field-label\" for=\"wpforms-13146-field_7\">Stadt<\/label><input type=\"text\" id=\"wpforms-13146-field_7\" class=\"wpforms-field-medium\" name=\"wpforms[fields][7]\" ><\/div><div id=\"wpforms-13146-field_8-container\" class=\"wpforms-field wpforms-field-html\" data-field-id=\"8\"><div id=\"wpforms-13146-field_8\"><small><b>Wir sch\u00fctzen Ihre Daten!<\/b> Wir verwenden Ihre Daten ausschlie\u00dflich zur Beantwortung Ihrer Fragen und geben sie keinesfalls an Dritte weiter. <a href=\"https:\/\/bestelements.de\/de\/datenschutzerklaerung\/\" target=\"_blank\">Datenschutzbestimmungen<\/a><\/small><\/div><\/div><\/div><div class=\"wpforms-field wpforms-field-hp\"><label for=\"wpforms-13146-field-hp\" class=\"wpforms-field-label\">Name<\/label><input type=\"text\" name=\"wpforms[hp]\" id=\"wpforms-13146-field-hp\" class=\"wpforms-field-medium\"><\/div><input type=\"hidden\" name=\"wpforms[recaptcha]\" value=\"\"><div class=\"wpforms-submit-container\" ><input type=\"hidden\" name=\"wpforms[id]\" value=\"13146\"><input type=\"hidden\" name=\"wpforms[author]\" value=\"1\"><button type=\"submit\" name=\"wpforms[submit]\" class=\"wpforms-submit button-blue\" id=\"wpforms-submit-13146\" value=\"wpforms-submit\" aria-live=\"assertive\" data-alt-text=\"Senden...\" data-submit-text=\"Angebot anfordern\">Angebot anfordern<\/button><\/div><\/form><\/div>  <!-- .wpforms-container -->\n<h2>Technische Daten<\/h2>\n<figure class=\"wp-block-table\">\n<div class=\"table-1\">\n<table>\n<tbody>\n<tr>\n<td class=\"\">Wasserstoffproduktion<\/td>\n<td class=\"produkte\">Ger\u00e4te mit einer Flie\u00dfrate von 1.000 bis 1.500 ml\/min<\/td>\n<\/tr>\n<tr>\n<td class=\"\">Membran<\/td>\n<td class=\"produkte\">DuPont Nafion\u2122 N117 (USA) SPE\/PEM, Iridium-beschichtet; Unter Verwendung hochwertigster elektrolytischer Komponenten erzeugt die Reinwasserelektrolyse eine au\u00dfergew\u00f6hnlich hohe Konzentration an 99,996 % reinem Wasserstoff, erzeugt keinerlei andere sch\u00e4dlichen Bestandteile wie bsw. Ozon.<\/td>\n<\/tr>\n<tr>\n<td class=\"\">Modellserie<\/td>\n<td class=\"produkte\"><strong>H2Star<\/strong> <a href=\"https:\/\/bestelements.de\/de\/wasserstoffwasser\/h2star-qualitaet-wasserstoff-inhalatoren-und-browns-gas\/\">Besonderheiten hier<\/a><\/td>\n<\/tr>\n<tr>\n<td class=\"\">Kapazit\u00e4t<\/td>\n<td class=\"produkte\">2,5 l Wasserbeh\u00e4lter f\u00fcr lange Prozesszeiten, stabiles Temperaturregelsystem f\u00fcr bis zu 4 Stunden Dauerbetrieb der Wasserstoffinhalation<\/td>\n<\/tr>\n<tr>\n<td class=\"\">Elektrolysezelle<\/td>\n<td class=\"produkte\">konzipiert f\u00fcr 6.000-8.000 Betriebsstunden<\/td>\n<\/tr>\n<tr>\n<td class=\"produkte\">Gepr\u00fcft<\/td>\n<td class=\"produkte\"><a href=\"https:\/\/bestelements.de\/de\/qualitaetssicherung\/di-flow-qualitaetsstandard\/\"><img decoding=\"async\" class=\"lazyload alignleft\" src=\"data:image\/gif;base64,R0lGODlhAQABAAAAACH5BAEKAAEALAAAAAABAAEAAAICTAEAOw==\" data-orig-src=\"https:\/\/bestelements.de\/wp-content\/uploads\/Di-Flow-Logo.svg\" alt=\"Di-Flow\" width=\"150px\" height=\"\" \/><\/a> Di-Flow\u00ae Pr\u00fcfungskommission<\/td>\n<\/tr>\n<tr>\n<td class=\"\">Leiser und ruhiger Betrieb<\/td>\n<td class=\"produkte\">Moderne und ger\u00e4uscharme L\u00fcfter-Technologie: Leiser Betrieb f\u00fcr Entspannung, Konzentration oder ruhigen Schlaf<\/td>\n<\/tr>\n<tr>\n<td class=\"\">Gewicht<\/td>\n<td class=\"produkte\">11 kg<\/td>\n<\/tr>\n<tr>\n<td class=\"\">Ma\u00dfe<\/td>\n<td class=\"produkte\">315 x 209 x 395 mm<\/td>\n<\/tr>\n<tr>\n<td class=\"\">Kompakte Bauweise<\/td>\n<td class=\"produkte\">Geh\u00e4use aus beschichtetem Aluminium f\u00fcr Stabilit\u00e4t und gute W\u00e4rmeableitung, lange Haltbarkeit und hohe Lebensdauer<\/td>\n<\/tr>\n<tr>\n<td class=\"\">Stromversorgung<\/td>\n<td class=\"produkte\">110-230 V~50\/60 Hz, 360-500 VA, EU-Standardstecker Typ CEE 7\/7 (E+F), f\u00fcr Ausland ggf. Adapter nutzen, nicht beiliegend<\/td>\n<\/tr>\n<tr>\n<td class=\"\">Wasserqualit\u00e4t<\/td>\n<td class=\"produkte\">Verwendung von destilliertem Wasser oder gefiltertem Wasser (Leitwert unter 5 ppm)<\/td>\n<\/tr>\n<tr>\n<td class=\"\">Zertifizierung<\/td>\n<td class=\"produkte\">CE-Zertifikat<\/td>\n<\/tr>\n<tr>\n<td class=\"\">Lieferumfang, Zubeh\u00f6r<\/td>\n<td class=\"produkte\">Inhalator mit Stromkabel, Atemschlauch mit Silikon-Nasenkan\u00fcle, Seitenbeh\u00e4lter, Drainageschlauch, Gebrauchsanleitung<\/td>\n<\/tr>\n<\/tbody>\n<\/table>\n<\/div>\n<\/figure>\n<div class=\"bg-info\"><i class=\"fa fa-info-circle\"><\/i> Erkl\u00e4rung: Brown&#8217;s Gas ist ein ein Wasserstoff-\/Sauerstoffgemisch im Verh\u00e4ltnis 2:1, welches von Yull Brown entwickelt und durch Elektrolyse urspr\u00fcnglich in einem \u00e4tzenden, basischen Elektrolyt (KOH) hergestellt wurde. Unsere Wasserstoff\/Sauerstoff-Ger\u00e4te sind eine Weiterentwicklung und arbeiten mit einer Protonaustauschmembran. Daher kann zum Betrieb destilliertes Wasser verwendet werden, was Anwendung und Wartungsaufwand deutlich erleichtern. Die 99,996 prozentige Ausgabe von Wasserstoff und Sauerstoff wird dadurch noch bekr\u00e4ftigt. Ein s.g. Plasma wurde bisher wenig erforscht und wird offensichtlich dem Ionenanteil (H\u207b-Ionen) zugeschrieben. Das l\u00e4sst sich aus wissenschaftlicher Sicht jedoch vernachl\u00e4ssigen, da H\u207b-Ionen bei Ausgabe innerhalb von Nanosekunden neutralisiert werden. Das macht sie nahezu irrelevant f\u00fcr Atmung und Aufnahme. Die Bezeichnung kann man als Kunstwort ansehen, wobei es irref\u00fchrend ist, da Plasma bei h\u00f6chsten Temperaturen, bsw. bei Blitzen im Himmel entsteht. Eine Plasmaeigenschaft k\u00e4me lediglich bei industriellen Schwei\u00dfarbeiten zum tragen, nicht beim Inhalieren. Den Begriff \u201eEnergized water&#8220;, der ebenfalls verwendet wird, sollte man in esoterischem Kontext sehen. Klinische Studien wurden mit Wasserstoff oder Wasserstoff-\/Sauerstoff-Ausgabe durchgef\u00fchrt. [<a href=\"https:\/\/bestelements.de\/de\/faq-items\/was-versteht-man-unter-browns-gas-und-wie-entstand-der-begriff\/\">Historie Brown&#8217;s Gas<\/a>]<\/div>\n<h2>Anwendung &#038; Inbetriebnahme dieses Wasserstoff-Inhalators<\/h2>\n<p><div class=\"fusion-video fusion-youtube\" style=\"--awb-max-width:600px;--awb-max-height:360px;\"><div class=\"video-shortcode\"><priv-fac-lite-youtube class=\"fusion-hidden lty-load\" data-privacy-type=\"youtube\" videoid=\"HakE76UGA5I\" class=\"landscape\" params=\"wmode=transparent&autoplay=1&amp;rel=0&amp;enablejsapi=1\" title=\"YouTube video player 1\" data-button-label=\"Play Video\" width=\"600\" height=\"360\" data-thumbnail-size=\"auto\" data-no-cookie=\"on\"><\/priv-fac-lite-youtube><div class=\"fusion-privacy-placeholder\" style=\"width:600px; height:360px;\" data-privacy-type=\"youtube\"><div class=\"fusion-privacy-placeholder-content\"><div class=\"fusion-privacy-label\">For privacy reasons YouTube needs your permission to be loaded. For more details, please see our <a class=\"privacy-policy-link\" href=\"https:\/\/bestelements.de\/de\/datenschutzerklaerung\/\" rel=\"privacy-policy\">Datenschutzerkl\u00e4rung<\/a>.<\/div><button data-privacy-type=\"youtube\" class=\"fusion-button button-default fusion-button-default-size button fusion-privacy-consent\">I Accept<\/button><\/div><\/div><\/div><\/div><\/p>","protected":false},"excerpt":{"rendered":"<h2><span class=\"blue-back\">1500 <sup><small>ADVANCED<\/small><\/sup><\/span> <span class=\"textgray\">HHO-Wasserstoff-Inhalator<\/span><\/h2>\n<div class=\"blue-back\">Professionelle Anwendungen, Therapien und Forschung<\/div>\n<div id=\"icons-water-stoffe\"><i class=\"fa-solid fas fa-battery-full\"><\/i> <i class=\"fa-solid fas fa-running\"><\/i> <i class=\"fa-solid fas fa-head-side-brain\"><\/i> <i class=\"fa-solid fas fa-heartbeat\"><\/i> <i class=\"fa-solid fas fa-globe farbverlauf-srg\"><\/i><\/div>\n<ul>\n<li>Inhalatoren mit 1.000 oder 1.500 ml\/min S\u00e4ttigung, stufenweise ver\u00e4nderbar<\/li>\n<li><strong>Inhalatoren mit 99,996 % reinem Wasserstoff<\/strong><\/li>\n<li>Inhalatoren f\u00fcr Wasserstoff\/Sauerstoff im Verh\u00e4ltnis 2:1 (Brown&#8217;s Gas)<\/li>\n<li>Einfache und wartungsarme Handhabung, Betrieb mit destilliertem Wasser<\/li>\n<li>Display mit Touchfunktion, \u00fcbersichtliche Anzeige, leiser Betrieb<\/li>\n<li>Timer 0,5 &#8211; 8 Stunden, <a href=\"https:\/\/bestelements.de\/de\/wasserstoffwasser\/h2star-qualitaet-wasserstoff-inhalatoren-und-browns-gas\/\"><b><u>langj\u00e4hriger Einsatz<\/u><\/b><\/a><\/li>\n<li><strong>Hochwertige Komponenten, Iridium-beschichtete Membranen<\/strong><\/li>\n<li>Multi-Elektrolyseure in <strong>Premiumqualit\u00e4t<\/strong> mit <a href=\"https:\/\/bestelements.de\/de\/wasserstoffwasser\/h2star-qualitaet-wasserstoff-inhalatoren-und-browns-gas\/\"><u><strong>Zusatz-Garantie<\/strong><\/u><\/a> (3 Jahre)<\/li>\n<li><strong>Deutsches Unternehmen mit Experten-Support <i class=\"fa-solid fas fa-certificate blue\"><\/i> <a href=\"https:\/\/bestelements.de\/de\/wasserstoffwasser\/bestelements-und-wasserstoff-forschung-mitgliedschaft-bei-der-mhi-community\/\"><u>MHI-Mitglied<\/u><\/a><\/strong><\/li>\n<li><i class=\"fa fa-info-circle blue\"><\/i> <a class=\"sg-popup-id-32914 dotted\" href=\"#\">Schaubild Wasserstoffanwendung\/H2-Therapie einblenden<\/a>\n<\/ul>\n<p><b>Variante 1.000 ml\/min H2 oder 1.500 ml\/min HHO w\u00e4hlen:<\/b><\/p>\n","protected":false},"featured_media":27199,"template":"","meta":{"footnotes":""},"product_brand":[],"product_cat":[250],"product_tag":[],"class_list":{"0":"post-20926","1":"product","2":"type-product","3":"status-publish","4":"has-post-thumbnail","6":"product_cat-wasserstoff-inhalatoren","7":"product_shipping_class-luftfilter-bis-20-kg","9":"first","10":"instock","11":"featured","12":"taxable","13":"shipping-taxable","14":"purchasable","15":"product-type-variable"},"_links":{"self":[{"href":"https:\/\/bestelements.de\/de\/wp-json\/wp\/v2\/product\/20926","targetHints":{"allow":["GET"]}}],"collection":[{"href":"https:\/\/bestelements.de\/de\/wp-json\/wp\/v2\/product"}],"about":[{"href":"https:\/\/bestelements.de\/de\/wp-json\/wp\/v2\/types\/product"}],"version-history":[{"count":0,"href":"https:\/\/bestelements.de\/de\/wp-json\/wp\/v2\/product\/20926\/revisions"}],"wp:featuredmedia":[{"embeddable":true,"href":"https:\/\/bestelements.de\/de\/wp-json\/wp\/v2\/media\/27199"}],"wp:attachment":[{"href":"https:\/\/bestelements.de\/de\/wp-json\/wp\/v2\/media?parent=20926"}],"wp:term":[{"taxonomy":"product_brand","embeddable":true,"href":"https:\/\/bestelements.de\/de\/wp-json\/wp\/v2\/product_brand?post=20926"},{"taxonomy":"product_cat","embeddable":true,"href":"https:\/\/bestelements.de\/de\/wp-json\/wp\/v2\/product_cat?post=20926"},{"taxonomy":"product_tag","embeddable":true,"href":"https:\/\/bestelements.de\/de\/wp-json\/wp\/v2\/product_tag?post=20926"}],"curies":[{"name":"wp","href":"https:\/\/api.w.org\/{rel}","templated":true}]}}