{"id":19734,"date":"2023-02-21T14:29:42","date_gmt":"2023-02-21T13:29:42","guid":{"rendered":"https:\/\/bestelements.de\/?post_type=product&#038;p=19734"},"modified":"2025-09-25T09:13:37","modified_gmt":"2025-09-25T07:13:37","slug":"alterung-test-freie-radikale","status":"publish","type":"product","link":"https:\/\/bestelements.de\/de\/kaufen\/test-freie-radikale\/alterung-test-freie-radikale\/","title":{"rendered":"Zell-Alterungstest | Freie Radikale Test"},"content":{"rendered":"<p>Bereits seit Mitte des 20. Jahrhunderts wurde durch den Biogerontologe Denham Harman bekannt, dass <strong>Freie Radikale die Ursache des Alterungsprozesses<\/strong> sind.\u00a0 Freie Radikale werden in unseren Zellen als &#8222;Abfallstoffe&#8220; durch <strong>Umweltgifte, Stress, ungesunde Lebensweise und falsche Ern\u00e4hrung<\/strong> gebildet und beintr\u00e4chtigen unsere Gesundheit. Die Theorie wurde mehrfach durch wissenschaftliche Befunde best\u00e4tigt und daraus die Theorie des Mitochondrialen Alterns entwickelt \u2013 die <strong>Beeintr\u00e4chtigung und St\u00f6rung unseres Energiestoffwechsels als Auswirkung der Zellenalterung<\/strong>. Freie Radikale sind Forschungsergebnissen zufolge au\u00dferdem f\u00fcr die Entstehung vieler schwerer Krankheiten wie Krebs, Arteriosklerose, Diabetes oder Alzheimer verantwortlich.<\/p>\n<p><strong>Die gute Nachricht: Forschungsergebnisse belegen, dass Antioxidantien Freie Radikale bek\u00e4mpfen, den Alterungsprozess mindern und zur Erh\u00f6hung der durchschnittlichen \u00dcberlebenszeit f\u00fchren \u2013 sofern man den Zustand der Freien Radikale im K\u00f6rper kennt. Dieser Urin-Selbsttest gibt Auskunft dar\u00fcber!<\/strong><\/p>","protected":false},"excerpt":{"rendered":"<p>Mit diesem Test werfen Sie einen Blick in Ihr Inneres und ermitteln den Zustand Ihres momentanen Zell-Alterungsprozesses durch Analyse der Freien-Radikale-S\u00e4ttigung (Malondialdehyd) in Ihren Zellen.<\/p>\n<p>Sie erkennen den Zustand Ihres oxidativen Stress-Levels und wie stark dieses Ihren K\u00f6rper belastet. So k\u00f6nnen Sie rechtzeitig mit geeigneten Ma\u00dfnahmen gegensteuern und den Alterungsprozess Ihrer Zellen verlangsamen, Krankheitserscheinungen und Dysfunktionen beheben und Ihr Wohlbefinden deutlich verbessern.<\/p>\n<p>Den Test f\u00fchren Sie mittels Teststreifen als Urintest Zuhause selbst durch. Im Set sind 3 Teststreifen enthalten. Eine Erkl\u00e4rung liegt dem Testset bei und ist auch online mit Empfehlungen abrufbar.<\/p>\n<ul>\n<li>50 Mal genauer als ein Bluttest<\/li>\n<li>3 Tests im Set<\/li>\n<\/ul>\n","protected":false},"featured_media":20334,"template":"","meta":{"footnotes":""},"product_brand":[],"product_cat":[263,274],"product_tag":[266,278],"class_list":{"0":"post-19734","1":"product","2":"type-product","3":"status-publish","4":"has-post-thumbnail","6":"product_cat-test-freie-radikale","7":"product_cat-zubehoer","8":"product_tag-test","9":"product_tag-h2equipment","10":"product_shipping_class-teststreifen","12":"first","13":"instock","14":"featured","15":"taxable","16":"shipping-taxable","17":"purchasable","18":"product-type-simple"},"_links":{"self":[{"href":"https:\/\/bestelements.de\/de\/wp-json\/wp\/v2\/product\/19734","targetHints":{"allow":["GET"]}}],"collection":[{"href":"https:\/\/bestelements.de\/de\/wp-json\/wp\/v2\/product"}],"about":[{"href":"https:\/\/bestelements.de\/de\/wp-json\/wp\/v2\/types\/product"}],"version-history":[{"count":0,"href":"https:\/\/bestelements.de\/de\/wp-json\/wp\/v2\/product\/19734\/revisions"}],"wp:featuredmedia":[{"embeddable":true,"href":"https:\/\/bestelements.de\/de\/wp-json\/wp\/v2\/media\/20334"}],"wp:attachment":[{"href":"https:\/\/bestelements.de\/de\/wp-json\/wp\/v2\/media?parent=19734"}],"wp:term":[{"taxonomy":"product_brand","embeddable":true,"href":"https:\/\/bestelements.de\/de\/wp-json\/wp\/v2\/product_brand?post=19734"},{"taxonomy":"product_cat","embeddable":true,"href":"https:\/\/bestelements.de\/de\/wp-json\/wp\/v2\/product_cat?post=19734"},{"taxonomy":"product_tag","embeddable":true,"href":"https:\/\/bestelements.de\/de\/wp-json\/wp\/v2\/product_tag?post=19734"}],"curies":[{"name":"wp","href":"https:\/\/api.w.org\/{rel}","templated":true}]}}