{"id":19287,"date":"2023-01-18T16:13:18","date_gmt":"2023-01-18T15:13:18","guid":{"rendered":"https:\/\/bestelements.de\/?post_type=product&#038;p=19287"},"modified":"2026-03-06T11:58:37","modified_gmt":"2026-03-06T10:58:37","slug":"buch-codex-humanus-das-buch-der-menschlichkeit","status":"publish","type":"product","link":"https:\/\/bestelements.de\/de\/kaufen\/buecher-ebooks\/buch-codex-humanus-das-buch-der-menschlichkeit\/","title":{"rendered":"Buch &#8222;Codex Humanus &#8211; Das Buch der Menschlichkeit&#8220; 5 B\u00e4nde + 2 Bonus Ebooks"},"content":{"rendered":"<p><\/p>\n<h3>Codex Humanus jetzt in 5 B\u00e4nden<\/h3>\n<p>Alle 5 B\u00e4nde: <a rel=\"noopener nofollow\" href=\"https:\/\/www.vitaminum.net\/codex-humanus-das-buch-der-menschlichkeit-5-baende-2-bonus-ebooks\/sw10124?a_aid=63c7a9e3972ac\" target=\"_blank\">komplette Reihe 5 B\u00e4nde Codex Humanus &#8211; Das Buch der Menschlichkeit mit Bonus Ebooks<\/a><br \/>\n<a rel=\"noopener nofollow\" href=\"https:\/\/www.vitaminum.net\/codex-humanus-das-buch-der-menschlichkeit-5-baende-2-bonus-ebooks\/sw10124?a_aid=63c7a9e3972ac\" class=\"single_add_to_cart_button button alt\" target=\"_blank\">5 B\u00e4nde Codex Humanus mit Bonus Ebooks<\/a><\/p>\n<p>Nur 5. Band nachkaufen: <a rel=\"noopener nofollow\" href=\"https:\/\/www.vitaminum.net\/codex-humanus-das-buch-der-menschlichkeit-band-5\/sw10123?a_aid=63c7a9e3972ac\" target=\"_blank\">Band 5 Codex Humanus &#8211; Das Buch der Menschlichkeit nachkaufen<\/a><br \/>\n<a rel=\"noopener nofollow\" href=\"https:\/\/www.vitaminum.net\/codex-humanus-das-buch-der-menschlichkeit-band-5\/sw10123?a_aid=63c7a9e3972ac\" class=\"single_add_to_cart_button button alt\" target=\"_blank\">nur Band 5 Codex Humanus<\/a><\/p>\n<p>Nur Band 1-4: <a rel=\"noopener nofollow\" href=\"https:\/\/www.vitaminum.net\/gebundene-buecher\/130\/codex-humanus-das-buch-der-menschlichkeit-4-baende-2-bonus-ebooks?a_aid=63c7a9e3972ac\" target=\"_blank\">4 B\u00e4nde Codex Humanus &#8211; Das Buch der Menschlichkeit<\/a><br \/>\n<a rel=\"noopener nofollow\" href=\"https:\/\/www.vitaminum.net\/gebundene-buecher\/130\/codex-humanus-das-buch-der-menschlichkeit-4-baende-2-bonus-ebooks?a_aid=63c7a9e3972ac\" class=\"single_add_to_cart_button button alt\" target=\"_blank\">B\u00e4nde 1-4 Codex Humanus<\/a><\/p>\n<h2>Das ist neu in Band 5 Codex Humanus &#8211; Das Buch der Menschlichkeit<\/h2>\n<p>Der Autor von Codex Humanus Buch der Menschlichkeit erl\u00e4utert, dass er in seinen bisherigen B\u00fcchern die Alternativmedizin bewusst stark auf die Naturheilkunde fokussiert und nat\u00fcrliche Substanzen in den Mittelpunkt gestellt hat. Naturbasierte Ans\u00e4tze galten f\u00fcr ihn lange als der verl\u00e4sslichste Weg innerhalb komplement\u00e4rer Gesundheitsstrategien. Angesichts der heutigen, zunehmend komplexen gesundheitlichen Herausforderungen sieht er jedoch die Notwendigkeit, den Blick zu erweitern und die Alternativmedizin in ihrer gesamten Bandbreite zu betrachten.<\/p>\n<p>Dabei betont er, dass die Naturheilkunde zwar ein zentraler Bestandteil der Alternativmedizin bleibt, diese jedoch als \u00fcbergeordnetes Feld auch weitere innovative und erg\u00e4nzende Ans\u00e4tze umfasst. Entscheidend sei letztlich das Ergebnis f\u00fcr den Menschen: Wenn konventionelle Methoden an ihre Grenzen sto\u00dfen, kann es sinnvoll sein, das therapeutische Spektrum verantwortungsvoll zu erweitern. Gerade vor dem Hintergrund moderner Gesundheitsbelastungen und h\u00e4ufig unbemerkter Prozesse wie chronischer Mikroentz\u00fcndungen (\u201eSilent Inflammation\u201c) pl\u00e4diert der Autor f\u00fcr eine offene, l\u00f6sungsorientierte Herangehensweise, die das Ziel verfolgt, wirksame und nachhaltige Wege zur Unterst\u00fctzung der Gesundheit zu finden.<\/p>\n<h3>Weiter Ebooks und B\u00fccher in dieser Reihe<\/h3>\n<p><a href=\"https:\/\/www.codex-humanus.net\/?a_aid=63c7a9e3972ac\" rel=\"nofollow noopener\" target=\"_blank\">Codex Humanus<\/a><br \/>\n<a href=\"https:\/\/www.vitaminum.net\/4\/medizinskandal-alzheimer\/demenz-bewaehrte-wege-aus-alzheimer-demenz-ebook?a_aid=63c7a9e3972ac\" rel=\"nofollow noopener\" target=\"_blank\">Medizinskandal Alzheimer &amp; Demenz<\/a><br \/>\n<a href=\"https:\/\/www.vitaminum.net\/12\/medizinskandal-arthrose-arthrose-heilung-der-ultimative-leitfaden-ebook?a_aid=63c7a9e3972ac\" rel=\"nofollow noopener\" target=\"_blank\">Medizinskandal Arthrose<\/a><br \/>\n<a href=\"https:\/\/www.vitaminum.net\/14\/medizinskandal-schlaganfall-schlaganfall-vorbeugen-und-die-folgen-mindern-ebook?a_aid=63c7a9e3972ac\" rel=\"nofollow noopener\" target=\"_blank\">Medizinskandal Schlaganfall<\/a><br \/>\n<a href=\"https:\/\/www.vitaminum.net\/3\/medizinskandal-adipositas-die-maechtigsten-fettkiller-von-mutter-natur-ebook?a_aid=63c7a9e3972ac\" rel=\"nofollow noopener\" target=\"_blank\">Medizinskandal Adipositas<\/a><br \/>\n<a href=\"https:\/\/www.vitaminum.net\/11\/medizinskandal-arthritis-die-revolutionaere-heilung-von-arthritis-der-ultimative-leitfaden-ebook?a_aid=63c7a9e3972ac\" rel=\"nofollow noopener\" target=\"_blank\">Medizinskandal Arthritis<\/a><br \/>\n<a href=\"https:\/\/www.vitaminum.net\/15\/medizinskandal-herzinfarkt-herz-natuerlich-staerken-herzinfarkt-vorbeugen-ebook?a_aid=63c7a9e3972ac\" rel=\"nofollow noopener\" target=\"_blank\">Medizinskandal Herzinfarkt<\/a><br \/>\n<a href=\"https:\/\/www.vitaminum.net\/10\/medizinskandal-allergien-allergie-therapie-die-zu-ihrer-heilung-fuehrt-ebook?a_aid=63c7a9e3972ac\" rel=\"nofollow noopener\" target=\"_blank\">Medizinskandal Allergie<\/a><br \/>\n<a href=\"https:\/\/www.vitaminum.net\/13\/medizinskandal-diabetes-wie-sie-erfolgreich-ihren-diabetes-therapieren-ebook?a_aid=63c7a9e3972ac\" rel=\"nofollow noopener\" target=\"_blank\">Medizinskandal Diabetes<\/a><br \/>\n<a href=\"https:\/\/www.vitaminum.net\/16\/medizinskandale-uebersaeuerung-erfolgreich-entsaeuern-und-entschlacken-ebook?a_aid=63c7a9e3972ac\" rel=\"nofollow noopener\" target=\"_blank\">Medizinskandal \u00dcbers\u00e4uerung<\/a><br \/>\n<a href=\"https:\/\/www.vitaminum.net\/5\/medizinskandal-bluthochdruck-bluthochdruck-als-todesursache-nr.1-nachhaltig-senken-ebook?a_aid=63c7a9e3972ac\" rel=\"nofollow noopener\" target=\"_blank\">Medizinskandal Bluthochdruck<\/a><br \/>\n<a href=\"https:\/\/www.vitaminum.net\/6\/medizinskandal-depressionen-ihr-sicherer-weg-zur-heilung-von-depressionen-aengsten-burnout-ebook?a_aid=63c7a9e3972ac\" rel=\"nofollow noopener\" target=\"_blank\">Medizinskandal Depressionen<\/a><br \/>\n<a href=\"https:\/\/www.vitaminum.net\/1\/medizinskandal-krebs-der-brisante-leitfaden-zu-ihrer-krebsheilung-ebook?a_aid=63c7a9e3972ac\" rel=\"nofollow noopener\" target=\"_blank\">Medizinskandal Krebs<\/a><br \/>\n<a href=\"https:\/\/www.vitaminum.net\/7\/medizinskandal-impotenz-der-sichere-weg-aus-der-impotenz-ebook?a_aid=63c7a9e3972ac\" rel=\"nofollow noopener\" target=\"_blank\">Medizinskandal Impotenz<\/a><br \/>\n<a href=\"https:\/\/www.vitaminum.net\/9\/medizinskandal-alterung-der-ultimative-leitfaden-zur-biologischen-verjuengung-ebook?a_aid=63c7a9e3972ac\" rel=\"nofollow noopener\" target=\"_blank\">Medizinskandal Alterung<\/a><br \/>\n<a href=\"https:\/\/www.vitaminum.net\/24\/medizinskandal-pilzerkrankungen-ebook?a_aid=63c7a9e3972ac\" rel=\"nofollow noopener\" target=\"_blank\">Medizinskandal Pilzerkrankungen<\/a><br \/>\n<a href=\"https:\/\/www.vitaminum.net\/27\/medizinskandal-asthma\/bronchitis-ebook?a_aid=63c7a9e3972ac\" rel=\"nofollow noopener\" target=\"_blank\">Medizinskandal Asthma\/Bronchitis<\/a><br \/>\n<a href=\"https:\/\/www.vitaminum.net\/22\/medizinskandal-migraene\/kopfschmerz-ebook?a_aid=63c7a9e3972ac\" rel=\"nofollow noopener\" target=\"_blank\">Medizinskandal Migr\u00e4ne\/Kopfschmerzen<\/a><br \/>\n<a href=\"https:\/\/www.vitaminum.net\/29\/medizinskandal-borreliose-ebook?a_aid=63c7a9e3972ac\" rel=\"nofollow noopener\" target=\"_blank\">Medizinskandal Borreliose<\/a><br \/>\n<a style=\"font-size: 16px;\" href=\"https:\/\/www.vitaminum.net\/31\/medizinskandal-arteriosklerose-ebook?a_aid=63c7a9e3972ac\" rel=\"nofollow noopener\" target=\"_blank\">Medizinskandal Arteriosklerose<\/a><\/p>\n<p><small>Wir bewerben diese B\u00fccher f\u00fcr ein Partnerunternehmen. Der Link zum Buch ist ein s.g. Affiliatelink und f\u00fchrt direkt zum Anbieter. Der Preis ist der gleiche wie direkt beim Anbieter, es wird dadurch f\u00fcr Sie nicht teurer, unter Umst\u00e4nden erhalten Sie \u00fcber unseren Link eine Verg\u00fcnstigung.\u00a0Die Buchbeschreibung stammt vom Anbieter. Weitere themenrelevante B\u00fccher und E-Books sind auf den Seiten des Partnerunternehmens erh\u00e4ltlich.<\/small><\/p>","protected":false},"excerpt":{"rendered":"<h2>Bisher unver\u00f6ffentlichte Studien und Insider-Wissen zu den erfolgreichsten Naturheilsubstanzen aus allen Kontinenten und Kulturkreisen<\/h2>\n<p><strong>Nutzen Sie diese von der Natur vorgesehene Kraft und sch\u00fctzen Sie sich und Ihre Familie<\/strong><\/p>\n<p>Das erste Buch, welches alle wichtigen Aspekte der traditionellen alternativen Medizin (traditionelle chinesische Medizin TCM, Ayurveda, Indiomedizin u.a.) mit den modernen Errungenschaften der orthomolekularen Medizin, Biochemie und Gerontologie kombiniert und <strong>unzensiert<\/strong> offenbart!<\/p>\n<p>Endlich ver\u00f6ffentlichte Studien zu sensationellen Erfolgen und erl\u00e4uterte Therapien in der Pr\u00e4vention aller erdenklichen Erkrankungen wie Allergien, Alzheimer, Alterung, Arthritis, Arthrose, Bluthochdruck, Diabetes, Demenz, Depressionen, Herzkreislauferkrankungen, Krebs, Migr\u00e4ne, \u00dcbergewicht (Adipositas) bis hin zu Zirrhose.<\/p>\n<p>\u00dcbersichtliche Wirkstoff-, Wirkungstabellen erm\u00f6glichen schnellste Orientierung! Ein brisantes, einzigartiges Kompendium und Nachschlagewerk zu wichtigsten Heilsubstanzen und brisanten Studienergebnissen der alternativen Medizin!<\/p>\n<h3>Neuste Auflage in 5 B\u00e4nden (5 B\u00fccher!, wahlweise auch als E-Books)<\/h3>\n<p>Gebundene B\u00fccher + GRATIS E-Books, auch einzeln bestellbar<\/p>\n","protected":false},"featured_media":33440,"template":"","meta":{"footnotes":""},"product_brand":[],"product_cat":[255],"product_tag":[],"class_list":{"0":"post-19287","1":"product","2":"type-product","3":"status-publish","4":"has-post-thumbnail","6":"product_cat-buecher-ebooks","8":"first","9":"instock","10":"taxable","11":"shipping-taxable","12":"product-type-external"},"_links":{"self":[{"href":"https:\/\/bestelements.de\/de\/wp-json\/wp\/v2\/product\/19287","targetHints":{"allow":["GET"]}}],"collection":[{"href":"https:\/\/bestelements.de\/de\/wp-json\/wp\/v2\/product"}],"about":[{"href":"https:\/\/bestelements.de\/de\/wp-json\/wp\/v2\/types\/product"}],"version-history":[{"count":0,"href":"https:\/\/bestelements.de\/de\/wp-json\/wp\/v2\/product\/19287\/revisions"}],"wp:featuredmedia":[{"embeddable":true,"href":"https:\/\/bestelements.de\/de\/wp-json\/wp\/v2\/media\/33440"}],"wp:attachment":[{"href":"https:\/\/bestelements.de\/de\/wp-json\/wp\/v2\/media?parent=19287"}],"wp:term":[{"taxonomy":"product_brand","embeddable":true,"href":"https:\/\/bestelements.de\/de\/wp-json\/wp\/v2\/product_brand?post=19287"},{"taxonomy":"product_cat","embeddable":true,"href":"https:\/\/bestelements.de\/de\/wp-json\/wp\/v2\/product_cat?post=19287"},{"taxonomy":"product_tag","embeddable":true,"href":"https:\/\/bestelements.de\/de\/wp-json\/wp\/v2\/product_tag?post=19287"}],"curies":[{"name":"wp","href":"https:\/\/api.w.org\/{rel}","templated":true}]}}