{"id":18248,"date":"2022-11-23T14:10:24","date_gmt":"2022-11-23T13:10:24","guid":{"rendered":"https:\/\/bestelements.de\/?post_type=product&#038;p=18248"},"modified":"2026-04-11T20:25:50","modified_gmt":"2026-04-11T18:25:50","slug":"duschfilter-gegen-kalk-chlor-uvm-sh18","status":"publish","type":"product","link":"https:\/\/bestelements.de\/de\/kaufen\/duschfilter\/duschfilter-gegen-kalk-chlor-uvm-sh18\/","title":{"rendered":"Duschfilter ShowerShield SH18 gegen Kalk, Chlor, Bakterien&#8230;"},"content":{"rendered":"<p><img decoding=\"async\" class=\"lazyload alignnone size-full wp-image-18252\" src=\"data:image\/svg+xml,%3Csvg%20xmlns%3D%27http%3A%2F%2Fwww.w3.org%2F2000%2Fsvg%27%20width%3D%27700%27%20height%3D%27700%27%20viewBox%3D%270%200%20700%20700%27%3E%3Crect%20width%3D%27700%27%20height%3D%27700%27%20fill-opacity%3D%220%22%2F%3E%3C%2Fsvg%3E\" data-orig-src=\"https:\/\/bestelements.de\/wp-content\/uploads\/Duschfilter-BE-SH18-Filtermedien-ShowerShield.jpg\" alt=\"Duschfilter ShowerShield BE D18 Filtermedien\" width=\"700\" height=\"700\" \/><\/p>\n<p><img decoding=\"async\" class=\"lazyload alignnone size-full wp-image-25488\" src=\"https:\/\/bestelements.de\/wp-content\/uploads\/Duschfilter-Anwendung.jpg\" data-orig-src=\"https:\/\/bestelements.de\/wp-content\/uploads\/Duschfilter-Anwendung.jpg\" alt=\"Duschfilter Anwendung\" width=\"306\" height=\"71\" srcset=\"data:image\/svg+xml,%3Csvg%20xmlns%3D%27http%3A%2F%2Fwww.w3.org%2F2000%2Fsvg%27%20width%3D%27306%27%20height%3D%2771%27%20viewBox%3D%270%200%20306%2071%27%3E%3Crect%20width%3D%27306%27%20height%3D%2771%27%20fill-opacity%3D%220%22%2F%3E%3C%2Fsvg%3E\" data-srcset=\"https:\/\/bestelements.de\/wp-content\/uploads\/Duschfilter-Anwendung-200x46.jpg 200w, https:\/\/bestelements.de\/wp-content\/uploads\/Duschfilter-Anwendung-300x71.jpg 300w, https:\/\/bestelements.de\/wp-content\/uploads\/Duschfilter-Anwendung.jpg 306w\" data-sizes=\"auto\" data-orig-sizes=\"(max-width: 306px) 100vw, 306px\" \/><\/p>\n<p><strong>1.-6. Varianten von Sedimentfiltern aus verschiedenen Gr\u00f6\u00dfen Edelstahlsieben und Polypropylen wirken jeweils als Doppelfilterstufen <\/strong>zur Entfernung von Ablagerungen aus Leitungswasser.<\/p>\n<p><strong>7. Aktivkohle <\/strong>kann Mikroplastik, Hormone, Bakterien, Keime, Legionellen und bestimmte Schwermetalle aus dem Wasser filtern und Ger\u00fcche oder unangenehmen Geschmack beseitigen.<\/p>\n<p><strong>8. Zeolith<\/strong> zersetzt anorganische Verunreinigung, absorbiert Schwermetalle, Ammoniak, Nitrat, entfernt Ger\u00fcche und Dioxine und vermindert die Vermehrung von Bakterien.<\/p>\n<p><strong>9. Quarzsand\/Siliziumdioxid<\/strong> ist ein effizientes Filtermedium gegen Schwebeteile und generelle Verunreinigungen im Duschwasser.<\/p>\n<p><strong>10. Alkalische Keramikkugeln zur Anpassung des pH-Wertes<\/strong>. Die Verbesserung des pH-Werts des Duschwassers in einen neutral-bis-alkalischen Bereich, antioxidative Eigenschaften st\u00e4rken das Immunsystem und unterst\u00fctzen die Gesundheit.<\/p>\n<p><strong>11. Maifan-Steine<\/strong> absorbieren Schwermetalle, gelten als Antibakterium und bereichert durch Mineralisierung des Duschwassers. Es kann die dermatologische Vertr\u00e4glichkeit mithilfe gel\u00f6ster Sauerstoffkonzentration verbessern und Keimbildung wird reduziert.<\/p>\n<p><strong>12. Magnetkugeln<\/strong> unterst\u00fctzen, das Duschwasser weicher zu machen und dass sich Kalk weniger an Duschw\u00e4nden, Fliesen und Armaturen absetzen kann.<\/p>\n<p><strong>13. Kalziumreiche Mineralperlen<\/strong> wirken antibakteriell und geben nat\u00fcrliche Mineralien an das Wasser ab, die das Wohlbefinden unterst\u00fctzen. Sie wirken antibakteriell und anregend f\u00fcr Haut und Haare. Toxine und R\u00fcckst\u00e4nde im Wasser werden vermindert. Die Immunit\u00e4t wird gest\u00e4rkt.<\/p>\n<p><strong>14. Far-Infrarot Keramikkugeln<\/strong> wirken als Anti-Aging-Mittel und sind bekannt, die Widerstandskraft des K\u00f6rpers zu st\u00e4rken. Sie f\u00f6rdern die Durchblutung und verbessern den Stoffwechsel.<\/p>\n<p><strong>15. Calciumsulfit<\/strong> entfernt Chlor und Schwermetallen wie Blei, Quecksilber, Cadmium und Aluminium.<\/p>\n<p><strong>16. Hoch qualitatives KDF 55<\/strong> entfernt Chlor, Schwermetalle und vermindert Kalk, Bakterien und Algen auch in hei\u00dfem Wasser.<\/p>\n<p><strong>17. Resin<\/strong> dient der Enth\u00e4rtung des Duschwassers, Kalzium- und Magnesiumionen im Wasser werden absorbiert.<\/p>\n<p><strong>18. Vitamin C Keramikperlen<\/strong> verleihen dem Wasser ihr enthaltenes, nat\u00fcrliches Vitamin C.<\/p>\n<h2>Einfacher Einbau<\/h2>\n<p><b>So einfach wie das Wechseln des Duschschlauchs:<\/b> Der Einbau zwischen Dusch-\/Badearmatur und Duschschlauch kann selbst erfolgen, ein Installateur ist nicht erforderlich. Es sind Standardgewinde und erforderliche Dichtungen liegen bei.<br \/>\n<small>Abb. schematische Darstellung<\/small><\/p>\n<p><img class=\"lazyload\" decoding=\"async\" src=\"data:image\/svg+xml,%3Csvg%20xmlns%3D%27http%3A%2F%2Fwww.w3.org%2F2000%2Fsvg%27%20width%3D%27204%27%20height%3D%27248%27%20viewBox%3D%270%200%20204%20248%27%3E%3Crect%20width%3D%27204%27%20height%3D%27248%27%20fill-opacity%3D%220%22%2F%3E%3C%2Fsvg%3E\" data-orig-src=\"https:\/\/bestelements.de\/wp-content\/uploads\/Duschfilter-Schema-Einbau-small.png\" alt=\"Duschfilter SH18 einfacher Einbau\" \/><\/p>\n<h3>Anschlussm\u00f6glichkeiten<\/h3>\n<p><img class=\"lazyload\" decoding=\"async\" src=\"data:image\/gif;base64,R0lGODlhAQABAAAAACH5BAEKAAEALAAAAAABAAEAAAICTAEAOw==\" data-orig-src=\"https:\/\/bestelements.de\/wp-content\/uploads\/Duschfilter-SH18-Varianten-Anbringung.png.webp\" alt=\"Anschlussm\u00f6glichkeiten Duschfilter SH18\" width=\"300\" \/><br \/>\n<small>Variante C mit Winkelst\u00fcck (nicht im Lieferumfang enthalten)<\/small><\/p>\n<figure class=\"wp-block-table\">\n<div class=\"table-1\">\n<table>\n<tbody>\n<tr>\n<td class=\"produkte\">Gr\u00f6\u00dfe<\/td>\n<td class=\"produkte\">14,5 cm hoch, Durchmesser 9,5 cm<\/td>\n<\/tr>\n<tr>\n<td class=\"produkte\">Anschluss<\/td>\n<td class=\"produkte\">Standardgewinde 1\/2 Zoll<\/td>\n<\/tr>\n<tr>\n<td class=\"produkte\">Wechsel Filterelement<\/td>\n<td class=\"produkte\">Bei t\u00e4glicher Benutzung alle 3 Monate <a href=\"https:\/\/bestelements.de\/de\/kaufen\/ersatzfilter-wasser\/ersatzfiltermodule-fuer-duschfilter-sh18\/\">Ersatzkartusche<\/a> einsetzen (auch Geh\u00e4use-Ersatzteile erh\u00e4ltlich)<\/td>\n<\/tr>\n<\/tbody>\n<\/table>\n<\/div>\n<\/figure>\n<p><\/p>","protected":false},"excerpt":{"rendered":"<h2><span class=\"blue-back\">Duschfilter<\/span> <span class=\"gray\">ShowerShield BE SH18<\/span><\/h2>\n<div class=\"blue-back\">Hautreaktionen, Haarprobleme und Kalkablagerungen beim Duschen sp\u00fcrbar vermindern<\/div>\n<div id=\"icons-water-stoffe\">\n<i class=\"fa-solid fas fa-shower\"><\/i> <i class=\"fa-solid fas fa-bath\"><\/i> <i class=\"fa-solid fas fa-virus-slash\"><\/i> <i class=\"fa-solid fas fa-viruses\"><\/i> <i class=\"fa-solid fas fa-bacterium\"><\/i> <i class=\"fa-solid fas fa-head-side\"><\/i> <i class=\"fa-solid fas fa-allergies\"><\/i> <i class=\"fa-solid fas fa-dog\"><\/i>\n<\/div>\n<h3>Gut f\u00fcr die ganze Familie, Haustiere und f\u00fcr Ihr Badezimmer<\/h3>\n<p><span class=\"blue-back\">Innovation<\/span> Duschfilter mit 18 separaten Filterstufen gegen Kalk, Chlor, Bakterien, Schwermetalle und viele weitere unerw\u00fcnschte R\u00fcckst\u00e4nde im Leitungswasser sowie im kalten und hei\u00dfen Dusch- und Badewasser. Herausragend effizienter Duschfilter seiner Leistungsklasse.<\/p>\n<ul>\n<li>\u00dcberdurchschnittlich effizient mit gro\u00dfem aber kompaktem Filtergeh\u00e4use<\/li>\n<li>Multiple Filterstufen gegen Kalk, Chlor, Bakterien, Schimmelsporen, R\u00fcckst\u00e4nde und Toxine im Duschwasser<\/li>\n<li>Unterst\u00fctzende Filterstufen f\u00fcr Erfrischung und Belebung<\/li>\n<li>Einfach zwischen Duscharmatur und Duschschlauch anzubringen<\/li>\n<li>Genormtes Standardgewinde inkl. Dichtungsringen<\/li>\n<\/ul>\n","protected":false},"featured_media":23944,"template":"","meta":{"footnotes":""},"product_brand":[],"product_cat":[251,139],"product_tag":[],"class_list":{"0":"post-18248","1":"product","2":"type-product","3":"status-publish","4":"has-post-thumbnail","6":"product_cat-duschfilter","7":"product_cat-wasserfilter-gegen-kalk-und-bakterien","9":"first","10":"instock","11":"featured","12":"taxable","13":"shipping-taxable","14":"purchasable","15":"product-type-simple"},"_links":{"self":[{"href":"https:\/\/bestelements.de\/de\/wp-json\/wp\/v2\/product\/18248","targetHints":{"allow":["GET"]}}],"collection":[{"href":"https:\/\/bestelements.de\/de\/wp-json\/wp\/v2\/product"}],"about":[{"href":"https:\/\/bestelements.de\/de\/wp-json\/wp\/v2\/types\/product"}],"version-history":[{"count":1,"href":"https:\/\/bestelements.de\/de\/wp-json\/wp\/v2\/product\/18248\/revisions"}],"predecessor-version":[{"id":33645,"href":"https:\/\/bestelements.de\/de\/wp-json\/wp\/v2\/product\/18248\/revisions\/33645"}],"wp:featuredmedia":[{"embeddable":true,"href":"https:\/\/bestelements.de\/de\/wp-json\/wp\/v2\/media\/23944"}],"wp:attachment":[{"href":"https:\/\/bestelements.de\/de\/wp-json\/wp\/v2\/media?parent=18248"}],"wp:term":[{"taxonomy":"product_brand","embeddable":true,"href":"https:\/\/bestelements.de\/de\/wp-json\/wp\/v2\/product_brand?post=18248"},{"taxonomy":"product_cat","embeddable":true,"href":"https:\/\/bestelements.de\/de\/wp-json\/wp\/v2\/product_cat?post=18248"},{"taxonomy":"product_tag","embeddable":true,"href":"https:\/\/bestelements.de\/de\/wp-json\/wp\/v2\/product_tag?post=18248"}],"curies":[{"name":"wp","href":"https:\/\/api.w.org\/{rel}","templated":true}]}}