{"id":18140,"date":"2022-10-21T16:10:14","date_gmt":"2022-10-21T14:10:14","guid":{"rendered":"https:\/\/bestelements.de\/?post_type=product&#038;p=18140"},"modified":"2026-01-17T13:12:51","modified_gmt":"2026-01-17T12:12:51","slug":"wasserstoff-inhalator-be-h2-200","status":"publish","type":"product","link":"https:\/\/bestelements.de\/de\/kaufen\/wasserstoff-inhalatoren\/wasserstoff-inhalator-be-h2-200\/","title":{"rendered":"Wasserstoff-Inhalator H2 200"},"content":{"rendered":"<p><\/p>\n<h2><span class=\"blue-back\">BE H2 200<\/span> <span class=\"gray\">Hohe Wasserstoff-Konzentration in reiner Qualit\u00e4t<\/span><\/h2>\n<div class=\"blue-back\">99,996 % reiner Wasserstoff<\/div>\n<p><strong>Gasf\u00f6rmiger Wasserstoff zur wirkungsvollen Unterst\u00fctzung bei physischen und psychischen Mangelerscheinungen<\/strong>: Die erfolgreiche Wirkung ist durch zahlreiche <a href=\"https:\/\/bestelements.de\/de\/wasserstoffwasser\/studien-belegen-wirkung-von-wasserstoffreichem-wasser\/\">Studien<\/a> belegt. Die Aufgabenbereiche des Wasserstoff-Inhalators sind eine effektive Neutralisierung unerw\u00fcnschter freier Radikale in den K\u00f6rperzellen, Verbesserung des Energiestoffwechsels, therapeutische Anwendung bei erh\u00f6hten M\u00fcdigkeitserscheinungen und Mattheit, Fettleibigkeit (Adipositas), adjuvante Therapie bei Schlaganfall-, Alzheimer- und Parkinson-Therapien, Behandlung neurologischer St\u00f6rungen und Angstzust\u00e4nde.<\/p>\n<p>Die Anwendung ist generell Zellstoffwechsel-f\u00f6rdernd und verbessert die Gesundheitseffekt des Immunsystems umfassend. Stress und erh\u00f6hte M\u00fcdigkeitserscheinungen werden abgebaut. Alterserscheinungen werden gelindert. Die Behandlung wirkt auf das Hautbild aufgrund der Verbesserung der Zellstruktur und des Energiestoffwechsels verj\u00fcngend.<\/p>\n<p><strong>Wasserstofftherapie-Megastudien vereinen \u00fcber 550 Einzelstudien<\/strong>: Die Erforschung der Wirkung von Wasserstoff umfasst Studien die bei etwa 170 Erkrankungen durchgef\u00fchrt wurden. Trotz \u00fcberwiegend schwerwiegender Krankheiten wurden durchweg positive Ergebnisse erzielt. In allen klinischen und tierexperimentellen Studien gab es keinerlei negativen Nebenwirkungen von Wasserstoff. Neben seinem antioxidativen und leistungssteigerndem Potenzial ist Wasserstoff auch in der Lage, Entz\u00fcndungsmediatoren bei Entz\u00fcndungen zu reduzieren. (<a href=\"https:\/\/bestelements.de\/de\/wasserstoffwasser\/studien-und-erfahrungen-ueber-wasserstoffreiches-wasser-und-h2-inhalation\/\">Quelle<\/a>)<\/p>\n<h3>Vorteile der Wasserstoff-Inhalation<\/h3>\n<ul>\n<li>Wasserstoff f\u00f6rdert den Stoffwechsel menschlicher K\u00f6rperzellen und beschleunigt die Beseitigung sch\u00e4dlicher freier Radikale<\/li>\n<li>Vitalit\u00e4tssteigerung<\/li>\n<li>Antioxidans<\/li>\n<li>Anti-Aging: Hautverj\u00fcngungseffekt durch Verbesserung des Stoffwechsels<\/li>\n<li>Verbesserung des Schlafes<\/li>\n<li>Verbesserung des Immunsystems<\/li>\n<li>Linderung von \u00fcberm\u00e4\u00dfiger M\u00fcdigkeit und von Schmerzen<\/li>\n<li>Erm\u00f6glicht gro\u00dfe therapeutische Wirkung bei Erkrankungen des Nervensystems und Angstzust\u00e4nden<\/li>\n<\/ul>\n<h2>Wirksamkeit von wasserstoffreichem Trinkwasser und Wasserstoffinhalation<\/h2>\n<h3>Wohlbefinden, Leistungssteigerung, Pr\u00e4vention und Behandlung<\/h3>\n<ul>\n<li><a href=\"https:\/\/bestelements.de\/de\/wasserstoffwasser\/studien-und-erfahrungen-ueber-wasserstoffreiches-wasser-und-h2-inhalation\/\">Studien &amp; Erfahrungen \u00fcber wasserstoffreiches Wasser und H2 Inhalation<\/a><\/li>\n<li><a href=\"https:\/\/bestelements.de\/de\/studien\/studien-ueber-wasserstoff-als-elixier-des-lebens\/\">Studien \u00fcber Wasserstoff als Elixier des Lebens<\/a><\/li>\n<li><a href=\"https:\/\/bestelements.de\/de\/wasserstoffwasser\/studien-belegen-wirkung-von-wasserstoffreichem-wasser\/\">Studien belegen Wirkung von wasserstoffreichem Wasser<\/a><\/li>\n<\/ul>\n<p><img decoding=\"async\" src=\"data:image\/svg+xml,%3Csvg%20xmlns%3D%27http%3A%2F%2Fwww.w3.org%2F2000%2Fsvg%27%20width%3D%27818%27%20height%3D%27486%27%20viewBox%3D%270%200%20818%20486%27%3E%3Crect%20width%3D%27818%27%20height%3D%27486%27%20fill-opacity%3D%220%22%2F%3E%3C%2Fsvg%3E\" data-orig-src=\"https:\/\/bestelements.de\/wp-content\/uploads\/Anwendung-Wasserstoff-Inhalatoren-Alltag-Frau.jpg\" alt=\"Anwendung Wasserstoff Inhalatoren im Alltag\" width=\"818\" height=\"486\" class=\"lazyload alignnone size-full wp-image-19494\" \/><br \/>\n<em><small>Die Anwendung von Wasserstoff-Inhalatoren im Alltag Zuhause oder in medizinischen Einrichtungen (nicht ma\u00dfstabsgerecht)<\/small><\/em><\/p>\n<h2>Beratung Wasserstoff-Inhalation<\/h2>\n<p><span class=\"gray-back-snippet\">Wasserstoff-Anwendung <a href=\"https:\/\/bestelements.de\/de\/wasserstoffwasser\/podcast-beratung-wasserstoffanwendung-h2booster-inhalatoren\/\" target=\"_blank\" class=\"fusion-button button-default button-small button-abstand\">Podcast<\/a> <a href=\"https:\/\/bestelements.de\/de\/wasserstoffwasser\/podcast-wasserstoffreiches-trinkwasser-nutzen-und-erfahrungen\/\" class=\"fusion-button button-default button-small button-abstand\">Videos<\/a> <a href=\"https:\/\/bestelements.de\/de\/wasserstoffwasser\/wasserstoff-inhalatoren-empfehlung-und-vergleich\/\" class=\"fusion-button button-default button-small button-abstand\">Inhalatoren-Vergleich<\/a><\/span><br \/>\n<span class=\"gray-back-snippet\">Wasserstoff <a href=\"https:\/\/bestelements.de\/de\/wasserstoffwasser\/\" target=\"_blank\" class=\"fusion-button button-default button-small button-abstand\">Fachartikel<\/a> <a href=\"https:\/\/bestelements.de\/de\/tag\/h2studien\/\" class=\"fusion-button button-default button-small button-abstand\">Studien<\/a> <a href=\"https:\/\/bestelements.de\/de\/wasserstoffwasser\/fragen-antworten-anwendung-wasserstoffreiches-trinkwasser-wasserstoff-inhalation\/\" class=\"fusion-button button-default button-small button-abstand\">Fragen Antworten<\/a> <a href=\"https:\/\/bestelements.de\/de\/kaufen\/buecher-ebooks\/ebook-wasserstoffreiches-trinkwasser-und-wasserstoff-inhalation-anwendung-und-studien\/\" target=\"_blank\" class=\"fusion-button button-default button-small button-abstand\">e-Book<\/a><\/span><br \/>\n<a class=\"sg-popup-id-149 dotted\" href=\"#\"><i class=\"fa fa-question-circle\"><\/i> Wir beantworten gerne Ihre Fragen zu diesem Wasserstoffinhalator.<\/a><\/p>\n<h2>Ihre Anfrage zu Wasserstoff-Inhalatoren<\/h2>\n<div class=\"wpforms-container wpforms-container-full\" id=\"wpforms-13146\"><form id=\"wpforms-form-13146\" class=\"wpforms-validate wpforms-form\" data-formid=\"13146\" method=\"post\" enctype=\"multipart\/form-data\" action=\"\/de\/wp-json\/wp\/v2\/product\/18140\"><noscript class=\"wpforms-error-noscript\">Bitte aktivieren Sie JavaScript in Ihrem Browser, um dieses Formular fertigzustellen.<\/noscript><div class=\"wpforms-field-container\"><div id=\"wpforms-13146-field_0-container\" class=\"wpforms-field wpforms-field-name\" data-field-id=\"0\"><label class=\"wpforms-field-label\" for=\"wpforms-13146-field_0\">Name <span class=\"wpforms-required-label\">*<\/span><\/label><div class=\"wpforms-field-row wpforms-field-large\"><div class=\"wpforms-field-row-block wpforms-first wpforms-one-half\"><input type=\"text\" id=\"wpforms-13146-field_0\" class=\"wpforms-field-name-first wpforms-field-required\" name=\"wpforms[fields][0][first]\" required><label for=\"wpforms-13146-field_0\" class=\"wpforms-field-sublabel after wpforms-sublabel-hide\">Vorname<\/label><\/div><div class=\"wpforms-field-row-block wpforms-one-half\"><input type=\"text\" id=\"wpforms-13146-field_0-last\" class=\"wpforms-field-name-last wpforms-field-required\" name=\"wpforms[fields][0][last]\" required><label for=\"wpforms-13146-field_0-last\" class=\"wpforms-field-sublabel after wpforms-sublabel-hide\">Nachname<\/label><\/div><\/div><\/div><div id=\"wpforms-13146-field_2-container\" class=\"wpforms-field wpforms-field-textarea\" data-field-id=\"2\"><label class=\"wpforms-field-label\" for=\"wpforms-13146-field_2\">Ich\/Wir w\u00fcnsche\/n ein Angebot \u00fcber folgende Produkte: <span class=\"wpforms-required-label\">*<\/span><\/label><textarea id=\"wpforms-13146-field_2\" class=\"wpforms-field-medium wpforms-field-required\" name=\"wpforms[fields][2]\" required><\/textarea><\/div><div id=\"wpforms-13146-field_1-container\" class=\"wpforms-field wpforms-field-email\" data-field-id=\"1\"><label class=\"wpforms-field-label\" for=\"wpforms-13146-field_1\">E-Mail <span class=\"wpforms-required-label\">*<\/span><\/label><input type=\"email\" id=\"wpforms-13146-field_1\" class=\"wpforms-field-large wpforms-field-required\" name=\"wpforms[fields][1]\" required><\/div><div id=\"wpforms-13146-field_5-container\" class=\"wpforms-field wpforms-field-text\" data-field-id=\"5\"><label class=\"wpforms-field-label\" for=\"wpforms-13146-field_5\">ggf. Firma \/ Organisation<\/label><input type=\"text\" id=\"wpforms-13146-field_5\" class=\"wpforms-field-large\" name=\"wpforms[fields][5]\" ><\/div><div id=\"wpforms-13146-field_4-container\" class=\"wpforms-field wpforms-field-text\" data-field-id=\"4\"><label class=\"wpforms-field-label\" for=\"wpforms-13146-field_4\">Stra\u00dfe Nr.<\/label><input type=\"text\" id=\"wpforms-13146-field_4\" class=\"wpforms-field-medium\" name=\"wpforms[fields][4]\" ><\/div><div id=\"wpforms-13146-field_6-container\" class=\"wpforms-field wpforms-field-text wpforms-one-third wpforms-first\" data-field-id=\"6\"><label class=\"wpforms-field-label\" for=\"wpforms-13146-field_6\">PLZ<\/label><input type=\"text\" id=\"wpforms-13146-field_6\" class=\"wpforms-field-medium wpforms-masked-input\" data-inputmask-mask=\"99999\" name=\"wpforms[fields][6]\" ><\/div><div id=\"wpforms-13146-field_7-container\" class=\"wpforms-field wpforms-field-text wpforms-two-thirds wpforms-two-thirds\" data-field-id=\"7\"><label class=\"wpforms-field-label\" for=\"wpforms-13146-field_7\">Stadt<\/label><input type=\"text\" id=\"wpforms-13146-field_7\" class=\"wpforms-field-medium\" name=\"wpforms[fields][7]\" ><\/div><div id=\"wpforms-13146-field_8-container\" class=\"wpforms-field wpforms-field-html\" data-field-id=\"8\"><div id=\"wpforms-13146-field_8\"><small><b>Wir sch\u00fctzen Ihre Daten!<\/b> Wir verwenden Ihre Daten ausschlie\u00dflich zur Beantwortung Ihrer Fragen und geben sie keinesfalls an Dritte weiter. <a href=\"https:\/\/bestelements.de\/de\/datenschutzerklaerung\/\" target=\"_blank\">Datenschutzbestimmungen<\/a><\/small><\/div><\/div><\/div><div class=\"wpforms-field wpforms-field-hp\"><label for=\"wpforms-13146-field-hp\" class=\"wpforms-field-label\">Message<\/label><input type=\"text\" name=\"wpforms[hp]\" id=\"wpforms-13146-field-hp\" class=\"wpforms-field-medium\"><\/div><input type=\"hidden\" name=\"wpforms[recaptcha]\" value=\"\"><div class=\"wpforms-submit-container\" ><input type=\"hidden\" name=\"wpforms[id]\" value=\"13146\"><input type=\"hidden\" name=\"wpforms[author]\" value=\"1\"><button type=\"submit\" name=\"wpforms[submit]\" class=\"wpforms-submit button-blue\" id=\"wpforms-submit-13146\" value=\"wpforms-submit\" aria-live=\"assertive\" data-alt-text=\"Senden...\" data-submit-text=\"Angebot anfordern\">Angebot anfordern<\/button><\/div><\/form><\/div>  <!-- .wpforms-container -->\n<h2>Technische Daten<\/h2>\n<figure class=\"wp-block-table\">\n<div class=\"table-1\">\n<table>\n<tbody>\n<tr>\n<td class=\"\">Wasserstoffproduktion<\/td>\n<td class=\"produkte\">Flie\u00dfrate: 200 ml\/min<\/td>\n<\/tr>\n<tr>\n<td class=\"\">Membran<\/td>\n<td class=\"produkte\">DuPont Nafion\u2122 N117 (USA) SPE\/PEM, Iridium-beschichtet; Unter Verwendung hochwertigster elektrolytischer Komponenten erzeugt die Reinwasserelektrolyse eine au\u00dfergew\u00f6hnlich hohe Konzentration an 99,996 % reinem Wasserstoff, erzeugt keinerlei andere sch\u00e4dlichen Bestandteile wie bsw. Ozon.<\/td>\n<\/tr>\n<tr>\n<td class=\"\">Modellserie<\/td>\n<td class=\"produkte\"><strong>H2Star<\/strong> <a href=\"https:\/\/bestelements.de\/de\/wasserstoffwasser\/h2star-qualitaet-wasserstoff-inhalatoren-und-browns-gas\/\">Besonderheiten hier<\/a><\/td>\n<\/tr>\n<tr>\n<td class=\"\">Kapazit\u00e4t<\/td>\n<td class=\"produkte\">1,2 l Fassungsverm\u00f6gen des Wasserbeh\u00e4lters<\/td>\n<\/tr>\n<tr>\n<td class=\"\">Elektrolysezelle<\/td>\n<td class=\"produkte\">konzipiert f\u00fcr 6.000-8.000 Betriebsstunden<\/td>\n<\/tr>\n<tr>\n<td class=\"produkte\">Gepr\u00fcft<\/td>\n<td class=\"produkte\"><a href=\"https:\/\/bestelements.de\/de\/qualitaetssicherung\/di-flow-qualitaetsstandard\/\"><img decoding=\"async\" class=\"lazyload alignleft\" src=\"data:image\/gif;base64,R0lGODlhAQABAAAAACH5BAEKAAEALAAAAAABAAEAAAICTAEAOw==\" data-orig-src=\"https:\/\/bestelements.de\/wp-content\/uploads\/Di-Flow-Logo.svg\" alt=\"Di-Flow\" width=\"150px\" height=\"\" \/><\/a> Di-Flow\u00ae Pr\u00fcfungskommission<\/td>\n<\/tr>\n<tr>\n<td class=\"\">Leiser und ruhiger Betrieb<\/td>\n<td class=\"produkte\">Moderne und ger\u00e4uscharme L\u00fcfter-Technologie: Leiser Betrieb f\u00fcr Entspannung, Konzentration oder ruhigen Schlaf<\/td>\n<\/tr>\n<tr>\n<td class=\"\">Gewicht<\/td>\n<td class=\"produkte\">6 kg<\/td>\n<\/tr>\n<tr>\n<td class=\"\">Ma\u00dfe<\/td>\n<td class=\"produkte\">220 x 355 mm (verpackt 275 x 275 x 415 mm)<\/td>\n<\/tr>\n<tr>\n<td class=\"\">Kompakte Bauweise<\/td>\n<td class=\"produkte\">Geh\u00e4use aus beschichtetem Aluminium f\u00fcr Stabilit\u00e4t und gute W\u00e4rmeableitung, lange Haltbarkeit und hohe Lebensdauer<\/td>\n<\/tr>\n<tr>\n<td class=\"\">Stromversorgung<\/td>\n<td class=\"produkte\">110-230 V~50\/60 Hz, 180 VA, EU-Standardstecker Typ CEE 7\/7 (E+F), f\u00fcr Ausland ggf. Adapter nutzen, nicht beiliegend<\/td>\n<\/tr>\n<tr>\n<td class=\"\">Wasserqualit\u00e4t<\/td>\n<td class=\"produkte\">Verwendung von gefiltertem oder destilliertem Wasser, Leitwert unter 5 ppm<\/td>\n<\/tr>\n<tr>\n<td class=\"\">Zertifizierung<\/td>\n<td class=\"produkte\">CE-Zertifikat<\/td>\n<\/tr>\n<tr>\n<td class=\"\">Lieferumfang, Zubeh\u00f6r<\/td>\n<td class=\"produkte\">Inhalator mit Stromkabel, Atemschlauch mit Silikon-Nasenkan\u00fcle, Drainageschlauch, <a href=\"https:\/\/bestelements.de\/de\/manuals\/gebrauchsanleitungen\/\">Gebrauchsanleitung<\/a><\/td>\n<\/tr>\n<\/tbody>\n<\/table>\n<\/div>\n<\/figure>\n<h2>Anwendung &#038; Inbetriebnahme dieses Wasserstoff-Inhalators<\/h2>\n<p><div class=\"fusion-video fusion-youtube\" style=\"--awb-max-width:600px;--awb-max-height:360px;\"><div class=\"video-shortcode\"><priv-fac-lite-youtube class=\"fusion-hidden lty-load\" data-privacy-type=\"youtube\" videoid=\"sePytK08Eys\" class=\"landscape\" params=\"wmode=transparent&autoplay=1&amp;rel=0&amp;enablejsapi=1\" title=\"YouTube video player 1\" data-button-label=\"Play Video\" width=\"600\" height=\"360\" data-thumbnail-size=\"auto\" data-no-cookie=\"on\"><\/priv-fac-lite-youtube><div class=\"fusion-privacy-placeholder\" style=\"width:600px; height:360px;\" data-privacy-type=\"youtube\"><div class=\"fusion-privacy-placeholder-content\"><div class=\"fusion-privacy-label\">For privacy reasons YouTube needs your permission to be loaded. For more details, please see our <a class=\"privacy-policy-link\" href=\"https:\/\/bestelements.de\/de\/datenschutzerklaerung\/\" rel=\"privacy-policy\">Datenschutzerkl\u00e4rung<\/a>.<\/div><button data-privacy-type=\"youtube\" class=\"fusion-button button-default fusion-button-default-size button fusion-privacy-consent\">I Accept<\/button><\/div><\/div><\/div><\/div><\/p>","protected":false},"excerpt":{"rendered":"<h2><span class=\"blue-back\">H2 200 <sup><small>HOME<\/small><\/sup><\/span> <span class=\"textgray\">Wasserstoff-Inhalator<\/span><\/h2>\n<div class=\"blue-back\">Hohe Wasserstoffs\u00e4ttigung und einfache Anwendung<\/div>\n<div id=\"icons-water-stoffe\"><i class=\"fa-solid fas fa-battery-full\"><\/i> <i class=\"fa-solid fas fa-running\"><\/i> <i class=\"fa-solid fas fa-head-side-brain\"><\/i> <i class=\"fa-solid fas fa-heartbeat\"><\/i> <i class=\"fa-solid fas fa-globe farbverlauf-srg\"><\/i><\/div>\n<ul>\n<li>Reinen Wasserstoff als Erg\u00e4nzung zur Atemluft einatmen<\/li>\n<li>Wasserstoffgehalt: 200 ml\/min<\/li>\n<li><strong>99,996 % reiner Wasserstoff<\/strong><\/li>\n<li>Einfache und wartungsarme Handhabung, Betrieb mit destilliertem Wasser<\/li>\n<li>Display mit Touchfunktion, \u00fcbersichtliche Anzeige, leiser Betrieb<\/li>\n<li>Timer 0,5 &#8211; 8 Stunden, <a href=\"https:\/\/bestelements.de\/de\/wasserstoffwasser\/h2star-qualitaet-wasserstoff-inhalatoren-und-browns-gas\/\"><b><u>langj\u00e4hriger Einsatz<\/u><\/b><\/a><\/li>\n<li><strong>Hochwertige Komponenten, Iridium-beschichtete Membranen<\/strong><\/li>\n<li>Elektrolyseure in <strong>Premiumqualit\u00e4t<\/strong> mit <a href=\"https:\/\/bestelements.de\/de\/wasserstoffwasser\/h2star-qualitaet-wasserstoff-inhalatoren-und-browns-gas\/\"><u><strong>Zusatz-Garantie<\/strong><\/u><\/a> (3 Jahre)<\/li>\n<li><strong>Deutsches Unternehmen mit Experten-Support <i class=\"fa-solid fas fa-certificate blue\"><\/i> <a href=\"https:\/\/bestelements.de\/de\/wasserstoffwasser\/bestelements-und-wasserstoff-forschung-mitgliedschaft-bei-der-mhi-community\/\"><u>MHI-Mitglied<\/u><\/a><\/strong><\/li>\n<li><i class=\"fa fa-info-circle blue\"><\/i> <a class=\"sg-popup-id-32914 dotted\" href=\"#\">Schaubild Wasserstoffanwendung\/H2-Therapie einblenden<\/a>\n<\/ul>\n","protected":false},"featured_media":30418,"template":"","meta":{"footnotes":""},"product_brand":[],"product_cat":[250],"product_tag":[],"class_list":{"0":"post-18140","1":"product","2":"type-product","3":"status-publish","4":"has-post-thumbnail","6":"product_cat-wasserstoff-inhalatoren","7":"product_shipping_class-luftfilter-bis-10-kg","9":"first","10":"instock","11":"featured","12":"taxable","13":"shipping-taxable","14":"purchasable","15":"product-type-simple"},"_links":{"self":[{"href":"https:\/\/bestelements.de\/de\/wp-json\/wp\/v2\/product\/18140","targetHints":{"allow":["GET"]}}],"collection":[{"href":"https:\/\/bestelements.de\/de\/wp-json\/wp\/v2\/product"}],"about":[{"href":"https:\/\/bestelements.de\/de\/wp-json\/wp\/v2\/types\/product"}],"version-history":[{"count":0,"href":"https:\/\/bestelements.de\/de\/wp-json\/wp\/v2\/product\/18140\/revisions"}],"wp:featuredmedia":[{"embeddable":true,"href":"https:\/\/bestelements.de\/de\/wp-json\/wp\/v2\/media\/30418"}],"wp:attachment":[{"href":"https:\/\/bestelements.de\/de\/wp-json\/wp\/v2\/media?parent=18140"}],"wp:term":[{"taxonomy":"product_brand","embeddable":true,"href":"https:\/\/bestelements.de\/de\/wp-json\/wp\/v2\/product_brand?post=18140"},{"taxonomy":"product_cat","embeddable":true,"href":"https:\/\/bestelements.de\/de\/wp-json\/wp\/v2\/product_cat?post=18140"},{"taxonomy":"product_tag","embeddable":true,"href":"https:\/\/bestelements.de\/de\/wp-json\/wp\/v2\/product_tag?post=18140"}],"curies":[{"name":"wp","href":"https:\/\/api.w.org\/{rel}","templated":true}]}}