{"id":178,"date":"2020-08-23T14:56:25","date_gmt":"2020-08-23T12:56:25","guid":{"rendered":"https:\/\/bestelements.de\/?post_type=product&#038;p=178"},"modified":"2025-05-17T11:54:32","modified_gmt":"2025-05-17T09:54:32","slug":"trinkwassertest","status":"publish","type":"product","link":"https:\/\/bestelements.de\/de\/kaufen\/trinkwassertest\/trinkwassertest\/","title":{"rendered":"Trinkwassertests im Labor IVARIO"},"content":{"rendered":"<p><\/p>\n<h2>Wasseranalysen im akkreditierten Wasserlabor &#8211; Made in Germany<\/h2>\n<p>Ihre Proben werden in zertifizierten Fachlaboren in Deutschland pr\u00e4zise und zuverl\u00e4ssig ausgewertet.<\/p>\n<h3>Probe nach Anleitung nehmen, Probe einsenden, Ergebnisse abrufen<\/h3>\n<h3>MINI WASSERTEST<\/h3>\n<ul>\n<li>8 Pr\u00fcfwerte<\/li>\n<li>Metalle und Schwermetalle, Mineralstoffe, H\u00e4rtebildner und ph-Wert<\/li>\n<\/ul>\n<h3>KOMBI TRINKWASSERTEST<\/h3>\n<ul>\n<li>19 Pr\u00fcfwerte<\/li>\n<li>Allround-Test mit umfangreichem \u00dcberblick \u00fcber wesentliche Schadstoffe im Wasser<\/li>\n<li>Insbesondere bei Neubauten (ab Baujahr 2000)<\/li>\n<li>Pr\u00fcft Ihr Wasser auf zahlreiche Schwermetalle, Mineralien, Wasserh\u00e4rte u. v. m.<\/li>\n<\/ul>\n<h3>WASSERANALYSE PLUS WASSERTEST<\/h3>\n<ul>\n<li>32 Pr\u00fcfwerte<\/li>\n<li>Geeignet f\u00fcr Familien, Immunschwache Personen oder Hausverwalter \/ Vermieter<\/li>\n<li>F\u00fcr Neu- und Altbauten<\/li>\n<li>Breites Analysespektrum, besonders empfehlenswert bei \u00e4lteren Rohrleitungen und Geb\u00e4uden.<\/li>\n<li>Pr\u00fcfwerte inkl. Uran<\/li>\n<\/ul>\n<h3>PREMIUM WASSERTEST<\/h3>\n<ul>\n<li>50 Pr\u00fcfwerte<\/li>\n<li>Maximale Sicherheit und Gewissheit \u00fcber Ihr Trinkwasser bei Tr\u00fcbung, Verf\u00e4rbung, auff\u00e4lligem Geruch oder Geschmack des Wassers<\/li>\n<li>Umfangreichste Wasseranalyse<\/li>\n<li>Besonders empfohlen f\u00fcr Familien,\u00a0 immungeschw\u00e4chte oder \u00e4ltere Menschen<\/li>\n<\/ul>\n<h3>WASSERTEST to GO<\/h3>\n<ul>\n<li>9 Pr\u00fcfwerte<\/li>\n<li>10 x Teststreifen zur Ermittlung der Wasserqualit\u00e4t<\/li>\n<li>9-in-1-Test f\u00fcr 9 essenzielle Pr\u00fcfparameter<\/li>\n<li>Geeignet f\u00fcr Reise, Hotel, Ferienwohnung, Quellwasser, Wandern und mehr<\/li>\n<\/ul>\n<h3>BABY WASSERTEST<\/h3>\n<ul>\n<li>19 Pr\u00fcfwerte<\/li>\n<li>Testen Sie, ob Ihr Wasser f\u00fcr die Zubereitung von Nahrung f\u00fcr Babys, Kleinkinder und f\u00fcr werdende M\u00fctter w\u00e4hrend der Schwangerschaft geeignet ist.<\/li>\n<li>Der beliebte Wassertest f\u00fcr Eltern<\/li>\n<li>Perfekt f\u00fcr Schwangere und Familien mit Babys oder Kleinkindern<\/li>\n<li>Experten-Analysen in akkreditierten Laboren gem. DIN-EN-ISO 17025<\/li>\n<li>Speziell f\u00fcr das Testen von Wasser zur Zubereitung von Babynahrung<\/li>\n<\/ul>\n<h3>PFAS WASSERANALYSE<\/h3>\n<ul>\n<li>20 Pr\u00fcfwerte<\/li>\n<li>Erkennung von PFAS (Per- und polyfluorierte Alkylsubstanzen) zum Schutz der Gesundheit<\/li>\n<li>Sicherheit und Gewissheit \u00fcber die Qualit\u00e4t Ihres Trinkwassers<\/li>\n<li>besonders geeignet f\u00fcr Familien mit Babys oder Kleinkindern \/ Schwangere<\/li>\n<\/ul>\n<h3>BPA WASSERANALYSE<\/h3>\n<ul>\n<li>1 Pr\u00fcfwert<\/li>\n<li>Bei Verdacht auf BPA im Wasser, bspw. bei mit Epoxidharz sanierten Leitungen oder bei Kunststoffrohren<\/li>\n<li>Schnelle Testergebnisse &#8211; bereits nach 5-7 Tagen inkl. Experten-Tipps<\/li>\n<li>Sicherheit \u00fcber die Trinkwasserqualit\u00e4t und Minimierung potenzieller Gesundheitsrisiken<\/li>\n<\/ul>\n<h3>WASSERTEST ARZNEIMITTEL MEDIKAMENTE PESTIZIDE<\/h3>\n<ul>\n<li>82 Pr\u00fcfwerte<\/li>\n<li>Pr\u00fcfung auf R\u00fcckst\u00e4nde von Medikamenten und Pestiziden im Trinkwasser<\/li>\n<li>Pestizide sind eine potenzielle Gefahr, die \u00fcber das Grundwasser ins Trinkwasser und so schlie\u00dflich auch in den Organismus kommt.<\/li>\n<li>Trinkwasserbelastung durch Arzneimittel- und Medikamentenr\u00fcckst\u00e4nde kommt in wachsendem Ausma\u00df vor<\/li>\n<li>Testen Sie Ihr Wasser auf Medikamente und Pestizide im Leitungswasser<\/li>\n<\/ul>\n<p>Bakterien im Trinkwasser sind ein h\u00e4ufiger Grund f\u00fcr Krankheiten. Hier finden Sie unsere Bakterien- und Keim-Wassertests BASIS, PLUS und PREMIUM f\u00fcr eine unbedenkliche Trinkwasserqualit\u00e4t.<\/p>\n<h3>BAKTERIEN-WASSERTEST-BASIS<\/h3>\n<ul>\n<li>2 Pr\u00fcfwerte<\/li>\n<li>Testung bekannter Krankheitserreger wie E. coli und coliforme Keim<\/li>\n<\/ul>\n<h3>BAKTERIEN-WASSERTEST-PLUS<\/h3>\n<ul>\n<li>5 Pr\u00fcfwerte<\/li>\n<li>Umfassende Analyse der wichtigsten Keime im Wasser<\/li>\n<li>Test der Keimzahlen bei 22\u00b0C (Umwelttemperatur) &amp; 36\u00b0C (K\u00f6rpertemperatur)<\/li>\n<\/ul>\n<h3>BAKTERIEN-WASSERTEST-PREMIUM<\/h3>\n<ul>\n<li>7 Pr\u00fcfwerte<\/li>\n<li>\u00dcberpr\u00fcfung wichtiger Parameter, inklusive Legionellen- und Pseudomonaden-Analyse<\/li>\n<li>Umfassende Analyse f\u00fcr Ihr Trinkwasser<\/li>\n<\/ul>\n<h3>SCHWERMETALL-TRINKWASSERTEST<\/h3>\n<ul>\n<li>7 Pr\u00fcfwerte<\/li>\n<li>Einfache Probeentnahme inkl. Anleitung &#8211; Keine Vorkenntnisse n\u00f6tig<\/li>\n<li>Wasseranalyse im akkreditierten Wasserlabor DIN-EN-ISO 17025<\/li>\n<li>Testergebnisse nach 10-14 Tagen inkl. Experten-Tipps &amp; Handlungsempfehlungen<\/li>\n<\/ul>\n<h3>3 IN 1 BASIS-TRINKWASSER-, BABYWASSER- UND SCHWERMETALLANALYSE<\/h3>\n<ul>\n<li>Professionell und g\u00fcnstig f\u00fcr Ihre Gesundheit<\/li>\n<li>Kontrolliert wird die Qualit\u00e4t des Leitungswassers nur innerhalb der st\u00e4dtischen Leitungen. Deswegen ist es umso wichtiger, dass Sie regelm\u00e4\u00dfig Ihr Leitungswasser testen. Denn oft entstehen Belastungen erst in den hauseigenen Leitungen. Schwermetalle wie Blei und Eisen, erh\u00f6hte Nitratwerte oder sch\u00e4dliche Bakterien k\u00f6nnen die Trinkqualit\u00e4t Ihres Leistungswasser mindern. Weichen die Grenzwerte von denen der Trinkwasserverordnung ab, k\u00f6nnen Sie Ihre Gesundheit gef\u00e4hrden.<\/li>\n<\/ul>\n<h3>LEGIONELLEN WASSERTEST<\/h3>\n<ul>\n<li>Pr\u00fcft auf Legionellen<\/li>\n<li>\u00dcberpr\u00fcfung auf Installations- und Einstellungsm\u00e4ngel des Leitungssystems<\/li>\n<li>Geeignet bei Renovierungen, Erstbezug von Geb\u00e4uden oder nach langem Leerstand (Ferienwohnungen)<\/li>\n<li>Legionellen im Trinkwasser ausschlie\u00dfen und Legionellenbefall z\u00fcgig erkennen.<\/li>\n<li>Der Legionellen Wassertest weist Bakterien im Wasser verl\u00e4sslich nach und bringt schnelle Sicherheit.<\/li>\n<\/ul>\n<h3>POOL-WASSERTEST<\/h3>\n<ul>\n<li>7 Pr\u00fcfwerte<\/li>\n<li>J\u00e4hrliche Analyse Ihres Poolwassers<\/li>\n<li>\u00dcberpr\u00fcfung auf gesundheitssch\u00e4dliche Bakterien und Keime<\/li>\n<li>Sicherheit und Gewissheit \u00fcber die Wasserqualit\u00e4t Ihres Pools<\/li>\n<\/ul>\n<p>Brunnen &amp; Natur Wassertests sind f\u00fcr Brunnenwasser, Naturgew\u00e4sser, Quellwasser, Tr\u00e4nkwasser uvm. geeignet. Die verschiedenen Brunnenwasser-Tests &#8211; von Basis \u00fcber Plus bis Premium \u2013 analysieren auf bis zu 44 wichtige Pr\u00fcfwerte f\u00fcr Privat und Gewerbe.<\/p>\n<h3>BRUNNENWASSERTEST-BASIS<\/h3>\n<ul>\n<li>11 Pr\u00fcfwerte<\/li>\n<li>Ideal f\u00fcr Hobby- und Kleing\u00e4rtner<\/li>\n<li>Zuverl\u00e4ssige Wasseranalyse w\u00e4hrend der Gartensaison<\/li>\n<li>\u00dcberpr\u00fcfung m\u00f6glicher Verunreinigungen und chemischer Belastungen<\/li>\n<\/ul>\n<h3>BRUNNENWASSERTEST-PLUS<\/h3>\n<ul>\n<li>19 Pr\u00fcfwerte<\/li>\n<li>Perfekt f\u00fcr Hobbyg\u00e4rtner und Landwirte<\/li>\n<li>Eine unbedenkliche Verwendung, die \u00fcber die Bew\u00e4sserung von Zier- und Nutzpflanzen hinausgeht<\/li>\n<li>Umfassende Analyse der wichtigsten Schadstoffe im Wasser<\/li>\n<\/ul>\n<h3>BRUNNENWASSERTEST-PREMIUM<\/h3>\n<ul>\n<li>44 Pr\u00fcfwerte<\/li>\n<li>Empfohlen f\u00fcr Vermieter, Eigent\u00fcmer, Landwirte und Verantwortliche f\u00fcr Brunnenwasser<\/li>\n<li>Umfassender \u00dcberblick \u00fcber alle relevanten Parameter<\/li>\n<li>Erkennung von Grenzwert\u00fcberschreitungen und rechtliche Absicherung<\/li>\n<\/ul>\n<h3>RKI WASSERTEST ZAHNARZTPRAXIS-TEST<\/h3>\n<ul>\n<li>Der Wassertest f\u00fcr Ihre Zahnarztpraxis<\/li>\n<li>J\u00e4hrliche Wasseranalyse in Ihrer Praxis nach RKI-Empfehlung<\/li>\n<li>Der DENTAL WASSERTEST pr\u00fcft das Wasser Ihrer Behandlungseinheiten gem. RKI-Richtlinie auf Legionellen, Gesamtkeimzahl 36 \u00b0C &amp; Pseudomonas aeruginosa.<\/li>\n<li>DIN-EN-ISO 17025<\/li>\n<li>Gew\u00e4hrleistung der vorgeschriebenen Hygienestandards<\/li>\n<li>Schutz Ihrer Patientinnen und Patienten<\/li>\n<\/ul>\n<p>Sie erhalten s\u00e4mtliche Testergebnisse Ihres Trinkwassertests innerhalb von etwa 7 &#8211; 14 Tagen nach Laboreingang. Die Analyseergebnisse bekommen Sie, sofern gew\u00fcnscht, zus\u00e4tzlich kostenlos per Post zugesandt. Zudem sind die Ergebnisse online einsehbar und k\u00f6nnen bequem ausgedruckt werden. Um alles so \u00fcbersichtlich wie m\u00f6glich zu halten, werden die einzelnen Analyseergebnisse auf \u00fcbersichtliche Weise dargestellt. Um m\u00f6gliche Gefahrenquellen sofort erkennen zu k\u00f6nnen, werden diese Ergebnisse dar\u00fcber hinaus den in der Trinkwasserverordnung festgelegten Grenzwerten gegen\u00fcbergestellt. Sie erkennen also nicht nur ob, sondern auch wie stark Ihr Trinkwasser belastet ist. Die Ergebnisse eignen sich ideal zur Vorlage beim Vermieter oder der Verwaltung.<\/p>\n<h3>Weitere Labortests<\/h3>\n<ul>\n<li>\n<h3><a href=\"https:\/\/bestelements.de\/de\/kaufen\/messgeraete-luftqualitaet\/asbesttests\/\">Asbesttests<\/a><\/h3>\n<\/li>\n<li>\n<h3><a href=\"https:\/\/bestelements.de\/de\/kaufen\/messgeraete-luftqualitaet\/schimmelentferner-schimmeltests\/\">Schimmeltests<\/a><\/h3>\n<\/li>\n<\/ul>\n<p><small>Wir empfehlen die Tests eines Partnerunternehmen. Der Link zum Test ist ein s.g. Affiliatelink und f\u00fchrt direkt zum Anbieter. Der Preis ist der gleiche wie direkt beim Anbieter, es wird dadurch f\u00fcr Sie nicht teurer, unter Umst\u00e4nden erhalten Sie \u00fcber unseren Link eine Verg\u00fcnstigung. Die Beschreibung stammt vom Anbieter. Weitere Tests sind auf den Seiten des Partnerunternehmens erh\u00e4ltlich.<\/small><\/p>","protected":false},"excerpt":{"rendered":"<p>WASSERTESTS Trinkwasser\/Leitungswasser<\/p>\n<p>BABY WASSERTEST<\/p>\n<p>PFAS und BPA WASSERANALYSEN<\/p>\n<p>ARZNEIMITTEL MEDIKAMENTE PESTIZIDE WASSERTEST<\/p>\n<p>BAKTERIEN-WASSERTESTS<\/p>\n<p>SCHWERMETALL-TRINKWASSERTEST<\/p>\n<p>LEGIONELLEN WASSERTEST<\/p>\n<p>POOL-WASSERTEST<\/p>\n<p>BRUNNENWASSERTESTS<\/p>\n<p>RKI WASSERTEST ZAHNARZTPRAXIS-TEST<\/p>\n<p>Jede 4. Wasserprobe ist belastet, Testen Sie Ihr Leitungswasser f\u00fcr Ihre Sicherheit und die Ihrer Familie!<\/p>\n","protected":false},"featured_media":30043,"template":"","meta":{"footnotes":""},"product_brand":[],"product_cat":[39],"product_tag":[266],"class_list":{"0":"post-178","1":"product","2":"type-product","3":"status-publish","4":"has-post-thumbnail","6":"product_cat-trinkwassertest","7":"product_tag-test","9":"first","10":"instock","11":"product-type-external"},"_links":{"self":[{"href":"https:\/\/bestelements.de\/de\/wp-json\/wp\/v2\/product\/178","targetHints":{"allow":["GET"]}}],"collection":[{"href":"https:\/\/bestelements.de\/de\/wp-json\/wp\/v2\/product"}],"about":[{"href":"https:\/\/bestelements.de\/de\/wp-json\/wp\/v2\/types\/product"}],"version-history":[{"count":0,"href":"https:\/\/bestelements.de\/de\/wp-json\/wp\/v2\/product\/178\/revisions"}],"wp:featuredmedia":[{"embeddable":true,"href":"https:\/\/bestelements.de\/de\/wp-json\/wp\/v2\/media\/30043"}],"wp:attachment":[{"href":"https:\/\/bestelements.de\/de\/wp-json\/wp\/v2\/media?parent=178"}],"wp:term":[{"taxonomy":"product_brand","embeddable":true,"href":"https:\/\/bestelements.de\/de\/wp-json\/wp\/v2\/product_brand?post=178"},{"taxonomy":"product_cat","embeddable":true,"href":"https:\/\/bestelements.de\/de\/wp-json\/wp\/v2\/product_cat?post=178"},{"taxonomy":"product_tag","embeddable":true,"href":"https:\/\/bestelements.de\/de\/wp-json\/wp\/v2\/product_tag?post=178"}],"curies":[{"name":"wp","href":"https:\/\/api.w.org\/{rel}","templated":true}]}}