{"id":1776,"date":"2020-11-26T17:02:00","date_gmt":"2020-11-26T16:02:00","guid":{"rendered":"https:\/\/bestelements.de\/?post_type=product&#038;p=1776"},"modified":"2026-01-15T11:22:48","modified_gmt":"2026-01-15T10:22:48","slug":"luftfilter-luftreiniger-be-air6-fuer-zuhause-und-buero","status":"publish","type":"product","link":"https:\/\/bestelements.de\/de\/kaufen\/luftfilter-luftreiniger-onlineshop\/luftfilter-luftreiniger-be-air6-fuer-zuhause-und-buero\/","title":{"rendered":"Luftfilter Luftreiniger BE AIR6 f\u00fcr Zuhause und B\u00fcro"},"content":{"rendered":"<p><\/p>\n<h2>Saubere Luft Zuhause, als g\u00e4be es f\u00fcr Sie weder Viren, Pollen noch Feinstaub. Denn ohne das leben Sie ges\u00fcnder.<\/h2>\n<p><span class=\"gray\">Sie m\u00f6chten mit Ihrer Familie frei durchatmen k\u00f6nnen und Ihre G\u00e4ste sollen sich wohl f\u00fchlen! Sie m\u00f6chten sich keine Sorgen um schlechte Luftqualit\u00e4t durch Keime, Aerosole oder Pollen machen? Das wird Wirklichkeit! Der Luftreiniger BE AIR6 entfernt mit seinen 9 Filterstufen kinderleicht und schnell auch Ger\u00fcche, Tierhaare, Formaldehyd und Schimmelpilzsporen. Frisch und frei durchatmen \u2013 dann f\u00fchlen sich Eltern, Kids und G\u00e4ste wohl.<\/span><\/p>\n<h2><span class=\"blue-back\">BE AIR6<\/span> <span class=\"gray\">Luftreiniger<\/span><\/h2>\n<div class=\"blue-back\">Wenn es auf Luftreinheit mit besonders effizienten Filterstufen ankommt.<\/div>\n<p><img decoding=\"async\" class=\"lazyload alignnone wp-image-3678 size-full\" src=\"https:\/\/bestelements.de\/wp-content\/uploads\/Luftfilter-Anwendung-Zuhause-Wohnzimmer.jpg\" data-orig-src=\"https:\/\/bestelements.de\/wp-content\/uploads\/Luftfilter-Anwendung-Zuhause-Wohnzimmer.jpg\" alt=\"\" width=\"1200\" height=\"386\" srcset=\"data:image\/svg+xml,%3Csvg%20xmlns%3D%27http%3A%2F%2Fwww.w3.org%2F2000%2Fsvg%27%20width%3D%271200%27%20height%3D%27386%27%20viewBox%3D%270%200%201200%20386%27%3E%3Crect%20width%3D%271200%27%20height%3D%27386%27%20fill-opacity%3D%220%22%2F%3E%3C%2Fsvg%3E\" data-srcset=\"https:\/\/bestelements.de\/wp-content\/uploads\/Luftfilter-Anwendung-Zuhause-Wohnzimmer-200x64.jpg 200w, https:\/\/bestelements.de\/wp-content\/uploads\/Luftfilter-Anwendung-Zuhause-Wohnzimmer-300x97.jpg 300w, https:\/\/bestelements.de\/wp-content\/uploads\/Luftfilter-Anwendung-Zuhause-Wohnzimmer-400x129.jpg 400w, https:\/\/bestelements.de\/wp-content\/uploads\/Luftfilter-Anwendung-Zuhause-Wohnzimmer-500x161.jpg 500w, https:\/\/bestelements.de\/wp-content\/uploads\/Luftfilter-Anwendung-Zuhause-Wohnzimmer-600x193.jpg 600w, https:\/\/bestelements.de\/wp-content\/uploads\/Luftfilter-Anwendung-Zuhause-Wohnzimmer-700x225.jpg 700w, https:\/\/bestelements.de\/wp-content\/uploads\/Luftfilter-Anwendung-Zuhause-Wohnzimmer-768x247.jpg 768w, https:\/\/bestelements.de\/wp-content\/uploads\/Luftfilter-Anwendung-Zuhause-Wohnzimmer-800x257.jpg 800w, https:\/\/bestelements.de\/wp-content\/uploads\/Luftfilter-Anwendung-Zuhause-Wohnzimmer-1024x329.jpg 1024w, https:\/\/bestelements.de\/wp-content\/uploads\/Luftfilter-Anwendung-Zuhause-Wohnzimmer.jpg 1200w\" data-sizes=\"auto\" data-orig-sizes=\"(max-width: 1200px) 100vw, 1200px\" \/><\/p>\n<p>Entfernt Feinstaub PM 2.5, Hausstaub, Pollen, Bl\u00fctenstaub, Qualm und Zigarettenrauch, Ger\u00fcche, Keime und Krankheitserreger, Mikroorganismen, Bakterien und Viren, Aerosole, Schimmelpilzsporen, Tierhaare und Milben, Schwermetalle, Asbest, toxische St\u00e4ube, TVOC, Formaldehyd, organische Verbindungen und viele weitere Verunreinigungen.<\/p>\n<h2 class=\"linie\"><span class=\"blue-back\">BE AIR6<\/span> <span class=\"gray\">\u00fcbertrifft Anforderungen<\/span><\/h2>\n<p>Der Luftfilter BE AIR6 \u00fcbertrifft die Anforderungen an einen guten Luftfilter gem\u00e4\u00df Empfehlungen des Institutsleiter f\u00fcr Str\u00f6mungsmechanik und Aerodynamik der Universit\u00e4t der Bundeswehr M\u00fcnchen, Christian K\u00e4hler<\/p>\n<blockquote><p>Das Ger\u00e4t sollte in der Lage sein, mindestens das sechsfache Volumen des Raumes in einer Stunde zu filtern&#8230; Die Ger\u00e4te m\u00fcssen m\u00f6glichst leise sein&#8230; nicht lauter sein als 52 Dezibel*<\/p><\/blockquote>\n<div class=\"blue-back-box\" style=\"text-align: left;\">Beispiel: Die Luft in einem 20 m\u00b2 gro\u00dfem Raum wird etwa 7,5 Mal pro Stunde komplett durchgefiltert**<\/div>\n<div id=\"icons-air-features\"><\/div>\n<figure class=\"wp-block-table\">\n<div class=\"table-1\">\n<table width=\"100%\">\n<tbody>\n<tr>\n<td align=\"left\">Volumenstrom \/ CADR Filterleistung: <strong>420 m\u00b3\/h<\/strong><\/td>\n<td align=\"left\"><span class=\"blue strong\">HOHER WERT<\/span><\/td>\n<\/tr>\n<tr>\n<td align=\"left\"><strong>9 Filterstufen<\/strong><\/td>\n<td align=\"left\"><span class=\"blue strong\">TOP WERT<\/span><\/td>\n<\/tr>\n<tr>\n<td align=\"left\">Filtert das <strong>7,5 fache Volumen<\/strong> eines Raumes pro Stunde*<\/td>\n<td align=\"left\"><span class=\"blue strong\">TOP WERT<\/span><\/td>\n<\/tr>\n<tr>\n<td align=\"left\">Sensorautomatik oder manuelle Steuerung<\/td>\n<td align=\"left\"><span class=\"blue strong\">SMART SENSOR<\/span><\/td>\n<\/tr>\n<tr>\n<td align=\"left\">4 Geschwindigkeitsstufen Low bis Highspeed<\/td>\n<td align=\"left\"><span class=\"blue strong\">TOP FEATURE<\/span><\/td>\n<\/tr>\n<tr>\n<td align=\"left\">Leiser Fl\u00fcstermodus 34 dB<\/td>\n<td align=\"left\"><span class=\"blue strong\">TOP WERT<\/span><\/td>\n<\/tr>\n<tr>\n<td align=\"left\">Klappbares LCD-Display mit Touchscreen<\/td>\n<td align=\"left\"><span class=\"blue strong\">TOP FEATURE<\/span><\/td>\n<\/tr>\n<tr>\n<td align=\"left\">Anzeige aktuelle Luftbelastung, PM2.5<\/td>\n<td align=\"left\"><span class=\"blue strong\">TOP FEATURE<\/span><\/td>\n<\/tr>\n<tr>\n<td align=\"left\">Erinnerung Wechsel der Filterelemente<\/td>\n<td align=\"left\"><span class=\"blue strong\">Nice to have<\/span><\/td>\n<\/tr>\n<tr>\n<td align=\"left\">Einfacher Wechsel der Filterelemente<\/td>\n<td align=\"left\"><span class=\"blue strong\">EASY CLICK<\/span><\/td>\n<\/tr>\n<\/tbody>\n<\/table>\n<\/div>\n<\/figure>\n<p><img decoding=\"async\" class=\"lazyload alignnone wp-image-363 size-full\" src=\"https:\/\/bestelements.de\/wp-content\/uploads\/2020\/11\/Filterstufen-BE-AIR6-portal.jpg\" data-orig-src=\"https:\/\/bestelements.de\/wp-content\/uploads\/2020\/11\/Filterstufen-BE-AIR6-portal.jpg\" alt=\"\" width=\"1063\" height=\"444\" srcset=\"data:image\/svg+xml,%3Csvg%20xmlns%3D%27http%3A%2F%2Fwww.w3.org%2F2000%2Fsvg%27%20width%3D%271063%27%20height%3D%27444%27%20viewBox%3D%270%200%201063%20444%27%3E%3Crect%20width%3D%271063%27%20height%3D%27444%27%20fill-opacity%3D%220%22%2F%3E%3C%2Fsvg%3E\" data-srcset=\"https:\/\/bestelements.de\/wp-content\/uploads\/2020\/11\/Filterstufen-BE-AIR6-portal-300x125.jpg 300w, https:\/\/bestelements.de\/wp-content\/uploads\/2020\/11\/Filterstufen-BE-AIR6-portal-500x209.jpg 500w, https:\/\/bestelements.de\/wp-content\/uploads\/2020\/11\/Filterstufen-BE-AIR6-portal-700x292.jpg 700w, https:\/\/bestelements.de\/wp-content\/uploads\/2020\/11\/Filterstufen-BE-AIR6-portal-768x321.jpg 768w, https:\/\/bestelements.de\/wp-content\/uploads\/2020\/11\/Filterstufen-BE-AIR6-portal-1024x428.jpg 1024w, https:\/\/bestelements.de\/wp-content\/uploads\/2020\/11\/Filterstufen-BE-AIR6-portal.jpg 1063w\" data-sizes=\"auto\" data-orig-sizes=\"(max-width: 1063px) 100vw, 1063px\" \/><\/p>\n<h2 class=\"linie\"><span class=\"blue-back\">BE AIR6<\/span> <span class=\"gray\">Filterstufen<\/span><\/h2>\n<p><span class=\"blue\">\u2776\u00a0<strong>Frontfilter<\/strong><\/span><br \/>\nEntfernt gr\u00f6\u00dfere Partikel, Haare, Schuppen, Pollen (absaugbar: senkt Folgekosten)<br \/>\n<span class=\"blue\">\u2777\u00a0<strong>TRUE HEPA<\/strong><\/span><br \/>\nFiltert ultrafeine Mikron-Partikel bis zu 0,03 \u00b5m, Bakterien und Viren, Aerosole<br \/>\n<span class=\"blue\">\u2778\u00a0<strong>Cold Katalysator<\/strong><\/span><br \/>\nAbsorbiert und zersetzt Formaldehyd, entfernt sch\u00e4dliche Gase wie Benzol, Ammoniak und TVOC<br \/>\n<span class=\"blue\">\u2779 <strong>Aktivkohlegewebe<\/strong><\/span><br \/>\nSchwammstruktur entfernt Ger\u00fcche und Molek\u00fclteilchen wie Ammoniak, Formaldehyd und organische Komponenten und Aerosole<br \/>\n<span class=\"blue\">\u277a <strong>Aktivkohlegranulat<\/strong><\/span><br \/>\nHochmolekulares Sieb mit immenser Oberfl\u00e4che absorbiert sch\u00e4dliche Substanzen<br \/>\n<span class=\"blue\">\u277b <strong>Fotokatalysator<\/strong><\/span><br \/>\nZersetzt verschiedene organische und anorganische Substanzen mit starker Reinigungs-, Sterilisationsfunktion und zur Desodorierung von Ger\u00fcchen<br \/>\n<span class=\"blue\">\u277c <strong>Ionisator (Negativ-Ionen) <\/strong><\/span> Doppelstufe<br \/>\n<span class=\"blue\">Auch bekannt als \u201eVitamine der Luft\u201c<\/span> Absorbieren schnell sch\u00e4dliche Substanzen und binden verschiedene Schadstoffe wie Staub, Ger\u00fcche, Bakterien, Viren<br \/>\n<span class=\"blue\">\u277d <strong>O<sub>3<\/sub>Generator<\/strong><\/span><br \/>\nAktiver Sauerstoff sterilisiert effektiv gegen Rauch und Ger\u00fcche, zersetzt organische Verbindungen, Viren und Bakterien, erfrischende Wirkung (Gewittereffekt)<br \/>\n<span class=\"blue\">\u277e\u00a0<strong>UV (UV-C)<\/strong><\/span><br \/>\nBeseitigt Schimmelpilzsporen, Keime, Bakterien und Viren<br \/>\n<small>Einzelne Filterstufen sind nach Bedarf zu\/abschaltbar<\/small><\/p>\n<h2 class=\"linie\"><span class=\"blue-back\">BE AIR6<\/span> <span class=\"gray\">Extras<\/span><\/h2>\n<ul>\n<li>Tragegriff f\u00fcr schnelles Umstellen<\/li>\n<li>Mit Fernbedienung<\/li>\n<li>Kindersicherung\u00a0<i class=\"fa fa-child\"><\/i><\/li>\n<li>Timer 1 bis 8 Stunden <i class=\"fa fa-clock\"><\/i><\/li>\n<\/ul>\n<h2 class=\"linie\"><span class=\"blue-back\">BE AIR6<\/span> <span class=\"gray\"> Downloads<\/span><\/h2>\n<p><div class=\"fusion-content-boxes content-boxes columns row fusion-columns-3 fusion-columns-total-3 fusion-content-boxes-1 content-boxes-icon-on-side content-left\" style=\"--awb-hover-accent-color:#3d66ae;--awb-circle-hover-accent-color:#3d66ae;\" data-animationOffset=\"top-into-view\"><div style=\"--awb-backgroundcolor:rgba(255,255,255,0);--awb-content-padding-left:64px;\" class=\"fusion-column content-box-column content-box-column content-box-column-1 col-lg-4 col-md-4 col-sm-4 fusion-content-box-hover content-box-column-first-in-row\"><div class=\"col content-box-wrapper content-wrapper link-area-link-icon link-type-text content-icon-wrapper-yes icon-hover-animation-fade\" data-animationOffset=\"top-into-view\"><div class=\"heading heading-with-icon icon-left\"><a class=\"heading-link\" href=\"https:\/\/bestelements.de\/wp-content\/uploads\/Datenblatt-Luftfilter-BE-AIR6.pdf\" target=\"_self\"><div class=\"icon\"><span style=\"height:42px;width:42px;line-height:22px;border-color:rgba(255,255,255,0);border-width:1px;border-style:solid;background-color:#009fe3;margin-right:20px;box-sizing:content-box;border-radius:50%;\"><i style=\"border-color:#009fe3;border-width:1px;background-color:#009fe3;box-sizing:content-box;height:40px;width:40px;line-height:40px;border-radius:50%;position:relative;top:auto;left:auto;margin:0;border-radius:50%;font-size:20px;\" aria-hidden=\"true\" class=\"fontawesome-icon fa-file-alt fas circle-yes\"><\/i><\/span><\/div><\/a><\/div><div class=\"fusion-clearfix\"><\/div><a class=\" fusion-read-more\" style=\"margin-left:64px;\" href=\"https:\/\/bestelements.de\/wp-content\/uploads\/Datenblatt-Luftfilter-BE-AIR6.pdf\" target=\"_self\">BE AIR6 Datenblatt<\/a><div class=\"fusion-clearfix\"><\/div><\/div><\/div><div style=\"--awb-backgroundcolor:rgba(255,255,255,0);--awb-content-padding-left:64px;\" class=\"fusion-column content-box-column content-box-column content-box-column-2 col-lg-4 col-md-4 col-sm-4 fusion-content-box-hover \"><div class=\"col content-box-wrapper content-wrapper link-area-link-icon link-type-text content-icon-wrapper-yes icon-hover-animation-fade\" data-animationOffset=\"top-into-view\"><div class=\"heading heading-with-icon icon-left\"><a class=\"heading-link\" href=\"https:\/\/bestelements.de\/manuals\/gebrauchsanleitungen\/\" target=\"_self\"><div class=\"icon\"><span style=\"height:42px;width:42px;line-height:22px;border-color:rgba(255,255,255,0);border-width:1px;border-style:solid;background-color:#009fe3;margin-right:20px;box-sizing:content-box;border-radius:50%;\"><i style=\"border-color:#009fe3;border-width:1px;background-color:#009fe3;box-sizing:content-box;height:40px;width:40px;line-height:40px;border-radius:50%;position:relative;top:auto;left:auto;margin:0;border-radius:50%;font-size:20px;\" aria-hidden=\"true\" class=\"fontawesome-icon fa-file-alt fas circle-yes\"><\/i><\/span><\/div><\/a><\/div><div class=\"fusion-clearfix\"><\/div><a class=\" fusion-read-more\" style=\"margin-left:64px;\" href=\"https:\/\/bestelements.de\/manuals\/gebrauchsanleitungen\/\" target=\"_self\">Gebrauchsanleitungen<\/a><div class=\"fusion-clearfix\"><\/div><\/div><\/div><div style=\"--awb-backgroundcolor:rgba(255,255,255,0);--awb-content-padding-left:64px;\" class=\"fusion-column content-box-column content-box-column content-box-column-3 col-lg-4 col-md-4 col-sm-4 fusion-content-box-hover content-box-column-last content-box-column-last-in-row\"><div class=\"col content-box-wrapper content-wrapper link-area-link-icon link-type-text content-icon-wrapper-yes icon-hover-animation-fade\" data-animationOffset=\"top-into-view\"><div class=\"heading heading-with-icon icon-left\"><a class=\"heading-link\" href=\"https:\/\/bestelements.de\/de\/produkt-kategorie\/ersatzfilter-luft\/\" target=\"_self\"><div class=\"icon\"><span style=\"height:42px;width:42px;line-height:22px;border-color:rgba(255,255,255,0);border-width:1px;border-style:solid;background-color:#009fe3;margin-right:20px;box-sizing:content-box;border-radius:50%;\"><i style=\"border-color:#009fe3;border-width:1px;background-color:#009fe3;box-sizing:content-box;height:40px;width:40px;line-height:40px;border-radius:50%;position:relative;top:auto;left:auto;margin:0;border-radius:50%;font-size:20px;\" aria-hidden=\"true\" class=\"fontawesome-icon fa-sync-alt fas circle-yes\"><\/i><\/span><\/div><\/a><\/div><div class=\"fusion-clearfix\"><\/div><a class=\" fusion-read-more\" style=\"margin-left:64px;\" href=\"https:\/\/bestelements.de\/de\/produkt-kategorie\/ersatzfilter-luft\/\" target=\"_self\">Ersatzfilter<\/a><div class=\"fusion-clearfix\"><\/div><\/div><\/div><div class=\"fusion-clearfix\"><\/div><\/div><div class=\"fusion-text fusion-text-1\"><p>\n<nav class=\"awb-menu awb-menu_row awb-menu_em-hover mobile-mode-collapse-to-button awb-menu_icons-left awb-menu_dc-yes mobile-trigger-fullwidth-off awb-menu_mobile-toggle awb-menu_indent-left mobile-size-full-absolute loading mega-menu-loading awb-menu_desktop awb-menu_dropdown awb-menu_expand-right awb-menu_transition-fade fusion-animated\" style=\"--awb-text-transform:none;--awb-gap:3px;--awb-submenu-bg:#ffffff;--awb-submenu-active-bg:#e8f6f9;--awb-submenu-text-transform:none;--awb-main-justify-content:flex-start;--awb-mobile-justify:flex-start;--awb-mobile-caret-left:auto;--awb-mobile-caret-right:0;--awb-fusion-font-family-typography:inherit;--awb-fusion-font-style-typography:normal;--awb-fusion-font-weight-typography:400;--awb-fusion-font-family-submenu-typography:inherit;--awb-fusion-font-style-submenu-typography:normal;--awb-fusion-font-weight-submenu-typography:400;--awb-fusion-font-family-mobile-typography:inherit;--awb-fusion-font-style-mobile-typography:normal;--awb-fusion-font-weight-mobile-typography:400;\" aria-label=\"Luft vergleichen\" data-breakpoint=\"0\" data-count=\"0\" data-transition-type=\"fade\" data-transition-time=\"300\" data-expand=\"right\" data-animationType=\"fadeInLeft\" data-animationDuration=\"1.0\" data-animationOffset=\"top-into-view\"><ul id=\"menu-luft-vergleichen\" class=\"fusion-menu awb-menu__main-ul awb-menu__main-ul_row\"><li  id=\"menu-item-4356\"  class=\"menu-item menu-item-type-custom menu-item-object-custom menu-item-4356 sg-popup-id-4357 awb-menu__li awb-menu__main-li awb-menu__li_button\"  data-item-id=\"4356\"><a  href=\"#\" class=\"awb-menu__main-a awb-menu__main-a_button\"><span class=\"menu-text fusion-button button-default button-small\"><span class=\"button-icon-divider-left fusion-megamenu-icon\"><i class=\"glyphicon fa-eye fas\" aria-hidden=\"true\"><\/i><\/span><span class=\"fusion-button-text-left\">Ger\u00e4te vergleichen<\/span><\/span><\/a><\/li><\/ul><\/nav><div class=\"fusion-text fusion-text-1\"><\/div><\/p>\n<\/div><br \/>\n<a class=\"sg-popup-id-149 dotted\" href=\"#\"><i class=\"fa fa-comments\"><\/i> Wir beantworten gerne Ihre Fragen zu diesem Filterger\u00e4t.<\/a><\/p>\n<div class=\"wpforms-container wpforms-container-full\" id=\"wpforms-11833\"><form id=\"wpforms-form-11833\" class=\"wpforms-validate wpforms-form\" data-formid=\"11833\" method=\"post\" enctype=\"multipart\/form-data\" action=\"\/de\/wp-json\/wp\/v2\/product\/1776\"><div class=\"wpforms-head-container\"><div class=\"wpforms-title\">Produktberatung gew\u00fcnscht?<\/div><div class=\"wpforms-description\"><i class=\"fa fa-comments blue\"> <\/i> Sie haben Fragen zu diesem Luftfilter? Gerne rufen wir Sie an oder beantworten Ihre Fragen per E-Mail. <\/div><\/div><noscript class=\"wpforms-error-noscript\">Bitte aktivieren Sie JavaScript in Ihrem Browser, um dieses Formular fertigzustellen.<\/noscript><div class=\"wpforms-field-container\"><div id=\"wpforms-11833-field_8-container\" class=\"wpforms-field wpforms-field-html\" data-field-id=\"8\"><div id=\"wpforms-11833-field_8\"><small><b>Wir sch\u00fctzen Ihre Daten!<\/b> Wir verwenden Ihre Daten ausschlie\u00dflich zur Beantwortung Ihrer Fragen und geben sie keinesfalls an Dritte weiter. <a href=\"https:\/\/bestelements.de\/de\/datenschutzerklaerung\/\" target=\"_blank\">Datenschutzbestimmungen<\/a><\/small><\/div><\/div><div id=\"wpforms-11833-field_0-container\" class=\"wpforms-field wpforms-field-name\" data-field-id=\"0\"><label class=\"wpforms-field-label\" for=\"wpforms-11833-field_0\">Name <span class=\"wpforms-required-label\">*<\/span><\/label><input type=\"text\" id=\"wpforms-11833-field_0\" class=\"wpforms-field-medium wpforms-field-required\" name=\"wpforms[fields][0]\" required><\/div><div id=\"wpforms-11833-field_2-container\" class=\"wpforms-field wpforms-field-textarea\" data-field-id=\"2\"><label class=\"wpforms-field-label\" for=\"wpforms-11833-field_2\">Ich habe folgende Frage\/n:<\/label><textarea id=\"wpforms-11833-field_2\" class=\"wpforms-field-medium\" name=\"wpforms[fields][2]\" ><\/textarea><\/div><div id=\"wpforms-11833-field_4-container\" class=\"wpforms-field wpforms-field-phone\" data-field-id=\"4\"><label class=\"wpforms-field-label\" for=\"wpforms-11833-field_4\">Ich bitte um R\u00fcckruf unter:<\/label><input type=\"tel\" id=\"wpforms-11833-field_4\" class=\"wpforms-field-medium\" data-rule-int-phone-field=\"true\" name=\"wpforms[fields][4]\" ><\/div><div id=\"wpforms-11833-field_1-container\" class=\"wpforms-field wpforms-field-email\" data-field-id=\"1\"><label class=\"wpforms-field-label\" for=\"wpforms-11833-field_1\">Ich bitte um Antwort per E-Mail an:<\/label><input type=\"email\" id=\"wpforms-11833-field_1\" class=\"wpforms-field-medium\" name=\"wpforms[fields][1]\" ><\/div><div id=\"wpforms-11833-field_10-container\" class=\"wpforms-field wpforms-field-html\" data-field-id=\"10\"><div id=\"wpforms-11833-field_10\"><small><b>Wir sch\u00fctzen Ihre Daten!<\/b> Wir verwenden Ihre Daten ausschlie\u00dflich zur Beantwortung Ihrer Fragen und geben sie keinesfalls an Dritte weiter. <a href=\"https:\/\/bestelements.de\/de\/datenschutzerklaerung\/\" target=\"_blank\">Datenschutzbestimmungen<\/a><\/small><\/div><\/div><\/div><div class=\"wpforms-field wpforms-field-hp\"><label for=\"wpforms-11833-field-hp\" class=\"wpforms-field-label\">Name<\/label><input type=\"text\" name=\"wpforms[hp]\" id=\"wpforms-11833-field-hp\" class=\"wpforms-field-medium\"><\/div><input type=\"hidden\" name=\"wpforms[recaptcha]\" value=\"\"><div class=\"wpforms-submit-container\" ><input type=\"hidden\" name=\"wpforms[id]\" value=\"11833\"><input type=\"hidden\" name=\"wpforms[author]\" value=\"1\"><button type=\"submit\" name=\"wpforms[submit]\" class=\"wpforms-submit button-blue\" id=\"wpforms-submit-11833\" value=\"wpforms-submit\" aria-live=\"assertive\" data-alt-text=\"Senden...\" data-submit-text=\"Absenden\">Absenden<\/button><\/div><\/form><\/div>  <!-- .wpforms-container -->\n<figure class=\"wp-block-table\">\n<div class=\"table-1\">\n<table>\n<tbody>\n<tr>\n<td class=\"produkte\">F\u00f6rderung<\/td>\n<td class=\"produkte\">F\u00f6rderf\u00e4hig durch <span class=\"\"><a href=\"https:\/\/bestelements.de\/de\/foerderung\/foerderung-von-luftfiltergeraeten\/\">BE F\u00f6rderprogramm<\/a><\/span><\/td>\n<\/tr>\n<tr>\n<td class=\"produkte\">O<sub>3 <\/sub>Abgabe<\/td>\n<td class=\"produkte\">500 mg\/h<\/td>\n<\/tr>\n<tr>\n<td class=\"produkte\">Ionisator<\/td>\n<td class=\"produkte\">2x 10<sup>7<\/sup> pcs\/cm\u00b3 (2 Mal 10.000.000)<\/td>\n<\/tr>\n<tr>\n<td class=\"produkte\">UV C<\/td>\n<td class=\"produkte\">5W 254 nm<\/td>\n<\/tr>\n<tr>\n<td class=\"produkte\">Ma\u00dfe<\/td>\n<td class=\"produkte\">680 x 400 x 250 mm (HxBxT)<\/td>\n<\/tr>\n<tr>\n<td class=\"produkte\">Stromversorgung<\/td>\n<td class=\"produkte\">220-240 V~50\/60 Hz<\/td>\n<\/tr>\n<tr>\n<td class=\"produkte\">Gewicht<\/td>\n<td class=\"produkte\">10,5 kg<\/td>\n<\/tr>\n<tr>\n<td class=\"produkte\">Geh\u00e4usefarbe<\/td>\n<td class=\"produkte\">Wei\u00df<\/td>\n<\/tr>\n<tr>\n<td class=\"produkte\">Wechsel Filterelemente<\/td>\n<td class=\"produkte\">Erinnerung nach 2.000 Stunden Laufzeit, ca. 8-12 Monate<\/td>\n<\/tr>\n<tr>\n<td class=\"produkte\">Lieferumfang<\/td>\n<td class=\"produkte\">Filterger\u00e4t komplett inkl. <a href=\"https:\/\/bestelements.de\/de\/kaufen\/ersatzfilter-luft\/ersatz-filterelemente-set-luftfilter-beair6\/\">Filtermedien<\/a>, Gebrauchsanleitung, Fernbedienung<\/td>\n<\/tr>\n<\/tbody>\n<\/table>\n<\/div>\n<\/figure>\n<p><small>*Quelle https:\/\/bit.ly\/383piq4; **Rechnerischer Wert bei Deckenh\u00f6he 2,80 m<\/small><\/p>","protected":false},"excerpt":{"rendered":"<h2><span class=\"blue-back\">BE AIR6<\/span> <span class=\"gray\">Volksfilter<\/span> <span class=\"textgray\">Zuhause &amp; B\u00fcro<\/span><\/h2>\n<div class=\"blue-back\">Hochwirksame Luftfilterstufen in einem Ger\u00e4t f\u00fcr Wohnr\u00e4ume, Gesch\u00e4ftsr\u00e4ume und B\u00fcros<\/div>\n<div id=\"icons-water-stoffe\"><i class=\"fa-solid fas fa-head-side-cough\"><\/i> <i class=\"fa-solid fas fa-virus-slash\"><\/i> <i class=\"fa-solid fas fa-sun-dust\"><\/i> <i class=\"fa-solid fas fa-bacterium\"><\/i> <i class=\"fa-solid fas fa-leaf-oak\"><\/i> <i class=\"fa-solid fas fa-smoking\"><\/i> <i class=\"fa-solid fas fa-lungs\"><\/i> <i class=\"fa-solid fas fa-cauldron\"><\/i> <i class=\"fa-solid fas fa-cat\"><\/i> <\/div>\n<ul>\n<li>9 effektive Filterstufen inklusive UV-C gegen Viren, Bakterien, Aerosole, Keime, Formaldehyd, Pollen, Allergene, Feinstaub uvm.<\/li>\n<li>Messbare Verbesserung der Luftqualit\u00e4t<\/li>\n<li>Saubere Luft in R\u00e4umen bis 60 m\u00b2<\/li>\n<li>Smart-\/Touchdisplay mit aktueller PM2.5 Luftbelastung<\/li>\n<li>Deutsches Unternehmen mit Experten-Support<\/i>\n<\/ul>\n<p><a class=\"sg-popup-id-2966 dotted\" href=\"#\"><i class=\"fa fa-info-circle\"><\/i> F\u00fcr wen geeignet? Haushalte, kleine B\u00fcros, Besprechungen&#8230;<\/a><br \/>\n<a class=\"sg-popup-id-3971 dotted\" href=\"#\"><i class=\"fa fa-info-circle\"><\/i> Diese Stoffe werden aus der Luft gefiltert.<\/a><\/p>\n<p><!-- JSON-LD Bewertung Stars--><br \/>\n<script type=\"application\/ld+json\">\n{\n\"@context\": \"http:\/\/schema.org\",\n\"@type\": \"Product\",\n\"name\": \"Luftfilter kaufen f\u00fcr Zuhause und B\u00fcro\",\n\"aggregateRating\": {\n\"@type\": \"AggregateRating\",\n\"ratingValue\": \"4.8\",\n\"reviewCount\": \"82\"\n}\n}\n<\/script><\/p>\n","protected":false},"featured_media":1779,"template":"","meta":{"footnotes":""},"product_brand":[],"product_cat":[107],"product_tag":[214,215,217],"class_list":{"0":"post-1776","1":"product","2":"type-product","3":"status-publish","4":"has-post-thumbnail","6":"product_cat-luftfilter-luftreiniger-onlineshop","7":"product_tag-luftfilter-buero","8":"product_tag-luftfilter-zuhause","9":"product_tag-luftfilter-gruppen-schule-kita","10":"product_shipping_class-luftfilter-bis-20-kg","12":"first","13":"instock","14":"taxable","15":"shipping-taxable","16":"product-type-simple"},"_links":{"self":[{"href":"https:\/\/bestelements.de\/de\/wp-json\/wp\/v2\/product\/1776","targetHints":{"allow":["GET"]}}],"collection":[{"href":"https:\/\/bestelements.de\/de\/wp-json\/wp\/v2\/product"}],"about":[{"href":"https:\/\/bestelements.de\/de\/wp-json\/wp\/v2\/types\/product"}],"version-history":[{"count":0,"href":"https:\/\/bestelements.de\/de\/wp-json\/wp\/v2\/product\/1776\/revisions"}],"wp:featuredmedia":[{"embeddable":true,"href":"https:\/\/bestelements.de\/de\/wp-json\/wp\/v2\/media\/1779"}],"wp:attachment":[{"href":"https:\/\/bestelements.de\/de\/wp-json\/wp\/v2\/media?parent=1776"}],"wp:term":[{"taxonomy":"product_brand","embeddable":true,"href":"https:\/\/bestelements.de\/de\/wp-json\/wp\/v2\/product_brand?post=1776"},{"taxonomy":"product_cat","embeddable":true,"href":"https:\/\/bestelements.de\/de\/wp-json\/wp\/v2\/product_cat?post=1776"},{"taxonomy":"product_tag","embeddable":true,"href":"https:\/\/bestelements.de\/de\/wp-json\/wp\/v2\/product_tag?post=1776"}],"curies":[{"name":"wp","href":"https:\/\/api.w.org\/{rel}","templated":true}]}}