{"id":1594,"date":"2020-11-17T11:22:44","date_gmt":"2020-11-17T10:22:44","guid":{"rendered":"https:\/\/bestelements.de\/?post_type=product&#038;p=1594"},"modified":"2025-10-15T15:09:44","modified_gmt":"2025-10-15T13:09:44","slug":"luftfilter-luftreiniger-beair4-zuhause","status":"publish","type":"product","link":"https:\/\/bestelements.de\/de\/kaufen\/luftfilter-luftreiniger-onlineshop\/luftfilter-luftreiniger-beair4-zuhause\/","title":{"rendered":"Luftfilter Luftreiniger BE AIR4 f\u00fcr Zuhause"},"content":{"rendered":"<p><\/p>\n<h2>So leise kann saubere Luft sein \u2013 endlich wieder nachts durchschlafen.<\/h2>\n<p><span class=\"gray\">Kennen Sie das auch, wenn die Nase zu sitzt, Augen gereizt sind oder Allergene und Ger\u00fcche st\u00f6ren? Das kann endlich aufh\u00f6ren! Mit dem Luftreiniger BE AIR4 geh\u00f6ren solche Sorgen der Vergangenheit an. 5 Filterstufen erreichen eine hohe Reinheit der Luft in Ihrem Zuhause. Und das auch mucksm\u00e4uschenstill im Sleepmodus f\u00fcr erholsamen Schlaf oder beim konzentrierten Arbeiten in kleinen B\u00fcros.<\/span><\/p>\n<h2><span class=\"blue-back\">BE AIR4<\/span> <span class=\"gray\">Luftreiniger<\/span><\/h2>\n<div class=\"blue-back\">Wenn es auf Luftreinheit und Ruhe ankommt.<\/div>\n<p><img decoding=\"async\" class=\"lazyload alignnone wp-image-17295 size-full\" src=\"https:\/\/bestelements.de\/wp-content\/uploads\/Luftreiniger-AIR4-Anwendung-Banner.jpg\" data-orig-src=\"https:\/\/bestelements.de\/wp-content\/uploads\/Luftreiniger-AIR4-Anwendung-Banner.jpg\" alt=\"Luftreiniger AIR4 im Schlafzimmer\" width=\"1140\" height=\"313\" srcset=\"data:image\/svg+xml,%3Csvg%20xmlns%3D%27http%3A%2F%2Fwww.w3.org%2F2000%2Fsvg%27%20width%3D%271140%27%20height%3D%27313%27%20viewBox%3D%270%200%201140%20313%27%3E%3Crect%20width%3D%271140%27%20height%3D%27313%27%20fill-opacity%3D%220%22%2F%3E%3C%2Fsvg%3E\" data-srcset=\"https:\/\/bestelements.de\/wp-content\/uploads\/Luftreiniger-AIR4-Anwendung-Banner-200x55.jpg 200w, https:\/\/bestelements.de\/wp-content\/uploads\/Luftreiniger-AIR4-Anwendung-Banner-300x82.jpg 300w, https:\/\/bestelements.de\/wp-content\/uploads\/Luftreiniger-AIR4-Anwendung-Banner-400x110.jpg 400w, https:\/\/bestelements.de\/wp-content\/uploads\/Luftreiniger-AIR4-Anwendung-Banner-500x137.jpg 500w, https:\/\/bestelements.de\/wp-content\/uploads\/Luftreiniger-AIR4-Anwendung-Banner-600x165.jpg 600w, https:\/\/bestelements.de\/wp-content\/uploads\/Luftreiniger-AIR4-Anwendung-Banner-700x192.jpg 700w, https:\/\/bestelements.de\/wp-content\/uploads\/Luftreiniger-AIR4-Anwendung-Banner-768x211.jpg 768w, https:\/\/bestelements.de\/wp-content\/uploads\/Luftreiniger-AIR4-Anwendung-Banner-800x220.jpg 800w, https:\/\/bestelements.de\/wp-content\/uploads\/Luftreiniger-AIR4-Anwendung-Banner-1024x281.jpg 1024w, https:\/\/bestelements.de\/wp-content\/uploads\/Luftreiniger-AIR4-Anwendung-Banner.jpg 1140w\" data-sizes=\"auto\" data-orig-sizes=\"(max-width: 1140px) 100vw, 1140px\" \/><\/p>\n<p>Entfernt Feinstaub PM 2.5, Hausstaub, Pollen, Bl\u00fctenstaub, Qualm und Zigarettenrauch, Ger\u00fcche, Keime und Krankheitserreger, Mikroorganismen, Bakterien und Viren, Aerosole, Schimmelpilzsporen, Tierhaare und Milben, Schwermetalle, Asbest, toxische St\u00e4ube, TVOC, Formaldehyd, organische Verbindungen und viele weitere Verunreinigungen.<\/p>\n<div class=\"blue-back-box\" style=\"text-align: left;\">Beispiel: Die Luft in einem 15 m\u00b2 gro\u00dfem Raum wird etwa 5,7 Mal pro Stunde komplett durchgefiltert*<\/div>\n<div id=\"icons-air-features\"><\/div>\n<figure class=\"wp-block-table\">\n<div class=\"table-1\">\n<table width=\"100%\">\n<tbody>\n<tr>\n<td align=\"left\"><strong>5 Filterstufen<\/strong><\/td>\n<td align=\"left\"><\/td>\n<\/tr>\n<tr>\n<td align=\"left\"><strong>360\u00b0 Full-Circle Luftaustritt<\/strong><\/td>\n<td align=\"left\"><span class=\"blue strong\">TOP FEATURE<\/span><\/td>\n<\/tr>\n<tr>\n<td align=\"left\">Volumenstrom \/ CADR Filterleistung: 240 m\u00b3\/h<\/td>\n<td align=\"left\"><span class=\"blue strong\">GUTER WERT<\/span><\/td>\n<\/tr>\n<tr>\n<td align=\"left\">4 Geschwindigkeitsstufen Low bis Highspeed + Sleepmodus<\/td>\n<td align=\"left\"><span class=\"blue strong\">TOP WERT<\/span><\/td>\n<\/tr>\n<tr>\n<td align=\"left\"><strong>Sehr leiser Fl\u00fcstermodus 26 dB<\/strong><\/td>\n<td align=\"left\"><span class=\"blue strong\">TOP WERT<\/span><\/td>\n<\/tr>\n<tr>\n<td align=\"left\"><strong><i class=\"fa fas fa-charging-station\"><\/i> Energiesparend: 1. Stufe nur 19 W <\/strong><\/td>\n<td align=\"left\"><span class=\"blue strong\">STROMSPAREND<\/span><\/td>\n<\/tr>\n<tr>\n<td align=\"left\"><strong>Sensorautomatik oder manuelle Steuerung<\/strong><\/td>\n<td align=\"left\"><span class=\"blue strong\">SMART SENSOR<\/span><\/td>\n<\/tr>\n<tr>\n<td align=\"left\">Farbindikator f\u00fcr Anzeige der aktuellen Luftbelastung<\/td>\n<td align=\"left\"><\/td>\n<\/tr>\n<tr>\n<td align=\"left\">Erinnerung Wechsel der Filterelemente<\/td>\n<td align=\"left\"><\/td>\n<\/tr>\n<tr>\n<td align=\"left\">Einfacher Wechsel der Filterelemente<\/td>\n<td align=\"left\"><\/td>\n<\/tr>\n<\/tbody>\n<\/table>\n<\/div>\n<\/figure>\n<p><img decoding=\"async\" class=\"lazyload alignnone size-full wp-image-349\" src=\"data:image\/gif;base64,R0lGODlhAQABAAAAACH5BAEKAAEALAAAAAABAAEAAAICTAEAOw==\" data-orig-src=\"https:\/\/bestelements.de\/wp-content\/uploads\/Filterstufen-Luftreiniger-BE-AIR4-Schema.jpg\" alt=\"\" width=\"\" height=\"\" \/><\/p>\n<h2 class=\"linie\"><span class=\"blue-back\">BE AIR4<\/span> <span class=\"gray\">Filterstufen<\/span><\/h2>\n<p><span class=\"blue\">\u2776\u00a0<strong>Frontfilter<\/strong><\/span><br \/>\nEntfernt gr\u00f6\u00dfere Partikel, Haare, Schuppen, Pollen<br \/>\n<span class=\"blue\">\u2777\u00a0<strong>TRUE HEPA<\/strong><\/span><br \/>\nFiltert ultrafeine Mikron-Partikel bis zu 0,03 \u00b5m, Bakterien und Viren, Aerosole<br \/>\n<span class=\"blue\">\u2778 <strong>Aktivkohlefilter<\/strong><\/span><br \/>\nHochmolekulares Sieb mit immenser Oberfl\u00e4che absorbiert sch\u00e4dliche Substanzen, entfernt Ger\u00fcche und Molek\u00fclteilchen wie Ammoniak, absorbiert und zersetzt Formaldehyd, entfernt organische Komponenten und Aerosole<br \/>\n<span class=\"blue\">\u2779 <strong>Ionisator (Negativ-Ionen)<\/strong><\/span><br \/>\nAuch bekannt als \u201eVitamine der Luft\u201c \u00a0Absorbieren schnell sch\u00e4dliche Substanzen und binden verschiedene Schadstoffe wie Staub, Ger\u00fcche, Bakterien, Viren<br \/>\n<span class=\"blue\">\u277a\u00a0<strong>UV (UV-C)<\/strong><\/span><br \/>\nBeseitigt Schimmelpilzsporen, Keime, Bakterien und Viren<br \/>\n<small>Einzelne Filterstufen sind nach Bedarf zu\/abschaltbar<\/small><\/p>\n<h2 class=\"linie\"><span class=\"blue-back\">BE AIR4<\/span> <span class=\"gray\">Extras<\/span><\/h2>\n<ul>\n<li>Tragegriff f\u00fcr schnelles Umstellen<\/li>\n<li>Mit Fernbedienung<\/li>\n<li>Kindersicherung\u00a0<i class=\"fa fas fa-child\"><\/i><\/li>\n<li>Timer 1 bis 8 Stunden\u00a0<i class=\"fa fas fa-clock\"><\/i><\/li>\n<\/ul>\n<h2 class=\"linie\"><span class=\"blue-back\">BE AIR4<\/span> <span class=\"gray\"> Downloads<\/span><\/h2>\n<p><div class=\"fusion-content-boxes content-boxes columns row fusion-columns-3 fusion-columns-total-3 fusion-content-boxes-1 content-boxes-icon-on-side content-left\" style=\"--awb-hover-accent-color:#3d66ae;--awb-circle-hover-accent-color:#3d66ae;\" data-animationOffset=\"top-into-view\"><div style=\"--awb-backgroundcolor:rgba(255,255,255,0);--awb-content-padding-left:64px;\" class=\"fusion-column content-box-column content-box-column content-box-column-1 col-lg-4 col-md-4 col-sm-4 fusion-content-box-hover content-box-column-first-in-row\"><div class=\"col content-box-wrapper content-wrapper link-area-link-icon link-type-text content-icon-wrapper-yes icon-hover-animation-fade\" data-animationOffset=\"top-into-view\"><div class=\"heading heading-with-icon icon-left\"><a class=\"heading-link\" href=\"https:\/\/bestelements.de\/wp-content\/uploads\/Datenblatt-Luftfilter-BE-AIR4.pdf\" target=\"_self\"><div class=\"icon\"><span style=\"height:42px;width:42px;line-height:22px;border-color:rgba(255,255,255,0);border-width:1px;border-style:solid;background-color:#009fe3;margin-right:20px;box-sizing:content-box;border-radius:50%;\"><i style=\"border-color:#009fe3;border-width:1px;background-color:#009fe3;box-sizing:content-box;height:40px;width:40px;line-height:40px;border-radius:50%;position:relative;top:auto;left:auto;margin:0;border-radius:50%;font-size:20px;\" aria-hidden=\"true\" class=\"fontawesome-icon fa-file-alt fas circle-yes\"><\/i><\/span><\/div><\/a><\/div><div class=\"fusion-clearfix\"><\/div><a class=\" fusion-read-more\" style=\"margin-left:64px;\" href=\"https:\/\/bestelements.de\/wp-content\/uploads\/Datenblatt-Luftfilter-BE-AIR4.pdf\" target=\"_self\">BE AIR4 Datenblatt<\/a><div class=\"fusion-clearfix\"><\/div><\/div><\/div><div style=\"--awb-backgroundcolor:rgba(255,255,255,0);--awb-content-padding-left:64px;\" class=\"fusion-column content-box-column content-box-column content-box-column-2 col-lg-4 col-md-4 col-sm-4 fusion-content-box-hover \"><div class=\"col content-box-wrapper content-wrapper link-area-link-icon link-type-text content-icon-wrapper-yes icon-hover-animation-fade\" data-animationOffset=\"top-into-view\"><div class=\"heading heading-with-icon icon-left\"><a class=\"heading-link\" href=\"https:\/\/bestelements.de\/manuals\/gebrauchsanleitungen\/\" target=\"_self\"><div class=\"icon\"><span style=\"height:42px;width:42px;line-height:22px;border-color:rgba(255,255,255,0);border-width:1px;border-style:solid;background-color:#009fe3;margin-right:20px;box-sizing:content-box;border-radius:50%;\"><i style=\"border-color:#009fe3;border-width:1px;background-color:#009fe3;box-sizing:content-box;height:40px;width:40px;line-height:40px;border-radius:50%;position:relative;top:auto;left:auto;margin:0;border-radius:50%;font-size:20px;\" aria-hidden=\"true\" class=\"fontawesome-icon fa-file-alt fas circle-yes\"><\/i><\/span><\/div><\/a><\/div><div class=\"fusion-clearfix\"><\/div><a class=\" fusion-read-more\" style=\"margin-left:64px;\" href=\"https:\/\/bestelements.de\/manuals\/gebrauchsanleitungen\/\" target=\"_self\">Gebrauchsanleitungen<\/a><div class=\"fusion-clearfix\"><\/div><\/div><\/div><div style=\"--awb-backgroundcolor:rgba(255,255,255,0);--awb-content-padding-left:64px;\" class=\"fusion-column content-box-column content-box-column content-box-column-3 col-lg-4 col-md-4 col-sm-4 fusion-content-box-hover content-box-column-last content-box-column-last-in-row\"><div class=\"col content-box-wrapper content-wrapper link-area-link-icon link-type-text content-icon-wrapper-yes icon-hover-animation-fade\" data-animationOffset=\"top-into-view\"><div class=\"heading heading-with-icon icon-left\"><a class=\"heading-link\" href=\"https:\/\/bestelements.de\/de\/produkt-kategorie\/ersatzfilter-luft\/\" target=\"_self\"><div class=\"icon\"><span style=\"height:42px;width:42px;line-height:22px;border-color:rgba(255,255,255,0);border-width:1px;border-style:solid;background-color:#009fe3;margin-right:20px;box-sizing:content-box;border-radius:50%;\"><i style=\"border-color:#009fe3;border-width:1px;background-color:#009fe3;box-sizing:content-box;height:40px;width:40px;line-height:40px;border-radius:50%;position:relative;top:auto;left:auto;margin:0;border-radius:50%;font-size:20px;\" aria-hidden=\"true\" class=\"fontawesome-icon fa-sync-alt fas circle-yes\"><\/i><\/span><\/div><\/a><\/div><div class=\"fusion-clearfix\"><\/div><a class=\" fusion-read-more\" style=\"margin-left:64px;\" href=\"https:\/\/bestelements.de\/de\/produkt-kategorie\/ersatzfilter-luft\/\" target=\"_self\">Ersatzfilter<\/a><div class=\"fusion-clearfix\"><\/div><\/div><\/div><div class=\"fusion-clearfix\"><\/div><\/div><div class=\"fusion-text fusion-text-1\"><p>\n<nav class=\"awb-menu awb-menu_row awb-menu_em-hover mobile-mode-collapse-to-button awb-menu_icons-left awb-menu_dc-yes mobile-trigger-fullwidth-off awb-menu_mobile-toggle awb-menu_indent-left mobile-size-full-absolute loading mega-menu-loading awb-menu_desktop awb-menu_dropdown awb-menu_expand-right awb-menu_transition-fade fusion-animated\" style=\"--awb-text-transform:none;--awb-gap:3px;--awb-submenu-bg:#ffffff;--awb-submenu-active-bg:#e8f6f9;--awb-submenu-text-transform:none;--awb-main-justify-content:flex-start;--awb-mobile-justify:flex-start;--awb-mobile-caret-left:auto;--awb-mobile-caret-right:0;--awb-fusion-font-family-typography:inherit;--awb-fusion-font-style-typography:normal;--awb-fusion-font-weight-typography:400;--awb-fusion-font-family-submenu-typography:inherit;--awb-fusion-font-style-submenu-typography:normal;--awb-fusion-font-weight-submenu-typography:400;--awb-fusion-font-family-mobile-typography:inherit;--awb-fusion-font-style-mobile-typography:normal;--awb-fusion-font-weight-mobile-typography:400;\" aria-label=\"Luft vergleichen\" data-breakpoint=\"0\" data-count=\"0\" data-transition-type=\"fade\" data-transition-time=\"300\" data-expand=\"right\" data-animationType=\"fadeInLeft\" data-animationDuration=\"1.0\" data-animationOffset=\"top-into-view\"><ul id=\"menu-luft-vergleichen\" class=\"fusion-menu awb-menu__main-ul awb-menu__main-ul_row\"><li  id=\"menu-item-4356\"  class=\"menu-item menu-item-type-custom menu-item-object-custom menu-item-4356 sg-popup-id-4357 awb-menu__li awb-menu__main-li awb-menu__li_button\"  data-item-id=\"4356\"><a  href=\"#\" class=\"awb-menu__main-a awb-menu__main-a_button\"><span class=\"menu-text fusion-button button-default button-small\"><span class=\"button-icon-divider-left fusion-megamenu-icon\"><i class=\"glyphicon fa-eye fas\" aria-hidden=\"true\"><\/i><\/span><span class=\"fusion-button-text-left\">Ger\u00e4te vergleichen<\/span><\/span><\/a><\/li><\/ul><\/nav><div class=\"fusion-text fusion-text-1\"><\/div><\/p>\n<\/div><br \/>\n<a class=\"sg-popup-id-149 dotted\" href=\"#\"><i class=\"fa fa-comments\"><\/i> Wir beantworten gerne Ihre Fragen zu diesem Filterger\u00e4t.<\/a><\/p>\n<div class=\"wpforms-container wpforms-container-full\" id=\"wpforms-11833\"><form id=\"wpforms-form-11833\" class=\"wpforms-validate wpforms-form\" data-formid=\"11833\" method=\"post\" enctype=\"multipart\/form-data\" action=\"\/de\/wp-json\/wp\/v2\/product\/1594\"><div class=\"wpforms-head-container\"><div class=\"wpforms-title\">Produktberatung gew\u00fcnscht?<\/div><div class=\"wpforms-description\"><i class=\"fa fa-comments blue\"> <\/i> Sie haben Fragen zu diesem Luftfilter? Gerne rufen wir Sie an oder beantworten Ihre Fragen per E-Mail. <\/div><\/div><noscript class=\"wpforms-error-noscript\">Bitte aktivieren Sie JavaScript in Ihrem Browser, um dieses Formular fertigzustellen.<\/noscript><div class=\"wpforms-field-container\"><div id=\"wpforms-11833-field_8-container\" class=\"wpforms-field wpforms-field-html\" data-field-id=\"8\"><div id=\"wpforms-11833-field_8\"><small><b>Wir sch\u00fctzen Ihre Daten!<\/b> Wir verwenden Ihre Daten ausschlie\u00dflich zur Beantwortung Ihrer Fragen und geben sie keinesfalls an Dritte weiter. <a href=\"https:\/\/bestelements.de\/de\/datenschutzerklaerung\/\" target=\"_blank\">Datenschutzbestimmungen<\/a><\/small><\/div><\/div><div id=\"wpforms-11833-field_0-container\" class=\"wpforms-field wpforms-field-name\" data-field-id=\"0\"><label class=\"wpforms-field-label\" for=\"wpforms-11833-field_0\">Name <span class=\"wpforms-required-label\">*<\/span><\/label><input type=\"text\" id=\"wpforms-11833-field_0\" class=\"wpforms-field-medium wpforms-field-required\" name=\"wpforms[fields][0]\" required><\/div><div id=\"wpforms-11833-field_2-container\" class=\"wpforms-field wpforms-field-textarea\" data-field-id=\"2\"><label class=\"wpforms-field-label\" for=\"wpforms-11833-field_2\">Ich habe folgende Frage\/n:<\/label><textarea id=\"wpforms-11833-field_2\" class=\"wpforms-field-medium\" name=\"wpforms[fields][2]\" ><\/textarea><\/div><div id=\"wpforms-11833-field_4-container\" class=\"wpforms-field wpforms-field-phone\" data-field-id=\"4\"><label class=\"wpforms-field-label\" for=\"wpforms-11833-field_4\">Ich bitte um R\u00fcckruf unter:<\/label><input type=\"tel\" id=\"wpforms-11833-field_4\" class=\"wpforms-field-medium\" data-rule-int-phone-field=\"true\" name=\"wpforms[fields][4]\" ><\/div><div id=\"wpforms-11833-field_1-container\" class=\"wpforms-field wpforms-field-email\" data-field-id=\"1\"><label class=\"wpforms-field-label\" for=\"wpforms-11833-field_1\">Ich bitte um Antwort per E-Mail an:<\/label><input type=\"email\" id=\"wpforms-11833-field_1\" class=\"wpforms-field-medium\" name=\"wpforms[fields][1]\" ><\/div><div id=\"wpforms-11833-field_10-container\" class=\"wpforms-field wpforms-field-html\" data-field-id=\"10\"><div id=\"wpforms-11833-field_10\"><small><b>Wir sch\u00fctzen Ihre Daten!<\/b> Wir verwenden Ihre Daten ausschlie\u00dflich zur Beantwortung Ihrer Fragen und geben sie keinesfalls an Dritte weiter. <a href=\"https:\/\/bestelements.de\/de\/datenschutzerklaerung\/\" target=\"_blank\">Datenschutzbestimmungen<\/a><\/small><\/div><\/div><\/div><div class=\"wpforms-field wpforms-field-hp\"><label for=\"wpforms-11833-field-hp\" class=\"wpforms-field-label\">Comment<\/label><input type=\"text\" name=\"wpforms[hp]\" id=\"wpforms-11833-field-hp\" class=\"wpforms-field-medium\"><\/div><input type=\"hidden\" name=\"wpforms[recaptcha]\" value=\"\"><div class=\"wpforms-submit-container\" ><input type=\"hidden\" name=\"wpforms[id]\" value=\"11833\"><input type=\"hidden\" name=\"wpforms[author]\" value=\"1\"><button type=\"submit\" name=\"wpforms[submit]\" class=\"wpforms-submit button-blue\" id=\"wpforms-submit-11833\" value=\"wpforms-submit\" aria-live=\"assertive\" data-alt-text=\"Senden...\" data-submit-text=\"Absenden\">Absenden<\/button><\/div><\/form><\/div>  <!-- .wpforms-container -->\n<figure class=\"wp-block-table\">\n<div class=\"table-1\">\n<table>\n<tbody>\n<tr>\n<td class=\"produkte\">Ionisator<\/td>\n<td class=\"produkte\">2x 10<sup>7<\/sup> pcs\/cm\u00b3 (2 Mal 10.000.000)<\/td>\n<\/tr>\n<tr>\n<td class=\"produkte\">UV C<\/td>\n<td class=\"produkte\">5W 254 nm<\/td>\n<\/tr>\n<tr>\n<td class=\"produkte\">Ma\u00dfe<\/td>\n<td class=\"produkte\">460 x 350 x 180 mm (HxBxT)<\/td>\n<\/tr>\n<tr>\n<td class=\"produkte\">Stromversorgung<\/td>\n<td class=\"produkte\">220-240 V~50\/60 Hz<\/td>\n<\/tr>\n<tr>\n<td class=\"produkte\">Gewicht<\/td>\n<td class=\"produkte\">6 kg<\/td>\n<\/tr>\n<tr>\n<td class=\"produkte\">Geh\u00e4usefarbe<\/td>\n<td class=\"produkte\">Wei\u00df<\/td>\n<\/tr>\n<tr>\n<td class=\"produkte\">Wechsel Filterelemente<\/td>\n<td class=\"produkte\">Erinnerung nach 2.000 Stunden Laufzeit, ca. 8-12 Monate<\/td>\n<\/tr>\n<tr>\n<td class=\"produkte\">Lieferumfang<\/td>\n<td class=\"produkte\">Filterger\u00e4t komplett inkl. <a href=\"https:\/\/bestelements.de\/de\/kaufen\/ersatzfilter-luft\/ersatz-filterelement-luftfilter-be-air4\/\">Filtermedien<\/a>, Gebrauchsanleitung, Fernbedienung<\/td>\n<\/tr>\n<\/tbody>\n<\/table>\n<\/div>\n<\/figure>\n<p><small>* Rechnerischer Wert bei Deckenh\u00f6he 2,80 m<\/small><\/p>","protected":false},"excerpt":{"rendered":"<h2><span class=\"blue-back\">BE AIR4<\/span> <span class=\"gray\">Leisemeister<\/span><\/h2>\n<div class=\"blue-back\">Sehr leiser und effizienter Luftfilter f\u00fcr Schlafzimmer, Wohnr\u00e4ume, Arbeitsr\u00e4ume und kleine B\u00fcros bis 40 m\u00b2<\/div>\n<div id=\"icons-water-stoffe\"><i class=\"fa-solid fas fa-head-side-cough\"><\/i> <i class=\"fa-solid fas fa-virus-slash\"><\/i> <i class=\"fa-solid fas fa-sun-dust\"><\/i> <i class=\"fa-solid fas fa-bacterium\"><\/i> <i class=\"fa-solid fas fa-leaf-oak\"><\/i> <i class=\"fa-solid fas fa-smoking\"><\/i> <i class=\"fa-solid fas fa-lungs\"><\/i> <i class=\"fa-solid fas fa-cauldron\"><\/i> <i class=\"fa-solid fas fa-cat\"><\/i> <\/div>\n<ul>\n<li>5 effektive Filterstufen inklusive UV-C gegen Viren, Bakterien, Aerosole, Keime, Formaldehyd, Pollen, Allergene, Feinstaub uvm.<\/li>\n<li>Messbare Verbesserung der Luftqualit\u00e4t<\/li>\n<li>Saubere Luft in R\u00e4umen bis 40 m\u00b2<\/li>\n<li>Fl\u00fcsterleise dank Sleep-Modus<\/li>\n<li>360\u00b0 Frischluft: Full-Circle Luftauslass<\/li>\n<li>Farbindikator<\/li>\n<li>Kompakte Baugr\u00f6\u00dfe<\/li>\n<li>Deutsches Unternehmen mit Experten-Support<\/i>\n<\/ul>\n<p><a class=\"sg-popup-id-2968 dotted\" href=\"#\"><i class=\"fa fa-info-circle\"><\/i> F\u00fcr wen geeignet? F\u00fcr ruhige Schlaf-, Wohn- und Arbeitsr\u00e4ume&#8230;<\/a><br \/>\n<a class=\"sg-popup-id-3971 dotted\" href=\"#\"><i class=\"fa fa-info-circle\"><\/i> Diese Stoffe werden aus der Luft gefiltert.<\/a><br \/>\n<!-- JSON-LD Bewertung Stars--><br \/>\n<script type=\"application\/ld+json\">\n{\n\"@context\": \"http:\/\/schema.org\",\n\"@type\": \"Product\",\n\"name\": \"Luftfilter kaufen f\u00fcr Zuhause\",\n\"aggregateRating\": {\n\"@type\": \"AggregateRating\",\n\"ratingValue\": \"4.3\",\n\"reviewCount\": \"56\"\n}\n}\n<\/script><\/p>\n","protected":false},"featured_media":2221,"template":"","meta":{"footnotes":""},"product_brand":[],"product_cat":[107],"product_tag":[215,216],"class_list":{"0":"post-1594","1":"product","2":"type-product","3":"status-publish","4":"has-post-thumbnail","6":"product_cat-luftfilter-luftreiniger-onlineshop","7":"product_tag-luftfilter-zuhause","8":"product_tag-luftfilter-schlafzimmer","9":"product_shipping_class-luftfilter-bis-10-kg","11":"first","12":"instock","13":"featured","14":"taxable","15":"shipping-taxable","16":"purchasable","17":"product-type-simple"},"_links":{"self":[{"href":"https:\/\/bestelements.de\/de\/wp-json\/wp\/v2\/product\/1594","targetHints":{"allow":["GET"]}}],"collection":[{"href":"https:\/\/bestelements.de\/de\/wp-json\/wp\/v2\/product"}],"about":[{"href":"https:\/\/bestelements.de\/de\/wp-json\/wp\/v2\/types\/product"}],"version-history":[{"count":0,"href":"https:\/\/bestelements.de\/de\/wp-json\/wp\/v2\/product\/1594\/revisions"}],"wp:featuredmedia":[{"embeddable":true,"href":"https:\/\/bestelements.de\/de\/wp-json\/wp\/v2\/media\/2221"}],"wp:attachment":[{"href":"https:\/\/bestelements.de\/de\/wp-json\/wp\/v2\/media?parent=1594"}],"wp:term":[{"taxonomy":"product_brand","embeddable":true,"href":"https:\/\/bestelements.de\/de\/wp-json\/wp\/v2\/product_brand?post=1594"},{"taxonomy":"product_cat","embeddable":true,"href":"https:\/\/bestelements.de\/de\/wp-json\/wp\/v2\/product_cat?post=1594"},{"taxonomy":"product_tag","embeddable":true,"href":"https:\/\/bestelements.de\/de\/wp-json\/wp\/v2\/product_tag?post=1594"}],"curies":[{"name":"wp","href":"https:\/\/api.w.org\/{rel}","templated":true}]}}