{"id":1506,"date":"2020-11-15T07:18:17","date_gmt":"2020-11-15T06:18:17","guid":{"rendered":"https:\/\/bestelements.de\/?post_type=product&#038;p=1506"},"modified":"2026-01-20T07:35:59","modified_gmt":"2026-01-20T06:35:59","slug":"umkehrosmose-trinkwasserfilter-wa1-zuhause-mobil","status":"publish","type":"product","link":"https:\/\/bestelements.de\/de\/kaufen\/trinkwasserfilter\/umkehrosmose-trinkwasserfilter-wa1-zuhause-mobil\/","title":{"rendered":"Umkehrosmose-Trinkwasserfilter BE WA1 Mobil und Zuhause"},"content":{"rendered":"<p><\/p>\n<h2>Trinkwasser ohne R\u00fcckst\u00e4nde: Nitrat, Medikamente, Hormone &amp; Co bitte nicht im Trinkwasser.<\/h2>\n<p class=\"gray\">Viele Meldungen \u00fcber Wasserverunreinigungen \u2013 vor allem von \u00f6ffentlich rechtlichen Quellen \u2013 verunsichern und geben Anlass zur Sorge \u00fcber die Qualit\u00e4t unseres Leitungswassers. Einige Stoffe werden im Trinkwasser gepr\u00fcft aber laut Gerichtsurteilen darf man bei Leitungswasser nicht mehr von \u201ebestgepr\u00fcftem Lebensmittel\u201c oder \u201egesund\u201c sprechen. Viele R\u00fcckst\u00e4nde und Stoffe sind gar nicht bekannt, da sie gar nicht erfasst werden.<\/p>\n<p class=\"gray\">Die BE WA1 l\u00f6st diese Probleme, gibt Reinheit und Sicherheit. Trotz kleiner Baugr\u00f6\u00dfe liefert sie eine Trinkwasserreinheit, die ihren gr\u00f6\u00dferen Geschwistern in nichts nachsteht. Als Leichtgewicht in kompakter Gr\u00f6\u00dfe bietet sie sogar Vorteile in der Mobilit\u00e4t. \u00dcberall wo Sie sind, haben Sie reinstes Trinkwasser.<\/p>\n<h2><span class=\"blue-back\">BE WA1<\/span> <span class=\"gray\">Mobil<\/span><\/h2>\n<div class=\"blue-back\">Mobiler Umkehrosmose-Trinkwasserfilter als Heim- und Reisemodell<\/div>\n<p><img decoding=\"async\" class=\"lazyload alignnone size-full wp-image-4753\" src=\"https:\/\/bestelements.de\/wp-content\/uploads\/WA1-Auftisch-angeschlossen.jpg\" data-orig-src=\"https:\/\/bestelements.de\/wp-content\/uploads\/WA1-Auftisch-angeschlossen.jpg\" alt=\"\" width=\"1140\" height=\"449\" srcset=\"data:image\/svg+xml,%3Csvg%20xmlns%3D%27http%3A%2F%2Fwww.w3.org%2F2000%2Fsvg%27%20width%3D%271140%27%20height%3D%27449%27%20viewBox%3D%270%200%201140%20449%27%3E%3Crect%20width%3D%271140%27%20height%3D%27449%27%20fill-opacity%3D%220%22%2F%3E%3C%2Fsvg%3E\" data-srcset=\"https:\/\/bestelements.de\/wp-content\/uploads\/WA1-Auftisch-angeschlossen-200x79.jpg 200w, https:\/\/bestelements.de\/wp-content\/uploads\/WA1-Auftisch-angeschlossen-300x118.jpg 300w, https:\/\/bestelements.de\/wp-content\/uploads\/WA1-Auftisch-angeschlossen-400x158.jpg 400w, https:\/\/bestelements.de\/wp-content\/uploads\/WA1-Auftisch-angeschlossen-500x197.jpg 500w, https:\/\/bestelements.de\/wp-content\/uploads\/WA1-Auftisch-angeschlossen-600x236.jpg 600w, https:\/\/bestelements.de\/wp-content\/uploads\/WA1-Auftisch-angeschlossen-700x276.jpg 700w, https:\/\/bestelements.de\/wp-content\/uploads\/WA1-Auftisch-angeschlossen-768x302.jpg 768w, https:\/\/bestelements.de\/wp-content\/uploads\/WA1-Auftisch-angeschlossen-800x315.jpg 800w, https:\/\/bestelements.de\/wp-content\/uploads\/WA1-Auftisch-angeschlossen-1024x403.jpg 1024w, https:\/\/bestelements.de\/wp-content\/uploads\/WA1-Auftisch-angeschlossen.jpg 1140w\" data-sizes=\"auto\" data-orig-sizes=\"(max-width: 1140px) 100vw, 1140px\" \/><em>Abbildung mit ausschwenkbarer Edelstahl-Zapfstelle<\/em><\/p>\n<h2><i class=\"fa-solid fas fa-glass-citrus\"><\/i> Reinstes Trinkwasser Zuhause und auf Reisen<\/h2>\n<p>Das kompakte Filterger\u00e4t BE WA1 arbeitet mit der Technologie der <a href=\"https:\/\/bestelements.de\/de\/einfach-erklaert\/umkehrosmose-gut-oder-schlecht-osmose-funktionsprinzip-wasserfilter\/\">Umkehrosmose<\/a>, zeichnet sich durch hohe Trinkwasserreinheit, geringe Baugr\u00f6\u00dfe und mobile Anwendung aus. Damit ist es wahlweise Zuhause, in einer Zweit-\/Ferienwohnung und auf Reisen nutzbar. Der Wasserfilter arbeitet im sogenannten Direktflow-Prinzip, wodurch ausreichend gefiltertes Trinkwasser sofort zur Verf\u00fcgung steht und nicht in einem Vorratstank zwischengespeichert werden muss (optional aber erh\u00e4ltlich). Der Anschluss erfolgt am Wasserhahn.<\/p>\n<p>Mit diesem Filterger\u00e4t erhalten Sie <i class=\"fa-solid fas fa-glass\"><\/i> reinstes Trinkwasser frei von Verunreinigungen und Sie k\u00f6nnen damit auch Ihre Ger\u00e4te kalkfrei halten wie <i class=\"fa-solid fas fa-blender\"><\/i> Wasserkocher, <i class=\"fa-solid fas fa-coffee-pot\"><\/i> Kaffeemaschinen, <i class=\"fa-solid fas fa-sprinkler\"><\/i> Soda Sprudler, <i class=\"fa-solid fas fa-air-conditioner fa-rotate-180\"><\/i> <a href=\"https:\/\/bestelements.de\/de\/kaufen\/wasserstoff-generator\/hydrogen-wasserstoff-booster\/\">Wasserstoff-Booster<\/a> und weitere Haushaltsger\u00e4te. Eine Qualit\u00e4tsmembran mit original Dow\u00ae FILMTEC \u2122 Material sorgt f\u00fcr eine gr\u00fcndliche Filterung und sichere Reinstwasserproduktion.<\/p>\n<p>Als kleinstes Design seiner Klasse passt die WA1 mit seinen kompakten Ma\u00dfen ins Reisegep\u00e4ck, kann aber auch Zuhause oder in Wohnmobilen zur Trinkwasseraufbereitung verwendet werden. Ein ausschwenkbarer Entnahmehahn aus speziellem Edelstahl ist empfehlenswert und macht die Reinstwasserentnahme bequemer, standardm\u00e4\u00dfig erfolgt die Entnahme \u00fcber flexible Rohre. Wartung und Austausch der Filterelemente wurden dank <span class=\"fusion-popover popover-1\" data-animation=\"1\" data-class=\"popover-1\" data-container=\"popover-1\" data-html-content=\"&lt;div class=&quot;fusion-video fusion-selfhosted-video&quot; style=&quot;max-width:100%;&quot;&gt;&lt;div class=&quot;video-wrapper&quot;&gt;&lt;video playsinline=&quot;true&quot; width=&quot;100%&quot; style=&quot;object-fit: cover;&quot; autoplay=&quot;true&quot; loop=&quot;true&quot; preload=&quot;auto&quot; controls=&quot;1&quot;&gt;&lt;source src=&quot;https:\/\/bestelements.de\/wp-content\/uploads\/Wechsel-Filterelemente-EASY-CLICK-WA1.mp4&quot; type=&quot;video\/mp4&quot;&gt;Sorry, your browser doesn&#039;t support embedded videos.&lt;\/video&gt;&lt;\/div&gt;&lt;\/div&gt;&lt;div class=&quot;fusion-text fusion-text-1&quot;&gt;&lt;\/div&gt;\" data-delay=\"50\" data-placement=\"top\" data-title=\"EASY CLICK mit WA1\" data-toggle=\"popover\" data-trigger=\"hover\"> <span class=\"blue strong dotted\">Easy Click<\/span> <\/span> auf ein Minimum reduziert.<\/p>\n<h2><i class=\"fa-solid fas fa-layer-group\"><\/i> Filterstufen<\/h2>\n<p>\u2776 Sediment Vorfilter 0,5 \u00b5m<br \/>\n\u2777 Hauptfiltration Membrane Original Dow\u00ae FILMTEC\u2122 Material<br \/>\n\u2778\u00a0Aktivkohle Filterstufe<\/p>\n<p>Die BE WA1-Filterger\u00e4te k\u00f6nnen ab ca. 1,5 bar und ohne Stromanschluss verwendet werden. Der Wasserfilter kann bei Bedarf mit einer Druckerh\u00f6hungspumpe oder auch einem Vorratsbeh\u00e4lter erweitert werden. Dann werden auch bei niedrigerem Wasserdruck hohe Filtermengen erreicht und mit einem Tank stehen direkt gr\u00f6\u00dfere Mengen Reinstwasser zur sofortigen Entnahme zur Verf\u00fcgung. Die Pumpe ben\u00f6tigt entweder einen 220 V (auch 110V) oder einen 24 V Anschluss. Damit kann sie auch in Fahrzeugen betrieben werden, \u00fcber einen Wandler ist der Anschluss auch f\u00fcr 12 V m\u00f6glich.<\/p>\n<h2><i class=\"fa-solid fas fa-globe farbverlauf-srg\"><\/i> Produktion in Deutschland<\/h2>\n<p>Hergestellt werden die BE WA1-Filterger\u00e4te in Deutschland gem\u00e4\u00df den strengen Standards und den hierzulande geltenden Bestimmungen, Anforderungen und Zertifizierungen \u00fcber Materialreinheit und Zuverl\u00e4ssigkeit, sowie Gew\u00e4hrleistung und Garantie. Auf diese Trinkwasserfilter k\u00f6nnen Sie vertrauen.<\/p>\n<h2><i class=\"fa-solid fas fa-info-circle minwidthicon\"><\/i> Entscheidende Vorteile<\/h2>\n<p><i class=\"fa-solid fas fa-glass minwidthicon\"><\/i> Reinstes Trinkwasser frei Haus<br \/>\n<i class=\"fa-solid fas fa-money-bill minwidthicon\"><\/i> Kein Flaschenwasser mehr kaufen und bezahlen<br \/>\n<i class=\"fa-solid fas fa-dolly minwidthicon\"><\/i> Kein Flaschenwasser mehr transportieren<br \/>\n<i class=\"fa-solid fas fa-jug minwidthicon\"><\/i> Kein Wasser mehr aus PET-Flaschen trinken<br \/>\n<i class=\"fa-solid fas fa-exchange minwidthicon\"><\/i> Technologievorsprung: Die Verunreinigungen bleiben nicht im Filterger\u00e4t sondern werden ausgeleitet.<br \/>\n<i class=\"fa-solid fas fa-random minwidthicon\"><\/i> Mobiles Filterger\u00e4t \u00fcberall anschlie\u00dfbar<\/p>\n<p><img decoding=\"async\" class=\"lazyload wp-image-4020 size-fusion-600 aligncenter\" src=\"https:\/\/bestelements.de\/wp-content\/uploads\/icons-wasserfilter-818-doppel-600x288.jpg\" data-orig-src=\"https:\/\/bestelements.de\/wp-content\/uploads\/icons-wasserfilter-818-doppel-600x288.jpg\" alt=\"Icons Wasserfilter\" width=\"600\" height=\"288\" srcset=\"data:image\/svg+xml,%3Csvg%20xmlns%3D%27http%3A%2F%2Fwww.w3.org%2F2000%2Fsvg%27%20width%3D%27600%27%20height%3D%27288%27%20viewBox%3D%270%200%20600%20288%27%3E%3Crect%20width%3D%27600%27%20height%3D%27288%27%20fill-opacity%3D%220%22%2F%3E%3C%2Fsvg%3E\" data-srcset=\"https:\/\/bestelements.de\/wp-content\/uploads\/icons-wasserfilter-818-doppel-200x96.jpg 200w, https:\/\/bestelements.de\/wp-content\/uploads\/icons-wasserfilter-818-doppel-300x144.jpg 300w, https:\/\/bestelements.de\/wp-content\/uploads\/icons-wasserfilter-818-doppel-400x192.jpg 400w, https:\/\/bestelements.de\/wp-content\/uploads\/icons-wasserfilter-818-doppel-500x240.jpg 500w, https:\/\/bestelements.de\/wp-content\/uploads\/icons-wasserfilter-818-doppel-600x288.jpg 600w, https:\/\/bestelements.de\/wp-content\/uploads\/icons-wasserfilter-818-doppel-700x335.jpg 700w, https:\/\/bestelements.de\/wp-content\/uploads\/icons-wasserfilter-818-doppel-768x368.jpg 768w, https:\/\/bestelements.de\/wp-content\/uploads\/icons-wasserfilter-818-doppel-800x383.jpg 800w, https:\/\/bestelements.de\/wp-content\/uploads\/icons-wasserfilter-818-doppel.jpg 818w\" data-sizes=\"auto\" data-orig-sizes=\"(max-width: 600px) 100vw, 600px\" \/><\/p>\n<p>Trinkwasser ist unser wichtigstes Lebensmittel, aber unser Leitungswasser in Deutschland und Mineralw\u00e4sser sind nicht immer frei von Verunreinigungen wie <a class=\"sg-popup-id-5594 dotted\" href=\"#\">aktuelle Pressemeldungen<\/a> immer \u00f6fter belegen. Durch eine gr\u00fcndliche Filterung auf Molekularebene von <a class=\"sg-popup-id-10444 dotted\" href=\"#\">bis zu \u00fcber 99%<\/a> befreien BestElements Umkehrosmose-Filterger\u00e4te das Leitungswasser von <span style=\"color: #;\"> Verunreinigungen wie z.B. Keimen, Bakterien und Viren, Medikamenten- und Drogenr\u00fcckst\u00e4nden, Antibiotika, Hormonen, Nitraten, Pestiziden, Industriechemikalien, Schwermetallen, Fluorid, Mikroplastik, Chlor, Kalk u.v.am.<\/span> Die Technologie der Umkehrosmose ist sogar in der Lage radioaktive Bestandteile zu entfernen.<\/p>\n<h2 class=\"linie\"><span class=\"blue-back\">BE WA1<\/span> <span class=\"gray\"> Links<\/span><\/h2>\n<div class=\"icons-produktlinks\">\n<div class=\"row\">\n<div class=\"col-xs-3\"><a href=\"https:\/\/bestelements.de\/wp-content\/uploads\/Datenblatt-Wasserfilter-BE-WA1.pdf\" target=\"_blank\" rel=\"noopener\"><i class=\"fa-solid fas fa-file-alt fa-2x\"><\/i> Datenblatt<\/a><\/div>\n<div class=\"col-xs-3\"><a href=\"https:\/\/bestelements.de\/manuals\/gebrauchsanleitungen\/\" target=\"_blank\" rel=\"noopener\"><i class=\"fa-solid fas fa-file-alt fa-2x\"><\/i> Anleitung<\/a><\/div>\n<div class=\"col-xs-3\"><a href=\"https:\/\/youtu.be\/x2UcgLdYwv4\/\" target=\"_blank\" rel=\"noopener\"><i class=\"fa-solid fab fa-youtube fa-2x\"><\/i> Video<\/a><\/div>\n<div class=\"col-xs-3\"><a href=\"https:\/\/bestelements.de\/de\/ersatzfilter\/ersatzfilter-und-zubehoer-fuer-trinkwasserfilter\/\" target=\"_blank\" rel=\"noopener\"><i class=\"fa-solid fas fa-sync-alt fa-2x\"><\/i> Ersatzfilter<\/a><\/div>\n<\/div>\n<\/div>\n<p><nav class=\"awb-menu awb-menu_row awb-menu_em-hover mobile-mode-collapse-to-button awb-menu_icons-left awb-menu_dc-yes mobile-trigger-fullwidth-off awb-menu_mobile-toggle awb-menu_indent-left mobile-size-full-absolute loading mega-menu-loading awb-menu_desktop awb-menu_dropdown awb-menu_expand-right awb-menu_transition-fade fusion-animated\" style=\"--awb-text-transform:none;--awb-gap:3px;--awb-submenu-bg:#ffffff;--awb-submenu-active-bg:#e8f6f9;--awb-submenu-text-transform:none;--awb-main-justify-content:flex-start;--awb-mobile-justify:flex-start;--awb-mobile-caret-left:auto;--awb-mobile-caret-right:0;--awb-fusion-font-family-typography:inherit;--awb-fusion-font-style-typography:normal;--awb-fusion-font-weight-typography:400;--awb-fusion-font-family-submenu-typography:inherit;--awb-fusion-font-style-submenu-typography:normal;--awb-fusion-font-weight-submenu-typography:400;--awb-fusion-font-family-mobile-typography:inherit;--awb-fusion-font-style-mobile-typography:normal;--awb-fusion-font-weight-mobile-typography:400;\" aria-label=\"Wasser vergleichen\" data-breakpoint=\"0\" data-count=\"0\" data-transition-type=\"fade\" data-transition-time=\"300\" data-expand=\"right\" data-animationType=\"fadeInLeft\" data-animationDuration=\"1.0\" data-animationOffset=\"top-into-view\"><ul id=\"menu-wasser-vergleichen\" class=\"fusion-menu awb-menu__main-ul awb-menu__main-ul_row\"><li  id=\"menu-item-4349\"  class=\"menu-item menu-item-type-custom menu-item-object-custom menu-item-4349 sg-popup-id-4351 awb-menu__li awb-menu__main-li awb-menu__li_button\"  data-item-id=\"4349\"><a  title=\"Wasserfilter Ger\u00e4te im Vergleich\" href=\"#\" class=\"awb-menu__main-a awb-menu__main-a_button\"><span class=\"menu-text fusion-button button-default button-small\"><span class=\"button-icon-divider-left fusion-megamenu-icon\"><i class=\"glyphicon fa-eye fas\" aria-hidden=\"true\"><\/i><\/span><span class=\"fusion-button-text-left\">Ger\u00e4te vergleichen<\/span><\/span><\/a><\/li><\/ul><\/nav><div class=\"fusion-text fusion-text-2\"><\/div><\/p>\n<div class=\"wpforms-container wpforms-container-full\" id=\"wpforms-11613\"><form id=\"wpforms-form-11613\" class=\"wpforms-validate wpforms-form\" data-formid=\"11613\" method=\"post\" enctype=\"multipart\/form-data\" action=\"\/de\/wp-json\/wp\/v2\/product\/1506\"><div class=\"wpforms-head-container\"><div class=\"wpforms-title\">Produktberatung anfordern<\/div><div class=\"wpforms-description\"><a class=\"sg-popup-id-149 dotted\" href=\"#\"><i class=\"fa fa-comments fa-2x\"><\/i> Direkt Kontakt aufnehmen und Fragen zu diesem Filterger\u00e4t stellen<\/a><\/div><\/div><noscript class=\"wpforms-error-noscript\">Bitte aktivieren Sie JavaScript in Ihrem Browser, um dieses Formular fertigzustellen.<\/noscript><div class=\"wpforms-field-container\"><div id=\"wpforms-11613-field_8-container\" class=\"wpforms-field wpforms-field-html\" data-field-id=\"8\"><div id=\"wpforms-11613-field_8\">Gerne rufen wir zur\u00fcck oder beantworten Ihre Fragen per E-Mail. \r\n\r\n<small><b>Wir sch\u00fctzen Ihre Daten!<\/b> Wir verwenden Ihre Daten ausschlie\u00dflich zur Beantwortung Ihrer Fragen und geben sie keinesfalls an Dritte weiter. <a href=\"https:\/\/bestelements.de\/de\/datenschutzerklaerung\/\" target=\"_blank\">Datenschutzbestimmungen<\/a><\/small><\/div><\/div><div id=\"wpforms-11613-field_0-container\" class=\"wpforms-field wpforms-field-name\" data-field-id=\"0\"><label class=\"wpforms-field-label\" for=\"wpforms-11613-field_0\">Name <span class=\"wpforms-required-label\">*<\/span><\/label><input type=\"text\" id=\"wpforms-11613-field_0\" class=\"wpforms-field-medium wpforms-field-required\" name=\"wpforms[fields][0]\" required><\/div><div id=\"wpforms-11613-field_2-container\" class=\"wpforms-field wpforms-field-textarea\" data-field-id=\"2\"><label class=\"wpforms-field-label\" for=\"wpforms-11613-field_2\">Ich habe folgende Frage\/n:<\/label><textarea id=\"wpforms-11613-field_2\" class=\"wpforms-field-medium\" name=\"wpforms[fields][2]\" ><\/textarea><\/div><div id=\"wpforms-11613-field_4-container\" class=\"wpforms-field wpforms-field-phone\" data-field-id=\"4\"><label class=\"wpforms-field-label\" for=\"wpforms-11613-field_4\">Ich bitte um R\u00fcckruf unter:<\/label><input type=\"tel\" id=\"wpforms-11613-field_4\" class=\"wpforms-field-medium\" data-rule-int-phone-field=\"true\" name=\"wpforms[fields][4]\" ><\/div><div id=\"wpforms-11613-field_1-container\" class=\"wpforms-field wpforms-field-email\" data-field-id=\"1\"><label class=\"wpforms-field-label\" for=\"wpforms-11613-field_1\">Ich bitte um Antwort per E-Mail an:<\/label><input type=\"email\" id=\"wpforms-11613-field_1\" class=\"wpforms-field-medium\" name=\"wpforms[fields][1]\" ><\/div><div id=\"wpforms-11613-field_10-container\" class=\"wpforms-field wpforms-field-html\" data-field-id=\"10\"><div id=\"wpforms-11613-field_10\"><small><b>Wir sch\u00fctzen Ihre Daten!<\/b> Wir verwenden Ihre Daten ausschlie\u00dflich zur Beantwortung Ihrer Fragen und geben sie keinesfalls an Dritte weiter. <a href=\"https:\/\/bestelements.de\/de\/datenschutzerklaerung\/\" target=\"_blank\">Datenschutzbestimmungen<\/a><\/small><\/div><\/div><\/div><div class=\"wpforms-field wpforms-field-hp\"><label for=\"wpforms-11613-field-hp\" class=\"wpforms-field-label\">Name<\/label><input type=\"text\" name=\"wpforms[hp]\" id=\"wpforms-11613-field-hp\" class=\"wpforms-field-medium\"><\/div><input type=\"hidden\" name=\"wpforms[recaptcha]\" value=\"\"><div class=\"wpforms-submit-container\" ><input type=\"hidden\" name=\"wpforms[id]\" value=\"11613\"><input type=\"hidden\" name=\"wpforms[author]\" value=\"1\"><button type=\"submit\" name=\"wpforms[submit]\" class=\"wpforms-submit button-blue\" id=\"wpforms-submit-11613\" value=\"wpforms-submit\" aria-live=\"assertive\" data-alt-text=\"Senden...\" data-submit-text=\"Absenden\">Absenden<\/button><\/div><\/form><\/div>  <!-- .wpforms-container -->\n<figure class=\"wp-block-table\">\n<div class=\"table-1\">\n<table width=\"100%\">\n<tbody>\n<tr>\n<td class=\"produkte\">Produktionsland<\/td>\n<td class=\"produkte\">Deutschland <span class=\"blue strong\">Made in Germany<\/span><\/td>\n<\/tr>\n<tr>\n<td class=\"produkte\">Material<\/td>\n<td class=\"produkte\">Lebensmittelsichere Materialien mit NSF-Zertifizierung und Trinkwasserzulassung<\/td>\n<\/tr>\n<tr>\n<td class=\"produkte\">Gepr\u00fcft<\/td>\n<td class=\"produkte\"><a href=\"https:\/\/bestelements.de\/de\/qualitaetssicherung\/di-flow-qualitaetsstandard\/\"><img decoding=\"async\" class=\"lazyload alignleft\" src=\"data:image\/gif;base64,R0lGODlhAQABAAAAACH5BAEKAAEALAAAAAABAAEAAAICTAEAOw==\" data-orig-src=\"https:\/\/bestelements.de\/wp-content\/uploads\/Di-Flow-Logo.svg\" alt=\"Di-Flow\" width=\"150px\" height=\"\" \/><\/a> Di-Flow\u00ae Pr\u00fcfungskommission<\/td>\n<\/tr>\n<tr>\n<td class=\"produkte\">Montage<\/td>\n<td class=\"produkte\">Flach, stehend, an der Wand <span class=\"blue strong\">UNIVERSELL<\/span><\/td>\n<\/tr>\n<tr>\n<td class=\"produkte\">Wartung<\/td>\n<td class=\"produkte\">Einfacher Austausch der Filterelemente <span class=\"fusion-popover popover-2\" data-animation=\"1\" data-class=\"popover-2\" data-container=\"popover-2\" data-html-content=\"&lt;div class=&quot;fusion-video fusion-selfhosted-video&quot; style=&quot;max-width:100%;&quot;&gt;&lt;div class=&quot;video-wrapper&quot;&gt;&lt;video playsinline=&quot;true&quot; width=&quot;100%&quot; style=&quot;object-fit: cover;&quot; autoplay=&quot;true&quot; loop=&quot;true&quot; preload=&quot;auto&quot; controls=&quot;1&quot;&gt;&lt;source src=&quot;https:\/\/bestelements.de\/wp-content\/uploads\/Wechsel-Filterelemente-EASY-CLICK-WA1.mp4&quot; type=&quot;video\/mp4&quot;&gt;Sorry, your browser doesn&#039;t support embedded videos.&lt;\/video&gt;&lt;\/div&gt;&lt;\/div&gt;&lt;div class=&quot;fusion-text fusion-text-3&quot;&gt;&lt;\/div&gt;\" data-delay=\"50\" data-placement=\"top\" data-title=\"EASY CLICK mit WA1\" data-toggle=\"popover\" data-trigger=\"hover\"> <span class=\"blue strong dotted\">Easy Click<\/span> <\/span><\/td>\n<\/tr>\n<tr>\n<td class=\"produkte\">Wassermenge<\/td>\n<td class=\"produkte\">0,25 l\/min bei 21\u00b0C Wassertemperatur und 4,5 bar<\/td>\n<\/tr>\n<tr>\n<td class=\"produkte\">Reinstwasser\/Abwasser-Verh\u00e4ltnis<\/td>\n<td class=\"produkte\">1:&lt;2 <span class=\"blue strong\">TOP WERT SEINER KLASSE<\/span><\/td>\n<\/tr>\n<tr>\n<td class=\"produkte\">Temperatur<\/td>\n<td class=\"produkte\">Min. 4\u00b0C Max. 38 \u00b0C<\/td>\n<\/tr>\n<tr>\n<td class=\"produkte\">Arbeitsdruck<\/td>\n<td class=\"produkte\">Min. 1,5 bar Max. 5,0 bar (Nicht zusammen mit einem Warmwasserboiler verwenden!)<\/td>\n<\/tr>\n<tr>\n<td class=\"produkte\">Ma\u00dfe<\/td>\n<td class=\"produkte\">264 x 318 x 90 mm (BxHxT) <span class=\"blue strong\">FLAT DESIGN <\/span><\/td>\n<\/tr>\n<tr>\n<td class=\"produkte\">Wasseranschluss<\/td>\n<td class=\"produkte\">Wasserhahnanschluss M22 IG mit Adapter, Leitungen 1\/4\u201c L\u00e4nge ca. 2 m<\/td>\n<\/tr>\n<tr>\n<td class=\"produkte\">Stromversorgung<\/td>\n<td class=\"produkte\">Standard: Ohne<\/td>\n<\/tr>\n<tr>\n<td class=\"produkte\">Stromversorgung f\u00fcr Variante mit Druckerh\u00f6hungspumpe<\/td>\n<td class=\"produkte\">100-230 V~50 Hz, max. 72 W, 24 V (12 V mit Wandler)<\/td>\n<\/tr>\n<tr>\n<td class=\"produkte\">Gewicht<\/td>\n<td class=\"produkte\">2 kg <span class=\"blue strong\">SEHR HANDLICH<\/span><\/td>\n<\/tr>\n<tr>\n<td class=\"produkte\">Geh\u00e4usefarbe<\/td>\n<td class=\"produkte\">Wei\u00df<\/td>\n<\/tr>\n<tr>\n<td class=\"produkte\">Lieferumfang<\/td>\n<td class=\"produkte\">Komplett mit Filtermedien und Wasserhahnanschluss, Zubeh\u00f6r optional, Gebrauchsanleitung<\/td>\n<\/tr>\n<tr>\n<td class=\"produkte\">Wechsel Filterelemente<\/td>\n<td class=\"produkte\">Vor- und Nachfilter 1 Mal\/Jahr tauschen oder \u00f6fter je nach Verschmutzungsgrad des Wassers, die UO-Membran muss nicht regelm\u00e4\u00dfig gewechselt werden<\/td>\n<\/tr>\n<tr>\n<td class=\"produkte\">Ersatzfilter<\/td>\n<td class=\"produkte\"><a href=\"https:\/\/bestelements.de\/de\/kaufen\/ersatzfilter-wasser\/ersatzfilterset-fuer-wasserfilter-wa1-wa3\/\">Ersatz Filterelemente Set f\u00fcr Trinkwasserfilter BE WA1<\/a><\/td>\n<\/tr>\n<\/tbody>\n<\/table>\n<\/div>\n<\/figure>\n<p><div class=\"fusion-video fusion-youtube\" style=\"--awb-max-width:600px;--awb-max-height:360px;\"><div class=\"video-shortcode\"><priv-fac-lite-youtube class=\"fusion-hidden lty-load\" data-privacy-type=\"youtube\" videoid=\"x2UcgLdYwv4\" class=\"landscape\" params=\"wmode=transparent&autoplay=1&amp;rel=0&amp;enablejsapi=1\" title=\"YouTube video player 1\" data-button-label=\"Play Video\" width=\"600\" height=\"360\" data-thumbnail-size=\"auto\" data-no-cookie=\"on\"><\/priv-fac-lite-youtube><div class=\"fusion-privacy-placeholder\" style=\"width:600px; height:360px;\" data-privacy-type=\"youtube\"><div class=\"fusion-privacy-placeholder-content\"><div class=\"fusion-privacy-label\">For privacy reasons YouTube needs your permission to be loaded. For more details, please see our <a class=\"privacy-policy-link\" href=\"https:\/\/bestelements.de\/de\/datenschutzerklaerung\/\" rel=\"privacy-policy\">Datenschutzerkl\u00e4rung<\/a>.<\/div><button data-privacy-type=\"youtube\" class=\"fusion-button button-default fusion-button-default-size button fusion-privacy-consent\">I Accept<\/button><\/div><\/div><\/div><\/div><\/p>","protected":false},"excerpt":{"rendered":"<h2><span class=\"blue-back\">BE WA1<\/span> <span class=\"gray\">Mobil<\/span> <span class=\"textgray\">Trinkwasserfilter<\/span><\/h2>\n<div class=\"blue-back\">Reinstes Trinkwasser frei von Verunreinigungen wo auch immer Sie sind<\/div>\n<div id=\"icons-water-stoffe\">\n<i class=\"fa-solid fas fa-sink\"><\/i> <i class=\"fa-solid fas fa-virus-slash\"><\/i> <i class=\"fa-solid fas fa-viruses\"><\/i> <i class=\"fa-solid fas fa-bacterium\"><\/i> <i class=\"fa-solid fas fa-disease\"><\/i> <i class=\"fa-solid fas fa-tablets\"><\/i> <i class=\"fa-solid fas fa-capsules\"><\/i> <i class=\"fa-solid fas fa-skull-crossbones\"><\/i> <i class=\"fa-solid fas fa-vial\"><\/i> <i class=\"fa-solid fas fa-radiation\"><\/i> <i class=\"fa-solid fas fa-globe farbverlauf-srg\"><\/i>\n<\/div>\n<ul>\n<li>Entfernung von Verunreinigungen wie Keime, Bakterien und Viren, PFAS, Medikamenten- und Drogenr\u00fcckst\u00e4nden, Antibiotika, Hormone, Umweltgifte, EDC&#8217;s, Nitrate, Pestizide, Industriechemikalien, Schwermetalle, Fluorid, Chlor, Kalk u.v.am.<\/li>\n<li>Umkehrosmose-Wasserfilter mit Directflow-Technologie ohne Tank<\/li>\n<li>Reinste Materialien mit langer Lebensdauer<\/li>\n<li><span class=\"blue strong\">Leichtgewicht<\/span> f\u00fcr mobilen Einsatz sowie Festinstallation<\/li>\n<li>Schnelle und einfache Montage<\/li>\n<li>Einfacher Filterwechsel mit <span class=\"blue strong\">Easy Click<\/span><\/li>\n<li><strong>Deutsches Unternehmen mit Experten-Support<\/strong><\/i>\n<\/ul>\n<p><a class=\"sg-popup-id-2936 dotted\" href=\"#\"><i class=\"fa fa-info-circle\"><\/i> F\u00fcr wen ist dieses Filterger\u00e4t geeignet?<\/a><br \/>\n<a class=\"sg-popup-id-3920 dotted\" href=\"#\"><i class=\"fa fa-info-circle\"><\/i> Diese Stoffe werden aus dem Wasser raus gefiltert<\/a><br \/>\n<a class=\"sg-popup-id-6922 dotted\" href=\"#\"><i class=\"fa fa-info-circle\"><\/i> Testergebnisse nach Wasserfilterung<\/a><\/p>\n","protected":false},"featured_media":3697,"template":"","meta":{"footnotes":""},"product_brand":[],"product_cat":[103],"product_tag":[208,209,210,211,212],"class_list":{"0":"post-1506","1":"product","2":"type-product","3":"status-publish","4":"has-post-thumbnail","6":"product_cat-trinkwasserfilter","7":"product_tag-wasserfilter","8":"product_tag-trinkwasserfilter","9":"product_tag-umkehrosmosefilter","10":"product_tag-kalkfilter","11":"product_tag-bakterienwasserfilter","13":"first","14":"instock","15":"featured","16":"taxable","17":"shipping-taxable","18":"purchasable","19":"product-type-simple"},"_links":{"self":[{"href":"https:\/\/bestelements.de\/de\/wp-json\/wp\/v2\/product\/1506","targetHints":{"allow":["GET"]}}],"collection":[{"href":"https:\/\/bestelements.de\/de\/wp-json\/wp\/v2\/product"}],"about":[{"href":"https:\/\/bestelements.de\/de\/wp-json\/wp\/v2\/types\/product"}],"version-history":[{"count":0,"href":"https:\/\/bestelements.de\/de\/wp-json\/wp\/v2\/product\/1506\/revisions"}],"wp:featuredmedia":[{"embeddable":true,"href":"https:\/\/bestelements.de\/de\/wp-json\/wp\/v2\/media\/3697"}],"wp:attachment":[{"href":"https:\/\/bestelements.de\/de\/wp-json\/wp\/v2\/media?parent=1506"}],"wp:term":[{"taxonomy":"product_brand","embeddable":true,"href":"https:\/\/bestelements.de\/de\/wp-json\/wp\/v2\/product_brand?post=1506"},{"taxonomy":"product_cat","embeddable":true,"href":"https:\/\/bestelements.de\/de\/wp-json\/wp\/v2\/product_cat?post=1506"},{"taxonomy":"product_tag","embeddable":true,"href":"https:\/\/bestelements.de\/de\/wp-json\/wp\/v2\/product_tag?post=1506"}],"curies":[{"name":"wp","href":"https:\/\/api.w.org\/{rel}","templated":true}]}}