{"id":94,"date":"2020-08-15T16:51:51","date_gmt":"2020-08-15T14:51:51","guid":{"rendered":"https:\/\/bestelements.de\/?page_id=94"},"modified":"2026-02-08T12:47:09","modified_gmt":"2026-02-08T11:47:09","slug":"widerrufsbelehrung","status":"publish","type":"page","link":"https:\/\/bestelements.de\/de\/widerrufsbelehrung\/","title":{"rendered":"Widerruf und Widerrufsbelehrung"},"content":{"rendered":"<p><div class=\"fusion-fullwidth fullwidth-box fusion-builder-row-1 fusion-flex-container nonhundred-percent-fullwidth non-hundred-percent-height-scrolling\" style=\"--awb-border-radius-top-left:0px;--awb-border-radius-top-right:0px;--awb-border-radius-bottom-right:0px;--awb-border-radius-bottom-left:0px;--awb-flex-wrap:wrap;\" ><div class=\"fusion-builder-row fusion-row fusion-flex-align-items-flex-start fusion-flex-content-wrap\" style=\"max-width:1185.6px;margin-left: calc(-4% \/ 2 );margin-right: calc(-4% \/ 2 );\"><div class=\"fusion-layout-column fusion_builder_column fusion-builder-column-0 fusion_builder_column_1_1 1_1 fusion-flex-column\" style=\"--awb-bg-size:cover;--awb-width-large:100%;--awb-margin-top-large:0px;--awb-spacing-right-large:1.92%;--awb-margin-bottom-large:20px;--awb-spacing-left-large:1.92%;--awb-width-medium:100%;--awb-order-medium:0;--awb-spacing-right-medium:1.92%;--awb-spacing-left-medium:1.92%;--awb-width-small:100%;--awb-order-small:0;--awb-spacing-right-small:1.92%;--awb-spacing-left-small:1.92%;\" data-scroll-devices=\"small-visibility,medium-visibility,large-visibility\"><div class=\"fusion-column-wrapper fusion-column-has-shadow fusion-flex-justify-content-flex-start fusion-content-layout-column\"><div class=\"fusion-title title fusion-title-1 fusion-sep-none fusion-title-text fusion-title-size-two\" style=\"--awb-margin-top-small:10px;--awb-margin-right-small:0px;--awb-margin-bottom-small:10px;--awb-margin-left-small:0px;\"><h2 class=\"fusion-title-heading title-heading-left fusion-responsive-typography-calculated\" style=\"margin:0;--fontSize:27.2;line-height:1.13;\">Kaufvertrag widerrufen<\/h2><\/div><div class=\"fusion-text fusion-text-1\"><p><small>EU-Verbraucherrechterichtlinie (EU 2023\/2673) entsprechend deutschem Recht (\u00a7 356a BGB)<\/small><\/p>\n<\/div><div class=\"wpforms-container wpforms-container-full\" id=\"wpforms-33132\"><form id=\"wpforms-form-33132\" class=\"wpforms-validate wpforms-form\" data-formid=\"33132\" method=\"post\" enctype=\"multipart\/form-data\" action=\"\/de\/wp-json\/wp\/v2\/pages\/94\"><noscript class=\"wpforms-error-noscript\">Bitte aktivieren Sie JavaScript in Ihrem Browser, um dieses Formular fertigzustellen.<\/noscript><div class=\"wpforms-field-container\"><div id=\"wpforms-33132-field_5-container\" class=\"wpforms-field wpforms-field-html\" data-field-id=\"5\"><div id=\"wpforms-33132-field_5\"><\/div><\/div><div id=\"wpforms-33132-field_0-container\" class=\"wpforms-field wpforms-field-name\" data-field-id=\"0\"><label class=\"wpforms-field-label\" for=\"wpforms-33132-field_0\">Name <span class=\"wpforms-required-label\">*<\/span><\/label><div class=\"wpforms-field-row wpforms-field-large\"><div class=\"wpforms-field-row-block wpforms-first wpforms-one-half\"><input type=\"text\" id=\"wpforms-33132-field_0\" class=\"wpforms-field-name-first wpforms-field-required\" name=\"wpforms[fields][0][first]\" required><label for=\"wpforms-33132-field_0\" class=\"wpforms-field-sublabel after wpforms-sublabel-hide\">Vorname<\/label><\/div><div class=\"wpforms-field-row-block wpforms-one-half\"><input type=\"text\" id=\"wpforms-33132-field_0-last\" class=\"wpforms-field-name-last wpforms-field-required\" name=\"wpforms[fields][0][last]\" required><label for=\"wpforms-33132-field_0-last\" class=\"wpforms-field-sublabel after wpforms-sublabel-hide\">Nachname<\/label><\/div><\/div><\/div><div id=\"wpforms-33132-field_10-container\" class=\"wpforms-field wpforms-field-text\" data-field-id=\"10\"><label class=\"wpforms-field-label\" for=\"wpforms-33132-field_10\">Artikel <span class=\"wpforms-required-label\">*<\/span><\/label><input type=\"text\" id=\"wpforms-33132-field_10\" class=\"wpforms-field-medium wpforms-field-required\" name=\"wpforms[fields][10]\" required><\/div><div id=\"wpforms-33132-field_9-container\" class=\"wpforms-field wpforms-field-phone\" data-field-id=\"9\"><label class=\"wpforms-field-label\" for=\"wpforms-33132-field_9\">Bestellnummer oder Rechnungsnummer <span class=\"wpforms-required-label\">*<\/span><\/label><input type=\"tel\" id=\"wpforms-33132-field_9\" class=\"wpforms-field-large wpforms-field-required\" data-rule-int-phone-field=\"true\" name=\"wpforms[fields][9]\" required><\/div><div id=\"wpforms-33132-field_7-container\" class=\"wpforms-field wpforms-field-date-time wpforms-one-half wpforms-first\" data-field-id=\"7\"><label class=\"wpforms-field-label\" for=\"wpforms-33132-field_7\">Kaufdatum <span class=\"wpforms-required-label\">*<\/span><\/label><div class=\"wpforms-datepicker-wrap\"><input type=\"text\" id=\"wpforms-33132-field_7\" class=\"wpforms-field-date-time-date wpforms-datepicker wpforms-field-required wpforms-field-large\" data-date-format=\"d\/m\/Y\" data-input=\"true\" name=\"wpforms[fields][7][date]\" required><a title=\"Clear Date\" data-clear class=\"wpforms-datepicker-clear\" style=\"display:none;\"><\/a><\/div><\/div><div id=\"wpforms-33132-field_8-container\" class=\"wpforms-field wpforms-field-date-time wpforms-one-half\" data-field-id=\"8\"><label class=\"wpforms-field-label\" for=\"wpforms-33132-field_8\">Artikel erhalten am: <span class=\"wpforms-required-label\">*<\/span><\/label><div class=\"wpforms-datepicker-wrap\"><input type=\"text\" id=\"wpforms-33132-field_8\" class=\"wpforms-field-date-time-date wpforms-datepicker wpforms-field-required wpforms-field-large\" data-date-format=\"d\/m\/Y\" data-input=\"true\" name=\"wpforms[fields][8][date]\" required><a title=\"Clear Date\" data-clear class=\"wpforms-datepicker-clear\" style=\"display:none;\"><\/a><\/div><\/div><div id=\"wpforms-33132-field_1-container\" class=\"wpforms-field wpforms-field-email\" data-field-id=\"1\"><label class=\"wpforms-field-label\" for=\"wpforms-33132-field_1\">E-Mail-Adresse <span class=\"wpforms-required-label\">*<\/span><\/label><input type=\"email\" id=\"wpforms-33132-field_1\" class=\"wpforms-field-large wpforms-field-required\" name=\"wpforms[fields][1]\" required><\/div><div id=\"wpforms-33132-field_2-container\" class=\"wpforms-field wpforms-field-textarea\" data-field-id=\"2\"><label class=\"wpforms-field-label\" for=\"wpforms-33132-field_2\">Angabe von Gr\u00fcnden (optional)<\/label><textarea id=\"wpforms-33132-field_2\" class=\"wpforms-field-medium\" name=\"wpforms[fields][2]\" ><\/textarea><\/div><div id=\"wpforms-33132-field_4-container\" class=\"wpforms-field wpforms-field-html\" data-field-id=\"4\"><div id=\"wpforms-33132-field_4\"><small><b>Wir sch\u00fctzen Ihre Daten!<\/b> Wir verwenden Ihre Daten ausschlie\u00dflich zur Beantwortung Ihrer Fragen und geben sie keinesfalls an Dritte weiter. <a href=\"https:\/\/bestelements.de\/de\/datenschutzerklaerung\/\" target=\"_blank\">Datenschutzbestimmungen<\/a><\/small><\/div><\/div><\/div><div class=\"wpforms-field wpforms-field-hp\"><label for=\"wpforms-33132-field-hp\" class=\"wpforms-field-label\">Name<\/label><input type=\"text\" name=\"wpforms[hp]\" id=\"wpforms-33132-field-hp\" class=\"wpforms-field-medium\"><\/div><input type=\"hidden\" name=\"wpforms[recaptcha]\" value=\"\"><div class=\"wpforms-submit-container\" ><input type=\"hidden\" name=\"wpforms[id]\" value=\"33132\"><input type=\"hidden\" name=\"wpforms[author]\" value=\"1\"><button type=\"submit\" name=\"wpforms[submit]\" class=\"wpforms-submit button-blue\" id=\"wpforms-submit-33132\" value=\"wpforms-submit\" aria-live=\"assertive\" data-alt-text=\"Senden...\" data-submit-text=\"Widerruf best\u00e4tigen\">Widerruf best\u00e4tigen<\/button><\/div><\/form><\/div>  <!-- .wpforms-container --><\/div><\/div><div class=\"fusion-layout-column fusion_builder_column fusion-builder-column-1 fusion_builder_column_1_1 1_1 fusion-flex-column\" style=\"--awb-bg-size:cover;--awb-width-large:100%;--awb-margin-top-large:0px;--awb-spacing-right-large:1.92%;--awb-margin-bottom-large:0px;--awb-spacing-left-large:1.92%;--awb-width-medium:100%;--awb-spacing-right-medium:1.92%;--awb-spacing-left-medium:1.92%;--awb-width-small:100%;--awb-spacing-right-small:1.92%;--awb-spacing-left-small:1.92%;\"><div class=\"fusion-column-wrapper fusion-flex-justify-content-flex-start fusion-content-layout-column\"><div class=\"fusion-title title fusion-title-2 fusion-sep-none fusion-title-text fusion-title-size-two\" style=\"--awb-margin-top-small:10px;--awb-margin-right-small:0px;--awb-margin-bottom-small:10px;--awb-margin-left-small:0px;\"><h2 class=\"fusion-title-heading title-heading-left fusion-responsive-typography-calculated\" style=\"margin:0;--fontSize:27.2;line-height:1.13;\">Widerrufsbelehrung<\/h2><\/div><div class=\"fusion-text fusion-text-2\"><h2>Widerrufsbelehrung f\u00fcr Waren<\/h2>\n<p>Verbraucher gem\u00e4\u00df BGB \u00a7 13 haben ein vierzehnt\u00e4giges Widerrufsrecht.<\/p>\n<h3>Widerrufsrecht<\/h3>\n<p>Sie haben das Recht, binnen vierzehn Tagen ohne Angabe von Gr\u00fcnden diesen Vertrag zu widerrufen. Die Widerrufsfrist betr\u00e4gt vierzehn Tage ab dem Tag, an dem Sie oder ein von Ihnen benannter Dritter, der nicht der Bef\u00f6rderer ist, die letzte Ware in Besitz genommen haben bzw. hat. Um Ihr Widerrufsrecht auszu\u00fcben, m\u00fcssen Sie uns (BestElements Filtertechnologie, Thomas Schmidt, Clemens-Adams-Str. 10, 53604 Bad Honnef, Deutschland, Telefon 02224-901980, Telefax 02224-901982, info@bestelements.de) mittels einer eindeutigen Erkl\u00e4rung (z. B. ein mit der Post versandter Brief, Telefax oder E-Mail) \u00fcber Ihren Entschluss, diesen Vertrag zu widerrufen, informieren. Sie k\u00f6nnen daf\u00fcr das beigef\u00fcgte <a href=\"https:\/\/bestelements.de\/wp-content\/uploads\/Widerrufsformular.pdf\" target=\"_blank\" rel=\"noopener\">Muster-Widerrufsformular<\/a> verwenden, das jedoch nicht vorgeschrieben ist. Sie k\u00f6nnen das <a href=\"https:\/\/bestelements.de\/wp-content\/uploads\/Widerrufsformular.pdf\" target=\"_blank\" rel=\"noopener\">Muster-Widerrufsformular<\/a> oder eine andere eindeutige Erkl\u00e4rung auch auf unserer Webseite <a href=\"https:\/\/bestelements.de\/de\/kontakt-beratung\/\">www.bestelements.de\/de\/kontakt-beratung<\/a> elektronisch ausf\u00fcllen und \u00fcbermitteln. Machen Sie von dieser M\u00f6glichkeit Gebrauch, so werden wir Ihnen unverz\u00fcglich (z. B. per E-Mail) eine Best\u00e4tigung \u00fcber den Eingang eines solchen Widerrufs \u00fcbermitteln. Zur Wahrung der Widerrufsfrist reicht es aus, dass Sie die Mitteilung \u00fcber die Aus\u00fcbung des Widerrufsrechts vor Ablauf der Widerrufsfrist absenden.<\/p>\n<h3>Folgen des Widerrufs<\/h3>\n<p>Wenn Sie diesen Vertrag widerrufen, haben wir Ihnen alle Zahlungen, die wir von Ihnen erhalten haben, einschlie\u00dflich der Lieferkosten (mit Ausnahme der zus\u00e4tzlichen Kosten, die sich daraus ergeben, dass Sie eine andere Art der Lieferung als die von uns angebotene, g\u00fcnstigste Standardlieferung gew\u00e4hlt haben), unverz\u00fcglich und sp\u00e4testens binnen vierzehn Tagen ab dem Tag zur\u00fcckzuzahlen, an dem die Mitteilung \u00fcber Ihren Widerruf dieses Vertrags bei uns eingegangen ist. F\u00fcr diese R\u00fcckzahlung verwenden wir dasselbe Zahlungsmittel, das Sie bei der urspr\u00fcnglichen Transaktion eingesetzt haben, es sei denn, mit Ihnen wurde ausdr\u00fccklich etwas anderes vereinbart; in keinem Fall werden Ihnen wegen dieser R\u00fcckzahlung Entgelte berechnet. Wir k\u00f6nnen die R\u00fcckzahlung verweigern, bis wir die Waren wieder zur\u00fcckerhalten haben oder bis Sie den Nachweis erbracht haben, dass Sie die Waren zur\u00fcckgesandt haben. Die Kosten der R\u00fccksendung tr\u00e4gt der Verbraucher bzw. K\u00e4ufer.<\/p>\n<h4><a href=\"https:\/\/bestelements.de\/wp-content\/uploads\/Widerrufsformular.pdf\" target=\"_blank\" rel=\"noopener\">Muster-Widerrufsformular<\/a> PDF<br \/>\n<em>Wenn Sie den Vertrag widerrufen wollen, dann f\u00fcllen Sie bitte dieses Formular aus und senden Sie es zur\u00fcck.<\/em><\/h4>\n<p>Sie haben die Waren unverz\u00fcglich und in jedem Fall sp\u00e4testens binnen vierzehn Tagen ab dem Tag, an dem Sie uns \u00fcber den Widerruf dieses Vertrags unterrichten, an uns zur\u00fcckzusenden oder zu \u00fcbergeben. Die Frist ist gewahrt, wenn Sie die Waren vor Ablauf der Frist von vierzehn Tagen absenden. Wir tragen die Kosten der R\u00fccksendung der Waren. Sie m\u00fcssen f\u00fcr einen etwaigen Wertverlust der Waren nur aufkommen, wenn dieser Wertverlust auf einen zur Pr\u00fcfung der Beschaffenheit, Eigenschaften und Funktionsweise der Waren nicht notwendigen Umgang mit ihnen zur\u00fcckzuf\u00fchren ist.<\/p>\n<p>Das Widerrufsrecht besteht nicht bei den folgenden Vertr\u00e4gen:<br \/>\nVertr\u00e4ge zur Lieferung versiegelter Waren, die aus Gr\u00fcnden des Gesundheitsschutzes oder der Hygiene nicht zur R\u00fcckgabe geeignet sind, wenn ihre Versiegelung nach der Lieferung entfernt wurde.<\/p>\n<h2>Widerrufsbelehrung f\u00fcr Dienstleistungen<\/h2>\n<p>Verbraucher haben ein vierzehnt\u00e4giges Widerrufsrecht.<\/p>\n<h3>Widerrufsrecht<\/h3>\n<p>Sie haben das Recht, binnen vierzehn Tagen ohne Angabe von Gr\u00fcnden diesen Vertrag zu widerrufen. Die Widerrufsfrist betr\u00e4gt vierzehn Tage ab dem Tag des Vertragsabschlusses. Um Ihr Widerrufsrecht auszu\u00fcben, m\u00fcssen Sie uns (BestElements Filtertechnologie, Thomas Schmidt, Clemens-Adams-Str. 10, 53604 Bad Honnef, Deutschland, info@bestelements.de, Telefon: 02224-901980, Fax: 02224-901982) mittels einer eindeutigen Erkl\u00e4rung (z.B. ein mit der Post versandter Brief, Telefax oder E-Mail) \u00fcber Ihren Entschluss, diesen Vertrag zu widerrufen, informieren. Sie k\u00f6nnen daf\u00fcr das beigef\u00fcgte Muster-Widerrufsformular verwenden, das jedoch nicht vorgeschrieben ist. Sie k\u00f6nnen daf\u00fcr das beigef\u00fcgte <a href=\"https:\/\/bestelements.de\/wp-content\/uploads\/Widerrufsformular.pdf\" target=\"_blank\" rel=\"noopener\">Muster-Widerrufsformular<\/a> verwenden, das jedoch nicht vorgeschrieben ist. Sie k\u00f6nnen das <a href=\"https:\/\/bestelements.de\/wp-content\/uploads\/Widerrufsformular.pdf\" target=\"_blank\" rel=\"noopener\">Muster-Widerrufsformular<\/a> oder eine andere eindeutige Erkl\u00e4rung auch auf unserer Webseite <a href=\"https:\/\/bestelements.de\/de\/kontakt-beratung\/\">www.bestelements.de\/de\/kontakt-beratung<\/a> elektronisch ausf\u00fcllen und \u00fcbermitteln. Machen Sie von dieser M\u00f6glichkeit Gebrauch, so werden wir Ihnen unverz\u00fcglich (z. B. per E-Mail) eine Best\u00e4tigung \u00fcber den Eingang eines solchen Widerrufs \u00fcbermitteln. Zur Wahrung der Widerrufsfrist reicht es aus, dass Sie die Mitteilung \u00fcber die Aus\u00fcbung des Widerrufsrechts vor Ablauf der Widerrufsfrist absenden.<\/p>\n<h3>Folgen des Widerrufs<\/h3>\n<p>Wenn Sie diesen Vertrag widerrufen, haben wir Ihnen alle Zahlungen, die wir von Ihnen erhalten haben, einschlie\u00dflich der Lieferkosten (mit Ausnahme der zus\u00e4tzlichen Kosten, die sich daraus ergeben, dass Sie eine andere Art der Lieferung als die von uns angebotene, g\u00fcnstigste Standardlieferung gew\u00e4hlt haben), unverz\u00fcglich und sp\u00e4testens binnen vierzehn Tagen ab dem Tag zur\u00fcckzuzahlen, an dem die Mitteilung \u00fcber Ihren Widerruf dieses Vertrags bei uns eingegangen ist. F\u00fcr diese R\u00fcckzahlung verwenden wir dasselbe Zahlungsmittel, das Sie bei der urspr\u00fcnglichen Transaktion eingesetzt haben, es sei denn, mit Ihnen wurde ausdr\u00fccklich etwas anderes vereinbart; in keinem Fall werden Ihnen wegen dieser R\u00fcckzahlung Entgelte berechnet.<\/p>\n<h4><a href=\"https:\/\/bestelements.de\/wp-content\/uploads\/Widerrufsformular.pdf\" target=\"_blank\" rel=\"noopener\">Muster-Widerrufsformular<\/a> PDF<br \/>\n<em>Wenn Sie den Vertrag widerrufen wollen, dann f\u00fcllen Sie bitte dieses Formular aus und senden Sie es zur\u00fcck.<\/em><\/h4>\n<p>Haben Sie verlangt, dass die Dienstleistungen w\u00e4hrend der Widerrufsfrist beginnen soll, so haben Sie uns einen angemessenen Betrag zu zahlen, der dem Anteil der bis zu dem Zeitpunkt, zu dem Sie uns von der Aus\u00fcbung des Widerrufsrechts hinsichtlich dieses Vertrags unterrichten, bereits erbrachten Dienstleistungen im Vergleich zum Gesamtumfang der im Vertrag vorgesehenen Dienstleistungen entspricht.<\/p>\n<h3>Besondere Hinweise<\/h3>\n<p>Wenn Sie diesen Vertrag durch ein Darlehen finanzieren und ihn sp\u00e4ter widerrufen, sind sie auch an den Darlehensvertrag nicht mehr gebunden, sofern beide Vertr\u00e4ge eine wirtschaftliche Einheit bilden. Dies ist insbesondere dann anzunehmen, wenn wir gleichzeitig Ihr Darlehensgeber sind oder wenn sich Ihr Darlehensgeber im Hinblick auf die Finanzierung unserer Mitwirkung bedient. Wenn uns das Darlehen bei Wirksamwerden des Widerrufs bereits zugeflossen ist, tritt Ihr Darlehensgeber im Verh\u00e4ltnis zu Ihnen hinsichtlich der Rechtsfolgen des Widerrufs oder der R\u00fcckgabe in unsere Rechte und Pflichten aus dem finanzierten Vertrag ein. Letzteres gilt nicht, wenn der vorliegende Vertrag den Erwerb von Finanzinstrumenten (z.B. von Wertpapieren, Devisen oder Derivaten) zum Gegenstand hat.<\/p>\n<p>Wollen Sie eine vertragliche Bindung so weitgehend wie m\u00f6glich vermeiden, machen Sie von Ihrem Widerrufsrecht Gebrauch und widerrufen Sie zudem den Darlehensvertrag, wenn Ihnen auch daf\u00fcr ein Widerrufsrecht zusteht.<\/p>\n<\/div><\/div><\/div><\/div><\/div><\/p>","protected":false},"excerpt":{"rendered":"","protected":false},"author":1,"featured_media":0,"parent":0,"menu_order":0,"comment_status":"closed","ping_status":"closed","template":"","meta":{"footnotes":""},"class_list":["post-94","page","type-page","status-publish","hentry"],"_links":{"self":[{"href":"https:\/\/bestelements.de\/de\/wp-json\/wp\/v2\/pages\/94","targetHints":{"allow":["GET"]}}],"collection":[{"href":"https:\/\/bestelements.de\/de\/wp-json\/wp\/v2\/pages"}],"about":[{"href":"https:\/\/bestelements.de\/de\/wp-json\/wp\/v2\/types\/page"}],"author":[{"embeddable":true,"href":"https:\/\/bestelements.de\/de\/wp-json\/wp\/v2\/users\/1"}],"replies":[{"embeddable":true,"href":"https:\/\/bestelements.de\/de\/wp-json\/wp\/v2\/comments?post=94"}],"version-history":[{"count":0,"href":"https:\/\/bestelements.de\/de\/wp-json\/wp\/v2\/pages\/94\/revisions"}],"wp:attachment":[{"href":"https:\/\/bestelements.de\/de\/wp-json\/wp\/v2\/media?parent=94"}],"curies":[{"name":"wp","href":"https:\/\/api.w.org\/{rel}","templated":true}]}}