{"id":91,"date":"2020-08-15T16:47:29","date_gmt":"2020-08-15T14:47:29","guid":{"rendered":"https:\/\/bestelements.de\/?page_id=91"},"modified":"2023-01-05T15:44:30","modified_gmt":"2023-01-05T14:44:30","slug":"allgemeine-geschaeftsbedingungen","status":"publish","type":"page","link":"https:\/\/bestelements.de\/de\/allgemeine-geschaeftsbedingungen\/","title":{"rendered":"Allgemeine Gesch\u00e4ftsbedingungen"},"content":{"rendered":"<p><div class=\"fusion-fullwidth fullwidth-box fusion-builder-row-1 fusion-flex-container nonhundred-percent-fullwidth non-hundred-percent-height-scrolling\" style=\"--awb-border-radius-top-left:0px;--awb-border-radius-top-right:0px;--awb-border-radius-bottom-right:0px;--awb-border-radius-bottom-left:0px;--awb-flex-wrap:wrap;\" ><div class=\"fusion-builder-row fusion-row fusion-flex-align-items-flex-start fusion-flex-content-wrap\" style=\"max-width:1185.6px;margin-left: calc(-4% \/ 2 );margin-right: calc(-4% \/ 2 );\"><div class=\"fusion-layout-column fusion_builder_column fusion-builder-column-0 fusion_builder_column_1_1 1_1 fusion-flex-column\" style=\"--awb-bg-size:cover;--awb-width-large:100%;--awb-margin-top-large:0px;--awb-spacing-right-large:1.92%;--awb-margin-bottom-large:0px;--awb-spacing-left-large:1.92%;--awb-width-medium:100%;--awb-spacing-right-medium:1.92%;--awb-spacing-left-medium:1.92%;--awb-width-small:100%;--awb-spacing-right-small:1.92%;--awb-spacing-left-small:1.92%;\"><div class=\"fusion-column-wrapper fusion-flex-justify-content-flex-start fusion-content-layout-column\"><div class=\"fusion-text fusion-text-1\"><p><strong>1 Geltung gegen\u00fcber Unternehmern und Begriffsdefinitionen<\/strong><\/p>\n<ol>\n<li>Die nachfolgenden Allgemeinen Gesch\u00e4ftbedingungen gelten f\u00fcr alle Lieferungen zwischen uns und einem Verbraucher in ihrer zum Zeitpunkt der Bestellung g\u00fcltigen Fassung.<\/li>\n<li>\u201eVerbraucher\u201c in Sinne dieser Gesch\u00e4ftsbedingungen ist jede nat\u00fcrliche Person, die ein Rechtsgesch\u00e4ft zu einem Zwecke abschlie\u00dft, der weder ihrer gewerblichen noch ihrer selbst\u00e4ndigen beruflichen T\u00e4tigkeit zugerechnet werden kann.<\/li>\n<\/ol>\n<p><strong>2 Zustandekommen eines Vertrages, Speicherung des Vertragstextes<\/strong><\/p>\n<ol>\n<li>Die folgenden Regelungen \u00fcber den Vertragsabschluss gelten f\u00fcr Bestellungen \u00fcber unseren Internetshop www.bestelements.de.<br \/>\nBestElements Filtertechnologie<br \/>\nThomas Schmidt<br \/>\nClemens-Adams-Stra\u00dfe 10<br \/>\n53604 Bad Honnef<br \/>\nUSt-ID.Nr.: DE17554849<\/li>\n<li>Die Pr\u00e4sentation der Waren in unserem Internetshop stellen kein rechtlich bindendes Vertragsangebot unsererseits dar, sondern sind nur eine unverbindliche Aufforderungen an den Verbraucher, Waren zu bestellen. Mit der Bestellung der gew\u00fcnschten Ware gibt der Verbraucher ein f\u00fcr ihn verbindliches Angebot auf Abschluss eines Kaufvertrages ab.<\/li>\n<li>Die vom Kunden unterzeichnete Bestellung ist ein bindendes Angebot; dies gilt auch f\u00fcr Bestellungen, die als Angebot im Sinne von \u00a7 145 BGB zu qualifizieren sind. Wir k\u00f6nnen dieses Angebot innerhalb von zwei Wochen durch Zusendung einer Auftragsbest\u00e4tigung annehmen oder innerhalb dieser Frist die bestellte Ware zusenden.<\/li>\n<li>Waren und Dienstleistungen die mittels Verlinkung von Dritten angeboten werden, erfolgen gem\u00e4\u00df der gelten AGB der jeweiligen Anbieter.<\/li>\n<li>Bei Eingang einer Bestellung in unserem Internetshop gelten folgende Regelungen: Der Verbraucher gibt ein bindendes Vertragsangebot ab, indem er die in unserem Internetshop vorgesehene Bestellprozedur erfolgreich durchl\u00e4uft.<br \/>\nDie Bestellung erfolgt in folgenden Schritten:<br \/>\nAuswahl der gew\u00fcnschten Ware<br \/>\nBest\u00e4tigen durch Anklicken der Buttons \u201ein den Warenkorb\u201c<br \/>\nPr\u00fcfung der Angaben im Warenkorb<br \/>\nBet\u00e4tigung des Buttons \u201ezur Kasse\u201c<br \/>\nAnmeldung im Internetshop nach Registrierung und Eingabe der Anmelderangaben.<br \/>\nNochmalige Pr\u00fcfung bzw. Berichtigung der jeweiligen eingegebenen Daten.<br \/>\nVerbindliche Absendung der Bestellung durch Anklicken der Buttons \u201eJetzt kaufen\u201c.<\/li>\n<li>Der Verbraucher kann vor dem verbindlichen Absenden der Bestellung durch Bet\u00e4tigen der in dem von ihm verwendeten Internet-Browser enthaltenen \u201eZur\u00fcck\u201c-Taste nach Kontrolle seiner Angaben wieder zu der Internetseite gelangen, auf der die Angaben des Kunden erfasst werden und Eingabefehler berichtigen bzw. durch Schlie\u00dfen des Internetbrowsers den Bestellvorgang abbrechen. Wir best\u00e4tigen den Eingang der Bestellung unmittelbar durch eine automatisch generierte E-Mail (\u201eAuftragsbest\u00e4tigung\u201c). Mit dieser nehmen wir Ihr Angebot an.<\/li>\n<li>Speicherung des Vertragstextes bei Bestellungen \u00fcber unseren Internetshop: Wir speichern den Vertragstext und senden Ihnen die Bestelldaten. Die AGB k\u00f6nnen Sie jederzeit auch unter https:\/\/bestelements.de\/de\/allgemeine-geschaeftsbedingungen einsehen.<\/li>\n<li>BestElements ist berechtigt, die Annahme von Bestellungen ohne Angaben von Gr\u00fcnden abzulehnen.<\/li>\n<li>Bei digitalen Produkten zum Download erfolgt die Annahme der Bestellung durch Bereitstellen des Download-Links als anklickbarer Button im Online-Shop oder durch \u00dcbersendung eines Links per E-Mail an den Kunden.<\/li>\n<\/ol>\n<p><strong> 3 Urheberrecht und Copyright<\/strong><\/p>\n<ol>\n<li>Alle Rechte an geistigem Eigentum (inklusive, aber nicht auf das Urheberrecht begrenzt) auf die Materialien, die durch uns vertrieben werden, sind Eigentum des Shopbetreibers BestElements und Zulieferer.<\/li>\n<li>Ohne die schriftliche Zustimmung des Verfassers darf keine Vervielf\u00e4ltigung, Ab\u00e4nderung, Reorganisation, Anpassung oder Gebrauch, weder von Teilen noch des gesamten Materials, das in den Publikationen erscheint, erfolgen. Es d\u00fcrfen keine Teile des Inhalts kopiert, vervielf\u00e4ltigt, dargestellt, angepasst, oder anderweitig in irgendeiner Form oder auf irgendeine Art und Weise in Umlauf gebracht werden. Die \u00c4nderung dieser Dokumente oder deren Nutzung f\u00fcr andere Ziele verst\u00f6\u00dft gegen die Eigentumsrechte des Verfassers. Jede unberechtigte Verwendung der Materialien oder Publikationen ist strafbar und kann rechtlich angefochten werden.<\/li>\n<li>Vor der Weitergabe an Dritte bedarf der Kunde unserer ausdr\u00fccklichen schriftlichen Zustimmung. F\u00fcr die Erlaubnis der Reproduktion von Materialien oder Publikationen nehmen Sie bitte Kontakt auf mit Thomas Schmidt.<\/li>\n<\/ol>\n<p><strong> 4 Preise \u2013 Zahlungsbedingungen<\/strong><\/p>\n<ol>\n<li>Die Zahlung kann grunds\u00e4tzlich per Bank\u00fcberweisung oder PayPal Plus mit Rechnung, Lastschrift oder Kreditkarte erfolgen. Wir behalten uns vor, Ihnen f\u00fcr die erbetene Lieferung nur bestimmte Zahlungsarten anzubieten. Zahlmethode Rechnung, Kreditkarte und Lastschrifteinzug werden \u00fcber den Service PayPal Plus abgewickelt.<\/li>\n<li>Die Zahlung des Kaufpreises hat ausschlie\u00dflich auf das in der Rechnung bzw. in der Bestellbest\u00e4tigung angegebene Konto zu erfolgen. Der Abzug von Skonto bedarf besonderer schriftlicher Vereinbarung.<\/li>\n<li>Die gesetzliche Mehrwertsteuer ist in der Rechnung gesondert ausgewiesen.<\/li>\n<li>Sofern sich aus der Auftragsbest\u00e4tigung nichts anderes ergibt, ist die Zahlung sofort f\u00e4llig. Der Warenversand erfolgt nach Zahlungseingang. Es gelten die gesetzlichen Regeln betreffend die Folgen des Zahlungsverzugs. Verzugszinsen werden in H\u00f6he von 5 % bzw. 8 % \u00fcber dem jeweiligen Basiszinssatz p.a. berechnet. Die Geltendmachung eines h\u00f6heren Verzugsschadens bleibt vorbehalten. F\u00fcr diesen Fall hat der Besteller die M\u00f6glichkeit nachzuweisen, dass der geltend gemachte Verzugsschaden \u00fcberhaupt nicht bzw. in wesentlich geringerer H\u00f6he angefallen ist.<\/li>\n<li>Die Bearbeitungsgeb\u00fchren f\u00fcr etwaige R\u00fccklastschriften tr\u00e4gt in jedem Fall der Kunde.<\/li>\n<li>Sofern Sie uns ein SEPA-Mandat erteilen, erfolgt die Zahlung per Einzug von Ihrem Bankkonto. Die Abbuchung des Kaufpreises von Ihrem Konto erfolgt 1 Bankarbeitstag nach Abschluss der Bestellung durch uns. Die Frist f\u00fcr die Vorabank\u00fcndigung (Pre-Notification) wird auf 1 Tag verk\u00fcrzt. Der K\u00e4ufer sichert zu, f\u00fcr die Deckung des Kontos zu sorgen. Kosten, die aufgrund von Nichteinl\u00f6sung oder R\u00fcckbuchung der Lastschrift entstehen, gehen zu Lasten des K\u00e4ufers, solange die Nichteinl\u00f6sung oder die R\u00fcckbuchung nicht durch uns verursacht wurde.<\/li>\n<li>Die Berechtigung zum Forderungseinzug mittels SEPA-Lastschrift gilt als rechtsverbindlich erteilt, sobald der Kunde die daf\u00fcr vorgesehene Best\u00e4tigungs-Schaltfl\u00e4che w\u00e4hrend des Zahlungsvorgangs angeklickt hat.<\/li>\n<\/ol>\n<p><strong> 5 Aufrechnung<\/strong><\/p>\n<ol>\n<li>Aufrechnungsrechte stehen dem Kunden nur zu, wenn seine Gegenanspr\u00fcche rechtskr\u00e4ftig festgestellt, unbestritten oder von uns anerkannt sind. Au\u00dferdem ist er zur Aus\u00fcbung eines Zur\u00fcckbehaltungsrechts insoweit befugt, als sein Gegenanspruch auf dem gleichen Vertragsverh\u00e4ltnis beruht.<\/li>\n<\/ol>\n<p><strong> 6 Lieferzeit<\/strong><\/p>\n<ol>\n<li>Der Beginn der von uns angegebenen Lieferzeit setzt die rechtzeitige und ordnungsgem\u00e4\u00dfe Erf\u00fcllung der Verpflichtung des Kunden voraus. Die Einrede des nicht erf\u00fcllten Vertrages bleibt vorbehalten.<\/li>\n<li>Kommt der Kunde in Annahmeverzug oder verletzt er schuldhaft sonstige Mitwirkungspflichten, so sind wir berechtigt, den uns insoweit entstehenden Schaden, einschlie\u00dflich etwaiger Mehraufwendungen ersetzt zu verlangen. Weitergehende Anspr\u00fcche bleiben vorbehalten. Dem Besteller bleibt seinerseits vorbehalten nachzuweisen, dass der geltend gemachte Schaden \u00fcberhaupt nicht bzw. in wesentlich geringerer H\u00f6he angefallen ist.<\/li>\n<li>Sofern die Voraussetzungen von Abs. (2)\u00a0vorliegen, geht die Gefahr eines zuf\u00e4lligen Untergangs oder einer zuf\u00e4lligen Verschlechterung der Kaufsache in dem Zeitpunkt auf den Kunden \u00fcber, in dem dieser in Annahme- oder Schuldnerverzug geraten ist.<\/li>\n<li>Weitere gesetzliche Anspr\u00fcche und Rechte des Kunden bleiben unber\u00fchrt.<\/li>\n<li>Ist eine Ware nicht verf\u00fcgbar, wird BestElements den Kunden hier\u00fcber unverz\u00fcglich informieren und die bereits geleisteten Zahlungen zur\u00fcckerstatten. Lieferverz\u00f6gerungen bedingt durch h\u00f6here Gewalten und seitens Dritter sind im Rahmen der Zumutbarkeit zul\u00e4ssig.<\/li>\n<li>Bei Download-Produkten ist der Vertrag durch BestElements erf\u00fcllt, wenn der ausf\u00fchrbare Download-Link dem Kunden einmalig bereitgestellt worden ist.<\/li>\n<\/ol>\n<p><strong> 7 Versandkosten Gefahren\u00fcbergang Verpackungskosten<\/strong><\/p>\n<ol>\n<li>Anfallende Versandkosten werden vor der verbindlichen Bestellung im Warenkorb gesondert ausgewiesen.<\/li>\n<li>Sofern sich aus der Auftragsbest\u00e4tigung nichts anderes ergibt, ist Lieferung \u201eab Werk\u201c vereinbart, sofern der Kunde Unternehmer ist.<\/li>\n<li>Sofern der Kunde es w\u00fcnscht, werden wir die Lieferung durch eine zus\u00e4tzliche Transportversicherung eindecken.<\/li>\n<li>Beim Auslandsversand tr\u00e4gt der Kunde s\u00e4mtliche \u00dcberf\u00fchrungskosten, insbesondere die Versandkosten, Z\u00f6lle und sonstigen Geb\u00fchren.<\/li>\n<\/ol>\n<p><strong> 8 Nutzungsrechte bei Download-Produkten<\/strong><\/p>\n<p>Der Kunde erh\u00e4lt ein einfaches Nutzungsecht zum pers\u00f6nlichen, nicht-kommerziellen Gebrauch des erworbenen digitalen Produktes. Jegliche \u00f6ffentliche Wiedergabe einschlie\u00dflich des Vortrags, der Vorf\u00fchrung, der Auff\u00fchrung, der Sendung und der Zug\u00e4nglichmachung im Internet ist untersagt.<\/p>\n<p><strong> 9 M\u00e4ngelhaftung<\/strong><\/p>\n<ol>\n<li>Offensichtliche M\u00e4ngel sind vom K\u00e4ufer innerhalb von 2 Wochen ab Lieferung der Vertragsgegenstandes schriftlich uns gegen\u00fcber zu r\u00fcgen. Unternehmer haben ihren Verpflichtungen aus \u00a7 377 HGB nachzukommen.<\/li>\n<li>Der Kunde hat zun\u00e4chst die Wahl, ob die Nacherf\u00fcllung durch Nachbesserung oder Ersatzlieferung erfolgen soll. Wir sind jedoch berechtigt, die vom Kunden gew\u00e4hlte Art der Nacherf\u00fcllung zu verweigern, wenn sie nur mit unverh\u00e4ltnism\u00e4\u00dfigen Kosten m\u00f6glich ist und die andere Art der Nacherf\u00fcllung ohne erhebliche Nachteile f\u00fcr den Kunden bleibt. Im Fall der Mangelbeseitigung sind wir verpflichtet, alle zum Zweck der Mangelbeseitigung erforderlichen Aufwendungen, insbesondere Transport-, Wege-,\u00a0Arbeits- und Materialkosten zu tragen, soweit sich diese nicht dadurch erh\u00f6hen, dass die Kaufsache nach einem anderen Ort als dem Erf\u00fcllungsort verbracht wurde. W\u00e4hrend der Nacherf\u00fcllung sind die Herabsetzung des Kaufpreises oder der R\u00fccktritt vom Vertrag durch den Kunden ausgeschlossen. Eine Nachbesserung gilt mit dem erfolglosen zweiten Versuch als fehlgeschlagen, wenn sich nicht insbesondere aus der Art der Sache oder des Mangels oder den sonstigen Umst\u00e4nden etwas anderes ergibt<\/li>\n<li>Ist die Nacherf\u00fcllung fehlgeschlagen oder haben wir die Nacherf\u00fcllung insgesamt verweigert, kann der Kunde nach seiner Wahl Herabsetzung des Kaufpreises (Minderung) verlangen oder den R\u00fccktritt vom Vertrag erkl\u00e4ren.<\/li>\n<li>Trinkwasserfilterger\u00e4te sind nach Lieferung unverz\u00fcglich an das Leitungsnetz anzuschlie\u00dfen. Sp\u00e4tere M\u00e4ngel &#8211; speziell der Membranen &#8211; die auf zu lange Lagerung zur\u00fcck zuf\u00fchren sind, sind nicht in der Gew\u00e4hrleistung und Garantie eingeschlossen.<\/li>\n<li>Die durchschnittliche Wasserh\u00e4rte in Deutschland betr\u00e4gt 16,52 \u00b0dH und die Trinkwasserverordnung legt den Grenzwert f\u00fcr Natrium von 0,2 g\/L (entspr. 0,5 g Natriumchlorid (Salz) pro Liter fest. Die Wasserfilterger\u00e4te sind f\u00fcr einen dauerhaften Einsatz bis zu 25 \u00b0dH und einem Salzgehalt gem\u00e4\u00df der Trinkwasserverordnung konzipiert. Sollten kundenseitig au\u00dfergew\u00f6hnlich hohe H\u00e4rtegrade oder hoher Salzgehalt im Wasser auftreten, sind Sch\u00e4den an den Filterelementen und Membranen nicht ausgeschlossen. Die Trinkwasserfilterger\u00e4te d\u00fcrfen nicht am Warm- bzw. Hei\u00dfwasseranschluss betrieben werden, ausgenommen sind Wasserfilter, die speziell daf\u00fcr konzipiert sind, wie zum Beispiel Duschfilter. Werden kundenseitig die Grenzwerte \u00fcberschritten oder die Anschlussart nicht beachtet, sind Gew\u00e4hrleistung und Garantie ausgeschlossen, sofern der Mangel darauf zur\u00fcckzuf\u00fchren ist.<\/li>\n<li>Schadensersatzanspr\u00fcche zu den nachfolgenden Bedingungen wegen des Mangels kann der Kunde erst geltend machen, wenn die Nacherf\u00fcllung fehlgeschlagen ist oder wir die Nacherf\u00fcllung verweigert haben. Das Recht des Kunden zur Geltendmachung von weitergehenden Schadensersatzanspr\u00fcchen zu den nachfolgenden Bedingungen bleibt davon unber\u00fchrt.<\/li>\n<li>Eine weitergehende Haftung ist ohne R\u00fccksicht auf die Rechtsnatur des geltend gemachten Anspruchs ausgeschlossen. Soweit unsere Haftung ausgeschlossen oder beschr\u00e4nkt ist, gilt dies auch f\u00fcr die pers\u00f6nliche Haftung unserer Angestellten, Arbeitnehmer, Mitarbeiter, Vertreter und Erf\u00fcllungsgehilfen<\/li>\n<li>Dezibel-Werte sind gemittelte Werte aus mehreren Messreihen mit den nicht geeichten App Schallmessung, Dezibelmeter und Dezibel X sowie technischen Angaben von Zulieferern und sind als Richtwert anzusehen.<\/li>\n<li>Die Gew\u00e4hrleistungsfrist f\u00fcr neue Gegenst\u00e4nde richtet sich nach den gesetzlichen Bestimmungen. Diese Frist gilt auch f\u00fcr Anspr\u00fcche auf Ersatz von Mangelfolgesch\u00e4den, soweit keine Anspr\u00fcche aus unerlaubter Handlung geltend gemacht werden.<\/li>\n<\/ol>\n<p><strong> 10 Gesamthaftung<\/strong><\/p>\n<ol>\n<li>Eine weitergehende Haftung auf Schadensersatz als o.g. ist \u2013 ohne R\u00fccksicht auf die Rechtsnatur des geltend gemachten Anspruchs \u2013 ausgeschlossen. Dies gilt insbesondere f\u00fcr Schadensersatzanspr\u00fcche aus Verschulden bei Vertragsabschluss, wegen sonstiger Pflichtverletzungen oder wegen deliktischer Anspr\u00fcche auf Ersatz von Sachsch\u00e4den gem\u00e4\u00df \u00a7 823 BGB.<\/li>\n<li>Die Begrenzung nach Abs. (1) gilt auch, soweit der Kunde anstelle eines Anspruchs auf Ersatz des Schadens, statt der Leistung Ersatz nutzloser Aufwendungen verlangt.<\/li>\n<li>Soweit die Schadensersatzhaftung uns gegen\u00fcber ausgeschlossen oder eingeschr\u00e4nkt ist, gilt dies auch im Hinblick auf die pers\u00f6nliche Schadensersatzhaftung unserer Angestellten, Arbeitnehmer, Mitarbeiter, Vertreter und Erf\u00fcllungsgehilfen.<\/li>\n<\/ol>\n<p><strong> 11 Gew\u00e4hrleistung und Garantie<\/strong><\/p>\n<ol>\n<li>Weist die Ware M\u00e4ngel auf, welche die vertragsgem\u00e4\u00dfe Verwendung nicht nur unerheblich beeintr\u00e4chtigen, so steht dem Kunden zun\u00e4chst nur das Recht auf Nacherf\u00fcllung zu. BestElements kann den Mangel durch Lieferung einer mangelfreien Sache oder durch Nachbesserung an bereits gelieferten Sachen beheben. Die Nachbesserung gilt fr\u00fchestens nach dem zweiten erfolglosen Versuch als fehlgeschlagen. Danach kann der Kunde mindern oder vom Vertrag zur\u00fccktreten.<\/li>\n<\/ol>\n<p><strong> 12 Eigentumsvorbehaltssicherung<\/strong><\/p>\n<ol>\n<li>Wir behalten uns das Eigentum an der Kaufsache bis zum Eingang aller Zahlungen aus dem Liefervertrag vor, sofern es sich um einen Unternehmer handelt bis zum Eingang aller Zahlungen aus der Gesch\u00e4ftsverbindung mit dem Kunden. Bei vertragswidrigem Verhalten des Kunden, insbesondere bei Zahlungsverzug, sind wir berechtigt, die Kaufsache zur\u00fcckzunehmen. In der Zur\u00fccknahme der Kaufsache durch uns liegt ein R\u00fccktritt vom Vertrag. Wir sind nach R\u00fccknahme der Kaufsache zu deren Verwertung befugt, der Verwertungserl\u00f6s ist auf die Verbindlichkeiten des Kunden \u2013 abz\u00fcglich angemessener Verwertungskosten \u2013 anzurechnen.<\/li>\n<li>Der Kunde ist verpflichtet, die Kaufsache pfleglich zu behandeln. Sofern\u00a0Wartungs- und\u00a0Inspektionsarbeiten\u00a0erforderlich sind, muss der Kunde diese auf eigene Kosten rechtzeitig durchf\u00fchren.<\/li>\n<li>Solange das Eigentum noch nicht \u00fcbergegangen ist, hat uns der Kunde unverz\u00fcglich schriftlich zu benachrichtigen, wenn der gelieferte Gegenstand gepf\u00e4ndet oder sonstigen Eingriffen Dritter ausgesetzt ist. Soweit der Dritte nicht in der Lage ist, uns die gerichtlichen und au\u00dfergerichtlichen Kosten einer Klage gem\u00e4\u00df \u00a7 771 ZPO zu erstatten, haftet der Kunde f\u00fcr den uns entstandenen Ausfall.<\/li>\n<li>Die \u00e4u\u00dferliche Be- und Verarbeitung oder Umbildung der Kaufsache durch den Kunden erfolgt stets Namens und im Auftrag f\u00fcr uns. In diesem Fall setzt sich das Anwartschaftsrecht des Kunden an der Kaufsache an der umgebildeten Sache fort. Sofern die Kaufsache mit anderen, uns nicht geh\u00f6renden Gegenst\u00e4nden verarbeitet wird, erwerben wir das Miteigentum an der neuen Sache im Verh\u00e4ltnis des objektiven Wertes unserer Kaufsache zu den anderen bearbeiteten Gegenst\u00e4nden zur Zeit der Verarbeitung. Dasselbe gilt f\u00fcr den Fall der Vermischung. Sofern die Vermischung in der Weise erfolgt, dass die Sache des Kunden als Hauptsache anzusehen ist, gilt als vereinbart, dass der Besteller uns anteilm\u00e4\u00dfig Miteigentum \u00fcbertr\u00e4gt und das so entstandene Alleineigentum oder Miteigentum f\u00fcr uns verwahrt.<\/li>\n<\/ol>\n<p><strong> 13 Gerichtsstand \u2013 Erf\u00fcllungsort \u2013 Sonstiges<\/strong><\/p>\n<ol>\n<li>Sofern der Kunde Kaufmann ist, ist unser Gesch\u00e4ftssitz Gerichtsstand; wir sind jedoch berechtigt, den Kunden auch an seinem Wohnsitzgericht zu verklagen. Falls der Kunde nach Vertragsabschluss seinen Wohnsitz oder gew\u00f6hnlichen Aufenthaltsort aus dem Geltungsbereich der Bundesrepublik Deutschland verlegt, ist unser Gesch\u00e4ftssitz Gerichtsstand. Dies gilt auch, falls Wohnsitz oder gew\u00f6hnlicher Aufenthaltsort im Zeitpunkt der Klageerhebung nicht bekannt sind.<\/li>\n<li>Es gilt das Recht der Bundesrepublik Deutschland; die Geltung des UN-Kaufrechts ist ausgeschlossen.<\/li>\n<li>Sofern sich aus der Auftragsbest\u00e4tigung nichts anderes ergibt, ist unser Gesch\u00e4ftssitz Erf\u00fcllungsort.<\/li>\n<li>Sollten einzelne Bestimmungen dieses Vertrages unwirksam sein oder werden oder eine L\u00fccke enthalten, so bleiben die \u00fcbrigen Bestimmungen hiervon unber\u00fchrt.<\/li>\n<li>AGB des Kunden finden, auch wenn der Anbieter nicht ausdr\u00fccklich widersprochen hat, keine Anwendung.<\/li>\n<\/ol>\n<div class=\"woocommerce woocommerce-gzd woocommerce-gzd-complaints-shortcode\">\n\t\t\t<h3>Alternative Streitbeilegung gem\u00e4\u00df Art. 14 Abs. 1 ODR-VO und \u00a7 36 VSBG:<\/h3>\n\t\nZur Teilnahme an einem Streitbeilegungsverfahren vor einer Verbraucherschlichtungsstelle sind wir nicht verpflichtet und nicht bereit.<\/div>\n<\/div><\/div><\/div><\/div><\/div><\/p>","protected":false},"excerpt":{"rendered":"<p>Leider ist der Eintrag nur auf English verf\u00fcgbar.1 Applicability to entrepreneurs and definitions of terms The following general terms and conditions apply to all deliveries between us and a consumer in the version valid at <a href=\"https:\/\/bestelements.de\/de\/allgemeine-geschaeftsbedingungen\/\">&#8230; [Beitrag \u00f6ffnen]<\/a><\/p>\n","protected":false},"author":1,"featured_media":0,"parent":0,"menu_order":0,"comment_status":"closed","ping_status":"closed","template":"","meta":{"footnotes":""},"class_list":["post-91","page","type-page","status-publish","hentry"],"_links":{"self":[{"href":"https:\/\/bestelements.de\/de\/wp-json\/wp\/v2\/pages\/91","targetHints":{"allow":["GET"]}}],"collection":[{"href":"https:\/\/bestelements.de\/de\/wp-json\/wp\/v2\/pages"}],"about":[{"href":"https:\/\/bestelements.de\/de\/wp-json\/wp\/v2\/types\/page"}],"author":[{"embeddable":true,"href":"https:\/\/bestelements.de\/de\/wp-json\/wp\/v2\/users\/1"}],"replies":[{"embeddable":true,"href":"https:\/\/bestelements.de\/de\/wp-json\/wp\/v2\/comments?post=91"}],"version-history":[{"count":0,"href":"https:\/\/bestelements.de\/de\/wp-json\/wp\/v2\/pages\/91\/revisions"}],"wp:attachment":[{"href":"https:\/\/bestelements.de\/de\/wp-json\/wp\/v2\/media?parent=91"}],"curies":[{"name":"wp","href":"https:\/\/api.w.org\/{rel}","templated":true}]}}