{"id":4427,"date":"2021-03-29T08:36:17","date_gmt":"2021-03-29T06:36:17","guid":{"rendered":"https:\/\/bestelements.de\/?page_id=4427"},"modified":"2023-09-15T10:19:27","modified_gmt":"2023-09-15T08:19:27","slug":"mietvereinbarung","status":"publish","type":"page","link":"https:\/\/bestelements.de\/de\/mietvereinbarung\/","title":{"rendered":"Mietvereinbarung Miete von Filter- und Aufbereitungsger\u00e4ten"},"content":{"rendered":"<p><div class=\"fusion-fullwidth fullwidth-box fusion-builder-row-1 fusion-flex-container nonhundred-percent-fullwidth non-hundred-percent-height-scrolling\" style=\"--awb-border-radius-top-left:0px;--awb-border-radius-top-right:0px;--awb-border-radius-bottom-right:0px;--awb-border-radius-bottom-left:0px;--awb-flex-wrap:wrap;\" ><div class=\"fusion-builder-row fusion-row fusion-flex-align-items-flex-start fusion-flex-content-wrap\" style=\"max-width:1185.6px;margin-left: calc(-4% \/ 2 );margin-right: calc(-4% \/ 2 );\"><div class=\"fusion-layout-column fusion_builder_column fusion-builder-column-0 fusion_builder_column_1_1 1_1 fusion-flex-column\" style=\"--awb-bg-size:cover;--awb-width-large:100%;--awb-margin-top-large:0px;--awb-spacing-right-large:1.92%;--awb-margin-bottom-large:0px;--awb-spacing-left-large:1.92%;--awb-width-medium:100%;--awb-spacing-right-medium:1.92%;--awb-spacing-left-medium:1.92%;--awb-width-small:100%;--awb-spacing-right-small:1.92%;--awb-spacing-left-small:1.92%;\"><div class=\"fusion-column-wrapper fusion-flex-justify-content-flex-start fusion-content-layout-column\"><div class=\"fusion-text fusion-text-1\"><p><strong>Mietvereinbarung Miete von Filter-\/Aufbereitungsger\u00e4ten<\/strong><\/p>\n<p>Eine endg\u00fcltige Best\u00e4tigung der Verf\u00fcgbarkeit zur gew\u00fcnschten Zeit erhalten Sie nach Ihrer Bestellung.<\/p>\n<p>Die Filter-\/Aufbereitungsger\u00e4te d\u00fcrfen ausschlie\u00dflich f\u00fcr den vorgesehenen Zweck verwendet werden. Die Ger\u00e4te m\u00fcssen sachgerecht und pfleglich behandelt und nur von berechtigtem Personal nach Kenntnis der Gebrauchsanleitung bedient werden.<\/p>\n<p>Etwaige Sch\u00e4den, die aufgrund unsachgem\u00e4\u00dfer Benutzung entstanden sind, werden vom Mieter bzw. der Versicherung des Mieters abgedeckt. Im Falle eines Schadens ist der Vermieter unverz\u00fcglich zu benachrichtigen.<\/p>\n<p>Die Filter-\/Aufbereitungsger\u00e4te mit allem Zubeh\u00f6r (au\u00dfer Verbrauchsartikel) und Unterlagen m\u00fcssen sofort nach Ablauf der vereinbarten Mietdauer in ordnungsgem\u00e4\u00dfem Zustand zur\u00fcck gesendet werden. Daf\u00fcr ist ausschlie\u00dflich die originale Verpackung zu verwenden.<\/p>\n<p>Bei eigenm\u00e4chtiger Verl\u00e4ngerung wird die zus\u00e4tzliche Mietdauer entsprechend der vereinbarten Konditionen berechnet.<\/p>\n<p>Sollten Sch\u00e4den am Ger\u00e4tentstanden sein oder Teile fehlen, werden diese auf Kosten des Mieters repariert bzw. ersetzt.<\/p>\n<\/div><\/div><\/div><\/div><\/div><\/p>","protected":false},"excerpt":{"rendered":"<p>Leider ist der Eintrag nur auf English und Espa\u00f1ol verf\u00fcgbar.Rental Agreement Rental of filter\/treatment equipment You will receive a final confirmation of availability at the desired time after your order. The filter\/treatment devices may only <a href=\"https:\/\/bestelements.de\/de\/mietvereinbarung\/\">&#8230; [Beitrag \u00f6ffnen]<\/a><\/p>\n","protected":false},"author":1,"featured_media":0,"parent":0,"menu_order":0,"comment_status":"closed","ping_status":"closed","template":"","meta":{"footnotes":""},"class_list":["post-4427","page","type-page","status-publish","hentry"],"_links":{"self":[{"href":"https:\/\/bestelements.de\/de\/wp-json\/wp\/v2\/pages\/4427","targetHints":{"allow":["GET"]}}],"collection":[{"href":"https:\/\/bestelements.de\/de\/wp-json\/wp\/v2\/pages"}],"about":[{"href":"https:\/\/bestelements.de\/de\/wp-json\/wp\/v2\/types\/page"}],"author":[{"embeddable":true,"href":"https:\/\/bestelements.de\/de\/wp-json\/wp\/v2\/users\/1"}],"replies":[{"embeddable":true,"href":"https:\/\/bestelements.de\/de\/wp-json\/wp\/v2\/comments?post=4427"}],"version-history":[{"count":0,"href":"https:\/\/bestelements.de\/de\/wp-json\/wp\/v2\/pages\/4427\/revisions"}],"wp:attachment":[{"href":"https:\/\/bestelements.de\/de\/wp-json\/wp\/v2\/media?parent=4427"}],"curies":[{"name":"wp","href":"https:\/\/api.w.org\/{rel}","templated":true}]}}