{"id":354,"date":"2020-11-03T10:52:56","date_gmt":"2020-11-03T09:52:56","guid":{"rendered":"https:\/\/bestelements.de\/?page_id=354"},"modified":"2023-09-15T10:14:24","modified_gmt":"2023-09-15T08:14:24","slug":"umwelthinweise","status":"publish","type":"page","link":"https:\/\/bestelements.de\/de\/umwelthinweise\/","title":{"rendered":"Umwelthinweise"},"content":{"rendered":"<p><div class=\"fusion-fullwidth fullwidth-box fusion-builder-row-1 fusion-flex-container nonhundred-percent-fullwidth non-hundred-percent-height-scrolling\" style=\"--awb-border-radius-top-left:0px;--awb-border-radius-top-right:0px;--awb-border-radius-bottom-right:0px;--awb-border-radius-bottom-left:0px;--awb-flex-wrap:wrap;\" ><div class=\"fusion-builder-row fusion-row fusion-flex-align-items-flex-start fusion-flex-content-wrap\" style=\"max-width:1185.6px;margin-left: calc(-4% \/ 2 );margin-right: calc(-4% \/ 2 );\"><div class=\"fusion-layout-column fusion_builder_column fusion-builder-column-0 fusion_builder_column_1_1 1_1 fusion-flex-column\" style=\"--awb-bg-size:cover;--awb-width-large:100%;--awb-margin-top-large:0px;--awb-spacing-right-large:1.92%;--awb-margin-bottom-large:0px;--awb-spacing-left-large:1.92%;--awb-width-medium:100%;--awb-spacing-right-medium:1.92%;--awb-spacing-left-medium:1.92%;--awb-width-small:100%;--awb-spacing-right-small:1.92%;--awb-spacing-left-small:1.92%;\"><div class=\"fusion-column-wrapper fusion-flex-justify-content-flex-start fusion-content-layout-column\"><div class=\"fusion-text fusion-text-1\"><p>Hiermit erkl\u00e4ren und best\u00e4tigen wir die Richtigkeit, dass wir unsere Systembeteiligungspflichten \/ R\u00fccknahmepflichten gem\u00e4\u00df dem Verpackungsgesetz durch Beteiligung an einem Dualen System erf\u00fcllen.<\/p>\n<h2>Hinweis Entsorgung Elektroger\u00e4te<\/h2>\n<p>Ausgediente Elektroger\u00e4te d\u00fcrfen nicht im Hausm\u00fcll entsorgt werden. Altger\u00e4te k\u00f6nnen kostenlos an Sammelstellen wie Wertstoff- und Recyclingh\u00f6fe und oder ausgewiesenen Sammelstellen zur\u00fcckgeben werden. Altbatterien\/Akkus und Lampen sollen vom Ger\u00e4t getrennt und gegebenenfalls pers\u00f6nliche Daten vom Ger\u00e4t gel\u00f6scht werden. Altger\u00e4te werden von uns, wie in \u00a7 17 Elektro- und Elektronikger\u00e4tegesetz festgelegt, unentgeltlich zur\u00fcckgenommen. Das Symbol \u201eDurchgestrichene M\u00fclltonne\u201c bedeutet, dass das so gekennzeichnete Ger\u00e4t am Ende seiner Lebensdauer getrennt vom \u00fcbrigen Abfall zu erfassen ist. Akkubetriebene d\u00fcrfen nicht im Hausm\u00fcll entsorgt werden. Neuere Ger\u00e4te erkennt man am Symbol einer durchgestrichenen M\u00fclltonne. Diese Produkte m\u00fcssen ebenfalls fachgerecht entsorgt werden. Das gilt ebenso f\u00fcr Batterien und Akkus: Diese d\u00fcrfen nicht in den Hausm\u00fcll.<\/p>\n<h2>Hinweis Batterieentsorgung<\/h2>\n<p>Durch den Vertrieb von Ger\u00e4ten die Batterien enthalten, sind wir zu folgendem Hinweis verpflichtet<br \/>\nSie sind als Endnutzer gesetzlich zur R\u00fcckgabe gebrauchter Batterien verpflichtet. Sie k\u00f6nnen Altbatterien, die wir als Neubatterien anbieten oder angeboten haben, unentgeltlich bei BestElements, Clemens-Adams-Str. 10, 53604 Bad Honnef zur\u00fcckgeben.<br \/>\nDie Symbole auf den Batterien haben folgende Bedeutung:<\/p>\n<ul>\n<li>Durchgekreuzten M\u00fclltonne bedeutet:\u00a0 Batterie darf nicht in den Hausm\u00fcll gegeben werden.<\/li>\n<li>Pb = Batterie enth\u00e4lt mehr als 0,004 Masseprozent Blei<\/li>\n<li>Cd = Batterie enth\u00e4lt mehr als 0,002 Masseprozent Cadmium<\/li>\n<li>Hg = Batterie enth\u00e4lt mehr als 0,0005 Masseprozent Quecksilber.<\/li>\n<\/ul>\n<p>Bitte beachten Sie diese Hinweise.<\/p>\n<\/div><\/div><\/div><\/div><\/div><\/p>","protected":false},"excerpt":{"rendered":"","protected":false},"author":1,"featured_media":0,"parent":0,"menu_order":0,"comment_status":"closed","ping_status":"closed","template":"","meta":{"footnotes":""},"class_list":["post-354","page","type-page","status-publish","hentry"],"_links":{"self":[{"href":"https:\/\/bestelements.de\/de\/wp-json\/wp\/v2\/pages\/354","targetHints":{"allow":["GET"]}}],"collection":[{"href":"https:\/\/bestelements.de\/de\/wp-json\/wp\/v2\/pages"}],"about":[{"href":"https:\/\/bestelements.de\/de\/wp-json\/wp\/v2\/types\/page"}],"author":[{"embeddable":true,"href":"https:\/\/bestelements.de\/de\/wp-json\/wp\/v2\/users\/1"}],"replies":[{"embeddable":true,"href":"https:\/\/bestelements.de\/de\/wp-json\/wp\/v2\/comments?post=354"}],"version-history":[{"count":0,"href":"https:\/\/bestelements.de\/de\/wp-json\/wp\/v2\/pages\/354\/revisions"}],"wp:attachment":[{"href":"https:\/\/bestelements.de\/de\/wp-json\/wp\/v2\/media?parent=354"}],"curies":[{"name":"wp","href":"https:\/\/api.w.org\/{rel}","templated":true}]}}