{"id":30653,"date":"2025-06-24T09:52:59","date_gmt":"2025-06-24T07:52:59","guid":{"rendered":"https:\/\/bestelements.de\/?page_id=30653"},"modified":"2025-06-24T13:40:47","modified_gmt":"2025-06-24T11:40:47","slug":"barrierefreiheit","status":"publish","type":"page","link":"https:\/\/bestelements.de\/de\/barrierefreiheit\/","title":{"rendered":"Erkl\u00e4rung Barrierefreiheit"},"content":{"rendered":"<p><div class=\"fusion-fullwidth fullwidth-box fusion-builder-row-1 fusion-flex-container nonhundred-percent-fullwidth non-hundred-percent-height-scrolling\" style=\"--awb-border-radius-top-left:0px;--awb-border-radius-top-right:0px;--awb-border-radius-bottom-right:0px;--awb-border-radius-bottom-left:0px;--awb-flex-wrap:wrap;\" ><div class=\"fusion-builder-row fusion-row fusion-flex-align-items-flex-start fusion-flex-content-wrap\" style=\"max-width:1185.6px;margin-left: calc(-4% \/ 2 );margin-right: calc(-4% \/ 2 );\"><div class=\"fusion-layout-column fusion_builder_column fusion-builder-column-0 fusion_builder_column_1_1 1_1 fusion-flex-column\" style=\"--awb-bg-size:cover;--awb-width-large:100%;--awb-margin-top-large:0px;--awb-spacing-right-large:1.92%;--awb-margin-bottom-large:0px;--awb-spacing-left-large:1.92%;--awb-width-medium:100%;--awb-spacing-right-medium:1.92%;--awb-spacing-left-medium:1.92%;--awb-width-small:100%;--awb-spacing-right-small:1.92%;--awb-spacing-left-small:1.92%;\"><div class=\"fusion-column-wrapper fusion-flex-justify-content-flex-start fusion-content-layout-column\"><div class=\"fusion-text fusion-text-1\"><p>Die Website der Firma BestElements entspricht den Anforderungen des Barrierefreiheitsst\u00e4rkungsgesetzes (BFSG) und der Barrierefreien-Informationstechnik-Verordnung (BITV 2.0). Diese Erkl\u00e4rung zur Barrierefreiheit gilt f\u00fcr die gesamte Website inklusive Online-Shop.<\/p>\n<h3>Stand der Vereinbarkeit mit den Anforderungen<\/h3>\n<p>Diese Website ist nach Pr\u00fcfung mit den geltenden Anforderungen vereinbar. Die meisten Inhalte und Funktionen sind barrierefrei zug\u00e4nglich. Einzelne Inhalte wie eingebettete oder \u00e4ltere Dokumente k\u00f6nnen derzeit noch Barrieren aufweisen.<\/p>\n<p>Nicht barrierefreie Inhalte:<br \/>\nDie nachfolgend aufgef\u00fchrten Inhalte sind derzeit nicht vollst\u00e4ndig barrierefrei:<br \/>\n\u2022 Einige eingebundene PDF-Dateien sind nicht durchgehend barrierefrei strukturiert.<br \/>\n\u2022 Eingebettete Videos verf\u00fcgen nicht immer \u00fcber Untertitel oder Audiodeskription.<br \/>\n\u2022 Einzelne Bedienelemente erfordern noch weitere Verbesserung hinsichtlich Tastaturbedienbarkeit oder Screenreader-Kompatibilit\u00e4t. Wir arbeiten kontinuierlich an der Verbesserung der Barrierefreiheit unserer Website und nehmen Nutzerhinweise ernst. Die vollst\u00e4ndige barrierefreie Umsetzung erfordert in einzelnen F\u00e4llen technische Entwicklungen, die sukzessive erfolgen.<\/p>\n<p>Erstellung dieser Erkl\u00e4rung:<br \/>\nDiese Erkl\u00e4rung wurde auf Grundlage einer internen Selbstbewertung erstellt. Sollten Ihnen Barrieren auf unserer Website auffallen oder sollten Sie Informationen in barrierefreier Form ben\u00f6tigen, kontaktieren Sie uns bitte:<\/p>\n<p>E-Mail: <a href=\"mailto:info@bestelements.de\">info@bestelements.de<\/a><br \/>\nTelefon: +49 (0) 2224-901980<br \/>\n<a href=\"https:\/\/bestelements.de\/de\/kontakt-beratung\/\">Kontaktformular<\/a><\/p>\n<p>Schlichtungsverfahren:<br \/>\nWenn Sie ein Anliegen zur Barrierefreiheit haben, k\u00f6nnen Sie sich an die Schlichtungsstelle nach dem Behindertengleichstellungsgesetz wenden:<\/p>\n<p>Schlichtungsstelle BGG<br \/>\nBeauftragtet der Bundesregierung f\u00fcr die Belange von Menschen mit Behinderungen<br \/>\nMauerstra\u00dfe 53<br \/>\n10117 Berlin<br \/>\nTelefon: 030 18 527-2805<br \/>\nE-Mail: info@schlichtungsstelle-bgg.de<br \/>\nWebsite: schlichtungsstelle-bgg.de<\/p>\n<\/div><\/div><\/div><\/div><\/div><\/p>","protected":false},"excerpt":{"rendered":"","protected":false},"author":1,"featured_media":0,"parent":0,"menu_order":0,"comment_status":"closed","ping_status":"closed","template":"","meta":{"footnotes":""},"class_list":["post-30653","page","type-page","status-publish","hentry"],"_links":{"self":[{"href":"https:\/\/bestelements.de\/de\/wp-json\/wp\/v2\/pages\/30653","targetHints":{"allow":["GET"]}}],"collection":[{"href":"https:\/\/bestelements.de\/de\/wp-json\/wp\/v2\/pages"}],"about":[{"href":"https:\/\/bestelements.de\/de\/wp-json\/wp\/v2\/types\/page"}],"author":[{"embeddable":true,"href":"https:\/\/bestelements.de\/de\/wp-json\/wp\/v2\/users\/1"}],"replies":[{"embeddable":true,"href":"https:\/\/bestelements.de\/de\/wp-json\/wp\/v2\/comments?post=30653"}],"version-history":[{"count":0,"href":"https:\/\/bestelements.de\/de\/wp-json\/wp\/v2\/pages\/30653\/revisions"}],"wp:attachment":[{"href":"https:\/\/bestelements.de\/de\/wp-json\/wp\/v2\/media?parent=30653"}],"curies":[{"name":"wp","href":"https:\/\/api.w.org\/{rel}","templated":true}]}}