{"id":25371,"date":"2024-05-03T07:29:54","date_gmt":"2024-05-03T05:29:54","guid":{"rendered":"https:\/\/bestelements.de\/?page_id=25371"},"modified":"2026-01-28T09:54:14","modified_gmt":"2026-01-28T08:54:14","slug":"leasing","status":"publish","type":"page","link":"https:\/\/bestelements.de\/de\/leasing\/","title":{"rendered":"Leasing f\u00fcr Wasserstoffger\u00e4te und Filterger\u00e4te"},"content":{"rendered":"<p><div class=\"fusion-fullwidth fullwidth-box fusion-builder-row-1 fusion-flex-container nonhundred-percent-fullwidth non-hundred-percent-height-scrolling\" style=\"--awb-border-radius-top-left:0px;--awb-border-radius-top-right:0px;--awb-border-radius-bottom-right:0px;--awb-border-radius-bottom-left:0px;--awb-flex-wrap:wrap;\" ><div class=\"fusion-builder-row fusion-row fusion-flex-align-items-flex-start fusion-flex-content-wrap\" style=\"max-width:1185.6px;margin-left: calc(-4% \/ 2 );margin-right: calc(-4% \/ 2 );\"><div class=\"fusion-layout-column fusion_builder_column fusion-builder-column-0 fusion_builder_column_1_1 1_1 fusion-flex-column\" style=\"--awb-bg-size:cover;--awb-width-large:100%;--awb-margin-top-large:0px;--awb-spacing-right-large:1.92%;--awb-margin-bottom-large:0px;--awb-spacing-left-large:1.92%;--awb-width-medium:100%;--awb-spacing-right-medium:1.92%;--awb-spacing-left-medium:1.92%;--awb-width-small:100%;--awb-spacing-right-small:1.92%;--awb-spacing-left-small:1.92%;\"><div class=\"fusion-column-wrapper fusion-flex-justify-content-flex-start fusion-content-layout-column\"><div class=\"fusion-text fusion-text-1\"><p>F\u00fcr BestElements Wasserstoffger\u00e4te und Filterger\u00e4te ist neben den verschiedenen Zahlungsm\u00f6glichkeiten auch Leasing m\u00f6glich. Das bietet weitere Vorteile. Externe Leasinganbieter arbeiten unabh\u00e4ngig von BestElements. Mit dieser Art der Finanzierung profitieren Sie von effizienten und kosteng\u00fcnstigen L\u00f6sungen, die nach Ihren Bed\u00fcrfnissen abgestimmt werden k\u00f6nnen.<\/p>\n<p><strong>Finanzielle Flexibilit\u00e4t<\/strong><br \/>\nDurch das Leasing von Wasserstoffger\u00e4ten und Filterger\u00e4ten k\u00f6nnen Sie die finanzielle Belastung Ihrer Investitionen minimieren. Anstatt hohe Anschaffungskosten zu tragen, zahlen Sie monatliche Raten, die besser in Ihr Budget passen.<\/p>\n<p><strong>Erhaltung von Liquidit\u00e4t<\/strong><br \/>\nDas Leasing erm\u00f6glicht es Ihnen, Ihre Liquidit\u00e4t zu erhalten und Kapital f\u00fcr andere gesch\u00e4ftliche oder pers\u00f6nliche Zwecke freizusetzen. Anstatt Anschaffungssummen f\u00fcr den Kauf der Ger\u00e4te zu binden, k\u00f6nnen Sie Ihre finanziellen Mittel f\u00fcr weitere Bed\u00fcrfnisse einsetzen.<\/p>\n<p><strong>Steuerliche Vorteile<\/strong><br \/>\nLeasingraten k\u00f6nnen in der Regel als Betriebsausgaben abgeschrieben werden, was zu Steuervorteilen f\u00fchrt. Dies kann Ihre Steuerlast senken und Ihre finanzielle Situation weiter verbessern.<\/p>\n<p><strong>Flexibilit\u00e4t bei der Vertragslaufzeit<\/strong><br \/>\nLeasingvertr\u00e4ge f\u00fcr Wasserstoffger\u00e4te und Filterger\u00e4te bieten je nach Leasingpartner oft flexible Laufzeiten, die Ihren individuellen Anforderungen entsprechen. Sie k\u00f6nnen die Laufzeit je nach Bedarf anpassen und sogar eine vorzeitige Aufl\u00f6sung des Vertrags in Betracht ziehen, wenn sich Ihre Anforderungen \u00e4ndern.<\/p>\n<p>Insgesamt bietet das Leasing von Wasserstoffger\u00e4ten und Filterger\u00e4ten eine Reihe von Vorteilen, die es zu einer attraktiven Option f\u00fcr Unternehmen und Einzelpersonen machen. Das Leasing erm\u00f6glicht es Ihnen, das Beste aus Ihrer Investition herauszuholen, ohne Ihr Budget zu belasten.<\/p>\n<p>BestElements ist nicht an bestimmte Leasinganbieter gebunden. Wir geben hier lediglich eine \u00dcbersicht ohne Bewertung wieder, die Sie ebenso im Internet schnell recherchieren k\u00f6nnen. Ihre Anfrage richten Sie direkt an die Leasingpartner.<\/p>\n<\/div><i class=\"fb-icon-element-1 fb-icon-element fontawesome-icon fa-euro-sign fas circle-yes\" style=\"--awb-circlecolor:var(--awb-color4);--awb-circlebordercolor:var(--awb-color4);--awb-circlebordersize:1px;--awb-font-size:44px;--awb-width:88px;--awb-height:88px;--awb-line-height:86px;--awb-align-self:center;--awb-margin-top:0px;--awb-margin-right:0px;--awb-margin-bottom:2%;--awb-margin-left:0px;\"><\/i><\/div><\/div><div class=\"fusion-layout-column fusion_builder_column fusion-builder-column-1 fusion_builder_column_1_3 1_3 fusion-flex-column\" style=\"--awb-overflow:hidden;--awb-bg-size:cover;--awb-border-color:var(--awb-color6);--awb-border-top:1px;--awb-border-right:1px;--awb-border-bottom:1px;--awb-border-left:1px;--awb-border-style:solid;--awb-border-radius:20px 20px 20px 20px;--awb-width-large:33.333333333333%;--awb-margin-top-large:0px;--awb-spacing-right-large:5.76%;--awb-margin-bottom-large:20px;--awb-spacing-left-large:5.76%;--awb-width-medium:100%;--awb-order-medium:0;--awb-spacing-right-medium:1.92%;--awb-spacing-left-medium:1.92%;--awb-width-small:100%;--awb-order-small:0;--awb-spacing-right-small:1.92%;--awb-spacing-left-small:1.92%;\" data-scroll-devices=\"small-visibility,medium-visibility,large-visibility\"><div class=\"fusion-column-wrapper fusion-column-has-shadow fusion-flex-justify-content-flex-start fusion-content-layout-column\"><div class=\"fusion-title title fusion-title-1 fusion-sep-none fusion-title-center fusion-title-text fusion-title-size-three\" style=\"--awb-margin-top-small:10px;--awb-margin-right-small:0px;--awb-margin-bottom-small:10px;--awb-margin-left-small:0px;\"><h3 class=\"fusion-title-heading title-heading-center fusion-responsive-typography-calculated\" style=\"margin:0;--fontSize:19.2;line-height:1.31;\">archimedes Leasing<\/h3><\/div><div class=\"fusion-text fusion-text-2\" style=\"--awb-content-alignment:center;\"><p>check direkt<\/p>\n<\/div><div class=\"fusion-title title fusion-title-2 fusion-sep-none fusion-title-center fusion-title-text fusion-title-size-four\" style=\"--awb-margin-top-small:10px;--awb-margin-right-small:0px;--awb-margin-bottom-small:10px;--awb-margin-left-small:0px;\"><h4 class=\"fusion-title-heading title-heading-center fusion-responsive-typography-calculated\" style=\"margin:0;text-transform:uppercase;--fontSize:16;line-height:1.36;\"><a href=\"https:\/\/www.archimedes-leasing.de\/\" target=\"_blanc\" rel=\"noopener noreferrer nofollow\">archimedes Leasing<\/a><\/h4><\/div><\/div><\/div><div class=\"fusion-layout-column fusion_builder_column fusion-builder-column-2 fusion_builder_column_1_3 1_3 fusion-flex-column\" style=\"--awb-overflow:hidden;--awb-bg-size:cover;--awb-border-color:var(--awb-color6);--awb-border-top:1px;--awb-border-right:1px;--awb-border-bottom:1px;--awb-border-left:1px;--awb-border-style:solid;--awb-border-radius:20px 20px 20px 20px;--awb-width-large:33.333333333333%;--awb-margin-top-large:0px;--awb-spacing-right-large:5.76%;--awb-margin-bottom-large:20px;--awb-spacing-left-large:5.76%;--awb-width-medium:100%;--awb-order-medium:0;--awb-spacing-right-medium:1.92%;--awb-spacing-left-medium:1.92%;--awb-width-small:100%;--awb-order-small:0;--awb-spacing-right-small:1.92%;--awb-spacing-left-small:1.92%;\" data-scroll-devices=\"small-visibility,medium-visibility,large-visibility\"><div class=\"fusion-column-wrapper fusion-column-has-shadow fusion-flex-justify-content-flex-start fusion-content-layout-column\"><div class=\"fusion-title title fusion-title-3 fusion-sep-none fusion-title-center fusion-title-text fusion-title-size-three\" style=\"--awb-margin-top-small:10px;--awb-margin-right-small:0px;--awb-margin-bottom-small:10px;--awb-margin-left-small:0px;\"><h3 class=\"fusion-title-heading title-heading-center fusion-responsive-typography-calculated\" style=\"margin:0;--fontSize:19.2;line-height:1.31;\">LeasingGo<\/h3><\/div><div class=\"fusion-text fusion-text-3\" style=\"--awb-content-alignment:center;\"><p>Leasing Sofortvergleich<\/p>\n<\/div><div class=\"fusion-title title fusion-title-4 fusion-sep-none fusion-title-center fusion-title-text fusion-title-size-four\" style=\"--awb-margin-top-small:10px;--awb-margin-right-small:0px;--awb-margin-bottom-small:10px;--awb-margin-left-small:0px;\"><h4 class=\"fusion-title-heading title-heading-center fusion-responsive-typography-calculated\" style=\"margin:0;text-transform:uppercase;--fontSize:16;line-height:1.36;\"><a href=\"https:\/\/www.leasingo.de\/\" target=\"_blanc\" rel=\"noopener noreferrer nofollow\">leasingo<\/a><\/h4><\/div><\/div><\/div><div class=\"fusion-layout-column fusion_builder_column fusion-builder-column-3 fusion_builder_column_1_3 1_3 fusion-flex-column\" style=\"--awb-overflow:hidden;--awb-bg-size:cover;--awb-border-color:var(--awb-color6);--awb-border-top:1px;--awb-border-right:1px;--awb-border-bottom:1px;--awb-border-left:1px;--awb-border-style:solid;--awb-border-radius:20px 20px 20px 20px;--awb-width-large:33.333333333333%;--awb-margin-top-large:0px;--awb-spacing-right-large:5.76%;--awb-margin-bottom-large:20px;--awb-spacing-left-large:5.76%;--awb-width-medium:100%;--awb-order-medium:0;--awb-spacing-right-medium:1.92%;--awb-spacing-left-medium:1.92%;--awb-width-small:100%;--awb-order-small:0;--awb-spacing-right-small:1.92%;--awb-spacing-left-small:1.92%;\" data-scroll-devices=\"small-visibility,medium-visibility,large-visibility\"><div class=\"fusion-column-wrapper fusion-column-has-shadow fusion-flex-justify-content-flex-start fusion-content-layout-column\"><div class=\"fusion-title title fusion-title-5 fusion-sep-none fusion-title-center fusion-title-text fusion-title-size-three\" style=\"--awb-margin-top-small:10px;--awb-margin-right-small:0px;--awb-margin-bottom-small:10px;--awb-margin-left-small:0px;\"><h3 class=\"fusion-title-heading title-heading-center fusion-responsive-typography-calculated\" style=\"margin:0;--fontSize:19.2;line-height:1.31;\"><strong>abc<\/strong>finance<\/h3><\/div><div class=\"fusion-text fusion-text-4\" style=\"--awb-content-alignment:center;\"><p>Maschinen Leasing f\u00fcr Unternehmer<\/p>\n<\/div><div class=\"fusion-title title fusion-title-6 fusion-sep-none fusion-title-center fusion-title-text fusion-title-size-four\" style=\"--awb-margin-top-small:10px;--awb-margin-right-small:0px;--awb-margin-bottom-small:10px;--awb-margin-left-small:0px;\"><h4 class=\"fusion-title-heading title-heading-center fusion-responsive-typography-calculated\" style=\"margin:0;text-transform:uppercase;--fontSize:16;line-height:1.36;\"><a href=\"https:\/\/www.abcfinance.de\/leasing\/\" target=\"_blanc\" rel=\"noopener noreferrer nofollow\"><strong>abc<\/strong>finance<\/a><\/h4><\/div><\/div><\/div><\/div><\/div><\/p>","protected":false},"excerpt":{"rendered":"","protected":false},"author":1,"featured_media":28904,"parent":0,"menu_order":0,"comment_status":"closed","ping_status":"closed","template":"","meta":{"footnotes":""},"class_list":["post-25371","page","type-page","status-publish","has-post-thumbnail","hentry"],"_links":{"self":[{"href":"https:\/\/bestelements.de\/de\/wp-json\/wp\/v2\/pages\/25371","targetHints":{"allow":["GET"]}}],"collection":[{"href":"https:\/\/bestelements.de\/de\/wp-json\/wp\/v2\/pages"}],"about":[{"href":"https:\/\/bestelements.de\/de\/wp-json\/wp\/v2\/types\/page"}],"author":[{"embeddable":true,"href":"https:\/\/bestelements.de\/de\/wp-json\/wp\/v2\/users\/1"}],"replies":[{"embeddable":true,"href":"https:\/\/bestelements.de\/de\/wp-json\/wp\/v2\/comments?post=25371"}],"version-history":[{"count":0,"href":"https:\/\/bestelements.de\/de\/wp-json\/wp\/v2\/pages\/25371\/revisions"}],"wp:featuredmedia":[{"embeddable":true,"href":"https:\/\/bestelements.de\/de\/wp-json\/wp\/v2\/media\/28904"}],"wp:attachment":[{"href":"https:\/\/bestelements.de\/de\/wp-json\/wp\/v2\/media?parent=25371"}],"curies":[{"name":"wp","href":"https:\/\/api.w.org\/{rel}","templated":true}]}}