{"id":16025,"date":"2022-05-27T14:56:47","date_gmt":"2022-05-27T12:56:47","guid":{"rendered":"https:\/\/bestelements.de\/review-authenticity\/"},"modified":"2023-09-15T10:22:10","modified_gmt":"2023-09-15T08:22:10","slug":"review-authenticity","status":"publish","type":"page","link":"https:\/\/bestelements.de\/de\/review-authenticity\/","title":{"rendered":"Authentizit\u00e4t der Bewertungen"},"content":{"rendered":"<p><div class=\"fusion-fullwidth fullwidth-box fusion-builder-row-1 fusion-flex-container nonhundred-percent-fullwidth non-hundred-percent-height-scrolling\" style=\"--awb-border-radius-top-left:0px;--awb-border-radius-top-right:0px;--awb-border-radius-bottom-right:0px;--awb-border-radius-bottom-left:0px;--awb-flex-wrap:wrap;\" ><div class=\"fusion-builder-row fusion-row fusion-flex-align-items-flex-start fusion-flex-content-wrap\" style=\"max-width:1185.6px;margin-left: calc(-4% \/ 2 );margin-right: calc(-4% \/ 2 );\"><div class=\"fusion-layout-column fusion_builder_column fusion-builder-column-0 fusion_builder_column_1_1 1_1 fusion-flex-column\" style=\"--awb-bg-size:cover;--awb-width-large:100%;--awb-margin-top-large:0px;--awb-spacing-right-large:1.92%;--awb-margin-bottom-large:0px;--awb-spacing-left-large:1.92%;--awb-width-medium:100%;--awb-spacing-right-medium:1.92%;--awb-spacing-left-medium:1.92%;--awb-width-small:100%;--awb-spacing-right-small:1.92%;--awb-spacing-left-small:1.92%;\"><div class=\"fusion-column-wrapper fusion-flex-justify-content-flex-start fusion-content-layout-column\"><div class=\"fusion-text fusion-text-1\"><div class=\"sc-77d65f1-2 kHHgTv\">\n<div class=\"sc-77d65f1-3 bkwuvl\">\n<h3 class=\"Heading-sc-1w8ymiq-0 dwiEve\">Verifizierte Bewertungen<\/h3>\n<p>Es wurden Ma\u00dfnahmen ergriffen, um sicherzustellen, dass die ver\u00f6ffentlichten Bewertungen nur von solchen Verbraucher*innen stammen, die die Waren oder Dienstleistungen tats\u00e4chlich genutzt oder erworben haben.<\/p>\n<\/div>\n<div class=\"sc-77d65f1-3 bkwuvl\">\n<p class=\"Heading-sc-1w8ymiq-0 dwiEve\">Importierte Bewertungen: Gehen nicht in die Gesamtnote ein. Es wurden keine Verifizierungsma\u00dfnahmen ergriffen.<\/p>\n<\/div>\n<\/div>\n<\/div><\/div><\/div><\/div><\/div><\/p>","protected":false},"excerpt":{"rendered":"<p>Leider ist der Eintrag nur auf English und Espa\u00f1ol verf\u00fcgbar. Verified reviews Measures have been taken to ensure that the reviews published are only from those consumers who have actually used or purchased the goods <a href=\"https:\/\/bestelements.de\/de\/review-authenticity\/\">&#8230; [Beitrag \u00f6ffnen]<\/a><\/p>\n","protected":false},"author":1,"featured_media":0,"parent":0,"menu_order":0,"comment_status":"closed","ping_status":"closed","template":"","meta":{"footnotes":""},"class_list":["post-16025","page","type-page","status-publish","hentry"],"_links":{"self":[{"href":"https:\/\/bestelements.de\/de\/wp-json\/wp\/v2\/pages\/16025","targetHints":{"allow":["GET"]}}],"collection":[{"href":"https:\/\/bestelements.de\/de\/wp-json\/wp\/v2\/pages"}],"about":[{"href":"https:\/\/bestelements.de\/de\/wp-json\/wp\/v2\/types\/page"}],"author":[{"embeddable":true,"href":"https:\/\/bestelements.de\/de\/wp-json\/wp\/v2\/users\/1"}],"replies":[{"embeddable":true,"href":"https:\/\/bestelements.de\/de\/wp-json\/wp\/v2\/comments?post=16025"}],"version-history":[{"count":0,"href":"https:\/\/bestelements.de\/de\/wp-json\/wp\/v2\/pages\/16025\/revisions"}],"wp:attachment":[{"href":"https:\/\/bestelements.de\/de\/wp-json\/wp\/v2\/media?parent=16025"}],"curies":[{"name":"wp","href":"https:\/\/api.w.org\/{rel}","templated":true}]}}