{"id":130,"date":"2020-08-16T10:34:52","date_gmt":"2020-08-16T08:34:52","guid":{"rendered":"https:\/\/bestelements.de\/affiliate-home\/"},"modified":"2021-09-19T14:28:14","modified_gmt":"2021-09-19T12:28:14","slug":"affiliate-home","status":"publish","type":"page","link":"https:\/\/bestelements.de\/de\/affiliate-home\/","title":{"rendered":"Shop-Affiliates"},"content":{"rendered":"<h3>Affiliate Partnerprogramm: Provisionsverg\u00fctung f\u00fcr Empfehlungen unserer ShopProdukte.<\/h3>\n<p>Die Teilnahme ist kostenfrei. Sie erhalten einen individualisierten Link bzw. Bild, die Sie an Interessenten versenden oder auf Ihre Website verwenden k\u00f6nnen. Wenn \u00fcber Ihren Link bestellt wird erhalten Sie eine Provision. Eigene Produktk\u00e4ufe werden nicht verg\u00fctet. Am Partnerprogramm teilnehmen k\u00f6nnen Selbst\u00e4ndige ebenso wie nichtselbst\u00e4ndige Arbeitnehmer als Nebeneinkommen\/Zweiteinkommen. Sie k\u00f6nnen innerhalb von Deutschland, EU als auch international agieren.<\/p>\n<p>Wenn Sie Partner werden m\u00f6chten, k\u00f6nnen Sie sich hier <a class=\"button\" href=\"https:\/\/bestelements.de\/affiliate-home\/affiliate-register\/\">registrieren<\/a>. Ihre Bewerbung wird z\u00fcgig bearbeitet. Mit Freigabe erhalten Sie Zugang zu Ihrem Affiliatekonto. Sie finden dort Ihren pers\u00f6nlichen Link und eine \u00dcbersicht \u00fcber Ihre Ums\u00e4tze.<\/p>\n<p>Wenn Sie bereits Partner sind, melden Sie sich an, um auf\u00a0 <a class=\"button\" href=\"https:\/\/bestelements.de\/affiliate-home\/affiliate-login\/\">Ihr Affiliatekonto<\/a>\u00a0zuzugreifen.<\/p>\n\n","protected":false},"excerpt":{"rendered":"","protected":false},"author":1,"featured_media":0,"parent":0,"menu_order":0,"comment_status":"closed","ping_status":"closed","template":"","meta":{"footnotes":""},"class_list":["post-130","page","type-page","status-publish","hentry"],"_links":{"self":[{"href":"https:\/\/bestelements.de\/de\/wp-json\/wp\/v2\/pages\/130","targetHints":{"allow":["GET"]}}],"collection":[{"href":"https:\/\/bestelements.de\/de\/wp-json\/wp\/v2\/pages"}],"about":[{"href":"https:\/\/bestelements.de\/de\/wp-json\/wp\/v2\/types\/page"}],"author":[{"embeddable":true,"href":"https:\/\/bestelements.de\/de\/wp-json\/wp\/v2\/users\/1"}],"replies":[{"embeddable":true,"href":"https:\/\/bestelements.de\/de\/wp-json\/wp\/v2\/comments?post=130"}],"version-history":[{"count":0,"href":"https:\/\/bestelements.de\/de\/wp-json\/wp\/v2\/pages\/130\/revisions"}],"wp:attachment":[{"href":"https:\/\/bestelements.de\/de\/wp-json\/wp\/v2\/media?parent=130"}],"curies":[{"name":"wp","href":"https:\/\/api.w.org\/{rel}","templated":true}]}}